{"id":12732,"date":"2025-10-14T10:06:39","date_gmt":"2025-10-14T17:06:39","guid":{"rendered":"https:\/\/zoo.org\/rung-cho-tat-ca-moi-nguoi\/tin-tuc-va-su-kien-cua-ffa\/"},"modified":"2025-12-12T17:50:47","modified_gmt":"2025-12-13T01:50:47","slug":"tin-tuc-va-su-kien-cua-ffa","status":"publish","type":"page","link":"https:\/\/zoo.org\/vi\/rung-cho-tat-ca-moi-nguoi\/tin-tuc-va-su-kien-cua-ffa\/","title":{"rendered":"Tin t\u1ee9c v\u00e0 s\u1ef1 ki\u1ec7n c\u1ee7a FFA"},"content":{"rendered":"\n<div class=\"wp-block-cover alignfull hero\" style=\"margin-top:0;margin-bottom:0\"><img loading=\"lazy\" decoding=\"async\" width=\"1920\" height=\"400\" class=\"wp-block-cover__image-background wp-image-1157 size-full\" alt=\"\" src=\"https:\/\/zoo.org\/wp-content\/uploads\/2025\/05\/Lynx-Forest-Header-Image.jpg\" data-object-fit=\"cover\" srcset=\"https:\/\/zoo.org\/wp-content\/uploads\/2025\/05\/Lynx-Forest-Header-Image.jpg 1920w, https:\/\/zoo.org\/wp-content\/uploads\/2025\/05\/Lynx-Forest-Header-Image-300x63.jpg 300w, https:\/\/zoo.org\/wp-content\/uploads\/2025\/05\/Lynx-Forest-Header-Image-1024x213.jpg 1024w, https:\/\/zoo.org\/wp-content\/uploads\/2025\/05\/Lynx-Forest-Header-Image-768x160.jpg 768w, https:\/\/zoo.org\/wp-content\/uploads\/2025\/05\/Lynx-Forest-Header-Image-1536x320.jpg 1536w\" sizes=\"auto, (max-width: 1920px) 100vw, 1920px\" \/><span aria-hidden=\"true\" class=\"wp-block-cover__background has-background-dim-0 has-background-dim\" style=\"background-color:#636e5d\"><\/span><div class=\"wp-block-cover__inner-container is-layout-constrained wp-block-cover-is-layout-constrained\">\n<p class=\"has-text-align-center has-large-font-size\"><\/p>\n<\/div><\/div>\n\n<div class=\"wp-block-group is-layout-constrained wp-block-group-is-layout-constrained\" style=\"margin-top:2em;margin-bottom:3em\">\n<h1 class=\"wp-block-heading has-text-align-center\" style=\"margin-top:0.65em;margin-bottom:0.275em\">TIN T\u1ee8C &amp; S\u1ef0 KI\u1ec6N<\/h1>\n\n\n\n<p class=\"has-text-align-center has-palette-color-3-color has-text-color has-link-color wp-elements-5bd429ecea0b152637f7b145646eafe6\" style=\"margin-bottom:1em;font-size:clamp(0.984em, 0.984rem + ((1vw - 0.2em) * 0.645), 1.5em);font-style:normal;font-weight:500;line-height:1.5\"><strong><strong>H\u00e3y theo d\u00f5i s\u00e1t sao c\u00e1c di\u1ec5n bi\u1ebfn trong chi\u1ebfn d\u1ecbch tranh c\u1eed.<\/strong><\/strong><\/p>\n<\/div>\n\n<div class=\"wp-block-group alignfull divider is-layout-constrained wp-block-group-is-layout-constrained\">\n<h2 class=\"wp-block-heading alignfull has-text-align-center\">TIN T\u1ee8C N\u1ed4I B\u1eacT<\/h2>\n<\/div>\n\n<h3 class=\"wp-block-heading\">C\u1eadp nh\u1eadt chi\u1ebfn d\u1ecbch<\/h3>\n\n<h4 class=\"wp-block-heading\">Kh\u00e1m ph\u00e1 nh\u1eefng g\u00ec \u0111ang x\u1ea3y ra v\u1edbi R\u1eebng cho T\u1ea5t c\u1ea3 m\u1ecdi ng\u01b0\u1eddi<\/h4>\n\n<p>H\u00e3y lu\u00f4n c\u1eadp nh\u1eadt nh\u1eefng di\u1ec5n bi\u1ebfn m\u1edbi nh\u1ea5t c\u1ee7a Chi\u1ebfn d\u1ecbch R\u1eebng cho T\u1ea5t c\u1ea3. Trang Tin t\u1ee9c v\u00e0 S\u1ef1 ki\u1ec7n c\u1ee7a ch\u00fang t\u00f4i s\u1ebd gi\u00fap b\u1ea1n t\u00ecm hi\u1ec3u v\u1ec1 t\u1ea5t c\u1ea3 nh\u1eefng c\u1ed9t m\u1ed1c v\u00e0 kho\u1ea3nh kh\u1eafc th\u00fa v\u1ecb \u0111ang di\u1ec5n ra t\u1ea1i v\u01b0\u1eddn th\u00fa nh\u1edd s\u00e1ng ki\u1ebfn g\u00e2y qu\u1ef9 l\u1edbn n\u00e0y. <\/p>\n\n<p>D\u00f9 b\u1ea1n l\u00e0 kh\u00e1ch tham quan m\u1edbi hay ng\u01b0\u1eddi \u1ee7ng h\u1ed9 l\u00e2u n\u0103m c\u1ee7a v\u01b0\u1eddn th\u00fa, ch\u00fang t\u00f4i \u0111\u1ec1u mu\u1ed1n b\u1ea1n c\u00f3 \u0111\u01b0\u1ee3c nh\u1eefng th\u00f4ng tin m\u1edbi nh\u1ea5t v\u1ec1 c\u00e1ch chi\u1ebfn d\u1ecbch n\u00e0y gi\u00fap ch\u00fang t\u00f4i b\u1ea3o t\u1ed3n \u0111\u1ed9ng v\u1eadt hoang d\u00e3 v\u00e0 m\u00f4i tr\u01b0\u1eddng s\u1ed1ng cho t\u01b0\u01a1ng lai c\u1ee7a h\u00e0nh tinh ch\u00fang ta\u2014v\u00e0 c\u00e1ch b\u1ea1n c\u00f3 th\u1ec3 tham gia phong tr\u00e0o n\u00e0y.<\/p>\n\n<p><strong>H\u00e3y \u0111\u1ecdc ti\u1ebfp \u0111\u1ec3 t\u00ecm hi\u1ec3u chi\u1ebfn d\u1ecbch n\u00e0y \u0111ang \u0111\u01b0\u1ee3c truy\u1ec1n th\u00f4ng, trang web v\u00e0 c\u00e1c khu v\u1ef1c kh\u00e1c trong v\u01b0\u1eddn th\u00fa c\u1ee7a ch\u00fang t\u00f4i qu\u1ea3ng b\u00e1 nh\u01b0 th\u1ebf n\u00e0o:<\/strong><\/p>\n\n<h3 class=\"wp-block-heading\">T\u1eeb Blog c\u1ee7a ch\u00fang t\u00f4i<\/h3>\n\n<div id=\"flockler-embed-18d18f0aeab0a149e0d0b193a9de3aaa\"><\/div>\n<script src=\"https:\/\/plugins.flockler.com\/embed\/188e505232806882778f7edcb1edc6d2\/18d18f0aeab0a149e0d0b193a9de3aaa\" async=\"\"><\/script>\n\n<h3 class=\"wp-block-heading\">Tin t\u1ee9c \u0111\u01b0a tin<\/h3>\n\n<ul class=\"wp-block-list\">\n<li><a href=\"https:\/\/www.kiro7.com\/station\/season-4-episode-4-ghosts-forest\/a86cc177-6e90-4fe8-8b87-d4230e0098ee\/\" target=\"_blank\" rel=\"noreferrer noopener\">Ch\u01b0\u01a1ng tr\u00ecnh \u0111\u1eb7c bi\u1ec7t v\u1ec1 \u0111\u1ed9ng v\u1eadt hoang d\u00e3 c\u1ee7a KIRO TV: \u201cNh\u1eefng b\u00f3ng ma c\u1ee7a r\u1eebng xanh\u201d &#8211; T\u1eadp \u0111\u1ea7y \u0111\u1ee7<\/a><\/li>\n\n\n\n<li><a href=\"https:\/\/www.seattletimes.com\/seattle-news\/immersive-exhibit-with-tree-kangaroos-red-pandas-coming-to-seattle\/\" target=\"_blank\" rel=\"noreferrer noopener\">Tri\u1ec3n l\u00e3m t\u01b0\u01a1ng t\u00e1c v\u1edbi chu\u1ed9t t\u00fai c\u00e2y v\u00e0 g\u1ea5u tr\u00fac \u0111\u1ecf s\u1eafp ra m\u1eaft t\u1ea1i Seattle.<\/a><\/li>\n\n\n\n<li><a href=\"https:\/\/komonews.com\/news\/local\/new-exhibit-that-will-feature-faces-of-the-forest-is-coming-to-the-woodland-park-zoo\" target=\"_blank\" rel=\"noreferrer noopener\">Tri\u1ec3n l\u00e3m m\u1edbi mang t\u00ean &#8220;Nh\u1eefng g\u01b0\u01a1ng m\u1eb7t c\u1ee7a r\u1eebng xanh&#8221; s\u1eafp ra m\u1eaft t\u1ea1i V\u01b0\u1eddn th\u00fa Woodland Park.<\/a><\/li>\n\n\n\n<li><a href=\"https:\/\/www.westsideseattle.com\/ballard-news-tribune\/2022\/10\/27\/woodland-park-zoo-announces-contractor-new-forests-all-exhibit\" target=\"_blank\" rel=\"noreferrer noopener\">V\u01b0\u1eddn th\u00fa Woodland Park c\u00f4ng b\u1ed1 nh\u00e0 th\u1ea7u cho khu tr\u01b0ng b\u00e0y m\u1edbi &#8220;R\u1eebng cho m\u1ecdi ng\u01b0\u1eddi&#8221;.<\/a><\/li>\n\n\n\n<li><a href=\"https:\/\/www.djc.com\/news\/co\/12149490.html\" target=\"_blank\" rel=\"noreferrer noopener\">V\u01b0\u1eddn th\u00fa \u0111ang t\u00ecm nh\u00e0 th\u1ea7u x\u00e2y d\u1ef1ng khu tr\u01b0ng b\u00e0y r\u1eebng m\u1edbi.<\/a><\/li>\n<\/ul>\n\n<div class=\"wp-block-group alignfull divider is-layout-constrained wp-block-group-is-layout-constrained\">\n<h2 class=\"wp-block-heading alignfull has-text-align-center\">S\u1ef1 ki\u1ec7n<\/h2>\n<\/div>\n\n<div class=\"wp-block-group is-layout-constrained wp-block-group-is-layout-constrained\"><style>.kt-sc6274_028c7e-f4 .kt-sc-imgcol, .kt-sc6274_028c7e-f4 .kt-sc-textcol{min-height:345px;}.kt-sc6274_028c7e-f4 .kt-sc-imgcol{background-size:cover;background-image:url(https:\/\/zoo.org\/wp-content\/uploads\/2025\/09\/Forests-For-All-Coloring-Activity-Packet-Cover-Image.jpg);}.kt-sc6274_028c7e-f4 .kt-sc-textcol{padding-top:1em;padding-right:1.5em;padding-bottom:1em;padding-left:1.5em;}@media all and (max-width: 767px){.kt-sc6274_028c7e-f4 .kt-sc-imgcol, .kt-sc6274_028c7e-f4 .kt-sc-textcol{min-height:275px;}}<\/style>\n<div class=\"aligncenter kt-sc6274_028c7e-f4 wp-block-kadence-splitcontent\"><div class=\"kt-split-content-wrap kt-sc-media-side-left\" style=\"grid-template-columns:32% auto\"><div class=\"kt-sc-imgcol kt-sc-imgcol-bg-cover kt-sc-img-side-left\"><\/div><div class=\"kt-sc-textcol kt-sc-text-valign-center kt-sc-text-halign-left\" style=\"background-color:var(--theme-palette-color-17, #E6E6E6)\"><div class=\"kt-sc-innter-col\">\n<h3 class=\"wp-block-heading\">B\u1ed9 t\u00e0i li\u1ec7u ho\u1ea1t \u0111\u1ed9ng &#8220;R\u1eebng cho t\u1ea5t c\u1ea3 tr\u1ebb em&#8221;<\/h3>\n\n\n\n<p>C\u00f9ng nhau, ch\u00fang ta h\u00ecnh dung m\u1ed9t t\u01b0\u01a1ng lai n\u01a1i nh\u1eefng khu r\u1eebng t\u01b0\u01a1i t\u1ed1t, \u0111\u1ed9ng v\u1eadt hoang d\u00e3 phong ph\u00fa v\u00e0 c\u1ed9ng \u0111\u1ed3ng th\u1ecbnh v\u01b0\u1ee3ng c\u00f9ng chung s\u1ed1ng h\u00e0i h\u00f2a. N\u01a1i con ng\u01b0\u1eddi v\u00e0 thi\u00ean nhi\u00ean c\u00f9ng ph\u00e1t tri\u1ec3n th\u1ecbnh v\u01b0\u1ee3ng. H\u00e3y c\u00f9ng nh\u1eefng nh\u00e0 b\u1ea3o t\u1ed3n t\u01b0\u01a1ng lai trong cu\u1ed9c s\u1ed1ng c\u1ee7a b\u1ea1n tham gia chi\u1ebfn d\u1ecbch &#8220;R\u1eebng cho T\u1ea5t c\u1ea3&#8221; \u2013 m\u1ed9t b\u1ed9 t\u00e0i li\u1ec7u ho\u1ea1t \u0111\u1ed9ng \u0111\u1eb7c bi\u1ec7t d\u00e0nh cho tr\u1ebb em s\u1ebd gi\u00fap c\u00e1c em hi\u1ec3u r\u00f5 h\u01a1n v\u1ec1 s\u1ee9 m\u1ec7nh \u0111\u1eb1ng sau tri\u1ec3n l\u00e3m m\u1edbi n\u00e0y. L\u00e0 nh\u1eefng ng\u01b0\u1eddi qu\u1ea3n l\u00fd t\u01b0\u01a1ng lai, ni\u1ec1m \u0111am m\u00ea b\u1ea3o v\u1ec7 \u0111\u1ed9ng v\u1eadt hoang d\u00e3 c\u1ee7a c\u00e1c em b\u1eaft \u0111\u1ea7u t\u1eeb b\u00e2y gi\u1edd.   <\/p>\n\n\n\n<p><a href=\"https:\/\/zoo.org\/wp-content\/uploads\/2025\/10\/Forests-For-All-Coloring-Activity-Packet.pdf\" target=\"_blank\" rel=\"noreferrer noopener\">T\u1ea3i xu\u1ed1ng ngay<\/a><\/p>\n<\/div><\/div><\/div><\/div>\n<\/div>\n","protected":false},"excerpt":{"rendered":"<p>TIN T\u1ee8C &amp; S\u1ef0 KI\u1ec6N H\u00e3y theo d\u00f5i s\u00e1t sao c\u00e1c di\u1ec5n bi\u1ebfn trong chi\u1ebfn d\u1ecbch tranh c\u1eed. TIN T\u1ee8C N\u1ed4I B\u1eacT C\u1eadp nh\u1eadt chi\u1ebfn d\u1ecbch Kh\u00e1m ph\u00e1 nh\u1eefng g\u00ec [&hellip;]<\/p>\n","protected":false},"author":1,"featured_media":9985,"parent":12132,"menu_order":0,"comment_status":"closed","ping_status":"closed","template":"","meta":{"_acf_changed":false,"_kad_blocks_custom_css":"","_kad_blocks_head_custom_js":"","_kad_blocks_body_custom_js":"","_kad_blocks_footer_custom_js":"","footnotes":""},"class_list":["post-12732","page","type-page","status-publish","has-post-thumbnail","hentry"],"blocksy_meta":{"vertical_spacing_source":"custom","content_area_spacing":"bottom","styles_descriptor":{"styles":{"desktop":"","tablet":"","mobile":""},"google_fonts":[],"version":6}},"acf":[],"yoast_head":"<!-- This site is optimized with the Yoast SEO plugin v27.3 - https:\/\/yoast.com\/product\/yoast-seo-wordpress\/ -->\n<title>Tin t\u1ee9c v\u00e0 s\u1ef1 ki\u1ec7n c\u1ee7a FFA - V\u01b0\u1eddn th\u00fa Woodland Park<\/title>\n<meta name=\"description\" content=\"H\u00e3y c\u00f9ng tham gia phong tr\u00e0o b\u1ea3o v\u1ec7 r\u1eebng v\u00ec \u0111\u1ed9ng v\u1eadt, v\u00ec con ng\u01b0\u1eddi v\u00e0 v\u00ec h\u00e0nh \u0111\u1ed9ng ch\u1ed1ng bi\u1ebfn \u0111\u1ed5i kh\u00ed h\u1eadu. H\u00e3y gi\u00fap V\u01b0\u1eddn th\u00fa Woodland Park t\u1ea1o n\u00ean tr\u1ea3i nghi\u1ec7m tri\u1ec3n l\u00e3m &quot;R\u1eebng cho t\u1ea5t c\u1ea3&quot;.\" \/>\n<meta name=\"robots\" content=\"index, follow, max-snippet:-1, max-image-preview:large, max-video-preview:-1\" \/>\n<link rel=\"canonical\" href=\"https:\/\/zoo.org\/vi\/rung-cho-tat-ca-moi-nguoi\/tin-tuc-va-su-kien-cua-ffa\/\" \/>\n<meta property=\"og:locale\" content=\"vi_VN\" \/>\n<meta property=\"og:type\" content=\"article\" \/>\n<meta property=\"og:title\" content=\"Tin t\u1ee9c v\u00e0 s\u1ef1 ki\u1ec7n c\u1ee7a FFA - V\u01b0\u1eddn th\u00fa Woodland Park\" \/>\n<meta property=\"og:description\" content=\"H\u00e3y c\u00f9ng tham gia phong tr\u00e0o b\u1ea3o v\u1ec7 r\u1eebng v\u00ec \u0111\u1ed9ng v\u1eadt, v\u00ec con ng\u01b0\u1eddi v\u00e0 v\u00ec h\u00e0nh \u0111\u1ed9ng ch\u1ed1ng bi\u1ebfn \u0111\u1ed5i kh\u00ed h\u1eadu. H\u00e3y gi\u00fap V\u01b0\u1eddn th\u00fa Woodland Park t\u1ea1o n\u00ean tr\u1ea3i nghi\u1ec7m tri\u1ec3n l\u00e3m &quot;R\u1eebng cho t\u1ea5t c\u1ea3&quot;.\" \/>\n<meta property=\"og:url\" content=\"https:\/\/zoo.org\/vi\/rung-cho-tat-ca-moi-nguoi\/tin-tuc-va-su-kien-cua-ffa\/\" \/>\n<meta property=\"og:site_name\" content=\"V\u01b0\u1eddn th\u00fa Woodland Park\" \/>\n<meta property=\"article:modified_time\" content=\"2025-12-13T01:50:47+00:00\" \/>\n<meta property=\"og:image\" content=\"https:\/\/zoo.org\/wp-content\/uploads\/2025\/10\/FFA-2024-Exterior-C-800x533-web.jpg\" \/>\n\t<meta property=\"og:image:width\" content=\"800\" \/>\n\t<meta property=\"og:image:height\" content=\"533\" \/>\n\t<meta property=\"og:image:type\" content=\"image\/jpeg\" \/>\n<meta name=\"twitter:card\" content=\"summary_large_image\" \/>\n<script type=\"application\/ld+json\" class=\"yoast-schema-graph\">{\"@context\":\"https:\\\/\\\/schema.org\",\"@graph\":[{\"@type\":\"WebPage\",\"@id\":\"https:\\\/\\\/zoo.org\\\/vi\\\/rung-cho-tat-ca-moi-nguoi\\\/tin-tuc-va-su-kien-cua-ffa\\\/\",\"url\":\"https:\\\/\\\/zoo.org\\\/vi\\\/rung-cho-tat-ca-moi-nguoi\\\/tin-tuc-va-su-kien-cua-ffa\\\/\",\"name\":\"Tin t\u1ee9c v\u00e0 s\u1ef1 ki\u1ec7n c\u1ee7a FFA - V\u01b0\u1eddn th\u00fa Woodland Park\",\"isPartOf\":{\"@id\":\"https:\\\/\\\/zoo.org\\\/vi\\\/#website\"},\"primaryImageOfPage\":{\"@id\":\"https:\\\/\\\/zoo.org\\\/vi\\\/rung-cho-tat-ca-moi-nguoi\\\/tin-tuc-va-su-kien-cua-ffa\\\/#primaryimage\"},\"image\":{\"@id\":\"https:\\\/\\\/zoo.org\\\/vi\\\/rung-cho-tat-ca-moi-nguoi\\\/tin-tuc-va-su-kien-cua-ffa\\\/#primaryimage\"},\"thumbnailUrl\":\"https:\\\/\\\/zoo.org\\\/wp-content\\\/uploads\\\/2025\\\/10\\\/FFA-2024-Exterior-C-800x533-web.jpg?wsr\",\"datePublished\":\"2025-10-14T17:06:39+00:00\",\"dateModified\":\"2025-12-13T01:50:47+00:00\",\"description\":\"H\u00e3y c\u00f9ng tham gia phong tr\u00e0o b\u1ea3o v\u1ec7 r\u1eebng v\u00ec \u0111\u1ed9ng v\u1eadt, v\u00ec con ng\u01b0\u1eddi v\u00e0 v\u00ec h\u00e0nh \u0111\u1ed9ng ch\u1ed1ng bi\u1ebfn \u0111\u1ed5i kh\u00ed h\u1eadu. H\u00e3y gi\u00fap V\u01b0\u1eddn th\u00fa Woodland Park t\u1ea1o n\u00ean tr\u1ea3i nghi\u1ec7m tri\u1ec3n l\u00e3m \\\"R\u1eebng cho t\u1ea5t c\u1ea3\\\".\",\"breadcrumb\":{\"@id\":\"https:\\\/\\\/zoo.org\\\/vi\\\/rung-cho-tat-ca-moi-nguoi\\\/tin-tuc-va-su-kien-cua-ffa\\\/#breadcrumb\"},\"inLanguage\":\"vi\",\"potentialAction\":[{\"@type\":\"ReadAction\",\"target\":[\"https:\\\/\\\/zoo.org\\\/vi\\\/rung-cho-tat-ca-moi-nguoi\\\/tin-tuc-va-su-kien-cua-ffa\\\/\"]}]},{\"@type\":\"ImageObject\",\"inLanguage\":\"vi\",\"@id\":\"https:\\\/\\\/zoo.org\\\/vi\\\/rung-cho-tat-ca-moi-nguoi\\\/tin-tuc-va-su-kien-cua-ffa\\\/#primaryimage\",\"url\":\"https:\\\/\\\/zoo.org\\\/wp-content\\\/uploads\\\/2025\\\/10\\\/FFA-2024-Exterior-C-800x533-web.jpg?wsr\",\"contentUrl\":\"https:\\\/\\\/zoo.org\\\/wp-content\\\/uploads\\\/2025\\\/10\\\/FFA-2024-Exterior-C-800x533-web.jpg?wsr\",\"width\":800,\"height\":533,\"caption\":\"M\u1ed9t t\u00f2a nh\u00e0 hai t\u1ea7ng hi\u1ec7n \u0111\u1ea1i v\u1edbi c\u1eeda s\u1ed5 k\u00ednh l\u1edbn v\u00e0 ban c\u00f4ng b\u1eb1ng g\u1ed7 \u0111\u01b0\u1ee3c bao quanh b\u1edfi nh\u1eefng c\u00e2y cao v\u00e0 th\u1ea3m th\u1ef1c v\u1eadt xanh t\u01b0\u01a1i. M\u1ecdi ng\u01b0\u1eddi \u0111ang \u0111i d\u1ea1o v\u00e0 \u0111\u1ee9ng tr\u00ean ban c\u00f4ng v\u00e0 t\u1ea7ng tr\u1ec7t, t\u1eadn h\u01b0\u1edfng khung c\u1ea3nh thi\u00ean nhi\u00ean.\"},{\"@type\":\"BreadcrumbList\",\"@id\":\"https:\\\/\\\/zoo.org\\\/vi\\\/rung-cho-tat-ca-moi-nguoi\\\/tin-tuc-va-su-kien-cua-ffa\\\/#breadcrumb\",\"itemListElement\":[{\"@type\":\"ListItem\",\"position\":1,\"name\":\"Trang ch\u1ee7\",\"item\":\"https:\\\/\\\/zoo.org\\\/vi\\\/\"},{\"@type\":\"ListItem\",\"position\":2,\"name\":\"R\u1eebng cho t\u1ea5t c\u1ea3 m\u1ecdi ng\u01b0\u1eddi\",\"item\":\"https:\\\/\\\/zoo.org\\\/vi\\\/rung-cho-tat-ca-moi-nguoi\\\/\"},{\"@type\":\"ListItem\",\"position\":3,\"name\":\"Tin t\u1ee9c v\u00e0 s\u1ef1 ki\u1ec7n c\u1ee7a FFA\"}]},{\"@type\":\"WebSite\",\"@id\":\"https:\\\/\\\/zoo.org\\\/vi\\\/#website\",\"url\":\"https:\\\/\\\/zoo.org\\\/vi\\\/\",\"name\":\"V\u01b0\u1eddn th\u00fa Woodland Park\",\"description\":\"V\u01b0\u1eddn th\u00fa Woodland Park c\u1ee9u s\u1ed1ng \u0111\u1ed9ng v\u1eadt hoang d\u00e3 v\u00e0 truy\u1ec1n c\u1ea3m h\u1ee9ng cho m\u1ecdi ng\u01b0\u1eddi coi b\u1ea3o t\u1ed3n l\u00e0 \u01b0u ti\u00ean h\u00e0ng \u0111\u1ea7u trong cu\u1ed9c s\u1ed1ng c\u1ee7a m\u00ecnh.\",\"publisher\":{\"@id\":\"https:\\\/\\\/zoo.org\\\/vi\\\/#organization\"},\"potentialAction\":[{\"@type\":\"SearchAction\",\"target\":{\"@type\":\"EntryPoint\",\"urlTemplate\":\"https:\\\/\\\/zoo.org\\\/vi\\\/?s={search_term_string}\"},\"query-input\":{\"@type\":\"PropertyValueSpecification\",\"valueRequired\":true,\"valueName\":\"search_term_string\"}}],\"inLanguage\":\"vi\"},{\"@type\":\"Organization\",\"@id\":\"https:\\\/\\\/zoo.org\\\/vi\\\/#organization\",\"name\":\"V\u01b0\u1eddn th\u00fa Woodland Park\",\"url\":\"https:\\\/\\\/zoo.org\\\/vi\\\/\",\"logo\":{\"@type\":\"ImageObject\",\"inLanguage\":\"vi\",\"@id\":\"https:\\\/\\\/zoo.org\\\/vi\\\/#\\\/schema\\\/logo\\\/image\\\/\",\"url\":\"https:\\\/\\\/zoo.org\\\/wp-content\\\/uploads\\\/2026\\\/01\\\/WPZ-Logo_white-SVG.svg?wsr\",\"contentUrl\":\"https:\\\/\\\/zoo.org\\\/wp-content\\\/uploads\\\/2026\\\/01\\\/WPZ-Logo_white-SVG.svg?wsr\",\"width\":288,\"height\":282,\"caption\":\"V\u01b0\u1eddn th\u00fa Woodland Park\"},\"image\":{\"@id\":\"https:\\\/\\\/zoo.org\\\/vi\\\/#\\\/schema\\\/logo\\\/image\\\/\"}}]}<\/script>\n<!-- \/ Yoast SEO plugin. -->","yoast_head_json":{"title":"Tin t\u1ee9c v\u00e0 s\u1ef1 ki\u1ec7n c\u1ee7a FFA - V\u01b0\u1eddn th\u00fa Woodland Park","description":"H\u00e3y c\u00f9ng tham gia phong tr\u00e0o b\u1ea3o v\u1ec7 r\u1eebng v\u00ec \u0111\u1ed9ng v\u1eadt, v\u00ec con ng\u01b0\u1eddi v\u00e0 v\u00ec h\u00e0nh \u0111\u1ed9ng ch\u1ed1ng bi\u1ebfn \u0111\u1ed5i kh\u00ed h\u1eadu. H\u00e3y gi\u00fap V\u01b0\u1eddn th\u00fa Woodland Park t\u1ea1o n\u00ean tr\u1ea3i nghi\u1ec7m tri\u1ec3n l\u00e3m \"R\u1eebng cho t\u1ea5t c\u1ea3\".","robots":{"index":"index","follow":"follow","max-snippet":"max-snippet:-1","max-image-preview":"max-image-preview:large","max-video-preview":"max-video-preview:-1"},"canonical":"https:\/\/zoo.org\/vi\/rung-cho-tat-ca-moi-nguoi\/tin-tuc-va-su-kien-cua-ffa\/","og_locale":"vi_VN","og_type":"article","og_title":"Tin t\u1ee9c v\u00e0 s\u1ef1 ki\u1ec7n c\u1ee7a FFA - V\u01b0\u1eddn th\u00fa Woodland Park","og_description":"H\u00e3y c\u00f9ng tham gia phong tr\u00e0o b\u1ea3o v\u1ec7 r\u1eebng v\u00ec \u0111\u1ed9ng v\u1eadt, v\u00ec con ng\u01b0\u1eddi v\u00e0 v\u00ec h\u00e0nh \u0111\u1ed9ng ch\u1ed1ng bi\u1ebfn \u0111\u1ed5i kh\u00ed h\u1eadu. H\u00e3y gi\u00fap V\u01b0\u1eddn th\u00fa Woodland Park t\u1ea1o n\u00ean tr\u1ea3i nghi\u1ec7m tri\u1ec3n l\u00e3m \"R\u1eebng cho t\u1ea5t c\u1ea3\".","og_url":"https:\/\/zoo.org\/vi\/rung-cho-tat-ca-moi-nguoi\/tin-tuc-va-su-kien-cua-ffa\/","og_site_name":"V\u01b0\u1eddn th\u00fa Woodland Park","article_modified_time":"2025-12-13T01:50:47+00:00","og_image":[{"width":800,"height":533,"url":"https:\/\/zoo.org\/wp-content\/uploads\/2025\/10\/FFA-2024-Exterior-C-800x533-web.jpg","type":"image\/jpeg"}],"twitter_card":"summary_large_image","schema":{"@context":"https:\/\/schema.org","@graph":[{"@type":"WebPage","@id":"https:\/\/zoo.org\/vi\/rung-cho-tat-ca-moi-nguoi\/tin-tuc-va-su-kien-cua-ffa\/","url":"https:\/\/zoo.org\/vi\/rung-cho-tat-ca-moi-nguoi\/tin-tuc-va-su-kien-cua-ffa\/","name":"Tin t\u1ee9c v\u00e0 s\u1ef1 ki\u1ec7n c\u1ee7a FFA - V\u01b0\u1eddn th\u00fa Woodland Park","isPartOf":{"@id":"https:\/\/zoo.org\/vi\/#website"},"primaryImageOfPage":{"@id":"https:\/\/zoo.org\/vi\/rung-cho-tat-ca-moi-nguoi\/tin-tuc-va-su-kien-cua-ffa\/#primaryimage"},"image":{"@id":"https:\/\/zoo.org\/vi\/rung-cho-tat-ca-moi-nguoi\/tin-tuc-va-su-kien-cua-ffa\/#primaryimage"},"thumbnailUrl":"https:\/\/zoo.org\/wp-content\/uploads\/2025\/10\/FFA-2024-Exterior-C-800x533-web.jpg?wsr","datePublished":"2025-10-14T17:06:39+00:00","dateModified":"2025-12-13T01:50:47+00:00","description":"H\u00e3y c\u00f9ng tham gia phong tr\u00e0o b\u1ea3o v\u1ec7 r\u1eebng v\u00ec \u0111\u1ed9ng v\u1eadt, v\u00ec con ng\u01b0\u1eddi v\u00e0 v\u00ec h\u00e0nh \u0111\u1ed9ng ch\u1ed1ng bi\u1ebfn \u0111\u1ed5i kh\u00ed h\u1eadu. H\u00e3y gi\u00fap V\u01b0\u1eddn th\u00fa Woodland Park t\u1ea1o n\u00ean tr\u1ea3i nghi\u1ec7m tri\u1ec3n l\u00e3m \"R\u1eebng cho t\u1ea5t c\u1ea3\".","breadcrumb":{"@id":"https:\/\/zoo.org\/vi\/rung-cho-tat-ca-moi-nguoi\/tin-tuc-va-su-kien-cua-ffa\/#breadcrumb"},"inLanguage":"vi","potentialAction":[{"@type":"ReadAction","target":["https:\/\/zoo.org\/vi\/rung-cho-tat-ca-moi-nguoi\/tin-tuc-va-su-kien-cua-ffa\/"]}]},{"@type":"ImageObject","inLanguage":"vi","@id":"https:\/\/zoo.org\/vi\/rung-cho-tat-ca-moi-nguoi\/tin-tuc-va-su-kien-cua-ffa\/#primaryimage","url":"https:\/\/zoo.org\/wp-content\/uploads\/2025\/10\/FFA-2024-Exterior-C-800x533-web.jpg?wsr","contentUrl":"https:\/\/zoo.org\/wp-content\/uploads\/2025\/10\/FFA-2024-Exterior-C-800x533-web.jpg?wsr","width":800,"height":533,"caption":"M\u1ed9t t\u00f2a nh\u00e0 hai t\u1ea7ng hi\u1ec7n \u0111\u1ea1i v\u1edbi c\u1eeda s\u1ed5 k\u00ednh l\u1edbn v\u00e0 ban c\u00f4ng b\u1eb1ng g\u1ed7 \u0111\u01b0\u1ee3c bao quanh b\u1edfi nh\u1eefng c\u00e2y cao v\u00e0 th\u1ea3m th\u1ef1c v\u1eadt xanh t\u01b0\u01a1i. M\u1ecdi ng\u01b0\u1eddi \u0111ang \u0111i d\u1ea1o v\u00e0 \u0111\u1ee9ng tr\u00ean ban c\u00f4ng v\u00e0 t\u1ea7ng tr\u1ec7t, t\u1eadn h\u01b0\u1edfng khung c\u1ea3nh thi\u00ean nhi\u00ean."},{"@type":"BreadcrumbList","@id":"https:\/\/zoo.org\/vi\/rung-cho-tat-ca-moi-nguoi\/tin-tuc-va-su-kien-cua-ffa\/#breadcrumb","itemListElement":[{"@type":"ListItem","position":1,"name":"Trang ch\u1ee7","item":"https:\/\/zoo.org\/vi\/"},{"@type":"ListItem","position":2,"name":"R\u1eebng cho t\u1ea5t c\u1ea3 m\u1ecdi ng\u01b0\u1eddi","item":"https:\/\/zoo.org\/vi\/rung-cho-tat-ca-moi-nguoi\/"},{"@type":"ListItem","position":3,"name":"Tin t\u1ee9c v\u00e0 s\u1ef1 ki\u1ec7n c\u1ee7a FFA"}]},{"@type":"WebSite","@id":"https:\/\/zoo.org\/vi\/#website","url":"https:\/\/zoo.org\/vi\/","name":"V\u01b0\u1eddn th\u00fa Woodland Park","description":"V\u01b0\u1eddn th\u00fa Woodland Park c\u1ee9u s\u1ed1ng \u0111\u1ed9ng v\u1eadt hoang d\u00e3 v\u00e0 truy\u1ec1n c\u1ea3m h\u1ee9ng cho m\u1ecdi ng\u01b0\u1eddi coi b\u1ea3o t\u1ed3n l\u00e0 \u01b0u ti\u00ean h\u00e0ng \u0111\u1ea7u trong cu\u1ed9c s\u1ed1ng c\u1ee7a m\u00ecnh.","publisher":{"@id":"https:\/\/zoo.org\/vi\/#organization"},"potentialAction":[{"@type":"SearchAction","target":{"@type":"EntryPoint","urlTemplate":"https:\/\/zoo.org\/vi\/?s={search_term_string}"},"query-input":{"@type":"PropertyValueSpecification","valueRequired":true,"valueName":"search_term_string"}}],"inLanguage":"vi"},{"@type":"Organization","@id":"https:\/\/zoo.org\/vi\/#organization","name":"V\u01b0\u1eddn th\u00fa Woodland Park","url":"https:\/\/zoo.org\/vi\/","logo":{"@type":"ImageObject","inLanguage":"vi","@id":"https:\/\/zoo.org\/vi\/#\/schema\/logo\/image\/","url":"https:\/\/zoo.org\/wp-content\/uploads\/2026\/01\/WPZ-Logo_white-SVG.svg?wsr","contentUrl":"https:\/\/zoo.org\/wp-content\/uploads\/2026\/01\/WPZ-Logo_white-SVG.svg?wsr","width":288,"height":282,"caption":"V\u01b0\u1eddn th\u00fa Woodland Park"},"image":{"@id":"https:\/\/zoo.org\/vi\/#\/schema\/logo\/image\/"}}]}},"taxonomy_info":[],"featured_image_src_large":["https:\/\/zoo.org\/wp-content\/uploads\/2025\/10\/FFA-2024-Exterior-C-800x533-web.jpg?wsr",800,533,false],"author_info":{"display_name":"jloughlin","author_link":"https:\/\/zoo.org\/vi\/author\/jloughlin\/"},"comment_info":0,"_links":{"self":[{"href":"https:\/\/zoo.org\/vi\/wp-json\/wp\/v2\/pages\/12732","targetHints":{"allow":["GET"]}}],"collection":[{"href":"https:\/\/zoo.org\/vi\/wp-json\/wp\/v2\/pages"}],"about":[{"href":"https:\/\/zoo.org\/vi\/wp-json\/wp\/v2\/types\/page"}],"author":[{"embeddable":true,"href":"https:\/\/zoo.org\/vi\/wp-json\/wp\/v2\/users\/1"}],"replies":[{"embeddable":true,"href":"https:\/\/zoo.org\/vi\/wp-json\/wp\/v2\/comments?post=12732"}],"version-history":[{"count":0,"href":"https:\/\/zoo.org\/vi\/wp-json\/wp\/v2\/pages\/12732\/revisions"}],"up":[{"embeddable":true,"href":"https:\/\/zoo.org\/vi\/wp-json\/wp\/v2\/pages\/12132"}],"wp:featuredmedia":[{"embeddable":true,"href":"https:\/\/zoo.org\/vi\/wp-json\/wp\/v2\/media\/9985"}],"wp:attachment":[{"href":"https:\/\/zoo.org\/vi\/wp-json\/wp\/v2\/media?parent=12732"}],"curies":[{"name":"wp","href":"https:\/\/api.w.org\/{rel}","templated":true}]}}