{"id":12754,"date":"2025-10-14T10:14:06","date_gmt":"2025-10-14T17:14:06","guid":{"rendered":"https:\/\/zoo.org\/rung-cho-tat-ca-moi-nguoi\/cau-hoi-thuong-gap-ve-ffa\/"},"modified":"2025-12-12T17:50:57","modified_gmt":"2025-12-13T01:50:57","slug":"cau-hoi-thuong-gap-ve-ffa","status":"publish","type":"page","link":"https:\/\/zoo.org\/vi\/rung-cho-tat-ca-moi-nguoi\/cau-hoi-thuong-gap-ve-ffa\/","title":{"rendered":"C\u00e2u h\u1ecfi th\u01b0\u1eddng g\u1eb7p v\u1ec1 FFA"},"content":{"rendered":"\n<div class=\"wp-block-cover alignfull hero\" style=\"margin-top:0;margin-bottom:0\"><img loading=\"lazy\" decoding=\"async\" width=\"1800\" height=\"494\" class=\"wp-block-cover__image-background wp-image-3925 size-full\" alt=\"\" src=\"https:\/\/zoo.org\/wp-content\/uploads\/2025\/08\/homepage-header.jpg\" data-object-fit=\"cover\" srcset=\"https:\/\/zoo.org\/wp-content\/uploads\/2025\/08\/homepage-header.jpg 1800w, https:\/\/zoo.org\/wp-content\/uploads\/2025\/08\/homepage-header-300x82.jpg 300w, https:\/\/zoo.org\/wp-content\/uploads\/2025\/08\/homepage-header-1024x281.jpg 1024w, https:\/\/zoo.org\/wp-content\/uploads\/2025\/08\/homepage-header-768x211.jpg 768w, https:\/\/zoo.org\/wp-content\/uploads\/2025\/08\/homepage-header-1536x422.jpg 1536w\" sizes=\"auto, (max-width: 1800px) 100vw, 1800px\" \/><span aria-hidden=\"true\" class=\"wp-block-cover__background has-background-dim-0 has-background-dim\" style=\"background-color:#454e3b\"><\/span><div class=\"wp-block-cover__inner-container is-layout-constrained wp-block-cover-is-layout-constrained\">\n<p class=\"has-text-align-center has-large-font-size\"><\/p>\n<\/div><\/div>\n\n<div class=\"wp-block-group is-layout-constrained wp-block-group-is-layout-constrained\" style=\"margin-top:2em;margin-bottom:3em\">\n<h1 class=\"wp-block-heading has-text-align-center\" style=\"margin-top:0.65em;margin-bottom:0.275em\">R\u1eeaNG CHO T\u1ea4T C\u1ea2 M\u1eccI NG\u01af\u1edcI<\/h1>\n\n\n\n<p class=\"has-text-align-center has-palette-color-3-color has-text-color has-link-color wp-elements-4cb3a0e7fa6aef0271e2e731d8724065\" style=\"margin-bottom:1em;font-size:clamp(0.984em, 0.984rem + ((1vw - 0.2em) * 0.645), 1.5em);font-style:normal;font-weight:500;line-height:1.5\"><strong><strong>Chi\u1ebfn d\u1ecbch nh\u1eb1m \u0111\u1ecbnh h\u00ecnh l\u1ea1i t\u1ea5t c\u1ea3 nh\u1eefng g\u00ec m\u1ed9t s\u1edf th\u00fa c\u00f3 th\u1ec3 mang l\u1ea1i.<\/strong><\/strong><\/p>\n<\/div>\n\n<div class=\"wp-block-group alignfull divider is-layout-constrained wp-block-group-is-layout-constrained\">\n<h2 class=\"wp-block-heading alignfull has-text-align-center\">C\u00e2u h\u1ecfi th\u01b0\u1eddng g\u1eb7p<\/h2>\n<\/div>\n\n<h3 class=\"wp-block-heading\">Chi\u1ebfn d\u1ecbch &#8220;R\u1eebng cho t\u1ea5t c\u1ea3&#8221; l\u00e0 g\u00ec?<\/h3>\n\n<p>Chi\u1ebfn d\u1ecbch &#8220;R\u1eebng cho t\u1ea5t c\u1ea3&#8221; l\u00e0 m\u1ed9t s\u00e1ng ki\u1ebfn g\u00e2y qu\u1ef9 t\u00e1o b\u1ea1o v\u00e0 \u0111\u1ea7y th\u00fa v\u1ecb tr\u1ecb gi\u00e1 110 tri\u1ec7u \u0111\u00f4 la c\u1ee7a V\u01b0\u1eddn th\u00fa Woodland Park nh\u1eb1m x\u00e2y d\u1ef1ng m\u1ed9t t\u01b0\u01a1ng lai b\u1ec1n v\u1eefng h\u01a1n.<\/p>\n\n<p>Ch\u00fang t\u00f4i \u0111ang \u0111\u1ecbnh h\u00ecnh l\u1ea1i m\u1ecdi th\u1ee9 m\u00e0 m\u1ed9t v\u01b0\u1eddn th\u00fa c\u00f3 th\u1ec3 mang l\u1ea1i cho c\u1ed9ng \u0111\u1ed3ng c\u1ee7a m\u00ecnh v\u00e0 cho c\u00e1c c\u1ed9ng \u0111\u1ed3ng tr\u00ean to\u00e0n c\u1ea7u. Ch\u00fang t\u00f4i \u0111ang suy ngh\u0129 l\u1ea1i c\u00e1ch ch\u00fang ta x\u00e2y d\u1ef1ng nh\u1eefng m\u1ed1i li\u00ean k\u1ebft \u00fd ngh\u0129a v\u1edbi \u0111\u1ed9ng v\u1eadt v\u00e0 m\u00f4i tr\u01b0\u1eddng s\u1ed1ng c\u1ee7a ch\u00fang. V\u00e0 ch\u00fang t\u00f4i \u0111ang \u0111\u1ecbnh ngh\u0129a l\u1ea1i c\u00e1ch ch\u00fang ta c\u00f3 th\u1ec3 c\u00f9ng nhau, v\u1edbi h\u00e0ng tri\u1ec7u ng\u01b0\u1eddi m\u00e0 v\u01b0\u1eddn th\u00fa c\u1ee7a ch\u00fang t\u00f4i ti\u1ebfp c\u1eadn m\u1ed7i n\u0103m, h\u00e0nh \u0111\u1ed9ng \u0111\u1ec3 c\u1ee9u l\u1ea5y nh\u1eefng khu r\u1eebng v\u00e0 kh\u00f4ng gian xanh \u1edf v\u00f9ng T\u00e2y B\u1eafc Th\u00e1i B\u00ecnh D\u01b0\u01a1ng v\u00e0 tr\u00ean to\u00e0n th\u1ebf gi\u1edbi.  <\/p>\n\n<p>Ch\u00fang ta kh\u00f4ng th\u1ec3 l\u00e0m \u0111i\u1ec1u \u0111\u00f3 m\u1ed9t m\u00ecnh, v\u00ec v\u1eady ch\u00fang t\u00f4i k\u00eau g\u1ecdi nh\u1eefng ng\u01b0\u1eddi nh\u01b0 b\u1ea1n c\u00f9ng tham gia v\u1edbi ch\u00fang t\u00f4i. C\u00f9ng nhau, ch\u00fang ta c\u00f3 th\u1ec3 x\u00e2y d\u1ef1ng m\u1ed9t phong tr\u00e0o b\u1ea3o t\u1ed3n m\u1ea1nh m\u1ebd, n\u01a1i m\u1ecdi ng\u01b0\u1eddi \u0111\u1ec1u nh\u1eadn th\u1ee9c \u0111\u01b0\u1ee3c vai tr\u00f2 c\u1ee7a m\u00ecnh trong vi\u1ec7c b\u1ea3o v\u1ec7 m\u00f4i tr\u01b0\u1eddng. <\/p>\n\n<h3 class=\"wp-block-heading\">T\u1ea1i sao s\u1edf th\u00fa l\u1ea1i ti\u1ebfn h\u00e0nh chi\u1ebfn d\u1ecbch v\u00e0o th\u1eddi \u0111i\u1ec3m n\u00e0y?<\/h3>\n\n<p>\u0110\u00e2y l\u00e0 th\u1eddi \u0111i\u1ec3m tr\u1ecdng \u0111\u1ea1i \u0111\u1ed1i v\u1edbi h\u00e0nh tinh c\u1ee7a ch\u00fang ta, \u0111\u1ed1i v\u1edbi c\u1ed9ng \u0111\u1ed3ng c\u1ee7a ch\u00fang ta v\u00e0 \u0111\u1ed1i v\u1edbi c\u00e1c v\u01b0\u1eddn th\u00fa tr\u00ean to\u00e0n th\u1ebf gi\u1edbi. \u0110\u00f3 l\u00e0 l\u00fd do t\u1ea1i sao v\u00e0o n\u0103m 2018, ch\u00fang t\u00f4i \u0111\u00e3 t\u1eadp h\u1ee3p 6.000 th\u00e0nh vi\u00ean c\u1ed9ng \u0111\u1ed3ng \u0111\u1ec3 th\u1ea3o lu\u1eadn v\u1ec1 t\u01b0\u01a1ng lai c\u1ee7a v\u01b0\u1eddn th\u00fa. Nh\u1eefng ng\u01b0\u1eddi h\u00e0ng x\u00f3m c\u1ee7a ch\u00fang t\u00f4i tr\u00ean kh\u1eafp v\u00f9ng T\u00e2y B\u1eafc Th\u00e1i B\u00ecnh D\u01b0\u01a1ng \u0111\u00e3 gi\u00fap ch\u00fang t\u00f4i \u0111\u1ecbnh h\u00ecnh t\u1ea7m nh\u00ecn v\u00e0 k\u1ebf ho\u1ea1ch chi\u1ebfn l\u01b0\u1ee3c \u0111\u1ec3 v\u1ea1ch ra con \u0111\u01b0\u1eddng h\u01b0\u1edbng t\u1edbi m\u1ed9t t\u01b0\u01a1ng lai t\u1ed1t \u0111\u1eb9p h\u01a1n cho th\u1ef1c v\u1eadt, \u0111\u1ed9ng v\u1eadt v\u00e0 con ng\u01b0\u1eddi.  <\/p>\n\n<p>\u0110i\u1ec1u \u0111\u00f3 c\u00f3 ngh\u0129a l\u00e0 ch\u00fang ta ph\u1ea3i l\u00e0m t\u1ea5t c\u1ea3 nh\u1eefng g\u00ec c\u00f3 th\u1ec3 \u0111\u1ec3 ph\u00e1t huy nh\u1eefng nguy\u00ean t\u1eafc \u0111\u00e3 l\u00e0m n\u00ean v\u01b0\u1eddn th\u00fa tr\u1edf th\u00e0nh m\u1ed9t n\u01a1i \u0111\u1eb7c bi\u1ec7t cho c\u1ed9ng \u0111\u1ed3ng c\u1ee7a ch\u00fang ta v\u00e0 \u0111\u1ec3 nhanh ch\u00f3ng \u1ee9ng ph\u00f3 v\u1edbi nh\u1eefng th\u00e1ch th\u1ee9c m\u00e0 \u0111\u1ed9ng v\u1eadt hoang d\u00e3 v\u00e0 m\u00f4i tr\u01b0\u1eddng s\u1ed1ng c\u1ee7a ch\u00fang ta \u0111ang ph\u1ea3i \u0111\u1ed1i m\u1eb7t hi\u1ec7n nay. Th\u00f4ng qua chi\u1ebfn d\u1ecbch R\u1eebng cho T\u1ea5t c\u1ea3, ch\u00fang ta \u0111ang huy \u0111\u1ed9ng s\u1ef1 \u1ee7ng h\u1ed9 c\u1ea7n thi\u1ebft \u0111\u1ec3 hi\u1ec7n th\u1ef1c h\u00f3a t\u1ea7m nh\u00ecn chung v\u00e0 bi\u1ebfn k\u1ebf ho\u1ea1ch \u0111\u1ea7y tham v\u1ecdng c\u1ee7a ch\u00fang ta th\u00e0nh hi\u1ec7n th\u1ef1c, v\u00ec l\u1ee3i \u00edch c\u1ee7a m\u1ecdi sinh v\u1eadt tr\u00ean tr\u00e1i \u0111\u1ea5t. <\/p>\n\n<h3 class=\"wp-block-heading\">Ti\u1ec1n quy\u00ean g\u00f3p cho chi\u1ebfn d\u1ecbch tranh c\u1eed c\u1ee7a t\u00f4i s\u1ebd \u0111\u01b0\u1ee3c s\u1eed d\u1ee5ng nh\u01b0 th\u1ebf n\u00e0o?<\/h3>\n\n<p>S\u1ef1 \u0111\u00f3ng g\u00f3p c\u1ee7a qu\u00fd v\u1ecb h\u1ed7 tr\u1ee3 m\u1ecdi ho\u1ea1t \u0111\u1ed9ng c\u1ee7a ch\u00fang t\u00f4i nh\u1eb1m mang \u0111\u1ebfn m\u1ed9t v\u01b0\u1eddn th\u00fa \u0111\u1ecba ph\u01b0\u01a1ng tuy\u1ec7t v\u1eddi\u2014v\u00e0 m\u1ed9t trung t\u00e2m b\u1ea3o t\u1ed3n \u0111\u1eb3ng c\u1ea5p th\u1ebf gi\u1edbi. T\u1eeb nh\u1eefng tri\u1ec3n l\u00e3m m\u1edbi h\u1ea5p d\u1eabn v\u00e0 c\u00e1c ch\u01b0\u01a1ng tr\u00ecnh gi\u00e1o d\u1ee5c \u0111\u1ebfn c\u00e1c quan h\u1ec7 \u0111\u1ed1i t\u00e1c b\u1ea3o t\u1ed3n d\u1ef1a tr\u00ean d\u1eef li\u1ec7u v\u00e0 c\u00e1c d\u1ef1 \u00e1n ch\u0103m s\u00f3c \u0111\u1ed9ng v\u1eadt, chi\u1ebfn d\u1ecbch R\u1eebng cho T\u1ea5t c\u1ea3 \u0111ang c\u1ee7ng c\u1ed1 cam k\u1ebft c\u1ee7a ch\u00fang t\u00f4i trong vi\u1ec7c c\u1ee9u l\u1ea5y \u0111\u1ed9ng v\u1eadt hoang d\u00e3, b\u1eaft \u0111\u1ea7u t\u1eeb nh\u1eefng khu r\u1eebng nu\u00f4i s\u1ed1ng t\u1ea5t c\u1ea3 ch\u00fang ta. <\/p>\n\n<p><\/p>\n","protected":false},"excerpt":{"rendered":"<p>R\u1eeaNG CHO T\u1ea4T C\u1ea2 M\u1eccI NG\u01af\u1edcI Chi\u1ebfn d\u1ecbch nh\u1eb1m \u0111\u1ecbnh h\u00ecnh l\u1ea1i t\u1ea5t c\u1ea3 nh\u1eefng g\u00ec m\u1ed9t s\u1edf th\u00fa c\u00f3 th\u1ec3 mang l\u1ea1i. C\u00e2u h\u1ecfi th\u01b0\u1eddng g\u1eb7p Chi\u1ebfn d\u1ecbch &#8220;R\u1eebng [&hellip;]<\/p>\n","protected":false},"author":1,"featured_media":9985,"parent":12132,"menu_order":0,"comment_status":"closed","ping_status":"closed","template":"","meta":{"_acf_changed":false,"_kad_blocks_custom_css":"","_kad_blocks_head_custom_js":"","_kad_blocks_body_custom_js":"","_kad_blocks_footer_custom_js":"","footnotes":""},"class_list":["post-12754","page","type-page","status-publish","has-post-thumbnail","hentry"],"blocksy_meta":{"vertical_spacing_source":"custom","content_area_spacing":"bottom","styles_descriptor":{"styles":{"desktop":"","tablet":"","mobile":""},"google_fonts":[],"version":6}},"acf":[],"yoast_head":"<!-- This site is optimized with the Yoast SEO plugin v27.3 - https:\/\/yoast.com\/product\/yoast-seo-wordpress\/ -->\n<title>C\u00e2u h\u1ecfi th\u01b0\u1eddng g\u1eb7p v\u1ec1 FFA - V\u01b0\u1eddn th\u00fa Woodland Park<\/title>\n<meta name=\"description\" content=\"H\u00e3y c\u00f9ng tham gia phong tr\u00e0o b\u1ea3o v\u1ec7 r\u1eebng v\u00ec \u0111\u1ed9ng v\u1eadt, v\u00ec con ng\u01b0\u1eddi v\u00e0 v\u00ec h\u00e0nh \u0111\u1ed9ng ch\u1ed1ng bi\u1ebfn \u0111\u1ed5i kh\u00ed h\u1eadu. H\u00e3y gi\u00fap V\u01b0\u1eddn th\u00fa Woodland Park t\u1ea1o n\u00ean tr\u1ea3i nghi\u1ec7m tri\u1ec3n l\u00e3m &quot;R\u1eebng cho t\u1ea5t c\u1ea3&quot;.\" \/>\n<meta name=\"robots\" content=\"index, follow, max-snippet:-1, max-image-preview:large, max-video-preview:-1\" \/>\n<link rel=\"canonical\" href=\"https:\/\/zoo.org\/vi\/rung-cho-tat-ca-moi-nguoi\/cau-hoi-thuong-gap-ve-ffa\/\" \/>\n<meta property=\"og:locale\" content=\"vi_VN\" \/>\n<meta property=\"og:type\" content=\"article\" \/>\n<meta property=\"og:title\" content=\"C\u00e2u h\u1ecfi th\u01b0\u1eddng g\u1eb7p v\u1ec1 FFA - V\u01b0\u1eddn th\u00fa Woodland Park\" \/>\n<meta property=\"og:description\" content=\"H\u00e3y c\u00f9ng tham gia phong tr\u00e0o b\u1ea3o v\u1ec7 r\u1eebng v\u00ec \u0111\u1ed9ng v\u1eadt, v\u00ec con ng\u01b0\u1eddi v\u00e0 v\u00ec h\u00e0nh \u0111\u1ed9ng ch\u1ed1ng bi\u1ebfn \u0111\u1ed5i kh\u00ed h\u1eadu. H\u00e3y gi\u00fap V\u01b0\u1eddn th\u00fa Woodland Park t\u1ea1o n\u00ean tr\u1ea3i nghi\u1ec7m tri\u1ec3n l\u00e3m &quot;R\u1eebng cho t\u1ea5t c\u1ea3&quot;.\" \/>\n<meta property=\"og:url\" content=\"https:\/\/zoo.org\/vi\/rung-cho-tat-ca-moi-nguoi\/cau-hoi-thuong-gap-ve-ffa\/\" \/>\n<meta property=\"og:site_name\" content=\"V\u01b0\u1eddn th\u00fa Woodland Park\" \/>\n<meta property=\"article:modified_time\" content=\"2025-12-13T01:50:57+00:00\" \/>\n<meta property=\"og:image\" content=\"https:\/\/zoo.org\/wp-content\/uploads\/2025\/10\/FFA-2024-Exterior-C-800x533-web.jpg\" \/>\n\t<meta property=\"og:image:width\" content=\"800\" \/>\n\t<meta property=\"og:image:height\" content=\"533\" \/>\n\t<meta property=\"og:image:type\" content=\"image\/jpeg\" \/>\n<meta name=\"twitter:card\" content=\"summary_large_image\" \/>\n<script type=\"application\/ld+json\" class=\"yoast-schema-graph\">{\"@context\":\"https:\\\/\\\/schema.org\",\"@graph\":[{\"@type\":\"WebPage\",\"@id\":\"https:\\\/\\\/zoo.org\\\/vi\\\/rung-cho-tat-ca-moi-nguoi\\\/cau-hoi-thuong-gap-ve-ffa\\\/\",\"url\":\"https:\\\/\\\/zoo.org\\\/vi\\\/rung-cho-tat-ca-moi-nguoi\\\/cau-hoi-thuong-gap-ve-ffa\\\/\",\"name\":\"C\u00e2u h\u1ecfi th\u01b0\u1eddng g\u1eb7p v\u1ec1 FFA - V\u01b0\u1eddn th\u00fa Woodland Park\",\"isPartOf\":{\"@id\":\"https:\\\/\\\/zoo.org\\\/vi\\\/#website\"},\"primaryImageOfPage\":{\"@id\":\"https:\\\/\\\/zoo.org\\\/vi\\\/rung-cho-tat-ca-moi-nguoi\\\/cau-hoi-thuong-gap-ve-ffa\\\/#primaryimage\"},\"image\":{\"@id\":\"https:\\\/\\\/zoo.org\\\/vi\\\/rung-cho-tat-ca-moi-nguoi\\\/cau-hoi-thuong-gap-ve-ffa\\\/#primaryimage\"},\"thumbnailUrl\":\"https:\\\/\\\/zoo.org\\\/wp-content\\\/uploads\\\/2025\\\/10\\\/FFA-2024-Exterior-C-800x533-web.jpg?wsr\",\"datePublished\":\"2025-10-14T17:14:06+00:00\",\"dateModified\":\"2025-12-13T01:50:57+00:00\",\"description\":\"H\u00e3y c\u00f9ng tham gia phong tr\u00e0o b\u1ea3o v\u1ec7 r\u1eebng v\u00ec \u0111\u1ed9ng v\u1eadt, v\u00ec con ng\u01b0\u1eddi v\u00e0 v\u00ec h\u00e0nh \u0111\u1ed9ng ch\u1ed1ng bi\u1ebfn \u0111\u1ed5i kh\u00ed h\u1eadu. H\u00e3y gi\u00fap V\u01b0\u1eddn th\u00fa Woodland Park t\u1ea1o n\u00ean tr\u1ea3i nghi\u1ec7m tri\u1ec3n l\u00e3m \\\"R\u1eebng cho t\u1ea5t c\u1ea3\\\".\",\"breadcrumb\":{\"@id\":\"https:\\\/\\\/zoo.org\\\/vi\\\/rung-cho-tat-ca-moi-nguoi\\\/cau-hoi-thuong-gap-ve-ffa\\\/#breadcrumb\"},\"inLanguage\":\"vi\",\"potentialAction\":[{\"@type\":\"ReadAction\",\"target\":[\"https:\\\/\\\/zoo.org\\\/vi\\\/rung-cho-tat-ca-moi-nguoi\\\/cau-hoi-thuong-gap-ve-ffa\\\/\"]}]},{\"@type\":\"ImageObject\",\"inLanguage\":\"vi\",\"@id\":\"https:\\\/\\\/zoo.org\\\/vi\\\/rung-cho-tat-ca-moi-nguoi\\\/cau-hoi-thuong-gap-ve-ffa\\\/#primaryimage\",\"url\":\"https:\\\/\\\/zoo.org\\\/wp-content\\\/uploads\\\/2025\\\/10\\\/FFA-2024-Exterior-C-800x533-web.jpg?wsr\",\"contentUrl\":\"https:\\\/\\\/zoo.org\\\/wp-content\\\/uploads\\\/2025\\\/10\\\/FFA-2024-Exterior-C-800x533-web.jpg?wsr\",\"width\":800,\"height\":533,\"caption\":\"M\u1ed9t t\u00f2a nh\u00e0 hai t\u1ea7ng hi\u1ec7n \u0111\u1ea1i v\u1edbi c\u1eeda s\u1ed5 k\u00ednh l\u1edbn v\u00e0 ban c\u00f4ng b\u1eb1ng g\u1ed7 \u0111\u01b0\u1ee3c bao quanh b\u1edfi nh\u1eefng c\u00e2y cao v\u00e0 th\u1ea3m th\u1ef1c v\u1eadt xanh t\u01b0\u01a1i. M\u1ecdi ng\u01b0\u1eddi \u0111ang \u0111i d\u1ea1o v\u00e0 \u0111\u1ee9ng tr\u00ean ban c\u00f4ng v\u00e0 t\u1ea7ng tr\u1ec7t, t\u1eadn h\u01b0\u1edfng khung c\u1ea3nh thi\u00ean nhi\u00ean.\"},{\"@type\":\"BreadcrumbList\",\"@id\":\"https:\\\/\\\/zoo.org\\\/vi\\\/rung-cho-tat-ca-moi-nguoi\\\/cau-hoi-thuong-gap-ve-ffa\\\/#breadcrumb\",\"itemListElement\":[{\"@type\":\"ListItem\",\"position\":1,\"name\":\"Trang ch\u1ee7\",\"item\":\"https:\\\/\\\/zoo.org\\\/vi\\\/\"},{\"@type\":\"ListItem\",\"position\":2,\"name\":\"R\u1eebng cho t\u1ea5t c\u1ea3 m\u1ecdi ng\u01b0\u1eddi\",\"item\":\"https:\\\/\\\/zoo.org\\\/vi\\\/rung-cho-tat-ca-moi-nguoi\\\/\"},{\"@type\":\"ListItem\",\"position\":3,\"name\":\"C\u00e2u h\u1ecfi th\u01b0\u1eddng g\u1eb7p v\u1ec1 FFA\"}]},{\"@type\":\"WebSite\",\"@id\":\"https:\\\/\\\/zoo.org\\\/vi\\\/#website\",\"url\":\"https:\\\/\\\/zoo.org\\\/vi\\\/\",\"name\":\"V\u01b0\u1eddn th\u00fa Woodland Park\",\"description\":\"V\u01b0\u1eddn th\u00fa Woodland Park c\u1ee9u s\u1ed1ng \u0111\u1ed9ng v\u1eadt hoang d\u00e3 v\u00e0 truy\u1ec1n c\u1ea3m h\u1ee9ng cho m\u1ecdi ng\u01b0\u1eddi coi b\u1ea3o t\u1ed3n l\u00e0 \u01b0u ti\u00ean h\u00e0ng \u0111\u1ea7u trong cu\u1ed9c s\u1ed1ng c\u1ee7a m\u00ecnh.\",\"publisher\":{\"@id\":\"https:\\\/\\\/zoo.org\\\/vi\\\/#organization\"},\"potentialAction\":[{\"@type\":\"SearchAction\",\"target\":{\"@type\":\"EntryPoint\",\"urlTemplate\":\"https:\\\/\\\/zoo.org\\\/vi\\\/?s={search_term_string}\"},\"query-input\":{\"@type\":\"PropertyValueSpecification\",\"valueRequired\":true,\"valueName\":\"search_term_string\"}}],\"inLanguage\":\"vi\"},{\"@type\":\"Organization\",\"@id\":\"https:\\\/\\\/zoo.org\\\/vi\\\/#organization\",\"name\":\"V\u01b0\u1eddn th\u00fa Woodland Park\",\"url\":\"https:\\\/\\\/zoo.org\\\/vi\\\/\",\"logo\":{\"@type\":\"ImageObject\",\"inLanguage\":\"vi\",\"@id\":\"https:\\\/\\\/zoo.org\\\/vi\\\/#\\\/schema\\\/logo\\\/image\\\/\",\"url\":\"https:\\\/\\\/zoo.org\\\/wp-content\\\/uploads\\\/2026\\\/01\\\/WPZ-Logo_white-SVG.svg?wsr\",\"contentUrl\":\"https:\\\/\\\/zoo.org\\\/wp-content\\\/uploads\\\/2026\\\/01\\\/WPZ-Logo_white-SVG.svg?wsr\",\"width\":288,\"height\":282,\"caption\":\"V\u01b0\u1eddn th\u00fa Woodland Park\"},\"image\":{\"@id\":\"https:\\\/\\\/zoo.org\\\/vi\\\/#\\\/schema\\\/logo\\\/image\\\/\"}}]}<\/script>\n<!-- \/ Yoast SEO plugin. -->","yoast_head_json":{"title":"C\u00e2u h\u1ecfi th\u01b0\u1eddng g\u1eb7p v\u1ec1 FFA - V\u01b0\u1eddn th\u00fa Woodland Park","description":"H\u00e3y c\u00f9ng tham gia phong tr\u00e0o b\u1ea3o v\u1ec7 r\u1eebng v\u00ec \u0111\u1ed9ng v\u1eadt, v\u00ec con ng\u01b0\u1eddi v\u00e0 v\u00ec h\u00e0nh \u0111\u1ed9ng ch\u1ed1ng bi\u1ebfn \u0111\u1ed5i kh\u00ed h\u1eadu. H\u00e3y gi\u00fap V\u01b0\u1eddn th\u00fa Woodland Park t\u1ea1o n\u00ean tr\u1ea3i nghi\u1ec7m tri\u1ec3n l\u00e3m \"R\u1eebng cho t\u1ea5t c\u1ea3\".","robots":{"index":"index","follow":"follow","max-snippet":"max-snippet:-1","max-image-preview":"max-image-preview:large","max-video-preview":"max-video-preview:-1"},"canonical":"https:\/\/zoo.org\/vi\/rung-cho-tat-ca-moi-nguoi\/cau-hoi-thuong-gap-ve-ffa\/","og_locale":"vi_VN","og_type":"article","og_title":"C\u00e2u h\u1ecfi th\u01b0\u1eddng g\u1eb7p v\u1ec1 FFA - V\u01b0\u1eddn th\u00fa Woodland Park","og_description":"H\u00e3y c\u00f9ng tham gia phong tr\u00e0o b\u1ea3o v\u1ec7 r\u1eebng v\u00ec \u0111\u1ed9ng v\u1eadt, v\u00ec con ng\u01b0\u1eddi v\u00e0 v\u00ec h\u00e0nh \u0111\u1ed9ng ch\u1ed1ng bi\u1ebfn \u0111\u1ed5i kh\u00ed h\u1eadu. H\u00e3y gi\u00fap V\u01b0\u1eddn th\u00fa Woodland Park t\u1ea1o n\u00ean tr\u1ea3i nghi\u1ec7m tri\u1ec3n l\u00e3m \"R\u1eebng cho t\u1ea5t c\u1ea3\".","og_url":"https:\/\/zoo.org\/vi\/rung-cho-tat-ca-moi-nguoi\/cau-hoi-thuong-gap-ve-ffa\/","og_site_name":"V\u01b0\u1eddn th\u00fa Woodland Park","article_modified_time":"2025-12-13T01:50:57+00:00","og_image":[{"width":800,"height":533,"url":"https:\/\/zoo.org\/wp-content\/uploads\/2025\/10\/FFA-2024-Exterior-C-800x533-web.jpg","type":"image\/jpeg"}],"twitter_card":"summary_large_image","schema":{"@context":"https:\/\/schema.org","@graph":[{"@type":"WebPage","@id":"https:\/\/zoo.org\/vi\/rung-cho-tat-ca-moi-nguoi\/cau-hoi-thuong-gap-ve-ffa\/","url":"https:\/\/zoo.org\/vi\/rung-cho-tat-ca-moi-nguoi\/cau-hoi-thuong-gap-ve-ffa\/","name":"C\u00e2u h\u1ecfi th\u01b0\u1eddng g\u1eb7p v\u1ec1 FFA - V\u01b0\u1eddn th\u00fa Woodland Park","isPartOf":{"@id":"https:\/\/zoo.org\/vi\/#website"},"primaryImageOfPage":{"@id":"https:\/\/zoo.org\/vi\/rung-cho-tat-ca-moi-nguoi\/cau-hoi-thuong-gap-ve-ffa\/#primaryimage"},"image":{"@id":"https:\/\/zoo.org\/vi\/rung-cho-tat-ca-moi-nguoi\/cau-hoi-thuong-gap-ve-ffa\/#primaryimage"},"thumbnailUrl":"https:\/\/zoo.org\/wp-content\/uploads\/2025\/10\/FFA-2024-Exterior-C-800x533-web.jpg?wsr","datePublished":"2025-10-14T17:14:06+00:00","dateModified":"2025-12-13T01:50:57+00:00","description":"H\u00e3y c\u00f9ng tham gia phong tr\u00e0o b\u1ea3o v\u1ec7 r\u1eebng v\u00ec \u0111\u1ed9ng v\u1eadt, v\u00ec con ng\u01b0\u1eddi v\u00e0 v\u00ec h\u00e0nh \u0111\u1ed9ng ch\u1ed1ng bi\u1ebfn \u0111\u1ed5i kh\u00ed h\u1eadu. H\u00e3y gi\u00fap V\u01b0\u1eddn th\u00fa Woodland Park t\u1ea1o n\u00ean tr\u1ea3i nghi\u1ec7m tri\u1ec3n l\u00e3m \"R\u1eebng cho t\u1ea5t c\u1ea3\".","breadcrumb":{"@id":"https:\/\/zoo.org\/vi\/rung-cho-tat-ca-moi-nguoi\/cau-hoi-thuong-gap-ve-ffa\/#breadcrumb"},"inLanguage":"vi","potentialAction":[{"@type":"ReadAction","target":["https:\/\/zoo.org\/vi\/rung-cho-tat-ca-moi-nguoi\/cau-hoi-thuong-gap-ve-ffa\/"]}]},{"@type":"ImageObject","inLanguage":"vi","@id":"https:\/\/zoo.org\/vi\/rung-cho-tat-ca-moi-nguoi\/cau-hoi-thuong-gap-ve-ffa\/#primaryimage","url":"https:\/\/zoo.org\/wp-content\/uploads\/2025\/10\/FFA-2024-Exterior-C-800x533-web.jpg?wsr","contentUrl":"https:\/\/zoo.org\/wp-content\/uploads\/2025\/10\/FFA-2024-Exterior-C-800x533-web.jpg?wsr","width":800,"height":533,"caption":"M\u1ed9t t\u00f2a nh\u00e0 hai t\u1ea7ng hi\u1ec7n \u0111\u1ea1i v\u1edbi c\u1eeda s\u1ed5 k\u00ednh l\u1edbn v\u00e0 ban c\u00f4ng b\u1eb1ng g\u1ed7 \u0111\u01b0\u1ee3c bao quanh b\u1edfi nh\u1eefng c\u00e2y cao v\u00e0 th\u1ea3m th\u1ef1c v\u1eadt xanh t\u01b0\u01a1i. M\u1ecdi ng\u01b0\u1eddi \u0111ang \u0111i d\u1ea1o v\u00e0 \u0111\u1ee9ng tr\u00ean ban c\u00f4ng v\u00e0 t\u1ea7ng tr\u1ec7t, t\u1eadn h\u01b0\u1edfng khung c\u1ea3nh thi\u00ean nhi\u00ean."},{"@type":"BreadcrumbList","@id":"https:\/\/zoo.org\/vi\/rung-cho-tat-ca-moi-nguoi\/cau-hoi-thuong-gap-ve-ffa\/#breadcrumb","itemListElement":[{"@type":"ListItem","position":1,"name":"Trang ch\u1ee7","item":"https:\/\/zoo.org\/vi\/"},{"@type":"ListItem","position":2,"name":"R\u1eebng cho t\u1ea5t c\u1ea3 m\u1ecdi ng\u01b0\u1eddi","item":"https:\/\/zoo.org\/vi\/rung-cho-tat-ca-moi-nguoi\/"},{"@type":"ListItem","position":3,"name":"C\u00e2u h\u1ecfi th\u01b0\u1eddng g\u1eb7p v\u1ec1 FFA"}]},{"@type":"WebSite","@id":"https:\/\/zoo.org\/vi\/#website","url":"https:\/\/zoo.org\/vi\/","name":"V\u01b0\u1eddn th\u00fa Woodland Park","description":"V\u01b0\u1eddn th\u00fa Woodland Park c\u1ee9u s\u1ed1ng \u0111\u1ed9ng v\u1eadt hoang d\u00e3 v\u00e0 truy\u1ec1n c\u1ea3m h\u1ee9ng cho m\u1ecdi ng\u01b0\u1eddi coi b\u1ea3o t\u1ed3n l\u00e0 \u01b0u ti\u00ean h\u00e0ng \u0111\u1ea7u trong cu\u1ed9c s\u1ed1ng c\u1ee7a m\u00ecnh.","publisher":{"@id":"https:\/\/zoo.org\/vi\/#organization"},"potentialAction":[{"@type":"SearchAction","target":{"@type":"EntryPoint","urlTemplate":"https:\/\/zoo.org\/vi\/?s={search_term_string}"},"query-input":{"@type":"PropertyValueSpecification","valueRequired":true,"valueName":"search_term_string"}}],"inLanguage":"vi"},{"@type":"Organization","@id":"https:\/\/zoo.org\/vi\/#organization","name":"V\u01b0\u1eddn th\u00fa Woodland Park","url":"https:\/\/zoo.org\/vi\/","logo":{"@type":"ImageObject","inLanguage":"vi","@id":"https:\/\/zoo.org\/vi\/#\/schema\/logo\/image\/","url":"https:\/\/zoo.org\/wp-content\/uploads\/2026\/01\/WPZ-Logo_white-SVG.svg?wsr","contentUrl":"https:\/\/zoo.org\/wp-content\/uploads\/2026\/01\/WPZ-Logo_white-SVG.svg?wsr","width":288,"height":282,"caption":"V\u01b0\u1eddn th\u00fa Woodland Park"},"image":{"@id":"https:\/\/zoo.org\/vi\/#\/schema\/logo\/image\/"}}]}},"taxonomy_info":[],"featured_image_src_large":["https:\/\/zoo.org\/wp-content\/uploads\/2025\/10\/FFA-2024-Exterior-C-800x533-web.jpg?wsr",800,533,false],"author_info":{"display_name":"jloughlin","author_link":"https:\/\/zoo.org\/vi\/author\/jloughlin\/"},"comment_info":0,"_links":{"self":[{"href":"https:\/\/zoo.org\/vi\/wp-json\/wp\/v2\/pages\/12754","targetHints":{"allow":["GET"]}}],"collection":[{"href":"https:\/\/zoo.org\/vi\/wp-json\/wp\/v2\/pages"}],"about":[{"href":"https:\/\/zoo.org\/vi\/wp-json\/wp\/v2\/types\/page"}],"author":[{"embeddable":true,"href":"https:\/\/zoo.org\/vi\/wp-json\/wp\/v2\/users\/1"}],"replies":[{"embeddable":true,"href":"https:\/\/zoo.org\/vi\/wp-json\/wp\/v2\/comments?post=12754"}],"version-history":[{"count":0,"href":"https:\/\/zoo.org\/vi\/wp-json\/wp\/v2\/pages\/12754\/revisions"}],"up":[{"embeddable":true,"href":"https:\/\/zoo.org\/vi\/wp-json\/wp\/v2\/pages\/12132"}],"wp:featuredmedia":[{"embeddable":true,"href":"https:\/\/zoo.org\/vi\/wp-json\/wp\/v2\/media\/9985"}],"wp:attachment":[{"href":"https:\/\/zoo.org\/vi\/wp-json\/wp\/v2\/media?parent=12754"}],"curies":[{"name":"wp","href":"https:\/\/api.w.org\/{rel}","templated":true}]}}