{"id":12755,"date":"2025-10-14T10:15:58","date_gmt":"2025-10-14T17:15:58","guid":{"rendered":"https:\/\/zoo.org\/rung-cho-tat-ca-moi-nguoi\/quyen-gop-cho-ffa\/"},"modified":"2026-01-07T10:06:04","modified_gmt":"2026-01-07T18:06:04","slug":"quyen-gop-cho-ffa","status":"publish","type":"page","link":"https:\/\/zoo.org\/vi\/rung-cho-tat-ca-moi-nguoi\/quyen-gop-cho-ffa\/","title":{"rendered":"Quy\u00ean g\u00f3p cho FFA"},"content":{"rendered":"\n<div class=\"wp-block-cover alignfull hero\" style=\"margin-top:0;margin-bottom:0\"><img loading=\"lazy\" decoding=\"async\" width=\"1800\" height=\"494\" class=\"wp-block-cover__image-background wp-image-3925 size-full\" alt=\"\" src=\"https:\/\/zoo.org\/wp-content\/uploads\/2025\/08\/homepage-header.jpg\" data-object-fit=\"cover\" srcset=\"https:\/\/zoo.org\/wp-content\/uploads\/2025\/08\/homepage-header.jpg 1800w, https:\/\/zoo.org\/wp-content\/uploads\/2025\/08\/homepage-header-300x82.jpg 300w, https:\/\/zoo.org\/wp-content\/uploads\/2025\/08\/homepage-header-1024x281.jpg 1024w, https:\/\/zoo.org\/wp-content\/uploads\/2025\/08\/homepage-header-768x211.jpg 768w, https:\/\/zoo.org\/wp-content\/uploads\/2025\/08\/homepage-header-1536x422.jpg 1536w\" sizes=\"auto, (max-width: 1800px) 100vw, 1800px\" \/><span aria-hidden=\"true\" class=\"wp-block-cover__background has-background-dim-0 has-background-dim\" style=\"background-color:#454e3b\"><\/span><div class=\"wp-block-cover__inner-container is-layout-constrained wp-block-cover-is-layout-constrained\">\n<p class=\"has-text-align-center has-large-font-size\"><\/p>\n<\/div><\/div>\n\n<div class=\"wp-block-group is-layout-constrained wp-block-group-is-layout-constrained\" style=\"margin-top:2em;margin-bottom:3em\">\n<h1 class=\"wp-block-heading has-text-align-center\" style=\"margin-top:0.65em;margin-bottom:0.275em\">R\u1eeaNG CHO T\u1ea4T C\u1ea2 M\u1eccI NG\u01af\u1edcI<\/h1>\n\n\n\n<p class=\"has-text-align-center has-palette-color-3-color has-text-color has-link-color wp-elements-4cb3a0e7fa6aef0271e2e731d8724065\" style=\"margin-bottom:1em;font-size:clamp(0.984em, 0.984rem + ((1vw - 0.2em) * 0.645), 1.5em);font-style:normal;font-weight:500;line-height:1.5\"><strong><strong>Chi\u1ebfn d\u1ecbch nh\u1eb1m \u0111\u1ecbnh h\u00ecnh l\u1ea1i t\u1ea5t c\u1ea3 nh\u1eefng g\u00ec m\u1ed9t s\u1edf th\u00fa c\u00f3 th\u1ec3 mang l\u1ea1i.<\/strong><\/strong><\/p>\n<\/div>\n\n<div class=\"wp-block-group alignfull divider is-layout-constrained wp-block-group-is-layout-constrained\">\n<h2 class=\"wp-block-heading alignfull has-text-align-center\">QUY\u00caN G\u00d3P NGAY H\u00d4M NAY<\/h2>\n<\/div>\n\n<div class=\"wp-block-buttons is-content-justification-center is-layout-flex wp-container-core-buttons-is-layout-a89b3969 wp-block-buttons-is-layout-flex\">\n<div class=\"wp-block-button is-style-fill #ffa-donation\"><a class=\"wp-block-button__link wp-element-button\" href=\"?campaign=507457\">T\u1eb6NG QU\u00c0<\/a><\/div>\n<\/div>\n\n<h3 class=\"wp-block-heading\">B\u1ea1n c\u00f3 th\u1ec3 gi\u00fap ch\u00fang t\u00f4i b\u1ea3o v\u1ec7 r\u1eebng cho t\u1ea5t c\u1ea3 m\u1ecdi ng\u01b0\u1eddi kh\u00f4ng?<\/h3>\n\n<h5 class=\"wp-block-heading\">M\u1ed7i ng\u01b0\u1eddi \u0111\u1ec1u c\u00f3 th\u1ec3 t\u1ea1o ra s\u1ef1 thay \u0111\u1ed5i c\u00f3 \u00fd ngh\u0129a. M\u1ed7i \u0111\u00f4 la \u0111\u1ec1u t\u1ea1o n\u00ean s\u1ef1 kh\u00e1c bi\u1ec7t. B\u1eb1ng c\u00e1ch c\u00f9ng nhau h\u1ee3p t\u00e1c, ch\u00fang ta c\u00f3 th\u1ec3 t\u1ea1o ra t\u00e1c \u0111\u1ed9ng \u0111\u00e1ng k\u1ec3 \u0111\u1ebfn r\u1eebng, \u0111\u1ed9ng v\u1eadt hoang d\u00e3 v\u00e0 nh\u00e2n lo\u1ea1i.  <\/h5>\n\n<p>Gi\u1edd l\u00e0 l\u00fac ch\u00fang ta c\u00f9ng nhau \u0111o\u00e0n k\u1ebft \u2013 v\u1edbi t\u01b0 c\u00e1ch l\u00e0 m\u1ed9t c\u1ed9ng \u0111\u1ed3ng v\u00e0 v\u1edbi c\u00e1c c\u1ed9ng \u0111\u1ed3ng tr\u00ean to\u00e0n th\u1ebf gi\u1edbi \u2013 \u0111\u1ec3 x\u00e2y d\u1ef1ng m\u1ed9t t\u01b0\u01a1ng lai b\u1ec1n v\u1eefng h\u01a1n. H\u00e3y tham gia phong tr\u00e0o ngay h\u00f4m nay b\u1eb1ng c\u00e1ch quy\u00ean g\u00f3p. <\/p>\n\n<p>V\u00e0o n\u0103m 2026, V\u01b0\u1eddn th\u00fa Woodland Park s\u1ebd khai tr\u01b0\u01a1ng khu tri\u1ec3n l\u00e3m Forest Trailhead \u2013 m\u1ed9t ng\u00f4i nh\u00e0 hi\u1ec7n \u0111\u1ea1i d\u00e0nh cho c\u00e1c bi\u1ec3u t\u01b0\u1ee3ng c\u1ee7a r\u1eebng nh\u01b0 g\u1ea5u tr\u00fac \u0111\u1ecf, chu\u1ed9t t\u00fai c\u00e2y Matschie v\u00e0 v\u1eb9t Kea. H\u00e3y c\u00e2n nh\u1eafc vi\u1ec7c ghi t\u00ean m\u00ecnh b\u00ean c\u1ea1nh nh\u1eefng c\u00e2u chuy\u1ec7n b\u1ea3o t\u1ed3n r\u1eebng \u0111\u1ea7y \u00fd ngh\u0129a nh\u01b0 Ch\u01b0\u01a1ng tr\u00ecnh B\u1ea3o t\u1ed3n Chu\u1ed9t t\u00fai c\u00e2y c\u1ee7a ch\u00fang t\u00f4i, ch\u01b0\u01a1ng tr\u00ecnh s\u1ebd truy\u1ec1n c\u1ea3m h\u1ee9ng cho 1,2 tri\u1ec7u kh\u00e1ch tham quan m\u1ed7i n\u0103m th\u1ef1c hi\u1ec7n nh\u1eefng l\u1ef1a ch\u1ecdn \u0111\u01a1n gi\u1ea3n, th\u00e2n thi\u1ec7n v\u1edbi r\u1eebng trong cu\u1ed9c s\u1ed1ng th\u01b0\u1eddng nh\u1eadt. <\/p>\n\n<p>Chi\u1ebfn d\u1ecbch &#8220;R\u1eebng cho T\u1ea5t c\u1ea3&#8221; v\u00e0 tri\u1ec3n l\u00e3m &#8220;\u0110i\u1ec3m kh\u1edfi \u0111\u1ea7u \u0110\u01b0\u1eddng m\u00f2n R\u1eebng&#8221; l\u00e0 m\u1ed9t c\u00e1nh c\u1eeda m\u1edf ra k\u1ef7 nguy\u00ean ti\u1ebfp theo c\u1ee7a v\u01b0\u1eddn th\u00fa: m\u1ed9t phong tr\u00e0o do c\u1ed9ng \u0111\u1ed3ng d\u1eabn d\u1eaft nh\u1eb1m b\u1ea3o v\u1ec7, ph\u1ee5c h\u1ed3i v\u00e0 duy tr\u00ec c\u00e1c khu r\u1eebng tr\u00ean th\u1ebf gi\u1edbi v\u00e0 c\u00e1c lo\u00e0i sinh s\u1ed1ng trong \u0111\u00f3. H\u00e3y c\u00f9ng ch\u00fang t\u00f4i v\u1ea1ch ra con \u0111\u01b0\u1eddng ti\u1ebfn l\u00ean ph\u00eda tr\u01b0\u1edbc \u0111\u1ec3 c\u1ee9u l\u1ea5y nh\u1eefng khu r\u1eebng v\u00e0 \u0111\u1ecbnh h\u00ecnh l\u1ea1i vai tr\u00f2 c\u1ee7a m\u1ed9t v\u01b0\u1eddn th\u00fa. <\/p>\n\n<h3 class=\"wp-block-heading\">C\u1ea3m \u01a1n s\u1ef1 h\u1ed7 tr\u1ee3 h\u00e0o ph\u00f3ng c\u1ee7a qu\u00fd v\u1ecb.<\/h3>\n\n<p>V\u01b0\u1eddn th\u00fa Woodland Park \u0111\u00e3 ph\u1ee5c v\u1ee5 c\u1ed9ng \u0111\u1ed3ng c\u1ee7a ch\u00fang ta trong g\u1ea7n 125 n\u0103m. Ch\u00fang t\u00f4i lu\u00f4n gi\u1eef v\u1eefng cam k\u1ebft b\u1ea3o t\u1ed3n \u0111\u1ed9ng v\u1eadt hoang d\u00e3 v\u00e0 th\u00fac \u0111\u1ea9y phong tr\u00e0o b\u1ea3o t\u1ed3n b\u1eb1ng c\u00e1ch k\u1ebft n\u1ed1i con ng\u01b0\u1eddi v\u1edbi thi\u00ean nhi\u00ean, cung c\u1ea5p c\u00e1c c\u01a1 h\u1ed9i h\u1ecdc t\u1eadp, b\u1ea3o v\u1ec7 c\u00e1c qu\u1ea7n th\u1ec3 d\u1ec5 b\u1ecb t\u1ed5n th\u01b0\u01a1ng v\u00e0 nhi\u1ec1u h\u01a1n n\u1eefa. <\/p>\n\n<p>\u0110\u00e2y l\u00e0 th\u1eddi \u0111i\u1ec3m \u0111\u1ec3 ch\u00fang ta ph\u00e1t huy h\u1ebft ti\u1ec1m n\u0103ng c\u1ee7a m\u00ecnh, n\u00e2ng cao cam k\u1ebft b\u1ea3o t\u1ed3n \u0111\u1ec3 c\u00f3 th\u1ec3 l\u00e0m nhi\u1ec1u h\u01a1n bao gi\u1edd h\u1ebft \u0111\u1ec3 b\u1ea3o v\u1ec7 m\u00f4i tr\u01b0\u1eddng. Th\u00f4ng qua chi\u1ebfn d\u1ecbch R\u1eebng cho T\u1ea5t c\u1ea3, ch\u00fang ta \u0111ang c\u00f9ng nhau h\u00e0nh \u0111\u1ed9ng \u0111\u1ec3 t\u1ea1o ra m\u1ed9t t\u01b0\u01a1ng lai t\u1ed1t \u0111\u1eb9p h\u01a1n cho t\u1ea5t c\u1ea3 c\u00e1c sinh v\u1eadt s\u1ed1ng. Nh\u01b0ng ch\u00fang ta kh\u00f4ng th\u1ec3 t\u1ef1 m\u00ecnh b\u1ea3o t\u1ed3n c\u00e1c lo\u00e0i v\u00e0 m\u00f4i tr\u01b0\u1eddng s\u1ed1ng \u0111ang b\u1ecb \u0111e d\u1ecda. Ch\u00fang ta c\u1ea7n s\u1ef1 h\u1ed7 tr\u1ee3 c\u1ee7a nh\u1eefng ng\u01b0\u1eddi nh\u01b0 b\u1ea1n \u0111\u1ec3 v\u1ea1ch ra m\u1ed9t h\u01b0\u1edbng \u0111i m\u1edbi cho h\u00e0nh tinh c\u1ee7a ch\u00fang ta. C\u1ea3m \u01a1n b\u1ea1n \u0111\u00e3 tham gia phong tr\u00e0o!    <\/p>\n\n<p>N\u1ebfu b\u1ea1n mu\u1ed1n t\u1eb7ng c\u1ed5 phi\u1ebfu ho\u1eb7c ch\u1ee9ng kho\u00e1n, vui l\u00f2ng li\u00ean h\u1ec7 v\u1edbi Sarah Valentine, Ph\u00f3 Ch\u1ee7 t\u1ecbch Ph\u00e1t tri\u1ec3n, qua \u0111\u1ecba ch\u1ec9 <a href=\"mailto:sarah.valentine@zoo.org\">email sarah.valentine@zoo.org<\/a> ho\u1eb7c s\u1ed1 \u0111i\u1ec7n tho\u1ea1i 206.548.2624. C\u1ea3m \u01a1n!<\/p>\n","protected":false},"excerpt":{"rendered":"<p>R\u1eeaNG CHO T\u1ea4T C\u1ea2 M\u1eccI NG\u01af\u1edcI Chi\u1ebfn d\u1ecbch nh\u1eb1m \u0111\u1ecbnh h\u00ecnh l\u1ea1i t\u1ea5t c\u1ea3 nh\u1eefng g\u00ec m\u1ed9t s\u1edf th\u00fa c\u00f3 th\u1ec3 mang l\u1ea1i. QUY\u00caN G\u00d3P NGAY H\u00d4M NAY B\u1ea1n c\u00f3 [&hellip;]<\/p>\n","protected":false},"author":1,"featured_media":9985,"parent":12132,"menu_order":0,"comment_status":"closed","ping_status":"closed","template":"","meta":{"_acf_changed":false,"_kad_blocks_custom_css":"","_kad_blocks_head_custom_js":"","_kad_blocks_body_custom_js":"","_kad_blocks_footer_custom_js":"","footnotes":""},"class_list":["post-12755","page","type-page","status-publish","has-post-thumbnail","hentry"],"blocksy_meta":{"vertical_spacing_source":"custom","content_area_spacing":"bottom","styles_descriptor":{"styles":{"desktop":"","tablet":"","mobile":""},"google_fonts":[],"version":6}},"acf":[],"yoast_head":"<!-- This site is optimized with the Yoast SEO plugin v27.3 - https:\/\/yoast.com\/product\/yoast-seo-wordpress\/ -->\n<title>Quy\u00ean g\u00f3p cho FFA - V\u01b0\u1eddn th\u00fa Woodland Park<\/title>\n<meta name=\"description\" content=\"H\u00e3y c\u00f9ng tham gia phong tr\u00e0o b\u1ea3o v\u1ec7 r\u1eebng v\u00ec \u0111\u1ed9ng v\u1eadt, v\u00ec con ng\u01b0\u1eddi v\u00e0 v\u00ec h\u00e0nh \u0111\u1ed9ng ch\u1ed1ng bi\u1ebfn \u0111\u1ed5i kh\u00ed h\u1eadu. H\u00e3y gi\u00fap V\u01b0\u1eddn th\u00fa Woodland Park t\u1ea1o n\u00ean tr\u1ea3i nghi\u1ec7m tri\u1ec3n l\u00e3m &quot;R\u1eebng cho t\u1ea5t c\u1ea3&quot;.\" \/>\n<meta name=\"robots\" content=\"index, follow, max-snippet:-1, max-image-preview:large, max-video-preview:-1\" \/>\n<link rel=\"canonical\" href=\"https:\/\/zoo.org\/vi\/rung-cho-tat-ca-moi-nguoi\/quyen-gop-cho-ffa\/\" \/>\n<meta property=\"og:locale\" content=\"vi_VN\" \/>\n<meta property=\"og:type\" content=\"article\" \/>\n<meta property=\"og:title\" content=\"Quy\u00ean g\u00f3p cho FFA - V\u01b0\u1eddn th\u00fa Woodland Park\" \/>\n<meta property=\"og:description\" content=\"H\u00e3y c\u00f9ng tham gia phong tr\u00e0o b\u1ea3o v\u1ec7 r\u1eebng v\u00ec \u0111\u1ed9ng v\u1eadt, v\u00ec con ng\u01b0\u1eddi v\u00e0 v\u00ec h\u00e0nh \u0111\u1ed9ng ch\u1ed1ng bi\u1ebfn \u0111\u1ed5i kh\u00ed h\u1eadu. H\u00e3y gi\u00fap V\u01b0\u1eddn th\u00fa Woodland Park t\u1ea1o n\u00ean tr\u1ea3i nghi\u1ec7m tri\u1ec3n l\u00e3m &quot;R\u1eebng cho t\u1ea5t c\u1ea3&quot;.\" \/>\n<meta property=\"og:url\" content=\"https:\/\/zoo.org\/vi\/rung-cho-tat-ca-moi-nguoi\/quyen-gop-cho-ffa\/\" \/>\n<meta property=\"og:site_name\" content=\"V\u01b0\u1eddn th\u00fa Woodland Park\" \/>\n<meta property=\"article:modified_time\" content=\"2026-01-07T18:06:04+00:00\" \/>\n<meta property=\"og:image\" content=\"https:\/\/zoo.org\/wp-content\/uploads\/2025\/10\/FFA-2024-Exterior-C-800x533-web.jpg?wsr\" \/>\n\t<meta property=\"og:image:width\" content=\"800\" \/>\n\t<meta property=\"og:image:height\" content=\"533\" \/>\n\t<meta property=\"og:image:type\" content=\"image\/jpeg\" \/>\n<meta name=\"twitter:card\" content=\"summary_large_image\" \/>\n<script type=\"application\/ld+json\" class=\"yoast-schema-graph\">{\"@context\":\"https:\\\/\\\/schema.org\",\"@graph\":[{\"@type\":\"WebPage\",\"@id\":\"https:\\\/\\\/zoo.org\\\/vi\\\/rung-cho-tat-ca-moi-nguoi\\\/quyen-gop-cho-ffa\\\/\",\"url\":\"https:\\\/\\\/zoo.org\\\/vi\\\/rung-cho-tat-ca-moi-nguoi\\\/quyen-gop-cho-ffa\\\/\",\"name\":\"Quy\u00ean g\u00f3p cho FFA - V\u01b0\u1eddn th\u00fa Woodland Park\",\"isPartOf\":{\"@id\":\"https:\\\/\\\/zoo.org\\\/vi\\\/#website\"},\"primaryImageOfPage\":{\"@id\":\"https:\\\/\\\/zoo.org\\\/vi\\\/rung-cho-tat-ca-moi-nguoi\\\/quyen-gop-cho-ffa\\\/#primaryimage\"},\"image\":{\"@id\":\"https:\\\/\\\/zoo.org\\\/vi\\\/rung-cho-tat-ca-moi-nguoi\\\/quyen-gop-cho-ffa\\\/#primaryimage\"},\"thumbnailUrl\":\"https:\\\/\\\/zoo.org\\\/wp-content\\\/uploads\\\/2025\\\/10\\\/FFA-2024-Exterior-C-800x533-web.jpg?wsr\",\"datePublished\":\"2025-10-14T17:15:58+00:00\",\"dateModified\":\"2026-01-07T18:06:04+00:00\",\"description\":\"H\u00e3y c\u00f9ng tham gia phong tr\u00e0o b\u1ea3o v\u1ec7 r\u1eebng v\u00ec \u0111\u1ed9ng v\u1eadt, v\u00ec con ng\u01b0\u1eddi v\u00e0 v\u00ec h\u00e0nh \u0111\u1ed9ng ch\u1ed1ng bi\u1ebfn \u0111\u1ed5i kh\u00ed h\u1eadu. H\u00e3y gi\u00fap V\u01b0\u1eddn th\u00fa Woodland Park t\u1ea1o n\u00ean tr\u1ea3i nghi\u1ec7m tri\u1ec3n l\u00e3m \\\"R\u1eebng cho t\u1ea5t c\u1ea3\\\".\",\"breadcrumb\":{\"@id\":\"https:\\\/\\\/zoo.org\\\/vi\\\/rung-cho-tat-ca-moi-nguoi\\\/quyen-gop-cho-ffa\\\/#breadcrumb\"},\"inLanguage\":\"vi\",\"potentialAction\":[{\"@type\":\"ReadAction\",\"target\":[\"https:\\\/\\\/zoo.org\\\/vi\\\/rung-cho-tat-ca-moi-nguoi\\\/quyen-gop-cho-ffa\\\/\"]}]},{\"@type\":\"ImageObject\",\"inLanguage\":\"vi\",\"@id\":\"https:\\\/\\\/zoo.org\\\/vi\\\/rung-cho-tat-ca-moi-nguoi\\\/quyen-gop-cho-ffa\\\/#primaryimage\",\"url\":\"https:\\\/\\\/zoo.org\\\/wp-content\\\/uploads\\\/2025\\\/10\\\/FFA-2024-Exterior-C-800x533-web.jpg?wsr\",\"contentUrl\":\"https:\\\/\\\/zoo.org\\\/wp-content\\\/uploads\\\/2025\\\/10\\\/FFA-2024-Exterior-C-800x533-web.jpg?wsr\",\"width\":800,\"height\":533,\"caption\":\"M\u1ed9t t\u00f2a nh\u00e0 hai t\u1ea7ng hi\u1ec7n \u0111\u1ea1i v\u1edbi c\u1eeda s\u1ed5 k\u00ednh l\u1edbn v\u00e0 ban c\u00f4ng b\u1eb1ng g\u1ed7 \u0111\u01b0\u1ee3c bao quanh b\u1edfi nh\u1eefng c\u00e2y cao v\u00e0 th\u1ea3m th\u1ef1c v\u1eadt xanh t\u01b0\u01a1i. M\u1ecdi ng\u01b0\u1eddi \u0111ang \u0111i d\u1ea1o v\u00e0 \u0111\u1ee9ng tr\u00ean ban c\u00f4ng v\u00e0 t\u1ea7ng tr\u1ec7t, t\u1eadn h\u01b0\u1edfng khung c\u1ea3nh thi\u00ean nhi\u00ean.\"},{\"@type\":\"BreadcrumbList\",\"@id\":\"https:\\\/\\\/zoo.org\\\/vi\\\/rung-cho-tat-ca-moi-nguoi\\\/quyen-gop-cho-ffa\\\/#breadcrumb\",\"itemListElement\":[{\"@type\":\"ListItem\",\"position\":1,\"name\":\"Trang ch\u1ee7\",\"item\":\"https:\\\/\\\/zoo.org\\\/vi\\\/\"},{\"@type\":\"ListItem\",\"position\":2,\"name\":\"R\u1eebng cho t\u1ea5t c\u1ea3 m\u1ecdi ng\u01b0\u1eddi\",\"item\":\"https:\\\/\\\/zoo.org\\\/vi\\\/rung-cho-tat-ca-moi-nguoi\\\/\"},{\"@type\":\"ListItem\",\"position\":3,\"name\":\"Quy\u00ean g\u00f3p cho FFA\"}]},{\"@type\":\"WebSite\",\"@id\":\"https:\\\/\\\/zoo.org\\\/vi\\\/#website\",\"url\":\"https:\\\/\\\/zoo.org\\\/vi\\\/\",\"name\":\"V\u01b0\u1eddn th\u00fa Woodland Park\",\"description\":\"V\u01b0\u1eddn th\u00fa Woodland Park c\u1ee9u s\u1ed1ng \u0111\u1ed9ng v\u1eadt hoang d\u00e3 v\u00e0 truy\u1ec1n c\u1ea3m h\u1ee9ng cho m\u1ecdi ng\u01b0\u1eddi coi b\u1ea3o t\u1ed3n l\u00e0 \u01b0u ti\u00ean h\u00e0ng \u0111\u1ea7u trong cu\u1ed9c s\u1ed1ng c\u1ee7a m\u00ecnh.\",\"publisher\":{\"@id\":\"https:\\\/\\\/zoo.org\\\/vi\\\/#organization\"},\"potentialAction\":[{\"@type\":\"SearchAction\",\"target\":{\"@type\":\"EntryPoint\",\"urlTemplate\":\"https:\\\/\\\/zoo.org\\\/vi\\\/?s={search_term_string}\"},\"query-input\":{\"@type\":\"PropertyValueSpecification\",\"valueRequired\":true,\"valueName\":\"search_term_string\"}}],\"inLanguage\":\"vi\"},{\"@type\":\"Organization\",\"@id\":\"https:\\\/\\\/zoo.org\\\/vi\\\/#organization\",\"name\":\"V\u01b0\u1eddn th\u00fa Woodland Park\",\"url\":\"https:\\\/\\\/zoo.org\\\/vi\\\/\",\"logo\":{\"@type\":\"ImageObject\",\"inLanguage\":\"vi\",\"@id\":\"https:\\\/\\\/zoo.org\\\/vi\\\/#\\\/schema\\\/logo\\\/image\\\/\",\"url\":\"https:\\\/\\\/zoo.org\\\/wp-content\\\/uploads\\\/2026\\\/01\\\/WPZ-Logo_white-SVG.svg?wsr\",\"contentUrl\":\"https:\\\/\\\/zoo.org\\\/wp-content\\\/uploads\\\/2026\\\/01\\\/WPZ-Logo_white-SVG.svg?wsr\",\"width\":288,\"height\":282,\"caption\":\"V\u01b0\u1eddn th\u00fa Woodland Park\"},\"image\":{\"@id\":\"https:\\\/\\\/zoo.org\\\/vi\\\/#\\\/schema\\\/logo\\\/image\\\/\"}}]}<\/script>\n<!-- \/ Yoast SEO plugin. -->","yoast_head_json":{"title":"Quy\u00ean g\u00f3p cho FFA - V\u01b0\u1eddn th\u00fa Woodland Park","description":"H\u00e3y c\u00f9ng tham gia phong tr\u00e0o b\u1ea3o v\u1ec7 r\u1eebng v\u00ec \u0111\u1ed9ng v\u1eadt, v\u00ec con ng\u01b0\u1eddi v\u00e0 v\u00ec h\u00e0nh \u0111\u1ed9ng ch\u1ed1ng bi\u1ebfn \u0111\u1ed5i kh\u00ed h\u1eadu. H\u00e3y gi\u00fap V\u01b0\u1eddn th\u00fa Woodland Park t\u1ea1o n\u00ean tr\u1ea3i nghi\u1ec7m tri\u1ec3n l\u00e3m \"R\u1eebng cho t\u1ea5t c\u1ea3\".","robots":{"index":"index","follow":"follow","max-snippet":"max-snippet:-1","max-image-preview":"max-image-preview:large","max-video-preview":"max-video-preview:-1"},"canonical":"https:\/\/zoo.org\/vi\/rung-cho-tat-ca-moi-nguoi\/quyen-gop-cho-ffa\/","og_locale":"vi_VN","og_type":"article","og_title":"Quy\u00ean g\u00f3p cho FFA - V\u01b0\u1eddn th\u00fa Woodland Park","og_description":"H\u00e3y c\u00f9ng tham gia phong tr\u00e0o b\u1ea3o v\u1ec7 r\u1eebng v\u00ec \u0111\u1ed9ng v\u1eadt, v\u00ec con ng\u01b0\u1eddi v\u00e0 v\u00ec h\u00e0nh \u0111\u1ed9ng ch\u1ed1ng bi\u1ebfn \u0111\u1ed5i kh\u00ed h\u1eadu. H\u00e3y gi\u00fap V\u01b0\u1eddn th\u00fa Woodland Park t\u1ea1o n\u00ean tr\u1ea3i nghi\u1ec7m tri\u1ec3n l\u00e3m \"R\u1eebng cho t\u1ea5t c\u1ea3\".","og_url":"https:\/\/zoo.org\/vi\/rung-cho-tat-ca-moi-nguoi\/quyen-gop-cho-ffa\/","og_site_name":"V\u01b0\u1eddn th\u00fa Woodland Park","article_modified_time":"2026-01-07T18:06:04+00:00","og_image":[{"width":800,"height":533,"url":"https:\/\/zoo.org\/wp-content\/uploads\/2025\/10\/FFA-2024-Exterior-C-800x533-web.jpg?wsr","type":"image\/jpeg"}],"twitter_card":"summary_large_image","schema":{"@context":"https:\/\/schema.org","@graph":[{"@type":"WebPage","@id":"https:\/\/zoo.org\/vi\/rung-cho-tat-ca-moi-nguoi\/quyen-gop-cho-ffa\/","url":"https:\/\/zoo.org\/vi\/rung-cho-tat-ca-moi-nguoi\/quyen-gop-cho-ffa\/","name":"Quy\u00ean g\u00f3p cho FFA - V\u01b0\u1eddn th\u00fa Woodland Park","isPartOf":{"@id":"https:\/\/zoo.org\/vi\/#website"},"primaryImageOfPage":{"@id":"https:\/\/zoo.org\/vi\/rung-cho-tat-ca-moi-nguoi\/quyen-gop-cho-ffa\/#primaryimage"},"image":{"@id":"https:\/\/zoo.org\/vi\/rung-cho-tat-ca-moi-nguoi\/quyen-gop-cho-ffa\/#primaryimage"},"thumbnailUrl":"https:\/\/zoo.org\/wp-content\/uploads\/2025\/10\/FFA-2024-Exterior-C-800x533-web.jpg?wsr","datePublished":"2025-10-14T17:15:58+00:00","dateModified":"2026-01-07T18:06:04+00:00","description":"H\u00e3y c\u00f9ng tham gia phong tr\u00e0o b\u1ea3o v\u1ec7 r\u1eebng v\u00ec \u0111\u1ed9ng v\u1eadt, v\u00ec con ng\u01b0\u1eddi v\u00e0 v\u00ec h\u00e0nh \u0111\u1ed9ng ch\u1ed1ng bi\u1ebfn \u0111\u1ed5i kh\u00ed h\u1eadu. H\u00e3y gi\u00fap V\u01b0\u1eddn th\u00fa Woodland Park t\u1ea1o n\u00ean tr\u1ea3i nghi\u1ec7m tri\u1ec3n l\u00e3m \"R\u1eebng cho t\u1ea5t c\u1ea3\".","breadcrumb":{"@id":"https:\/\/zoo.org\/vi\/rung-cho-tat-ca-moi-nguoi\/quyen-gop-cho-ffa\/#breadcrumb"},"inLanguage":"vi","potentialAction":[{"@type":"ReadAction","target":["https:\/\/zoo.org\/vi\/rung-cho-tat-ca-moi-nguoi\/quyen-gop-cho-ffa\/"]}]},{"@type":"ImageObject","inLanguage":"vi","@id":"https:\/\/zoo.org\/vi\/rung-cho-tat-ca-moi-nguoi\/quyen-gop-cho-ffa\/#primaryimage","url":"https:\/\/zoo.org\/wp-content\/uploads\/2025\/10\/FFA-2024-Exterior-C-800x533-web.jpg?wsr","contentUrl":"https:\/\/zoo.org\/wp-content\/uploads\/2025\/10\/FFA-2024-Exterior-C-800x533-web.jpg?wsr","width":800,"height":533,"caption":"M\u1ed9t t\u00f2a nh\u00e0 hai t\u1ea7ng hi\u1ec7n \u0111\u1ea1i v\u1edbi c\u1eeda s\u1ed5 k\u00ednh l\u1edbn v\u00e0 ban c\u00f4ng b\u1eb1ng g\u1ed7 \u0111\u01b0\u1ee3c bao quanh b\u1edfi nh\u1eefng c\u00e2y cao v\u00e0 th\u1ea3m th\u1ef1c v\u1eadt xanh t\u01b0\u01a1i. M\u1ecdi ng\u01b0\u1eddi \u0111ang \u0111i d\u1ea1o v\u00e0 \u0111\u1ee9ng tr\u00ean ban c\u00f4ng v\u00e0 t\u1ea7ng tr\u1ec7t, t\u1eadn h\u01b0\u1edfng khung c\u1ea3nh thi\u00ean nhi\u00ean."},{"@type":"BreadcrumbList","@id":"https:\/\/zoo.org\/vi\/rung-cho-tat-ca-moi-nguoi\/quyen-gop-cho-ffa\/#breadcrumb","itemListElement":[{"@type":"ListItem","position":1,"name":"Trang ch\u1ee7","item":"https:\/\/zoo.org\/vi\/"},{"@type":"ListItem","position":2,"name":"R\u1eebng cho t\u1ea5t c\u1ea3 m\u1ecdi ng\u01b0\u1eddi","item":"https:\/\/zoo.org\/vi\/rung-cho-tat-ca-moi-nguoi\/"},{"@type":"ListItem","position":3,"name":"Quy\u00ean g\u00f3p cho FFA"}]},{"@type":"WebSite","@id":"https:\/\/zoo.org\/vi\/#website","url":"https:\/\/zoo.org\/vi\/","name":"V\u01b0\u1eddn th\u00fa Woodland Park","description":"V\u01b0\u1eddn th\u00fa Woodland Park c\u1ee9u s\u1ed1ng \u0111\u1ed9ng v\u1eadt hoang d\u00e3 v\u00e0 truy\u1ec1n c\u1ea3m h\u1ee9ng cho m\u1ecdi ng\u01b0\u1eddi coi b\u1ea3o t\u1ed3n l\u00e0 \u01b0u ti\u00ean h\u00e0ng \u0111\u1ea7u trong cu\u1ed9c s\u1ed1ng c\u1ee7a m\u00ecnh.","publisher":{"@id":"https:\/\/zoo.org\/vi\/#organization"},"potentialAction":[{"@type":"SearchAction","target":{"@type":"EntryPoint","urlTemplate":"https:\/\/zoo.org\/vi\/?s={search_term_string}"},"query-input":{"@type":"PropertyValueSpecification","valueRequired":true,"valueName":"search_term_string"}}],"inLanguage":"vi"},{"@type":"Organization","@id":"https:\/\/zoo.org\/vi\/#organization","name":"V\u01b0\u1eddn th\u00fa Woodland Park","url":"https:\/\/zoo.org\/vi\/","logo":{"@type":"ImageObject","inLanguage":"vi","@id":"https:\/\/zoo.org\/vi\/#\/schema\/logo\/image\/","url":"https:\/\/zoo.org\/wp-content\/uploads\/2026\/01\/WPZ-Logo_white-SVG.svg?wsr","contentUrl":"https:\/\/zoo.org\/wp-content\/uploads\/2026\/01\/WPZ-Logo_white-SVG.svg?wsr","width":288,"height":282,"caption":"V\u01b0\u1eddn th\u00fa Woodland Park"},"image":{"@id":"https:\/\/zoo.org\/vi\/#\/schema\/logo\/image\/"}}]}},"taxonomy_info":[],"featured_image_src_large":["https:\/\/zoo.org\/wp-content\/uploads\/2025\/10\/FFA-2024-Exterior-C-800x533-web.jpg?wsr",800,533,false],"author_info":{"display_name":"jloughlin","author_link":"https:\/\/zoo.org\/vi\/author\/jloughlin\/"},"comment_info":0,"_links":{"self":[{"href":"https:\/\/zoo.org\/vi\/wp-json\/wp\/v2\/pages\/12755","targetHints":{"allow":["GET"]}}],"collection":[{"href":"https:\/\/zoo.org\/vi\/wp-json\/wp\/v2\/pages"}],"about":[{"href":"https:\/\/zoo.org\/vi\/wp-json\/wp\/v2\/types\/page"}],"author":[{"embeddable":true,"href":"https:\/\/zoo.org\/vi\/wp-json\/wp\/v2\/users\/1"}],"replies":[{"embeddable":true,"href":"https:\/\/zoo.org\/vi\/wp-json\/wp\/v2\/comments?post=12755"}],"version-history":[{"count":0,"href":"https:\/\/zoo.org\/vi\/wp-json\/wp\/v2\/pages\/12755\/revisions"}],"up":[{"embeddable":true,"href":"https:\/\/zoo.org\/vi\/wp-json\/wp\/v2\/pages\/12132"}],"wp:featuredmedia":[{"embeddable":true,"href":"https:\/\/zoo.org\/vi\/wp-json\/wp\/v2\/media\/9985"}],"wp:attachment":[{"href":"https:\/\/zoo.org\/vi\/wp-json\/wp\/v2\/media?parent=12755"}],"curies":[{"name":"wp","href":"https:\/\/api.w.org\/{rel}","templated":true}]}}