{"id":12841,"date":"2026-03-18T11:30:14","date_gmt":"2026-03-18T18:30:14","guid":{"rendered":"https:\/\/zoo.org\/hay-neu-ten-mot-loai-thu-phan\/nhan-dien-truc-tuyen\/"},"modified":"2026-04-06T19:30:28","modified_gmt":"2026-04-07T02:30:28","slug":"nhan-dien-truc-tuyen","status":"publish","type":"page","link":"https:\/\/zoo.org\/vi\/hay-neu-ten-mot-loai-thu-phan\/nhan-dien-truc-tuyen\/","title":{"rendered":"\u0110\u1eb7t t\u00ean cho lo\u00e0i th\u1ee5 ph\u1ea5n tr\u00ean m\u1ea1ng"},"content":{"rendered":"\n<div class=\"wp-block-cover alignfull is-light hero\" style=\"margin-top:0;margin-bottom:0\"><img loading=\"lazy\" decoding=\"async\" width=\"1920\" height=\"400\" class=\"wp-block-cover__image-background wp-image-6322 size-full\" alt=\"\" src=\"https:\/\/zoo.org\/wp-content\/uploads\/2025\/10\/Pollinator_WebsiteBanner-web.jpg\" data-object-fit=\"cover\" srcset=\"https:\/\/zoo.org\/wp-content\/uploads\/2025\/10\/Pollinator_WebsiteBanner-web.jpg 1920w, https:\/\/zoo.org\/wp-content\/uploads\/2025\/10\/Pollinator_WebsiteBanner-web-300x63.jpg 300w, https:\/\/zoo.org\/wp-content\/uploads\/2025\/10\/Pollinator_WebsiteBanner-web-1024x213.jpg 1024w, https:\/\/zoo.org\/wp-content\/uploads\/2025\/10\/Pollinator_WebsiteBanner-web-768x160.jpg 768w, https:\/\/zoo.org\/wp-content\/uploads\/2025\/10\/Pollinator_WebsiteBanner-web-1536x320.jpg 1536w\" sizes=\"auto, (max-width: 1920px) 100vw, 1920px\" \/><span aria-hidden=\"true\" class=\"wp-block-cover__background has-background-dim-0 has-background-dim\" style=\"background-color:#d47e34\"><\/span><div class=\"wp-block-cover__inner-container is-layout-constrained wp-block-cover-is-layout-constrained\">\n<p class=\"has-text-align-center has-large-font-size\"><\/p>\n<\/div><\/div>\n\n<div class=\"wp-block-group is-layout-constrained wp-block-group-is-layout-constrained\" style=\"margin-top:2em;margin-bottom:3em\">\n<h1 class=\"wp-block-heading has-text-align-center\" style=\"margin-top:0.65em;margin-bottom:0.275em\">H\u00c3Y \u0110\u1eb6T T\u00caN CHO M\u1ed8T LO\u00c0I TH\u1ee4 PH\u1ea4N<\/h1>\n\n\n\n<p class=\"has-text-align-center has-palette-color-3-color has-text-color has-link-color wp-elements-69091c70b5d2c4eba3132f83558be2bc\" style=\"margin-bottom:1em;font-size:clamp(0.984em, 0.984rem + ((1vw - 0.2em) * 0.645), 1.5em);font-style:normal;font-weight:500;line-height:1.5\"><strong><strong>B\u1ea1n \u0111\u00e3 nghe tin \u0111\u1ed3n ch\u01b0a?<\/strong><\/strong><\/p>\n\n\n\n<p class=\"has-text-align-center has-palette-color-3-color has-text-color has-link-color wp-elements-94bf9382dd6e70d62e997a50bea37155\" style=\"margin-bottom:1em;font-size:clamp(0.984em, 0.984rem + ((1vw - 0.2em) * 0.645), 1.5em);line-height:1.5\">THAM GIA PHONG TR\u00c0O B\u1ea2O V\u1ec6 C\u00c1C LO\u00c0I TH\u1ee4 PH\u1ea4N C\u1ee6A CH\u00daNG T\u00d4I<\/p>\n<\/div>\n\n<div class=\"wp-block-group alignfull divider is-layout-constrained wp-block-group-is-layout-constrained\">\n<h2 class=\"wp-block-heading alignfull has-text-align-center\">DANH S\u00c1CH T\u00caN<\/h2>\n<\/div>\n\n<h3 class=\"wp-block-heading\">Con ong<\/h3>\n\n<div style=\"columns: 4 11em;\">\n<p>Con b\u1ecd t\u00ecnh y\u00eau c\u1ee7a Alexander<br\/>Angus<br\/>B. Ombus th\u1ee9 n\u0103m<br\/>V\u0169 c\u00f4ng ba l\u00ea b\u01b0\u1edbm<br\/>Beatrice<br\/>  Beetrice<br\/>Bee-atrix<br\/>Ong<br\/>S\u1ed1ng trong th\u1ebf gi\u1edbi lo\u00e0i ong<br\/>Bee-yonce<br\/>Ong Billy<br\/>Ch\u00fac ph\u00fac<br\/>Brawnty<br\/>Bronwen Junior<br\/>Bumbelater<br\/>Con ong<br\/>Ti\u1ebfng vo ve<br\/>Buzz Lightyear<br\/>Buzzerton St. Clair<br\/>Buzzy-Marky<br\/>H\u00e0nh l\u00e1<br\/>Chuncheroonius Muncheroonius<br\/> B\u1ea1n th\u00e2n nh\u1ea5t c\u1ee7a Cordelia<br\/> Hoa th\u1ee7y ti\u00ean<br\/> Bom \u0111\u1ea5t<br\/> Ch\u1ea5m g\u1ea1ch B.<br\/>Elliebee<br\/>Elliott<br\/>Emily tha Bee<br\/>T\u1ed5ng k\u1ebft tu\u1ea7n c\u1ee7a Emily<br\/> Ong c\u00f3 v\u00e2y<br\/> X\u00fac x\u00edch v\u00e0 \u0111\u1eadu<br\/> M\u1edd \u1ea3o<br\/> Ti\u1ebfn l\u00ean Lo-Mo!<br\/>B\u00e0 Darlene<br\/>Harry Charles T BEE<br\/>Em y\u00eau<br\/>HurryBee<br\/>Ong Izzy<br\/>JESSE-BEE<br\/>JJ Bee  <br\/>N\u0103ng l\u01b0\u1ee3ng c\u1ee7a Jody<br\/>John C. Smith, \u0110\u1ea1i t\u00e1, H\u1ea3i qu\u00e2n Hoa K\u1ef3<br\/>Katty Kat<br\/>Qu\u00fd b\u00e0 Polly Buzz<br\/>Hoa o\u1ea3i h\u01b0\u01a1ng<br\/>LJ the Mighty<br\/>Margeaux&#8217;s Humble Bumble<br\/>Marigold Carlsen<br\/>Ong Melli<br\/>Midas h\u00f9ng m\u1ea1nh<br\/>Miriam Sleeper, con ong ngh\u1ec7<br\/>\u00d4ng Buzz<br\/>Kh\u00f4ng ph\u1ea3i x\u00fac x\u00edch<br\/>PathFinder<br\/>Ph\u00faccbee<br\/>Kem h\u1ea1t d\u1ebb c\u01b0\u1eddi<br\/>Ng\u01b0\u1eddi Piver<br\/>Plato<br\/>Rosie<br\/>Sarah Bee<br\/>Scottie Bee<br\/>Th\u01b0\u1ee3ng ngh\u1ecb s\u0129 Marko Liias<br\/>B\u1edd bi\u1ec3n<br\/>Sukumari Chankhey<br\/>Sylvia<br\/>ZsaZsaBee<\/p>\n<\/div>\n\n<h3 class=\"wp-block-heading\">B\u01b0\u01a1m b\u01b0\u1edbm<\/h3>\n\n<div style=\"columns: 4 11em;\">\n<p>Alan Rios<br\/>Nha \u0111am<br\/>AlyRose<br\/>L\u1eddi c\u1ea3m \u01a1n c\u1ee7a Anna<br\/>T\u00ecnh b\u1ea1n c\u1ee7a Ardeth<br\/>Barbara<br\/>V\u1ebb \u0111\u1eb9p \u0111en<br\/>BotanicalSusanne<br\/>Brindey<br\/>Brooke d\u0169ng c\u1ea3m<br\/>K\u1eb9o cao su<br\/>B\u01b0\u1edbm<br\/>Charlotte<br\/>T\u00ecnh b\u1ea1n ng\u1ecdt ng\u00e0o c\u1ee7a Claire<br\/>David<br\/>Dewey<br\/>Elessar<br\/>Hoa<br\/>Holly Gail<br\/>L\u00f2ng t\u1ed1t c\u1ee7a Jeanne<br\/>Ni\u1ec1m vui c\u1ee7a Joan<br\/>Josephine<br\/>Katelyn<br\/>Kaylee Bug<br\/>Laura Diane<br\/>Mallory<br\/>Marc Feifel<br\/>\u00c2n \u0111i\u1ec3n c\u1ee7a Marie<br\/>H\u1ea1nh ph\u00fac c\u1ee7a Mary<br\/>Hoa h\u1ed3ng Meilani<br\/>Minnie<br\/>\u00d4ng B\u01b0\u1edbm<br\/>Nyla Arya Lytle<br\/>Y\u1ebfn m\u1ea1ch<br\/>Oma Pat<br\/>Qu\u00fd gi\u00e1<br\/>Rubik<br\/>Serendipity Carlsen<br\/>Shannon<br\/>R\u1eafc \u0111\u01b0\u1eddng<br\/>Stefan Butterfrei<br\/>Stephanie Reynolds<br\/>Si\u00eau Sasha<br\/>Anna c\u1ee7a Ted<br\/>T\u00edm<br\/>Thu Ki\u1ec7t<\/p>\n<\/div>\n\n<h3 class=\"wp-block-heading\">Chim ru\u1ed3i<\/h3>\n\n<div style=\"columns: 4 11em;\">\n<p>\u00c1t ch\u1ee7 b\u00e0i<br\/>Adira<br\/>Alden<br\/>Amelia-Maggie<br\/>Annabelle<br\/>Ann Marie<br\/>N\u01b0\u1edbc<br\/>Barry Allen, hay c\u00f2n g\u1ecdi l\u00e0 Flash<br\/>V\u1ebb \u0111\u1eb9p c\u1ee7a Beth<br\/>Th\u1ed5 Nh\u0129 K\u1ef3 l\u1edbn<br\/>Bitsy<br\/>B\u1eadn r\u1ed9n<br\/>Boopert Doopert Sneepert Snoopert<br\/>BrianLilyBerg<br\/>Ti\u1ebfng vo ve<br\/>Carol June<br\/>Clancy Jean Orla<br\/>Clara Parker<br\/>Cookie Carlsen<br\/>Debs<br\/>Dena<br\/>Dolly<br\/>Donaldinho<br\/>DrGrandparoonie<br\/>L\u1ea5p l\u00e1nh<br\/>C\u1ee5c b\u00f4ng<br\/>Flutter<br\/>Rung \u0111\u1ed9ng<br\/>Hoa h\u1ed3ng rung rinh<br\/>Freddie<br\/>\u0110\u00e1 qu\u00fd<br\/>GeorgeGizella MaxFactor BabyKitty LuluBean MGGy<br\/>GiGi Kness<br\/>Harmonia<br\/>Helen<br\/>Helena Louise<br\/>Hildur Gerda<br\/>Ti\u1ebfng chu\u00f4ng reo<br\/>Tuy\u1ec7t v\u1eddi!<br\/>Chim ru\u1ed3i<br\/>Chim ru\u1ed3i<br\/>Hummus<br\/>Hummy<br\/>Hummy<br\/>Hoa c\u1ea9m t\u00fa c\u1ea7u<br\/>Isa tuy\u1ec7t v\u1eddi<br\/>Isabel<br\/>Jackson<br\/>Janie<br\/>Jatpe<br\/>JM<br\/>Vui s\u01b0\u1edbng<br\/>Hummer Franc c\u1ee7a Kai<br\/>Kathy Olivo<br\/>T\u00ecnh y\u00eau c\u1ee7a Kathy<br\/>Kerfufflemr<br\/>Kerowyn<br\/>Keven<br\/>Lilah y\u00eau Dada<br\/>B\u00e9 nh\u1ecf<br\/>Hy v\u1ecdng c\u1ee7a Lorie<br\/>Madeline<br\/>Marco<br\/>Margaret Ann Petrie<br\/>Margaret Elizabeth<br\/>Si\u00eau l\u1ef1c<br\/>Meghan<br\/>Megon<br\/>  Giai \u0111i\u1ec7u<br\/>Minh<br\/>Mochie<br\/>Mort<br\/>Mortimer Schnerd<br\/>Chu\u1ed9t<br\/>\u00d4ng Chim Ru\u1ed3i<br\/>Linh th\u00fa c\u1ee7a t\u00f4i<br\/>Nancy<br\/>B\u1ed9t y\u1ebfn m\u1ea1ch<br\/>Pam<br\/>Tr\u1ebb em Thung l\u0169ng B\u00ecnh y\u00ean<br\/>\u0110\u1eadu ph\u1ed9ng<br\/>Pinkie Pie<br\/>&#8220;Polly&#8221; &#8211; Ng\u01b0\u1eddi th\u1ee5 ph\u1ea5n<br\/>Rick Astley<br\/>Rohani<br\/>H\u1ed3ng ng\u1ecdc<br\/>Simone<br\/>B\u00f4ng tuy\u1ebft<br\/>Sophie d\u0169ng c\u1ea3m<br\/>Sunae<br\/>Tina<br\/>Travis<br\/>Ursula<br\/>Valentino<br\/>M\u00f3n qu\u00e0 c\u1ee7a chi\u1ebfn th\u1eafng<br\/>Wendy Ellen<br\/>Ng\u01b0\u1eddi b\u1ea1n \u0111\u1ed3ng h\u00e0nh<br\/>Nhanh nh\u1eb9n<br\/>Zizzle<\/p>\n<\/div>\n","protected":false},"excerpt":{"rendered":"<p>H\u00c3Y \u0110\u1eb6T T\u00caN CHO M\u1ed8T LO\u00c0I TH\u1ee4 PH\u1ea4N B\u1ea1n \u0111\u00e3 nghe tin \u0111\u1ed3n ch\u01b0a? THAM GIA PHONG TR\u00c0O B\u1ea2O V\u1ec6 C\u00c1C LO\u00c0I TH\u1ee4 PH\u1ea4N C\u1ee6A CH\u00daNG T\u00d4I DANH S\u00c1CH T\u00caN [&hellip;]<\/p>\n","protected":false},"author":1,"featured_media":12798,"parent":12796,"menu_order":0,"comment_status":"closed","ping_status":"closed","template":"","meta":{"_acf_changed":false,"_kad_blocks_custom_css":"","_kad_blocks_head_custom_js":"","_kad_blocks_body_custom_js":"","_kad_blocks_footer_custom_js":"","footnotes":""},"class_list":["post-12841","page","type-page","status-publish","has-post-thumbnail","hentry"],"blocksy_meta":[],"acf":[],"yoast_head":"<!-- This site is optimized with the Yoast SEO plugin v27.4 - https:\/\/yoast.com\/product\/yoast-seo-wordpress\/ -->\n<title>\u0110\u1eb7t t\u00ean cho lo\u00e0i th\u1ee5 ph\u1ea5n tr\u00ean m\u1ea1ng - V\u01b0\u1eddn th\u00fa Woodland Park<\/title>\n<meta name=\"description\" content=\"Khi b\u1ea1n quy\u00ean g\u00f3p cho Qu\u1ef9 Th\u01b0\u1eddng ni\u00ean c\u1ee7a s\u1edf th\u00fa m\u00f9a n\u00e0y, ch\u00fang t\u00f4i s\u1ebd ghi nh\u1eadn l\u00f2ng h\u1ea3o t\u00e2m c\u1ee7a b\u1ea1n b\u1eb1ng m\u1ed9t c\u01a1 h\u1ed9i \u0111\u1eb7c bi\u1ec7t \u0111\u1ec3 \u0111\u1eb7t t\u00ean cho m\u1ed9t con b\u01b0\u1edbm, ong ho\u1eb7c chim ru\u1ed3i \u0111ang sinh s\u1ed1ng trong nh\u1eefng khu v\u01b0\u1eddn thu h\u00fat c\u00f4n tr\u00f9ng th\u1ee5 ph\u1ea5n t\u01b0\u01a1i t\u1ed1t c\u1ee7a ch\u00fang t\u00f4i.\" \/>\n<meta name=\"robots\" content=\"index, follow, max-snippet:-1, max-image-preview:large, max-video-preview:-1\" \/>\n<link rel=\"canonical\" href=\"https:\/\/zoo.org\/vi\/hay-neu-ten-mot-loai-thu-phan\/nhan-dien-truc-tuyen\/\" \/>\n<meta property=\"og:locale\" content=\"vi_VN\" \/>\n<meta property=\"og:type\" content=\"article\" \/>\n<meta property=\"og:title\" content=\"\u0110\u1eb7t t\u00ean cho lo\u00e0i th\u1ee5 ph\u1ea5n tr\u00ean m\u1ea1ng - V\u01b0\u1eddn th\u00fa Woodland Park\" \/>\n<meta property=\"og:description\" content=\"Khi b\u1ea1n quy\u00ean g\u00f3p cho Qu\u1ef9 Th\u01b0\u1eddng ni\u00ean c\u1ee7a s\u1edf th\u00fa m\u00f9a n\u00e0y, ch\u00fang t\u00f4i s\u1ebd ghi nh\u1eadn l\u00f2ng h\u1ea3o t\u00e2m c\u1ee7a b\u1ea1n b\u1eb1ng m\u1ed9t c\u01a1 h\u1ed9i \u0111\u1eb7c bi\u1ec7t \u0111\u1ec3 \u0111\u1eb7t t\u00ean cho m\u1ed9t con b\u01b0\u1edbm, ong ho\u1eb7c chim ru\u1ed3i \u0111ang sinh s\u1ed1ng trong nh\u1eefng khu v\u01b0\u1eddn thu h\u00fat c\u00f4n tr\u00f9ng th\u1ee5 ph\u1ea5n t\u01b0\u01a1i t\u1ed1t c\u1ee7a ch\u00fang t\u00f4i.\" \/>\n<meta property=\"og:url\" content=\"https:\/\/zoo.org\/vi\/hay-neu-ten-mot-loai-thu-phan\/nhan-dien-truc-tuyen\/\" \/>\n<meta property=\"og:site_name\" content=\"V\u01b0\u1eddn th\u00fa Woodland Park\" \/>\n<meta property=\"article:modified_time\" content=\"2026-04-07T02:30:28+00:00\" \/>\n<meta property=\"og:image\" content=\"https:\/\/zoo.org\/wp-content\/uploads\/2025\/08\/Butterfly-Garden-2-Dennis-Dow-web.jpg?wsr\" \/>\n\t<meta property=\"og:image:width\" content=\"800\" \/>\n\t<meta property=\"og:image:height\" content=\"533\" \/>\n\t<meta property=\"og:image:type\" content=\"image\/jpeg\" \/>\n<meta name=\"twitter:card\" content=\"summary_large_image\" \/>\n<script type=\"application\/ld+json\" class=\"yoast-schema-graph\">{\"@context\":\"https:\\\/\\\/schema.org\",\"@graph\":[{\"@type\":\"WebPage\",\"@id\":\"https:\\\/\\\/zoo.org\\\/vi\\\/hay-neu-ten-mot-loai-thu-phan\\\/nhan-dien-truc-tuyen\\\/\",\"url\":\"https:\\\/\\\/zoo.org\\\/vi\\\/hay-neu-ten-mot-loai-thu-phan\\\/nhan-dien-truc-tuyen\\\/\",\"name\":\"\u0110\u1eb7t t\u00ean cho lo\u00e0i th\u1ee5 ph\u1ea5n tr\u00ean m\u1ea1ng - V\u01b0\u1eddn th\u00fa Woodland Park\",\"isPartOf\":{\"@id\":\"https:\\\/\\\/zoo.org\\\/vi\\\/#website\"},\"primaryImageOfPage\":{\"@id\":\"https:\\\/\\\/zoo.org\\\/vi\\\/hay-neu-ten-mot-loai-thu-phan\\\/nhan-dien-truc-tuyen\\\/#primaryimage\"},\"image\":{\"@id\":\"https:\\\/\\\/zoo.org\\\/vi\\\/hay-neu-ten-mot-loai-thu-phan\\\/nhan-dien-truc-tuyen\\\/#primaryimage\"},\"thumbnailUrl\":\"https:\\\/\\\/zoo.org\\\/wp-content\\\/uploads\\\/2025\\\/08\\\/Butterfly-Garden-2-Dennis-Dow-web.jpg?wsr\",\"datePublished\":\"2026-03-18T18:30:14+00:00\",\"dateModified\":\"2026-04-07T02:30:28+00:00\",\"description\":\"Khi b\u1ea1n quy\u00ean g\u00f3p cho Qu\u1ef9 Th\u01b0\u1eddng ni\u00ean c\u1ee7a s\u1edf th\u00fa m\u00f9a n\u00e0y, ch\u00fang t\u00f4i s\u1ebd ghi nh\u1eadn l\u00f2ng h\u1ea3o t\u00e2m c\u1ee7a b\u1ea1n b\u1eb1ng m\u1ed9t c\u01a1 h\u1ed9i \u0111\u1eb7c bi\u1ec7t \u0111\u1ec3 \u0111\u1eb7t t\u00ean cho m\u1ed9t con b\u01b0\u1edbm, ong ho\u1eb7c chim ru\u1ed3i \u0111ang sinh s\u1ed1ng trong nh\u1eefng khu v\u01b0\u1eddn thu h\u00fat c\u00f4n tr\u00f9ng th\u1ee5 ph\u1ea5n t\u01b0\u01a1i t\u1ed1t c\u1ee7a ch\u00fang t\u00f4i.\",\"breadcrumb\":{\"@id\":\"https:\\\/\\\/zoo.org\\\/vi\\\/hay-neu-ten-mot-loai-thu-phan\\\/nhan-dien-truc-tuyen\\\/#breadcrumb\"},\"inLanguage\":\"vi\",\"potentialAction\":[{\"@type\":\"ReadAction\",\"target\":[\"https:\\\/\\\/zoo.org\\\/vi\\\/hay-neu-ten-mot-loai-thu-phan\\\/nhan-dien-truc-tuyen\\\/\"]}]},{\"@type\":\"ImageObject\",\"inLanguage\":\"vi\",\"@id\":\"https:\\\/\\\/zoo.org\\\/vi\\\/hay-neu-ten-mot-loai-thu-phan\\\/nhan-dien-truc-tuyen\\\/#primaryimage\",\"url\":\"https:\\\/\\\/zoo.org\\\/wp-content\\\/uploads\\\/2025\\\/08\\\/Butterfly-Garden-2-Dennis-Dow-web.jpg?wsr\",\"contentUrl\":\"https:\\\/\\\/zoo.org\\\/wp-content\\\/uploads\\\/2025\\\/08\\\/Butterfly-Garden-2-Dennis-Dow-web.jpg?wsr\",\"width\":800,\"height\":533,\"caption\":\"M\u1ed9t con b\u01b0\u1edbm \u0111en xanh v\u1edbi nh\u1eefng \u0111\u1ed1m tr\u1eafng tr\u00ean c\u00e1nh \u0111\u1eadu tr\u00ean nh\u1eefng chi\u1ebfc l\u00e1 xanh c\u00f3 r\u0103ng c\u01b0a. \u0110\u00f4i c\u00e1nh b\u01b0\u1edbm x\u00f2e r\u1ed9ng, khoe s\u1eafc m\u00e0u v\u00e0 hoa v\u0103n r\u1ef1c r\u1ee1.\"},{\"@type\":\"BreadcrumbList\",\"@id\":\"https:\\\/\\\/zoo.org\\\/vi\\\/hay-neu-ten-mot-loai-thu-phan\\\/nhan-dien-truc-tuyen\\\/#breadcrumb\",\"itemListElement\":[{\"@type\":\"ListItem\",\"position\":1,\"name\":\"Trang ch\u1ee7\",\"item\":\"https:\\\/\\\/zoo.org\\\/vi\\\/\"},{\"@type\":\"ListItem\",\"position\":2,\"name\":\"H\u00e3y n\u00eau t\u00ean m\u1ed9t lo\u00e0i th\u1ee5 ph\u1ea5n\",\"item\":\"https:\\\/\\\/zoo.org\\\/vi\\\/hay-neu-ten-mot-loai-thu-phan\\\/\"},{\"@type\":\"ListItem\",\"position\":3,\"name\":\"\u0110\u1eb7t t\u00ean cho lo\u00e0i th\u1ee5 ph\u1ea5n tr\u00ean m\u1ea1ng\"}]},{\"@type\":\"WebSite\",\"@id\":\"https:\\\/\\\/zoo.org\\\/vi\\\/#website\",\"url\":\"https:\\\/\\\/zoo.org\\\/vi\\\/\",\"name\":\"V\u01b0\u1eddn th\u00fa Woodland Park\",\"description\":\"V\u01b0\u1eddn th\u00fa Woodland Park c\u1ee9u s\u1ed1ng \u0111\u1ed9ng v\u1eadt hoang d\u00e3 v\u00e0 truy\u1ec1n c\u1ea3m h\u1ee9ng cho m\u1ecdi ng\u01b0\u1eddi coi b\u1ea3o t\u1ed3n l\u00e0 \u01b0u ti\u00ean h\u00e0ng \u0111\u1ea7u trong cu\u1ed9c s\u1ed1ng c\u1ee7a m\u00ecnh.\",\"publisher\":{\"@id\":\"https:\\\/\\\/zoo.org\\\/vi\\\/#organization\"},\"potentialAction\":[{\"@type\":\"SearchAction\",\"target\":{\"@type\":\"EntryPoint\",\"urlTemplate\":\"https:\\\/\\\/zoo.org\\\/vi\\\/?s={search_term_string}\"},\"query-input\":{\"@type\":\"PropertyValueSpecification\",\"valueRequired\":true,\"valueName\":\"search_term_string\"}}],\"inLanguage\":\"vi\"},{\"@type\":\"Organization\",\"@id\":\"https:\\\/\\\/zoo.org\\\/vi\\\/#organization\",\"name\":\"V\u01b0\u1eddn th\u00fa Woodland Park\",\"url\":\"https:\\\/\\\/zoo.org\\\/vi\\\/\",\"logo\":{\"@type\":\"ImageObject\",\"inLanguage\":\"vi\",\"@id\":\"https:\\\/\\\/zoo.org\\\/vi\\\/#\\\/schema\\\/logo\\\/image\\\/\",\"url\":\"https:\\\/\\\/zoo.org\\\/wp-content\\\/uploads\\\/2026\\\/01\\\/WPZ-Logo_white-SVG.svg?wsr\",\"contentUrl\":\"https:\\\/\\\/zoo.org\\\/wp-content\\\/uploads\\\/2026\\\/01\\\/WPZ-Logo_white-SVG.svg?wsr\",\"width\":288,\"height\":282,\"caption\":\"V\u01b0\u1eddn th\u00fa Woodland Park\"},\"image\":{\"@id\":\"https:\\\/\\\/zoo.org\\\/vi\\\/#\\\/schema\\\/logo\\\/image\\\/\"}}]}<\/script>\n<!-- \/ Yoast SEO plugin. -->","yoast_head_json":{"title":"\u0110\u1eb7t t\u00ean cho lo\u00e0i th\u1ee5 ph\u1ea5n tr\u00ean m\u1ea1ng - V\u01b0\u1eddn th\u00fa Woodland Park","description":"Khi b\u1ea1n quy\u00ean g\u00f3p cho Qu\u1ef9 Th\u01b0\u1eddng ni\u00ean c\u1ee7a s\u1edf th\u00fa m\u00f9a n\u00e0y, ch\u00fang t\u00f4i s\u1ebd ghi nh\u1eadn l\u00f2ng h\u1ea3o t\u00e2m c\u1ee7a b\u1ea1n b\u1eb1ng m\u1ed9t c\u01a1 h\u1ed9i \u0111\u1eb7c bi\u1ec7t \u0111\u1ec3 \u0111\u1eb7t t\u00ean cho m\u1ed9t con b\u01b0\u1edbm, ong ho\u1eb7c chim ru\u1ed3i \u0111ang sinh s\u1ed1ng trong nh\u1eefng khu v\u01b0\u1eddn thu h\u00fat c\u00f4n tr\u00f9ng th\u1ee5 ph\u1ea5n t\u01b0\u01a1i t\u1ed1t c\u1ee7a ch\u00fang t\u00f4i.","robots":{"index":"index","follow":"follow","max-snippet":"max-snippet:-1","max-image-preview":"max-image-preview:large","max-video-preview":"max-video-preview:-1"},"canonical":"https:\/\/zoo.org\/vi\/hay-neu-ten-mot-loai-thu-phan\/nhan-dien-truc-tuyen\/","og_locale":"vi_VN","og_type":"article","og_title":"\u0110\u1eb7t t\u00ean cho lo\u00e0i th\u1ee5 ph\u1ea5n tr\u00ean m\u1ea1ng - V\u01b0\u1eddn th\u00fa Woodland Park","og_description":"Khi b\u1ea1n quy\u00ean g\u00f3p cho Qu\u1ef9 Th\u01b0\u1eddng ni\u00ean c\u1ee7a s\u1edf th\u00fa m\u00f9a n\u00e0y, ch\u00fang t\u00f4i s\u1ebd ghi nh\u1eadn l\u00f2ng h\u1ea3o t\u00e2m c\u1ee7a b\u1ea1n b\u1eb1ng m\u1ed9t c\u01a1 h\u1ed9i \u0111\u1eb7c bi\u1ec7t \u0111\u1ec3 \u0111\u1eb7t t\u00ean cho m\u1ed9t con b\u01b0\u1edbm, ong ho\u1eb7c chim ru\u1ed3i \u0111ang sinh s\u1ed1ng trong nh\u1eefng khu v\u01b0\u1eddn thu h\u00fat c\u00f4n tr\u00f9ng th\u1ee5 ph\u1ea5n t\u01b0\u01a1i t\u1ed1t c\u1ee7a ch\u00fang t\u00f4i.","og_url":"https:\/\/zoo.org\/vi\/hay-neu-ten-mot-loai-thu-phan\/nhan-dien-truc-tuyen\/","og_site_name":"V\u01b0\u1eddn th\u00fa Woodland Park","article_modified_time":"2026-04-07T02:30:28+00:00","og_image":[{"width":800,"height":533,"url":"https:\/\/zoo.org\/wp-content\/uploads\/2025\/08\/Butterfly-Garden-2-Dennis-Dow-web.jpg?wsr","type":"image\/jpeg"}],"twitter_card":"summary_large_image","schema":{"@context":"https:\/\/schema.org","@graph":[{"@type":"WebPage","@id":"https:\/\/zoo.org\/vi\/hay-neu-ten-mot-loai-thu-phan\/nhan-dien-truc-tuyen\/","url":"https:\/\/zoo.org\/vi\/hay-neu-ten-mot-loai-thu-phan\/nhan-dien-truc-tuyen\/","name":"\u0110\u1eb7t t\u00ean cho lo\u00e0i th\u1ee5 ph\u1ea5n tr\u00ean m\u1ea1ng - V\u01b0\u1eddn th\u00fa Woodland Park","isPartOf":{"@id":"https:\/\/zoo.org\/vi\/#website"},"primaryImageOfPage":{"@id":"https:\/\/zoo.org\/vi\/hay-neu-ten-mot-loai-thu-phan\/nhan-dien-truc-tuyen\/#primaryimage"},"image":{"@id":"https:\/\/zoo.org\/vi\/hay-neu-ten-mot-loai-thu-phan\/nhan-dien-truc-tuyen\/#primaryimage"},"thumbnailUrl":"https:\/\/zoo.org\/wp-content\/uploads\/2025\/08\/Butterfly-Garden-2-Dennis-Dow-web.jpg?wsr","datePublished":"2026-03-18T18:30:14+00:00","dateModified":"2026-04-07T02:30:28+00:00","description":"Khi b\u1ea1n quy\u00ean g\u00f3p cho Qu\u1ef9 Th\u01b0\u1eddng ni\u00ean c\u1ee7a s\u1edf th\u00fa m\u00f9a n\u00e0y, ch\u00fang t\u00f4i s\u1ebd ghi nh\u1eadn l\u00f2ng h\u1ea3o t\u00e2m c\u1ee7a b\u1ea1n b\u1eb1ng m\u1ed9t c\u01a1 h\u1ed9i \u0111\u1eb7c bi\u1ec7t \u0111\u1ec3 \u0111\u1eb7t t\u00ean cho m\u1ed9t con b\u01b0\u1edbm, ong ho\u1eb7c chim ru\u1ed3i \u0111ang sinh s\u1ed1ng trong nh\u1eefng khu v\u01b0\u1eddn thu h\u00fat c\u00f4n tr\u00f9ng th\u1ee5 ph\u1ea5n t\u01b0\u01a1i t\u1ed1t c\u1ee7a ch\u00fang t\u00f4i.","breadcrumb":{"@id":"https:\/\/zoo.org\/vi\/hay-neu-ten-mot-loai-thu-phan\/nhan-dien-truc-tuyen\/#breadcrumb"},"inLanguage":"vi","potentialAction":[{"@type":"ReadAction","target":["https:\/\/zoo.org\/vi\/hay-neu-ten-mot-loai-thu-phan\/nhan-dien-truc-tuyen\/"]}]},{"@type":"ImageObject","inLanguage":"vi","@id":"https:\/\/zoo.org\/vi\/hay-neu-ten-mot-loai-thu-phan\/nhan-dien-truc-tuyen\/#primaryimage","url":"https:\/\/zoo.org\/wp-content\/uploads\/2025\/08\/Butterfly-Garden-2-Dennis-Dow-web.jpg?wsr","contentUrl":"https:\/\/zoo.org\/wp-content\/uploads\/2025\/08\/Butterfly-Garden-2-Dennis-Dow-web.jpg?wsr","width":800,"height":533,"caption":"M\u1ed9t con b\u01b0\u1edbm \u0111en xanh v\u1edbi nh\u1eefng \u0111\u1ed1m tr\u1eafng tr\u00ean c\u00e1nh \u0111\u1eadu tr\u00ean nh\u1eefng chi\u1ebfc l\u00e1 xanh c\u00f3 r\u0103ng c\u01b0a. \u0110\u00f4i c\u00e1nh b\u01b0\u1edbm x\u00f2e r\u1ed9ng, khoe s\u1eafc m\u00e0u v\u00e0 hoa v\u0103n r\u1ef1c r\u1ee1."},{"@type":"BreadcrumbList","@id":"https:\/\/zoo.org\/vi\/hay-neu-ten-mot-loai-thu-phan\/nhan-dien-truc-tuyen\/#breadcrumb","itemListElement":[{"@type":"ListItem","position":1,"name":"Trang ch\u1ee7","item":"https:\/\/zoo.org\/vi\/"},{"@type":"ListItem","position":2,"name":"H\u00e3y n\u00eau t\u00ean m\u1ed9t lo\u00e0i th\u1ee5 ph\u1ea5n","item":"https:\/\/zoo.org\/vi\/hay-neu-ten-mot-loai-thu-phan\/"},{"@type":"ListItem","position":3,"name":"\u0110\u1eb7t t\u00ean cho lo\u00e0i th\u1ee5 ph\u1ea5n tr\u00ean m\u1ea1ng"}]},{"@type":"WebSite","@id":"https:\/\/zoo.org\/vi\/#website","url":"https:\/\/zoo.org\/vi\/","name":"V\u01b0\u1eddn th\u00fa Woodland Park","description":"V\u01b0\u1eddn th\u00fa Woodland Park c\u1ee9u s\u1ed1ng \u0111\u1ed9ng v\u1eadt hoang d\u00e3 v\u00e0 truy\u1ec1n c\u1ea3m h\u1ee9ng cho m\u1ecdi ng\u01b0\u1eddi coi b\u1ea3o t\u1ed3n l\u00e0 \u01b0u ti\u00ean h\u00e0ng \u0111\u1ea7u trong cu\u1ed9c s\u1ed1ng c\u1ee7a m\u00ecnh.","publisher":{"@id":"https:\/\/zoo.org\/vi\/#organization"},"potentialAction":[{"@type":"SearchAction","target":{"@type":"EntryPoint","urlTemplate":"https:\/\/zoo.org\/vi\/?s={search_term_string}"},"query-input":{"@type":"PropertyValueSpecification","valueRequired":true,"valueName":"search_term_string"}}],"inLanguage":"vi"},{"@type":"Organization","@id":"https:\/\/zoo.org\/vi\/#organization","name":"V\u01b0\u1eddn th\u00fa Woodland Park","url":"https:\/\/zoo.org\/vi\/","logo":{"@type":"ImageObject","inLanguage":"vi","@id":"https:\/\/zoo.org\/vi\/#\/schema\/logo\/image\/","url":"https:\/\/zoo.org\/wp-content\/uploads\/2026\/01\/WPZ-Logo_white-SVG.svg?wsr","contentUrl":"https:\/\/zoo.org\/wp-content\/uploads\/2026\/01\/WPZ-Logo_white-SVG.svg?wsr","width":288,"height":282,"caption":"V\u01b0\u1eddn th\u00fa Woodland Park"},"image":{"@id":"https:\/\/zoo.org\/vi\/#\/schema\/logo\/image\/"}}]}},"taxonomy_info":[],"featured_image_src_large":["https:\/\/zoo.org\/wp-content\/uploads\/2025\/08\/Butterfly-Garden-2-Dennis-Dow-web.jpg?wsr",800,533,false],"author_info":{"display_name":"jloughlin","author_link":"https:\/\/zoo.org\/vi\/author\/jloughlin\/"},"comment_info":0,"_links":{"self":[{"href":"https:\/\/zoo.org\/vi\/wp-json\/wp\/v2\/pages\/12841","targetHints":{"allow":["GET"]}}],"collection":[{"href":"https:\/\/zoo.org\/vi\/wp-json\/wp\/v2\/pages"}],"about":[{"href":"https:\/\/zoo.org\/vi\/wp-json\/wp\/v2\/types\/page"}],"author":[{"embeddable":true,"href":"https:\/\/zoo.org\/vi\/wp-json\/wp\/v2\/users\/1"}],"replies":[{"embeddable":true,"href":"https:\/\/zoo.org\/vi\/wp-json\/wp\/v2\/comments?post=12841"}],"version-history":[{"count":2,"href":"https:\/\/zoo.org\/vi\/wp-json\/wp\/v2\/pages\/12841\/revisions"}],"predecessor-version":[{"id":24858,"href":"https:\/\/zoo.org\/vi\/wp-json\/wp\/v2\/pages\/12841\/revisions\/24858"}],"up":[{"embeddable":true,"href":"https:\/\/zoo.org\/vi\/wp-json\/wp\/v2\/pages\/12796"}],"wp:featuredmedia":[{"embeddable":true,"href":"https:\/\/zoo.org\/vi\/wp-json\/wp\/v2\/media\/12798"}],"wp:attachment":[{"href":"https:\/\/zoo.org\/vi\/wp-json\/wp\/v2\/media?parent=12841"}],"curies":[{"name":"wp","href":"https:\/\/api.w.org\/{rel}","templated":true}]}}