{"id":12842,"date":"2025-10-14T13:26:51","date_gmt":"2025-10-14T20:26:51","guid":{"rendered":"https:\/\/zoo.org\/hay-neu-ten-mot-loai-thu-phan\/hoi-dap-ve-cac-loai-thu-phan\/"},"modified":"2025-12-19T18:16:41","modified_gmt":"2025-12-20T02:16:41","slug":"hoi-dap-ve-cac-loai-thu-phan","status":"publish","type":"page","link":"https:\/\/zoo.org\/vi\/hay-neu-ten-mot-loai-thu-phan\/hoi-dap-ve-cac-loai-thu-phan\/","title":{"rendered":"H\u1ecfi \u0111\u00e1p v\u1ec1 c\u00e1c lo\u00e0i th\u1ee5 ph\u1ea5n"},"content":{"rendered":"\n<div class=\"wp-block-cover alignfull is-light hero\" style=\"margin-top:0;margin-bottom:0\"><img loading=\"lazy\" decoding=\"async\" width=\"1920\" height=\"400\" class=\"wp-block-cover__image-background wp-image-6322 size-full\" alt=\"\" src=\"https:\/\/zoo.org\/wp-content\/uploads\/2025\/10\/Pollinator_WebsiteBanner-web.jpg\" data-object-fit=\"cover\" srcset=\"https:\/\/zoo.org\/wp-content\/uploads\/2025\/10\/Pollinator_WebsiteBanner-web.jpg 1920w, https:\/\/zoo.org\/wp-content\/uploads\/2025\/10\/Pollinator_WebsiteBanner-web-300x63.jpg 300w, https:\/\/zoo.org\/wp-content\/uploads\/2025\/10\/Pollinator_WebsiteBanner-web-1024x213.jpg 1024w, https:\/\/zoo.org\/wp-content\/uploads\/2025\/10\/Pollinator_WebsiteBanner-web-768x160.jpg 768w, https:\/\/zoo.org\/wp-content\/uploads\/2025\/10\/Pollinator_WebsiteBanner-web-1536x320.jpg 1536w\" sizes=\"auto, (max-width: 1920px) 100vw, 1920px\" \/><span aria-hidden=\"true\" class=\"wp-block-cover__background has-background-dim-0 has-background-dim\" style=\"background-color:#d47e34\"><\/span><div class=\"wp-block-cover__inner-container is-layout-constrained wp-block-cover-is-layout-constrained\">\n<p class=\"has-text-align-center has-large-font-size\"><\/p>\n<\/div><\/div>\n\n<div class=\"wp-block-group is-layout-constrained wp-block-group-is-layout-constrained\" style=\"margin-top:2em;margin-bottom:3em\">\n<h1 class=\"wp-block-heading has-text-align-center\" style=\"margin-top:0.65em;margin-bottom:0.275em\">H\u00c3Y \u0110\u1eb6T T\u00caN CHO M\u1ed8T LO\u00c0I TH\u1ee4 PH\u1ea4N<\/h1>\n\n\n\n<p class=\"has-text-align-center has-palette-color-3-color has-text-color has-link-color wp-elements-69091c70b5d2c4eba3132f83558be2bc\" style=\"margin-bottom:1em;font-size:clamp(0.984em, 0.984rem + ((1vw - 0.2em) * 0.645), 1.5em);font-style:normal;font-weight:500;line-height:1.5\"><strong><strong>B\u1ea1n \u0111\u00e3 nghe tin \u0111\u1ed3n ch\u01b0a?<\/strong><\/strong><\/p>\n\n\n\n<p class=\"has-text-align-center has-palette-color-3-color has-text-color has-link-color wp-elements-94bf9382dd6e70d62e997a50bea37155\" style=\"margin-bottom:1em;font-size:clamp(0.984em, 0.984rem + ((1vw - 0.2em) * 0.645), 1.5em);line-height:1.5\">THAM GIA PHONG TR\u00c0O B\u1ea2O V\u1ec6 C\u00c1C LO\u00c0I TH\u1ee4 PH\u1ea4N C\u1ee6A CH\u00daNG T\u00d4I<\/p>\n<\/div>\n\n<div class=\"wp-block-group alignfull divider is-layout-constrained wp-block-group-is-layout-constrained\">\n<h2 class=\"wp-block-heading alignfull has-text-align-center\">C\u00e2u h\u1ecfi th\u01b0\u1eddng g\u1eb7p<\/h2>\n<\/div>\n\n<h4 class=\"wp-block-heading\">Trang &#8220;\u0110\u1eb7t t\u00ean cho lo\u00e0i th\u1ee5 ph\u1ea5n&#8221; s\u1ebd \u0111\u01b0\u1ee3c hi\u1ec3n th\u1ecb tr\u00ean trang web c\u1ee7a s\u1edf th\u00fa trong bao l\u00e2u?<\/h4>\n\n<p>V\u00f4 th\u1eddi h\u1ea1n! Ch\u00fang t\u00f4i s\u1ebd c\u1eadp nh\u1eadt danh s\u00e1ch t\u00ean \u0111\u1ecbnh k\u1ef3 trong su\u1ed1t m\u00f9a h\u00e8. <\/p>\n\n<h4 class=\"wp-block-heading\">T\u00f4i c\u00f3 th\u1ec3 t\u00ecm t\u00ean lo\u00e0i th\u1ee5 ph\u1ea5n c\u1ee7a m\u00ecnh \u1edf \u0111\u00e2u tr\u00ean trang web c\u1ee7a s\u1edf th\u00fa?<\/h4>\n\n<p>Danh s\u00e1ch c\u00e1c lo\u00e0i th\u1ee5 ph\u1ea5n \u0111\u01b0\u1ee3c ghi nh\u1eadn t\u1ea1i ch\u1ed7 trong ch\u01b0\u01a1ng tr\u00ecnh &#8220;\u0110\u1eb7t t\u00ean cho lo\u00e0i th\u1ee5 ph\u1ea5n&#8221; c\u00f3 s\u1eb5n tr\u1ef1c tuy\u1ebfn.  <a href=\"https:\/\/zoo.org\/vi\/hay-neu-ten-mot-loai-thu-phan\/nhan-dien-truc-tuyen\/\">Xem danh s\u00e1ch!<\/a><\/p>\n\n<h4 class=\"wp-block-heading\">T\u00ean c\u1ee7a lo\u00e0i th\u1ee5 ph\u1ea5n m\u00e0 t\u00f4i \u0111\u00e3 nh\u1eadn nu\u00f4i s\u1ebd \u0111\u01b0\u1ee3c hi\u1ec3n th\u1ecb tr\u00ean trang web c\u1ee7a s\u1edf th\u00fa trong th\u1eddi gian bao l\u00e2u?<\/h4>\n\n<p>C\u00f3 th\u1ec3 m\u1ea5t m\u1ed9t tu\u1ea7n \u0111\u1ec3 ch\u00fang t\u00f4i th\u00eam t\u00ean lo\u00e0i th\u1ee5 ph\u1ea5n c\u1ee7a b\u1ea1n v\u00e0o danh s\u00e1ch ghi nh\u1eadn, nh\u01b0ng ch\u00fang t\u00f4i s\u1ebd li\u00ean t\u1ee5c c\u1eadp nh\u1eadt danh s\u00e1ch n\u00e0y su\u1ed1t m\u00f9a h\u00e8.<\/p>\n\n<h4 class=\"wp-block-heading\">C\u00f3 gi\u1edbi h\u1ea1n n\u00e0o v\u1ec1 s\u1ed1 l\u01b0\u1ee3ng k\u00fd t\u1ef1 trong t\u00ean c\u1ee7a v\u1eadt th\u1ee5 ph\u1ea5n hay nh\u1eefng h\u1ea1n ch\u1ebf n\u00e0o v\u1ec1 vi\u1ec7c t\u00f4i c\u00f3 th\u1ec3 \u0111\u1eb7t t\u00ean cho v\u1eadt th\u1ee5 ph\u1ea5n c\u1ee7a m\u00ecnh kh\u00f4ng?<\/h4>\n\n<p>Ch\u00fang t\u00f4i y\u00eau c\u1ea7u qu\u00fd v\u1ecb vui l\u00f2ng gi\u1edbi h\u1ea1n t\u00ean lo\u00e0i th\u1ee5 ph\u1ea5n c\u1ee7a m\u00ecnh trong v\u00f2ng 30 k\u00fd t\u1ef1, bao g\u1ed3m c\u1ea3 kho\u1ea3ng tr\u1eafng. V\u01b0\u1eddn th\u00fa Woodland Park h\u01b0\u1edbng \u0111\u1ebfn m\u1ed9t m\u00f4i tr\u01b0\u1eddng th\u00e2n thi\u1ec7n v\u1edbi gia \u0111\u00ecnh, v\u00ec v\u1eady vui l\u00f2ng gi\u1eef tinh th\u1ea7n \u0111\u00f3 cho t\u1ea5t c\u1ea3 c\u00e1c t\u00ean lo\u00e0i th\u1ee5 ph\u1ea5n. V\u01b0\u1eddn th\u00fa Woodland Park c\u00f3 quy\u1ec1n lo\u1ea1i b\u1ecf t\u00ean lo\u00e0i th\u1ee5 ph\u1ea5n kh\u1ecfi danh s\u00e1ch c\u00f4ng nh\u1eadn c\u00f4ng khai theo quy\u1ebft \u0111\u1ecbnh c\u1ee7a ch\u00fang t\u00f4i.  <\/p>\n\n<h4 class=\"wp-block-heading\">T\u00f4i c\u00f3 nh\u1eadn \u0111\u01b0\u1ee3c email x\u00e1c nh\u1eadn v\u1ec1 vi\u1ec7c \u0111\u1eb7t t\u00ean cho lo\u00e0i th\u1ee5 ph\u1ea5n c\u1ee7a m\u00ecnh kh\u00f4ng?<\/h4>\n\n<p>Khi quy\u00ean g\u00f3p tr\u1ef1c tuy\u1ebfn, m\u1ed9t email x\u00e1c nh\u1eadn ch\u01b0\u01a1ng tr\u00ecnh &#8220;\u0110\u1eb7t t\u00ean cho lo\u00e0i th\u1ee5 ph\u1ea5n&#8221; s\u1ebd \u0111\u01b0\u1ee3c g\u1eedi \u0111\u1ebfn \u0111\u1ecba ch\u1ec9 email b\u1ea1n \u0111\u00e3 cung c\u1ea5p ngay sau khi b\u1ea1n g\u1eedi kho\u1ea3n \u0111\u00f3ng g\u00f3p. N\u1ebfu b\u1ea1n quy\u00ean g\u00f3p qua \u0111\u01b0\u1eddng b\u01b0u \u0111i\u1ec7n ho\u1eb7c tr\u1ef1c ti\u1ebfp, th\u01b0 x\u00e1c nh\u1eadn v\u00e0 bi\u00ean lai thu\u1ebf s\u1ebd \u0111\u01b0\u1ee3c g\u1eedi \u0111\u1ebfn \u0111\u1ecba ch\u1ec9 c\u1ee7a b\u1ea1n trong v\u00f2ng hai tu\u1ea7n. N\u1ebfu b\u1ea1n c\u00f3 b\u1ea5t k\u1ef3 c\u00e2u h\u1ecfi n\u00e0o, vui l\u00f2ng li\u00ean h\u1ec7 v\u1edbi ch\u00fang t\u00f4i qua \u0111\u1ecba ch\u1ec9 <a href=\"mailto:donations@zoo.org\">email donations@zoo.org<\/a> ho\u1eb7c s\u1ed1 \u0111i\u1ec7n tho\u1ea1i 206.548.2491.  <\/p>\n\n<h4 class=\"wp-block-heading\">T\u00f4i c\u00f3 th\u1ec3 nh\u1eadn gi\u1ea5y ch\u1ee9ng nh\u1eadn &#8220;\u0110\u1eb7t t\u00ean cho lo\u00e0i th\u1ee5 ph\u1ea5n&#8221; \u0111\u1ec3 l\u00e0m qu\u00e0 t\u1eb7ng \u0111\u01b0\u1ee3c kh\u00f4ng?<\/h4>\n\n<p>Nh\u00f3m c\u1ee7a ch\u00fang t\u00f4i r\u1ea5t vui l\u00f2ng t\u1ea1o m\u1ed9t ch\u1ee9ng nh\u1eadn \u0111i\u1ec7n t\u1eed \u0111\u1eb7c bi\u1ec7t &#8220;\u0110\u1eb7t t\u00ean cho lo\u00e0i th\u1ee5 ph\u1ea5n&#8221; m\u00e0 b\u1ea1n c\u00f3 th\u1ec3 in ho\u1eb7c g\u1eedi qua email cho ng\u01b0\u1eddi th\u00e2n y\u00eau. N\u1ebfu b\u1ea1n quan t\u00e2m \u0111\u1ebfn ch\u1ee9ng nh\u1eadn \u0111i\u1ec7n t\u1eed &#8220;\u0110\u1eb7t t\u00ean cho lo\u00e0i th\u1ee5 ph\u1ea5n&#8221;, vui l\u00f2ng li\u00ean h\u1ec7 v\u1edbi ch\u00fang t\u00f4i qua \u0111\u1ecba ch\u1ec9 <g id=\"gid_0\">donations@zoo.org<\/g> ho\u1eb7c s\u1ed1 \u0111i\u1ec7n tho\u1ea1i 206.548.2491. Vui l\u00f2ng ch\u1edd t\u1ed1i \u0111a 3 ng\u00e0y l\u00e0m vi\u1ec7c \u0111\u1ec3 ch\u00fang t\u00f4i x\u1eed l\u00fd.  <\/p>\n\n<p>\u0110\u1ec3 t\u1eb7ng qu\u00e0 ngay l\u1eadp t\u1ee9c, h\u00e3y ch\u1ecdn \u201cD\u00e0nh t\u1eb7ng kho\u1ea3n quy\u00ean g\u00f3p c\u1ee7a t\u00f4i\u201d tr\u00ean bi\u1ec3u m\u1eabu quy\u00ean g\u00f3p \u201c\u0110\u1eb7t t\u00ean cho lo\u00e0i th\u1ee5 ph\u1ea5n\u201d khi b\u1ea1n \u0111\u00f3ng g\u00f3p. Sau \u0111\u00f3, b\u1ea1n c\u00f3 th\u1ec3 g\u1eedi thi\u1ec7p \u0111i\u1ec7n t\u1eed c\u00e1 nh\u00e2n h\u00f3a v\u1edbi l\u1eddi nh\u1eafn t\u00f9y ch\u1ec9nh \u0111\u1ebfn \u0111\u1ecba ch\u1ec9 email c\u1ee7a ng\u01b0\u1eddi nh\u1eadn \u0111\u1eb7c bi\u1ec7t. <\/p>\n\n<h4 class=\"wp-block-heading\">T\u00f4i mu\u1ed1n quy\u00ean g\u00f3p trong GiveBIG, ng\u00e0y h\u1ed9i quy\u00ean g\u00f3p c\u1ed9ng \u0111\u1ed3ng to\u00e0n ti\u1ec3u bang Washington v\u00e0o ng\u00e0y 6 v\u00e0 7 th\u00e1ng 5. T\u00f4i v\u1eabn c\u00f3 th\u1ec3 \u0111\u1eb7t t\u00ean cho m\u1ed9t lo\u00e0i th\u1ee5 ph\u1ea5n n\u1ebfu t\u00f4i quy\u00ean g\u00f3p th\u00f4ng qua GiveBIG \u0111\u01b0\u1ee3c kh\u00f4ng? <\/h4>\n\n<p>V\u00e2ng! Nh\u00f3m Quan h\u1ec7 Nh\u00e0 t\u00e0i tr\u1ee3 c\u1ee7a ch\u00fang t\u00f4i s\u1ebd li\u00ean h\u1ec7 v\u1edbi b\u1ea1n \u0111\u1ec3 thu th\u1eadp th\u00f4ng tin v\u1ec1 lo\u00e0i th\u1ee5 ph\u1ea5n (chim ru\u1ed3i, ong, b\u01b0\u1edbm) m\u00e0 b\u1ea1n \u0111\u00e3 ch\u1ecdn v\u00e0 t\u00ean c\u1ee7a ch\u00fang, sau \u0111\u00f3 s\u1ebd g\u1eedi ch\u1ee9ng nh\u1eadn \u0111i\u1ec7n t\u1eed qua email cho b\u1ea1n khi b\u1ea1n cung c\u1ea5p th\u00f4ng tin n\u00e0y. Vui l\u00f2ng li\u00ean h\u1ec7 tr\u1ef1c ti\u1ebfp v\u1edbi ch\u00fang t\u00f4i \u0111\u1ec3 cung c\u1ea5p l\u1ef1a ch\u1ecdn c\u1ee7a b\u1ea1n qua \u0111\u1ecba ch\u1ec9 <a href=\"mailto:donations@zoo.org\">email donations@zoo.org<\/a> ho\u1eb7c s\u1ed1 \u0111i\u1ec7n tho\u1ea1i 206.548.2491.  <\/p>\n\n<h4 class=\"wp-block-heading\">Ph\u00ed \u0111\u1eb7t t\u00ean cho m\u1ed9t lo\u00e0i th\u1ee5 ph\u1ea5n t\u1ea1i V\u01b0\u1eddn th\u00fa Woodland Park l\u00e0 bao nhi\u00eau?<\/h4>\n\n<p>Kh\u00f4ng c\u00f3 m\u1ee9c gi\u00e1 c\u1ed1 \u0111\u1ecbnh cho c\u01a1 h\u1ed9i \u0111\u1eb7t t\u00ean cho b\u01b0\u1edbm, ong ho\u1eb7c chim ru\u1ed3i t\u1ea1i V\u01b0\u1eddn th\u00fa Woodland Park. Ch\u00fang t\u00f4i mong mu\u1ed1n b\u1ea1n \u0111\u00f3ng g\u00f3p v\u00e0o Qu\u1ef9 th\u01b0\u1eddng ni\u00ean c\u1ee7a v\u01b0\u1eddn th\u00fa v\u1edbi s\u1ed1 ti\u1ec1n ph\u00f9 h\u1ee3p v\u1edbi kh\u1ea3 n\u0103ng c\u1ee7a b\u1ea1n. Nh\u1eefng \u0111\u00f3ng g\u00f3p d\u00f9 l\u1edbn hay nh\u1ecf \u0111\u1ec1u t\u1ea1o n\u00ean s\u1ef1 kh\u00e1c bi\u1ec7t quan tr\u1ecdng trong c\u00f4ng vi\u1ec7c b\u1ea3o t\u1ed3n m\u00f4i tr\u01b0\u1eddng s\u1ed1ng c\u1ee7a c\u00e1c lo\u00e0i th\u1ee5 ph\u1ea5n, ph\u1ee5c h\u1ed3i qu\u1ea7n th\u1ec3 b\u01b0\u1edbm \u0111ang b\u1ecb \u0111e d\u1ecda v\u00e0 gi\u00e1o d\u1ee5c h\u00e0ng tri\u1ec7u du kh\u00e1ch v\u1ec1 t\u1ea7m quan tr\u1ecdng c\u1ee7a \u0111a d\u1ea1ng sinh h\u1ecdc.  <\/p>\n\n<h4 class=\"wp-block-heading\">V\u01b0\u1eddn th\u00fa s\u1ebd s\u1eed d\u1ee5ng s\u1ed1 ti\u1ec1n thu \u0111\u01b0\u1ee3c t\u1eeb chi\u1ebfn d\u1ecbch &#8220;\u0110\u1eb7t t\u00ean cho lo\u00e0i th\u1ee5 ph\u1ea5n&#8221; nh\u01b0 th\u1ebf n\u00e0o?<\/h4>\n\n<p>Ch\u01b0\u01a1ng tr\u00ecnh &#8220;\u0110\u1eb7t t\u00ean cho lo\u00e0i th\u1ee5 ph\u1ea5n&#8221; v\u1edbi c\u00e1c kho\u1ea3n quy\u00ean g\u00f3p s\u1ebd h\u1ed7 tr\u1ee3 Qu\u1ef9 th\u01b0\u1eddng ni\u00ean c\u1ee7a V\u01b0\u1eddn th\u00fa Woodland Park, gi\u00fap duy tr\u00ec t\u1ea5t c\u1ea3 c\u00e1c ho\u1ea1t \u0111\u1ed9ng t\u1ea1i v\u01b0\u1eddn th\u00fa c\u1ed9ng \u0111\u1ed3ng c\u1ee7a b\u1ea1n, bao g\u1ed3m ch\u0103m s\u00f3c \u0111\u1ed9ng v\u1eadt h\u00e0ng ng\u00e0y, kh\u00e1m v\u00e0 \u0111i\u1ec1u tr\u1ecb th\u00fa y, c\u00e1c ch\u01b0\u01a1ng tr\u00ecnh gi\u00e1o d\u1ee5c h\u1ea5p d\u1eabn v\u00e0 c\u00e1c s\u00e1ng ki\u1ebfn b\u1ea3o t\u1ed3n quan tr\u1ecdng, nh\u01b0 ph\u00f2ng th\u00ed nghi\u1ec7m b\u1ea3o t\u1ed3n b\u01b0\u1edbm c\u1ee7a ch\u00fang t\u00f4i \u0111ang n\u1ed7 l\u1ef1c t\u00e1i t\u1ea1o qu\u1ea7n th\u1ec3 b\u01b0\u1edbm Oregon Silverspot, m\u1ed9t lo\u00e0i b\u1ea3n \u0111\u1ecba c\u1ee7a v\u00f9ng T\u00e2y B\u1eafc.<\/p>\n","protected":false},"excerpt":{"rendered":"<p>H\u00c3Y \u0110\u1eb6T T\u00caN CHO M\u1ed8T LO\u00c0I TH\u1ee4 PH\u1ea4N B\u1ea1n \u0111\u00e3 nghe tin \u0111\u1ed3n ch\u01b0a? THAM GIA PHONG TR\u00c0O B\u1ea2O V\u1ec6 C\u00c1C LO\u00c0I TH\u1ee4 PH\u1ea4N C\u1ee6A CH\u00daNG T\u00d4I C\u00e2u h\u1ecfi th\u01b0\u1eddng [&hellip;]<\/p>\n","protected":false},"author":1,"featured_media":12798,"parent":12796,"menu_order":0,"comment_status":"closed","ping_status":"closed","template":"","meta":{"_acf_changed":false,"_kad_blocks_custom_css":"","_kad_blocks_head_custom_js":"","_kad_blocks_body_custom_js":"","_kad_blocks_footer_custom_js":"","footnotes":""},"class_list":["post-12842","page","type-page","status-publish","has-post-thumbnail","hentry"],"blocksy_meta":[],"acf":[],"yoast_head":"<!-- This site is optimized with the Yoast SEO plugin v27.4 - https:\/\/yoast.com\/product\/yoast-seo-wordpress\/ -->\n<title>H\u1ecfi \u0111\u00e1p v\u1ec1 c\u00e1c lo\u00e0i th\u1ee5 ph\u1ea5n - V\u01b0\u1eddn th\u00fa Woodland Park<\/title>\n<meta name=\"description\" content=\"Khi b\u1ea1n quy\u00ean g\u00f3p cho Qu\u1ef9 Th\u01b0\u1eddng ni\u00ean c\u1ee7a s\u1edf th\u00fa m\u00f9a n\u00e0y, ch\u00fang t\u00f4i s\u1ebd ghi nh\u1eadn l\u00f2ng h\u1ea3o t\u00e2m c\u1ee7a b\u1ea1n b\u1eb1ng m\u1ed9t c\u01a1 h\u1ed9i \u0111\u1eb7c bi\u1ec7t \u0111\u1ec3 \u0111\u1eb7t t\u00ean cho m\u1ed9t con b\u01b0\u1edbm, ong ho\u1eb7c chim ru\u1ed3i \u0111ang sinh s\u1ed1ng trong nh\u1eefng khu v\u01b0\u1eddn thu h\u00fat c\u00f4n tr\u00f9ng th\u1ee5 ph\u1ea5n t\u01b0\u01a1i t\u1ed1t c\u1ee7a ch\u00fang t\u00f4i.\" \/>\n<meta name=\"robots\" content=\"index, follow, max-snippet:-1, max-image-preview:large, max-video-preview:-1\" \/>\n<link rel=\"canonical\" href=\"https:\/\/zoo.org\/vi\/hay-neu-ten-mot-loai-thu-phan\/hoi-dap-ve-cac-loai-thu-phan\/\" \/>\n<meta property=\"og:locale\" content=\"vi_VN\" \/>\n<meta property=\"og:type\" content=\"article\" \/>\n<meta property=\"og:title\" content=\"H\u1ecfi \u0111\u00e1p v\u1ec1 c\u00e1c lo\u00e0i th\u1ee5 ph\u1ea5n - V\u01b0\u1eddn th\u00fa Woodland Park\" \/>\n<meta property=\"og:description\" content=\"Khi b\u1ea1n quy\u00ean g\u00f3p cho Qu\u1ef9 Th\u01b0\u1eddng ni\u00ean c\u1ee7a s\u1edf th\u00fa m\u00f9a n\u00e0y, ch\u00fang t\u00f4i s\u1ebd ghi nh\u1eadn l\u00f2ng h\u1ea3o t\u00e2m c\u1ee7a b\u1ea1n b\u1eb1ng m\u1ed9t c\u01a1 h\u1ed9i \u0111\u1eb7c bi\u1ec7t \u0111\u1ec3 \u0111\u1eb7t t\u00ean cho m\u1ed9t con b\u01b0\u1edbm, ong ho\u1eb7c chim ru\u1ed3i \u0111ang sinh s\u1ed1ng trong nh\u1eefng khu v\u01b0\u1eddn thu h\u00fat c\u00f4n tr\u00f9ng th\u1ee5 ph\u1ea5n t\u01b0\u01a1i t\u1ed1t c\u1ee7a ch\u00fang t\u00f4i.\" \/>\n<meta property=\"og:url\" content=\"https:\/\/zoo.org\/vi\/hay-neu-ten-mot-loai-thu-phan\/hoi-dap-ve-cac-loai-thu-phan\/\" \/>\n<meta property=\"og:site_name\" content=\"V\u01b0\u1eddn th\u00fa Woodland Park\" \/>\n<meta property=\"article:modified_time\" content=\"2025-12-20T02:16:41+00:00\" \/>\n<meta property=\"og:image\" content=\"https:\/\/zoo.org\/wp-content\/uploads\/2025\/08\/Butterfly-Garden-2-Dennis-Dow-web.jpg?wsr\" \/>\n\t<meta property=\"og:image:width\" content=\"800\" \/>\n\t<meta property=\"og:image:height\" content=\"533\" \/>\n\t<meta property=\"og:image:type\" content=\"image\/jpeg\" \/>\n<meta name=\"twitter:card\" content=\"summary_large_image\" \/>\n<script type=\"application\/ld+json\" class=\"yoast-schema-graph\">{\"@context\":\"https:\\\/\\\/schema.org\",\"@graph\":[{\"@type\":\"WebPage\",\"@id\":\"https:\\\/\\\/zoo.org\\\/vi\\\/hay-neu-ten-mot-loai-thu-phan\\\/hoi-dap-ve-cac-loai-thu-phan\\\/\",\"url\":\"https:\\\/\\\/zoo.org\\\/vi\\\/hay-neu-ten-mot-loai-thu-phan\\\/hoi-dap-ve-cac-loai-thu-phan\\\/\",\"name\":\"H\u1ecfi \u0111\u00e1p v\u1ec1 c\u00e1c lo\u00e0i th\u1ee5 ph\u1ea5n - V\u01b0\u1eddn th\u00fa Woodland Park\",\"isPartOf\":{\"@id\":\"https:\\\/\\\/zoo.org\\\/vi\\\/#website\"},\"primaryImageOfPage\":{\"@id\":\"https:\\\/\\\/zoo.org\\\/vi\\\/hay-neu-ten-mot-loai-thu-phan\\\/hoi-dap-ve-cac-loai-thu-phan\\\/#primaryimage\"},\"image\":{\"@id\":\"https:\\\/\\\/zoo.org\\\/vi\\\/hay-neu-ten-mot-loai-thu-phan\\\/hoi-dap-ve-cac-loai-thu-phan\\\/#primaryimage\"},\"thumbnailUrl\":\"https:\\\/\\\/zoo.org\\\/wp-content\\\/uploads\\\/2025\\\/08\\\/Butterfly-Garden-2-Dennis-Dow-web.jpg?wsr\",\"datePublished\":\"2025-10-14T20:26:51+00:00\",\"dateModified\":\"2025-12-20T02:16:41+00:00\",\"description\":\"Khi b\u1ea1n quy\u00ean g\u00f3p cho Qu\u1ef9 Th\u01b0\u1eddng ni\u00ean c\u1ee7a s\u1edf th\u00fa m\u00f9a n\u00e0y, ch\u00fang t\u00f4i s\u1ebd ghi nh\u1eadn l\u00f2ng h\u1ea3o t\u00e2m c\u1ee7a b\u1ea1n b\u1eb1ng m\u1ed9t c\u01a1 h\u1ed9i \u0111\u1eb7c bi\u1ec7t \u0111\u1ec3 \u0111\u1eb7t t\u00ean cho m\u1ed9t con b\u01b0\u1edbm, ong ho\u1eb7c chim ru\u1ed3i \u0111ang sinh s\u1ed1ng trong nh\u1eefng khu v\u01b0\u1eddn thu h\u00fat c\u00f4n tr\u00f9ng th\u1ee5 ph\u1ea5n t\u01b0\u01a1i t\u1ed1t c\u1ee7a ch\u00fang t\u00f4i.\",\"breadcrumb\":{\"@id\":\"https:\\\/\\\/zoo.org\\\/vi\\\/hay-neu-ten-mot-loai-thu-phan\\\/hoi-dap-ve-cac-loai-thu-phan\\\/#breadcrumb\"},\"inLanguage\":\"vi\",\"potentialAction\":[{\"@type\":\"ReadAction\",\"target\":[\"https:\\\/\\\/zoo.org\\\/vi\\\/hay-neu-ten-mot-loai-thu-phan\\\/hoi-dap-ve-cac-loai-thu-phan\\\/\"]}]},{\"@type\":\"ImageObject\",\"inLanguage\":\"vi\",\"@id\":\"https:\\\/\\\/zoo.org\\\/vi\\\/hay-neu-ten-mot-loai-thu-phan\\\/hoi-dap-ve-cac-loai-thu-phan\\\/#primaryimage\",\"url\":\"https:\\\/\\\/zoo.org\\\/wp-content\\\/uploads\\\/2025\\\/08\\\/Butterfly-Garden-2-Dennis-Dow-web.jpg?wsr\",\"contentUrl\":\"https:\\\/\\\/zoo.org\\\/wp-content\\\/uploads\\\/2025\\\/08\\\/Butterfly-Garden-2-Dennis-Dow-web.jpg?wsr\",\"width\":800,\"height\":533,\"caption\":\"M\u1ed9t con b\u01b0\u1edbm \u0111en xanh v\u1edbi nh\u1eefng \u0111\u1ed1m tr\u1eafng tr\u00ean c\u00e1nh \u0111\u1eadu tr\u00ean nh\u1eefng chi\u1ebfc l\u00e1 xanh c\u00f3 r\u0103ng c\u01b0a. \u0110\u00f4i c\u00e1nh b\u01b0\u1edbm x\u00f2e r\u1ed9ng, khoe s\u1eafc m\u00e0u v\u00e0 hoa v\u0103n r\u1ef1c r\u1ee1.\"},{\"@type\":\"BreadcrumbList\",\"@id\":\"https:\\\/\\\/zoo.org\\\/vi\\\/hay-neu-ten-mot-loai-thu-phan\\\/hoi-dap-ve-cac-loai-thu-phan\\\/#breadcrumb\",\"itemListElement\":[{\"@type\":\"ListItem\",\"position\":1,\"name\":\"Trang ch\u1ee7\",\"item\":\"https:\\\/\\\/zoo.org\\\/vi\\\/\"},{\"@type\":\"ListItem\",\"position\":2,\"name\":\"H\u00e3y n\u00eau t\u00ean m\u1ed9t lo\u00e0i th\u1ee5 ph\u1ea5n\",\"item\":\"https:\\\/\\\/zoo.org\\\/vi\\\/hay-neu-ten-mot-loai-thu-phan\\\/\"},{\"@type\":\"ListItem\",\"position\":3,\"name\":\"H\u1ecfi \u0111\u00e1p v\u1ec1 c\u00e1c lo\u00e0i th\u1ee5 ph\u1ea5n\"}]},{\"@type\":\"WebSite\",\"@id\":\"https:\\\/\\\/zoo.org\\\/vi\\\/#website\",\"url\":\"https:\\\/\\\/zoo.org\\\/vi\\\/\",\"name\":\"V\u01b0\u1eddn th\u00fa Woodland Park\",\"description\":\"V\u01b0\u1eddn th\u00fa Woodland Park c\u1ee9u s\u1ed1ng \u0111\u1ed9ng v\u1eadt hoang d\u00e3 v\u00e0 truy\u1ec1n c\u1ea3m h\u1ee9ng cho m\u1ecdi ng\u01b0\u1eddi coi b\u1ea3o t\u1ed3n l\u00e0 \u01b0u ti\u00ean h\u00e0ng \u0111\u1ea7u trong cu\u1ed9c s\u1ed1ng c\u1ee7a m\u00ecnh.\",\"publisher\":{\"@id\":\"https:\\\/\\\/zoo.org\\\/vi\\\/#organization\"},\"potentialAction\":[{\"@type\":\"SearchAction\",\"target\":{\"@type\":\"EntryPoint\",\"urlTemplate\":\"https:\\\/\\\/zoo.org\\\/vi\\\/?s={search_term_string}\"},\"query-input\":{\"@type\":\"PropertyValueSpecification\",\"valueRequired\":true,\"valueName\":\"search_term_string\"}}],\"inLanguage\":\"vi\"},{\"@type\":\"Organization\",\"@id\":\"https:\\\/\\\/zoo.org\\\/vi\\\/#organization\",\"name\":\"V\u01b0\u1eddn th\u00fa Woodland Park\",\"url\":\"https:\\\/\\\/zoo.org\\\/vi\\\/\",\"logo\":{\"@type\":\"ImageObject\",\"inLanguage\":\"vi\",\"@id\":\"https:\\\/\\\/zoo.org\\\/vi\\\/#\\\/schema\\\/logo\\\/image\\\/\",\"url\":\"https:\\\/\\\/zoo.org\\\/wp-content\\\/uploads\\\/2026\\\/01\\\/WPZ-Logo_white-SVG.svg?wsr\",\"contentUrl\":\"https:\\\/\\\/zoo.org\\\/wp-content\\\/uploads\\\/2026\\\/01\\\/WPZ-Logo_white-SVG.svg?wsr\",\"width\":288,\"height\":282,\"caption\":\"V\u01b0\u1eddn th\u00fa Woodland Park\"},\"image\":{\"@id\":\"https:\\\/\\\/zoo.org\\\/vi\\\/#\\\/schema\\\/logo\\\/image\\\/\"}}]}<\/script>\n<!-- \/ Yoast SEO plugin. -->","yoast_head_json":{"title":"H\u1ecfi \u0111\u00e1p v\u1ec1 c\u00e1c lo\u00e0i th\u1ee5 ph\u1ea5n - V\u01b0\u1eddn th\u00fa Woodland Park","description":"Khi b\u1ea1n quy\u00ean g\u00f3p cho Qu\u1ef9 Th\u01b0\u1eddng ni\u00ean c\u1ee7a s\u1edf th\u00fa m\u00f9a n\u00e0y, ch\u00fang t\u00f4i s\u1ebd ghi nh\u1eadn l\u00f2ng h\u1ea3o t\u00e2m c\u1ee7a b\u1ea1n b\u1eb1ng m\u1ed9t c\u01a1 h\u1ed9i \u0111\u1eb7c bi\u1ec7t \u0111\u1ec3 \u0111\u1eb7t t\u00ean cho m\u1ed9t con b\u01b0\u1edbm, ong ho\u1eb7c chim ru\u1ed3i \u0111ang sinh s\u1ed1ng trong nh\u1eefng khu v\u01b0\u1eddn thu h\u00fat c\u00f4n tr\u00f9ng th\u1ee5 ph\u1ea5n t\u01b0\u01a1i t\u1ed1t c\u1ee7a ch\u00fang t\u00f4i.","robots":{"index":"index","follow":"follow","max-snippet":"max-snippet:-1","max-image-preview":"max-image-preview:large","max-video-preview":"max-video-preview:-1"},"canonical":"https:\/\/zoo.org\/vi\/hay-neu-ten-mot-loai-thu-phan\/hoi-dap-ve-cac-loai-thu-phan\/","og_locale":"vi_VN","og_type":"article","og_title":"H\u1ecfi \u0111\u00e1p v\u1ec1 c\u00e1c lo\u00e0i th\u1ee5 ph\u1ea5n - V\u01b0\u1eddn th\u00fa Woodland Park","og_description":"Khi b\u1ea1n quy\u00ean g\u00f3p cho Qu\u1ef9 Th\u01b0\u1eddng ni\u00ean c\u1ee7a s\u1edf th\u00fa m\u00f9a n\u00e0y, ch\u00fang t\u00f4i s\u1ebd ghi nh\u1eadn l\u00f2ng h\u1ea3o t\u00e2m c\u1ee7a b\u1ea1n b\u1eb1ng m\u1ed9t c\u01a1 h\u1ed9i \u0111\u1eb7c bi\u1ec7t \u0111\u1ec3 \u0111\u1eb7t t\u00ean cho m\u1ed9t con b\u01b0\u1edbm, ong ho\u1eb7c chim ru\u1ed3i \u0111ang sinh s\u1ed1ng trong nh\u1eefng khu v\u01b0\u1eddn thu h\u00fat c\u00f4n tr\u00f9ng th\u1ee5 ph\u1ea5n t\u01b0\u01a1i t\u1ed1t c\u1ee7a ch\u00fang t\u00f4i.","og_url":"https:\/\/zoo.org\/vi\/hay-neu-ten-mot-loai-thu-phan\/hoi-dap-ve-cac-loai-thu-phan\/","og_site_name":"V\u01b0\u1eddn th\u00fa Woodland Park","article_modified_time":"2025-12-20T02:16:41+00:00","og_image":[{"width":800,"height":533,"url":"https:\/\/zoo.org\/wp-content\/uploads\/2025\/08\/Butterfly-Garden-2-Dennis-Dow-web.jpg?wsr","type":"image\/jpeg"}],"twitter_card":"summary_large_image","schema":{"@context":"https:\/\/schema.org","@graph":[{"@type":"WebPage","@id":"https:\/\/zoo.org\/vi\/hay-neu-ten-mot-loai-thu-phan\/hoi-dap-ve-cac-loai-thu-phan\/","url":"https:\/\/zoo.org\/vi\/hay-neu-ten-mot-loai-thu-phan\/hoi-dap-ve-cac-loai-thu-phan\/","name":"H\u1ecfi \u0111\u00e1p v\u1ec1 c\u00e1c lo\u00e0i th\u1ee5 ph\u1ea5n - V\u01b0\u1eddn th\u00fa Woodland Park","isPartOf":{"@id":"https:\/\/zoo.org\/vi\/#website"},"primaryImageOfPage":{"@id":"https:\/\/zoo.org\/vi\/hay-neu-ten-mot-loai-thu-phan\/hoi-dap-ve-cac-loai-thu-phan\/#primaryimage"},"image":{"@id":"https:\/\/zoo.org\/vi\/hay-neu-ten-mot-loai-thu-phan\/hoi-dap-ve-cac-loai-thu-phan\/#primaryimage"},"thumbnailUrl":"https:\/\/zoo.org\/wp-content\/uploads\/2025\/08\/Butterfly-Garden-2-Dennis-Dow-web.jpg?wsr","datePublished":"2025-10-14T20:26:51+00:00","dateModified":"2025-12-20T02:16:41+00:00","description":"Khi b\u1ea1n quy\u00ean g\u00f3p cho Qu\u1ef9 Th\u01b0\u1eddng ni\u00ean c\u1ee7a s\u1edf th\u00fa m\u00f9a n\u00e0y, ch\u00fang t\u00f4i s\u1ebd ghi nh\u1eadn l\u00f2ng h\u1ea3o t\u00e2m c\u1ee7a b\u1ea1n b\u1eb1ng m\u1ed9t c\u01a1 h\u1ed9i \u0111\u1eb7c bi\u1ec7t \u0111\u1ec3 \u0111\u1eb7t t\u00ean cho m\u1ed9t con b\u01b0\u1edbm, ong ho\u1eb7c chim ru\u1ed3i \u0111ang sinh s\u1ed1ng trong nh\u1eefng khu v\u01b0\u1eddn thu h\u00fat c\u00f4n tr\u00f9ng th\u1ee5 ph\u1ea5n t\u01b0\u01a1i t\u1ed1t c\u1ee7a ch\u00fang t\u00f4i.","breadcrumb":{"@id":"https:\/\/zoo.org\/vi\/hay-neu-ten-mot-loai-thu-phan\/hoi-dap-ve-cac-loai-thu-phan\/#breadcrumb"},"inLanguage":"vi","potentialAction":[{"@type":"ReadAction","target":["https:\/\/zoo.org\/vi\/hay-neu-ten-mot-loai-thu-phan\/hoi-dap-ve-cac-loai-thu-phan\/"]}]},{"@type":"ImageObject","inLanguage":"vi","@id":"https:\/\/zoo.org\/vi\/hay-neu-ten-mot-loai-thu-phan\/hoi-dap-ve-cac-loai-thu-phan\/#primaryimage","url":"https:\/\/zoo.org\/wp-content\/uploads\/2025\/08\/Butterfly-Garden-2-Dennis-Dow-web.jpg?wsr","contentUrl":"https:\/\/zoo.org\/wp-content\/uploads\/2025\/08\/Butterfly-Garden-2-Dennis-Dow-web.jpg?wsr","width":800,"height":533,"caption":"M\u1ed9t con b\u01b0\u1edbm \u0111en xanh v\u1edbi nh\u1eefng \u0111\u1ed1m tr\u1eafng tr\u00ean c\u00e1nh \u0111\u1eadu tr\u00ean nh\u1eefng chi\u1ebfc l\u00e1 xanh c\u00f3 r\u0103ng c\u01b0a. \u0110\u00f4i c\u00e1nh b\u01b0\u1edbm x\u00f2e r\u1ed9ng, khoe s\u1eafc m\u00e0u v\u00e0 hoa v\u0103n r\u1ef1c r\u1ee1."},{"@type":"BreadcrumbList","@id":"https:\/\/zoo.org\/vi\/hay-neu-ten-mot-loai-thu-phan\/hoi-dap-ve-cac-loai-thu-phan\/#breadcrumb","itemListElement":[{"@type":"ListItem","position":1,"name":"Trang ch\u1ee7","item":"https:\/\/zoo.org\/vi\/"},{"@type":"ListItem","position":2,"name":"H\u00e3y n\u00eau t\u00ean m\u1ed9t lo\u00e0i th\u1ee5 ph\u1ea5n","item":"https:\/\/zoo.org\/vi\/hay-neu-ten-mot-loai-thu-phan\/"},{"@type":"ListItem","position":3,"name":"H\u1ecfi \u0111\u00e1p v\u1ec1 c\u00e1c lo\u00e0i th\u1ee5 ph\u1ea5n"}]},{"@type":"WebSite","@id":"https:\/\/zoo.org\/vi\/#website","url":"https:\/\/zoo.org\/vi\/","name":"V\u01b0\u1eddn th\u00fa Woodland Park","description":"V\u01b0\u1eddn th\u00fa Woodland Park c\u1ee9u s\u1ed1ng \u0111\u1ed9ng v\u1eadt hoang d\u00e3 v\u00e0 truy\u1ec1n c\u1ea3m h\u1ee9ng cho m\u1ecdi ng\u01b0\u1eddi coi b\u1ea3o t\u1ed3n l\u00e0 \u01b0u ti\u00ean h\u00e0ng \u0111\u1ea7u trong cu\u1ed9c s\u1ed1ng c\u1ee7a m\u00ecnh.","publisher":{"@id":"https:\/\/zoo.org\/vi\/#organization"},"potentialAction":[{"@type":"SearchAction","target":{"@type":"EntryPoint","urlTemplate":"https:\/\/zoo.org\/vi\/?s={search_term_string}"},"query-input":{"@type":"PropertyValueSpecification","valueRequired":true,"valueName":"search_term_string"}}],"inLanguage":"vi"},{"@type":"Organization","@id":"https:\/\/zoo.org\/vi\/#organization","name":"V\u01b0\u1eddn th\u00fa Woodland Park","url":"https:\/\/zoo.org\/vi\/","logo":{"@type":"ImageObject","inLanguage":"vi","@id":"https:\/\/zoo.org\/vi\/#\/schema\/logo\/image\/","url":"https:\/\/zoo.org\/wp-content\/uploads\/2026\/01\/WPZ-Logo_white-SVG.svg?wsr","contentUrl":"https:\/\/zoo.org\/wp-content\/uploads\/2026\/01\/WPZ-Logo_white-SVG.svg?wsr","width":288,"height":282,"caption":"V\u01b0\u1eddn th\u00fa Woodland Park"},"image":{"@id":"https:\/\/zoo.org\/vi\/#\/schema\/logo\/image\/"}}]}},"taxonomy_info":[],"featured_image_src_large":["https:\/\/zoo.org\/wp-content\/uploads\/2025\/08\/Butterfly-Garden-2-Dennis-Dow-web.jpg?wsr",800,533,false],"author_info":{"display_name":"jloughlin","author_link":"https:\/\/zoo.org\/vi\/author\/jloughlin\/"},"comment_info":0,"_links":{"self":[{"href":"https:\/\/zoo.org\/vi\/wp-json\/wp\/v2\/pages\/12842","targetHints":{"allow":["GET"]}}],"collection":[{"href":"https:\/\/zoo.org\/vi\/wp-json\/wp\/v2\/pages"}],"about":[{"href":"https:\/\/zoo.org\/vi\/wp-json\/wp\/v2\/types\/page"}],"author":[{"embeddable":true,"href":"https:\/\/zoo.org\/vi\/wp-json\/wp\/v2\/users\/1"}],"replies":[{"embeddable":true,"href":"https:\/\/zoo.org\/vi\/wp-json\/wp\/v2\/comments?post=12842"}],"version-history":[{"count":0,"href":"https:\/\/zoo.org\/vi\/wp-json\/wp\/v2\/pages\/12842\/revisions"}],"up":[{"embeddable":true,"href":"https:\/\/zoo.org\/vi\/wp-json\/wp\/v2\/pages\/12796"}],"wp:featuredmedia":[{"embeddable":true,"href":"https:\/\/zoo.org\/vi\/wp-json\/wp\/v2\/media\/12798"}],"wp:attachment":[{"href":"https:\/\/zoo.org\/vi\/wp-json\/wp\/v2\/media?parent=12842"}],"curies":[{"name":"wp","href":"https:\/\/api.w.org\/{rel}","templated":true}]}}