{"id":12921,"date":"2025-10-17T12:10:09","date_gmt":"2025-10-17T19:10:09","guid":{"rendered":"https:\/\/zoo.org\/tuy-chon-email-myzoo\/"},"modified":"2025-12-12T17:51:39","modified_gmt":"2025-12-13T01:51:39","slug":"tuy-chon-email-myzoo","status":"publish","type":"page","link":"https:\/\/zoo.org\/vi\/tuy-chon-email-myzoo\/","title":{"rendered":"T\u00f9y ch\u1ecdn email MyZoo"},"content":{"rendered":"\n<div class=\"wp-block-cover alignfull hero\" style=\"margin-top:0;margin-bottom:0\"><img loading=\"lazy\" decoding=\"async\" width=\"1920\" height=\"400\" class=\"wp-block-cover__image-background wp-image-1157 size-full\" alt=\"\" src=\"http:\/\/zoo.org\/wp-content\/uploads\/2025\/05\/Lynx-Forest-Header-Image.jpg\" data-object-fit=\"cover\" srcset=\"https:\/\/zoo.org\/wp-content\/uploads\/2025\/05\/Lynx-Forest-Header-Image.jpg 1920w, https:\/\/zoo.org\/wp-content\/uploads\/2025\/05\/Lynx-Forest-Header-Image-300x63.jpg 300w, https:\/\/zoo.org\/wp-content\/uploads\/2025\/05\/Lynx-Forest-Header-Image-1024x213.jpg 1024w, https:\/\/zoo.org\/wp-content\/uploads\/2025\/05\/Lynx-Forest-Header-Image-768x160.jpg 768w, https:\/\/zoo.org\/wp-content\/uploads\/2025\/05\/Lynx-Forest-Header-Image-1536x320.jpg 1536w\" sizes=\"auto, (max-width: 1920px) 100vw, 1920px\" \/><span aria-hidden=\"true\" class=\"wp-block-cover__background has-background-dim-0 has-background-dim\" style=\"background-color:#636e5d\"><\/span><div class=\"wp-block-cover__inner-container is-layout-constrained wp-block-cover-is-layout-constrained\">\n<p class=\"has-text-align-center has-large-font-size\"><\/p>\n<\/div><\/div>\n\n<div class=\"wp-block-group is-layout-constrained wp-block-group-is-layout-constrained\" style=\"margin-top:2em;margin-bottom:3em\">\n<h1 class=\"wp-block-heading has-text-align-center\" style=\"margin-top:0.65em;margin-bottom:0.275em\">T\u00d9Y CH\u1eccN EMAIL<\/h1>\n<\/div>\n\n<div class=\"wp-block-group alignfull divider is-layout-constrained wp-block-group-is-layout-constrained\">\n<h2 class=\"wp-block-heading alignfull has-text-align-center\">C\u1eadp nh\u1eadt t\u00f9y ch\u1ecdn c\u1ee7a b\u1ea1n<\/h2>\n<\/div>\n\n<p><strong>Vui l\u00f2ng \u0111i\u1ec1n v\u00e0o bi\u1ec3u m\u1eabu b\u00ean d\u01b0\u1edbi v\u1edbi \u0111\u1ecba ch\u1ec9 email c\u1ee7a b\u1ea1n \u0111\u1ec3 c\u1eadp nh\u1eadt t\u00f9y ch\u1ecdn email.<\/strong><\/p>\n\n<p>B\u1ea1n c\u00f3 th\u1ec3 \u0111\u0103ng k\u00fd ho\u1eb7c h\u1ee7y \u0111\u0103ng k\u00fd nh\u1eadn b\u1ea3n tin email \u0111\u1ecbnh k\u1ef3 c\u1ee7a s\u1edf th\u00fa b\u1eb1ng c\u00e1ch s\u1eed d\u1ee5ng bi\u1ec3u m\u1eabu t\u00f9y ch\u1ecdn nh\u1eadn b\u1ea3n tin email n\u00e0y.<\/p>\n\n<p>B\u1ea1n mu\u1ed1n \u0111\u0103ng k\u00fd nh\u1eadn email t\u1eeb s\u1edf th\u00fa? <a href=\"https:\/\/www.zoo.org\/signup\">H\u00e3y \u0111\u0103ng k\u00fd MyZooNews<\/a> \u0111\u1ec3 nh\u1eadn c\u1eadp nh\u1eadt qua email v\u1ec1 c\u00e1c lo\u00e0i \u0111\u1ed9ng v\u1eadt trong s\u1edf th\u00fa, s\u1ef1 ki\u1ec7n, c\u01a1 h\u1ed9i gi\u00e1o d\u1ee5c, c\u1eadp nh\u1eadt v\u1ec1 b\u1ea3o t\u1ed3n, \u01b0u \u0111\u00e3i \u0111\u1eb7c bi\u1ec7t v\u00e0 nhi\u1ec1u h\u01a1n n\u1eefa.  <\/p>\n\n<p> <\/p>\n<p><iframe loading=\"lazy\" frameborder=\"0\" height=\"800\" src=\"https:\/\/www.formstack.com\/forms\/?1186360-AY9ma7S6PM-v3\" width=\"650\"><\/iframe><\/p>\n<p> <\/p>\n","protected":false},"excerpt":{"rendered":"<p>T\u00d9Y CH\u1eccN EMAIL C\u1eadp nh\u1eadt t\u00f9y ch\u1ecdn c\u1ee7a b\u1ea1n Vui l\u00f2ng \u0111i\u1ec1n v\u00e0o bi\u1ec3u m\u1eabu b\u00ean d\u01b0\u1edbi v\u1edbi \u0111\u1ecba ch\u1ec9 email c\u1ee7a b\u1ea1n \u0111\u1ec3 c\u1eadp nh\u1eadt t\u00f9y ch\u1ecdn email. B\u1ea1n [&hellip;]<\/p>\n","protected":false},"author":1,"featured_media":0,"parent":0,"menu_order":0,"comment_status":"closed","ping_status":"closed","template":"","meta":{"_acf_changed":false,"_kad_blocks_custom_css":"","_kad_blocks_head_custom_js":"","_kad_blocks_body_custom_js":"","_kad_blocks_footer_custom_js":"","footnotes":""},"class_list":["post-12921","page","type-page","status-publish","hentry"],"blocksy_meta":[],"acf":[],"yoast_head":"<!-- This site is optimized with the Yoast SEO plugin v27.4 - https:\/\/yoast.com\/product\/yoast-seo-wordpress\/ -->\n<title>T\u00f9y ch\u1ecdn email MyZoo - V\u01b0\u1eddn th\u00fa Woodland Park<\/title>\n<meta name=\"description\" content=\"C\u1eadp nh\u1eadt t\u00f9y ch\u1ecdn c\u1ee7a b\u1ea1n Vui l\u00f2ng \u0111i\u1ec1n v\u00e0o bi\u1ec3u m\u1eabu b\u00ean d\u01b0\u1edbi v\u1edbi \u0111\u1ecba ch\u1ec9 email c\u1ee7a b\u1ea1n \u0111\u1ec3 c\u1eadp nh\u1eadt t\u00f9y ch\u1ecdn email.\" \/>\n<meta name=\"robots\" content=\"index, follow, max-snippet:-1, max-image-preview:large, max-video-preview:-1\" \/>\n<link rel=\"canonical\" href=\"https:\/\/zoo.org\/vi\/tuy-chon-email-myzoo\/\" \/>\n<meta property=\"og:locale\" content=\"vi_VN\" \/>\n<meta property=\"og:type\" content=\"article\" \/>\n<meta property=\"og:title\" content=\"T\u00f9y ch\u1ecdn email MyZoo - V\u01b0\u1eddn th\u00fa Woodland Park\" \/>\n<meta property=\"og:description\" content=\"C\u1eadp nh\u1eadt t\u00f9y ch\u1ecdn c\u1ee7a b\u1ea1n Vui l\u00f2ng \u0111i\u1ec1n v\u00e0o bi\u1ec3u m\u1eabu b\u00ean d\u01b0\u1edbi v\u1edbi \u0111\u1ecba ch\u1ec9 email c\u1ee7a b\u1ea1n \u0111\u1ec3 c\u1eadp nh\u1eadt t\u00f9y ch\u1ecdn email.\" \/>\n<meta property=\"og:url\" content=\"https:\/\/zoo.org\/vi\/tuy-chon-email-myzoo\/\" \/>\n<meta property=\"og:site_name\" content=\"V\u01b0\u1eddn th\u00fa Woodland Park\" \/>\n<meta property=\"article:modified_time\" content=\"2025-12-13T01:51:39+00:00\" \/>\n<meta property=\"og:image\" content=\"http:\/\/zoo.org\/wp-content\/uploads\/2025\/05\/Lynx-Forest-Header-Image.jpg\" \/>\n<meta name=\"twitter:card\" content=\"summary_large_image\" \/>\n<script type=\"application\/ld+json\" class=\"yoast-schema-graph\">{\"@context\":\"https:\\\/\\\/schema.org\",\"@graph\":[{\"@type\":\"WebPage\",\"@id\":\"https:\\\/\\\/zoo.org\\\/vi\\\/tuy-chon-email-myzoo\\\/\",\"url\":\"https:\\\/\\\/zoo.org\\\/vi\\\/tuy-chon-email-myzoo\\\/\",\"name\":\"T\u00f9y ch\u1ecdn email MyZoo - V\u01b0\u1eddn th\u00fa Woodland Park\",\"isPartOf\":{\"@id\":\"https:\\\/\\\/zoo.org\\\/vi\\\/#website\"},\"primaryImageOfPage\":{\"@id\":\"https:\\\/\\\/zoo.org\\\/vi\\\/tuy-chon-email-myzoo\\\/#primaryimage\"},\"image\":{\"@id\":\"https:\\\/\\\/zoo.org\\\/vi\\\/tuy-chon-email-myzoo\\\/#primaryimage\"},\"thumbnailUrl\":\"http:\\\/\\\/zoo.org\\\/wp-content\\\/uploads\\\/2025\\\/05\\\/Lynx-Forest-Header-Image.jpg\",\"datePublished\":\"2025-10-17T19:10:09+00:00\",\"dateModified\":\"2025-12-13T01:51:39+00:00\",\"description\":\"C\u1eadp nh\u1eadt t\u00f9y ch\u1ecdn c\u1ee7a b\u1ea1n Vui l\u00f2ng \u0111i\u1ec1n v\u00e0o bi\u1ec3u m\u1eabu b\u00ean d\u01b0\u1edbi v\u1edbi \u0111\u1ecba ch\u1ec9 email c\u1ee7a b\u1ea1n \u0111\u1ec3 c\u1eadp nh\u1eadt t\u00f9y ch\u1ecdn email.\",\"breadcrumb\":{\"@id\":\"https:\\\/\\\/zoo.org\\\/vi\\\/tuy-chon-email-myzoo\\\/#breadcrumb\"},\"inLanguage\":\"vi\",\"potentialAction\":[{\"@type\":\"ReadAction\",\"target\":[\"https:\\\/\\\/zoo.org\\\/vi\\\/tuy-chon-email-myzoo\\\/\"]}]},{\"@type\":\"ImageObject\",\"inLanguage\":\"vi\",\"@id\":\"https:\\\/\\\/zoo.org\\\/vi\\\/tuy-chon-email-myzoo\\\/#primaryimage\",\"url\":\"http:\\\/\\\/zoo.org\\\/wp-content\\\/uploads\\\/2025\\\/05\\\/Lynx-Forest-Header-Image.jpg\",\"contentUrl\":\"http:\\\/\\\/zoo.org\\\/wp-content\\\/uploads\\\/2025\\\/05\\\/Lynx-Forest-Header-Image.jpg\"},{\"@type\":\"BreadcrumbList\",\"@id\":\"https:\\\/\\\/zoo.org\\\/vi\\\/tuy-chon-email-myzoo\\\/#breadcrumb\",\"itemListElement\":[{\"@type\":\"ListItem\",\"position\":1,\"name\":\"Trang ch\u1ee7\",\"item\":\"https:\\\/\\\/zoo.org\\\/vi\\\/\"},{\"@type\":\"ListItem\",\"position\":2,\"name\":\"T\u00f9y ch\u1ecdn email MyZoo\"}]},{\"@type\":\"WebSite\",\"@id\":\"https:\\\/\\\/zoo.org\\\/vi\\\/#website\",\"url\":\"https:\\\/\\\/zoo.org\\\/vi\\\/\",\"name\":\"V\u01b0\u1eddn th\u00fa Woodland Park\",\"description\":\"V\u01b0\u1eddn th\u00fa Woodland Park c\u1ee9u s\u1ed1ng \u0111\u1ed9ng v\u1eadt hoang d\u00e3 v\u00e0 truy\u1ec1n c\u1ea3m h\u1ee9ng cho m\u1ecdi ng\u01b0\u1eddi coi b\u1ea3o t\u1ed3n l\u00e0 \u01b0u ti\u00ean h\u00e0ng \u0111\u1ea7u trong cu\u1ed9c s\u1ed1ng c\u1ee7a m\u00ecnh.\",\"publisher\":{\"@id\":\"https:\\\/\\\/zoo.org\\\/vi\\\/#organization\"},\"potentialAction\":[{\"@type\":\"SearchAction\",\"target\":{\"@type\":\"EntryPoint\",\"urlTemplate\":\"https:\\\/\\\/zoo.org\\\/vi\\\/?s={search_term_string}\"},\"query-input\":{\"@type\":\"PropertyValueSpecification\",\"valueRequired\":true,\"valueName\":\"search_term_string\"}}],\"inLanguage\":\"vi\"},{\"@type\":\"Organization\",\"@id\":\"https:\\\/\\\/zoo.org\\\/vi\\\/#organization\",\"name\":\"V\u01b0\u1eddn th\u00fa Woodland Park\",\"url\":\"https:\\\/\\\/zoo.org\\\/vi\\\/\",\"logo\":{\"@type\":\"ImageObject\",\"inLanguage\":\"vi\",\"@id\":\"https:\\\/\\\/zoo.org\\\/vi\\\/#\\\/schema\\\/logo\\\/image\\\/\",\"url\":\"https:\\\/\\\/zoo.org\\\/wp-content\\\/uploads\\\/2026\\\/01\\\/WPZ-Logo_white-SVG.svg?wsr\",\"contentUrl\":\"https:\\\/\\\/zoo.org\\\/wp-content\\\/uploads\\\/2026\\\/01\\\/WPZ-Logo_white-SVG.svg?wsr\",\"width\":288,\"height\":282,\"caption\":\"V\u01b0\u1eddn th\u00fa Woodland Park\"},\"image\":{\"@id\":\"https:\\\/\\\/zoo.org\\\/vi\\\/#\\\/schema\\\/logo\\\/image\\\/\"}}]}<\/script>\n<!-- \/ Yoast SEO plugin. -->","yoast_head_json":{"title":"T\u00f9y ch\u1ecdn email MyZoo - V\u01b0\u1eddn th\u00fa Woodland Park","description":"C\u1eadp nh\u1eadt t\u00f9y ch\u1ecdn c\u1ee7a b\u1ea1n Vui l\u00f2ng \u0111i\u1ec1n v\u00e0o bi\u1ec3u m\u1eabu b\u00ean d\u01b0\u1edbi v\u1edbi \u0111\u1ecba ch\u1ec9 email c\u1ee7a b\u1ea1n \u0111\u1ec3 c\u1eadp nh\u1eadt t\u00f9y ch\u1ecdn email.","robots":{"index":"index","follow":"follow","max-snippet":"max-snippet:-1","max-image-preview":"max-image-preview:large","max-video-preview":"max-video-preview:-1"},"canonical":"https:\/\/zoo.org\/vi\/tuy-chon-email-myzoo\/","og_locale":"vi_VN","og_type":"article","og_title":"T\u00f9y ch\u1ecdn email MyZoo - V\u01b0\u1eddn th\u00fa Woodland Park","og_description":"C\u1eadp nh\u1eadt t\u00f9y ch\u1ecdn c\u1ee7a b\u1ea1n Vui l\u00f2ng \u0111i\u1ec1n v\u00e0o bi\u1ec3u m\u1eabu b\u00ean d\u01b0\u1edbi v\u1edbi \u0111\u1ecba ch\u1ec9 email c\u1ee7a b\u1ea1n \u0111\u1ec3 c\u1eadp nh\u1eadt t\u00f9y ch\u1ecdn email.","og_url":"https:\/\/zoo.org\/vi\/tuy-chon-email-myzoo\/","og_site_name":"V\u01b0\u1eddn th\u00fa Woodland Park","article_modified_time":"2025-12-13T01:51:39+00:00","og_image":[{"url":"http:\/\/zoo.org\/wp-content\/uploads\/2025\/05\/Lynx-Forest-Header-Image.jpg","type":"","width":"","height":""}],"twitter_card":"summary_large_image","schema":{"@context":"https:\/\/schema.org","@graph":[{"@type":"WebPage","@id":"https:\/\/zoo.org\/vi\/tuy-chon-email-myzoo\/","url":"https:\/\/zoo.org\/vi\/tuy-chon-email-myzoo\/","name":"T\u00f9y ch\u1ecdn email MyZoo - V\u01b0\u1eddn th\u00fa Woodland Park","isPartOf":{"@id":"https:\/\/zoo.org\/vi\/#website"},"primaryImageOfPage":{"@id":"https:\/\/zoo.org\/vi\/tuy-chon-email-myzoo\/#primaryimage"},"image":{"@id":"https:\/\/zoo.org\/vi\/tuy-chon-email-myzoo\/#primaryimage"},"thumbnailUrl":"http:\/\/zoo.org\/wp-content\/uploads\/2025\/05\/Lynx-Forest-Header-Image.jpg","datePublished":"2025-10-17T19:10:09+00:00","dateModified":"2025-12-13T01:51:39+00:00","description":"C\u1eadp nh\u1eadt t\u00f9y ch\u1ecdn c\u1ee7a b\u1ea1n Vui l\u00f2ng \u0111i\u1ec1n v\u00e0o bi\u1ec3u m\u1eabu b\u00ean d\u01b0\u1edbi v\u1edbi \u0111\u1ecba ch\u1ec9 email c\u1ee7a b\u1ea1n \u0111\u1ec3 c\u1eadp nh\u1eadt t\u00f9y ch\u1ecdn email.","breadcrumb":{"@id":"https:\/\/zoo.org\/vi\/tuy-chon-email-myzoo\/#breadcrumb"},"inLanguage":"vi","potentialAction":[{"@type":"ReadAction","target":["https:\/\/zoo.org\/vi\/tuy-chon-email-myzoo\/"]}]},{"@type":"ImageObject","inLanguage":"vi","@id":"https:\/\/zoo.org\/vi\/tuy-chon-email-myzoo\/#primaryimage","url":"http:\/\/zoo.org\/wp-content\/uploads\/2025\/05\/Lynx-Forest-Header-Image.jpg","contentUrl":"http:\/\/zoo.org\/wp-content\/uploads\/2025\/05\/Lynx-Forest-Header-Image.jpg"},{"@type":"BreadcrumbList","@id":"https:\/\/zoo.org\/vi\/tuy-chon-email-myzoo\/#breadcrumb","itemListElement":[{"@type":"ListItem","position":1,"name":"Trang ch\u1ee7","item":"https:\/\/zoo.org\/vi\/"},{"@type":"ListItem","position":2,"name":"T\u00f9y ch\u1ecdn email MyZoo"}]},{"@type":"WebSite","@id":"https:\/\/zoo.org\/vi\/#website","url":"https:\/\/zoo.org\/vi\/","name":"V\u01b0\u1eddn th\u00fa Woodland Park","description":"V\u01b0\u1eddn th\u00fa Woodland Park c\u1ee9u s\u1ed1ng \u0111\u1ed9ng v\u1eadt hoang d\u00e3 v\u00e0 truy\u1ec1n c\u1ea3m h\u1ee9ng cho m\u1ecdi ng\u01b0\u1eddi coi b\u1ea3o t\u1ed3n l\u00e0 \u01b0u ti\u00ean h\u00e0ng \u0111\u1ea7u trong cu\u1ed9c s\u1ed1ng c\u1ee7a m\u00ecnh.","publisher":{"@id":"https:\/\/zoo.org\/vi\/#organization"},"potentialAction":[{"@type":"SearchAction","target":{"@type":"EntryPoint","urlTemplate":"https:\/\/zoo.org\/vi\/?s={search_term_string}"},"query-input":{"@type":"PropertyValueSpecification","valueRequired":true,"valueName":"search_term_string"}}],"inLanguage":"vi"},{"@type":"Organization","@id":"https:\/\/zoo.org\/vi\/#organization","name":"V\u01b0\u1eddn th\u00fa Woodland Park","url":"https:\/\/zoo.org\/vi\/","logo":{"@type":"ImageObject","inLanguage":"vi","@id":"https:\/\/zoo.org\/vi\/#\/schema\/logo\/image\/","url":"https:\/\/zoo.org\/wp-content\/uploads\/2026\/01\/WPZ-Logo_white-SVG.svg?wsr","contentUrl":"https:\/\/zoo.org\/wp-content\/uploads\/2026\/01\/WPZ-Logo_white-SVG.svg?wsr","width":288,"height":282,"caption":"V\u01b0\u1eddn th\u00fa Woodland Park"},"image":{"@id":"https:\/\/zoo.org\/vi\/#\/schema\/logo\/image\/"}}]}},"taxonomy_info":[],"featured_image_src_large":false,"author_info":{"display_name":"jloughlin","author_link":"https:\/\/zoo.org\/vi\/author\/jloughlin\/"},"comment_info":0,"_links":{"self":[{"href":"https:\/\/zoo.org\/vi\/wp-json\/wp\/v2\/pages\/12921","targetHints":{"allow":["GET"]}}],"collection":[{"href":"https:\/\/zoo.org\/vi\/wp-json\/wp\/v2\/pages"}],"about":[{"href":"https:\/\/zoo.org\/vi\/wp-json\/wp\/v2\/types\/page"}],"author":[{"embeddable":true,"href":"https:\/\/zoo.org\/vi\/wp-json\/wp\/v2\/users\/1"}],"replies":[{"embeddable":true,"href":"https:\/\/zoo.org\/vi\/wp-json\/wp\/v2\/comments?post=12921"}],"version-history":[{"count":0,"href":"https:\/\/zoo.org\/vi\/wp-json\/wp\/v2\/pages\/12921\/revisions"}],"wp:attachment":[{"href":"https:\/\/zoo.org\/vi\/wp-json\/wp\/v2\/media?parent=12921"}],"curies":[{"name":"wp","href":"https:\/\/api.w.org\/{rel}","templated":true}]}}