{"id":12941,"date":"2025-10-20T16:06:48","date_gmt":"2025-10-20T23:06:48","guid":{"rendered":"https:\/\/zoo.org\/tin-tuc-myzoo\/"},"modified":"2025-12-12T17:51:46","modified_gmt":"2025-12-13T01:51:46","slug":"tin-tuc-myzoo","status":"publish","type":"page","link":"https:\/\/zoo.org\/vi\/tin-tuc-myzoo\/","title":{"rendered":"Tin t\u1ee9c MyZoo"},"content":{"rendered":"\n<div class=\"wp-block-cover alignfull hero\" style=\"margin-top:0;margin-bottom:0\"><img loading=\"lazy\" decoding=\"async\" width=\"1920\" height=\"400\" class=\"wp-block-cover__image-background wp-image-1157 size-full\" alt=\"\" src=\"http:\/\/zoo.org\/wp-content\/uploads\/2025\/05\/Lynx-Forest-Header-Image.jpg\" data-object-fit=\"cover\" srcset=\"https:\/\/zoo.org\/wp-content\/uploads\/2025\/05\/Lynx-Forest-Header-Image.jpg 1920w, https:\/\/zoo.org\/wp-content\/uploads\/2025\/05\/Lynx-Forest-Header-Image-300x63.jpg 300w, https:\/\/zoo.org\/wp-content\/uploads\/2025\/05\/Lynx-Forest-Header-Image-1024x213.jpg 1024w, https:\/\/zoo.org\/wp-content\/uploads\/2025\/05\/Lynx-Forest-Header-Image-768x160.jpg 768w, https:\/\/zoo.org\/wp-content\/uploads\/2025\/05\/Lynx-Forest-Header-Image-1536x320.jpg 1536w\" sizes=\"auto, (max-width: 1920px) 100vw, 1920px\" \/><span aria-hidden=\"true\" class=\"wp-block-cover__background has-background-dim-0 has-background-dim\" style=\"background-color:#636e5d\"><\/span><div class=\"wp-block-cover__inner-container is-layout-constrained wp-block-cover-is-layout-constrained\">\n<p class=\"has-text-align-center has-large-font-size\"><\/p>\n<\/div><\/div>\n\n<div class=\"wp-block-group is-layout-constrained wp-block-group-is-layout-constrained\" style=\"margin-top:2em;margin-bottom:3em\">\n<h1 class=\"wp-block-heading has-text-align-center\" style=\"margin-top:0.65em;margin-bottom:0.275em\">Tin t\u1ee9c <strong>s\u1edf th\u00fa<\/strong> c\u1ee7a t\u00f4i<\/h1>\n<\/div>\n\n<div class=\"wp-block-group alignfull divider is-layout-constrained wp-block-group-is-layout-constrained\">\n<h2 class=\"wp-block-heading alignfull has-text-align-center\">\u0110\u0103ng k\u00fd<\/h2>\n<\/div>\n\n<h3 class=\"wp-block-heading\">\u0110\u0103ng k\u00fd nh\u1eadn email c\u1ee7a ch\u00fang t\u00f4i<\/h3>\n\n<h4 class=\"wp-block-heading\">H\u00e3y lu\u00f4n c\u1eadp nh\u1eadt nh\u1eefng th\u00f4ng tin m\u1edbi nh\u1ea5t t\u1ea1i s\u1edf th\u00fa.<\/h4>\n\n<p>B\u1ea1n s\u1ebd nh\u1eadn \u0111\u01b0\u1ee3c b\u1ea3n tin email MyZooNews c\u1ee7a ch\u00fang t\u00f4i v\u00e0 th\u1ec9nh tho\u1ea3ng nh\u1eadn \u0111\u01b0\u1ee3c email v\u1ec1 c\u00e1c s\u1ef1 ki\u1ec7n s\u1eafp t\u1edbi, tin t\u1ee9c b\u1ea3o t\u1ed3n v\u00e0 c\u00e1c \u01b0u \u0111\u00e3i \u0111\u1eb7c bi\u1ec7t d\u00e0nh ri\u00eang cho b\u1ea1n.<\/p>\n\n<p> <\/p>\n<script type=\"text\/javascript\" src=\"https:\/\/woodlandparkzoo.formstack.com\/forms\/js.php\/mzn_signup_form\"><\/script><noscript><a href=\"https:\/\/woodlandparkzoo.formstack.com\/forms\/mzn_signup_form\" title=\"Bi\u1ec3u m\u1eabu tr\u1ef1c tuy\u1ebfn\">Bi\u1ec3u m\u1eabu tr\u1ef1c tuy\u1ebfn &#8211; Bi\u1ec3u m\u1eabu \u0111\u0103ng k\u00fd Salesforce MZN<\/a><\/noscript>\n","protected":false},"excerpt":{"rendered":"<p>Tin t\u1ee9c s\u1edf th\u00fa c\u1ee7a t\u00f4i \u0110\u0103ng k\u00fd \u0110\u0103ng k\u00fd nh\u1eadn email c\u1ee7a ch\u00fang t\u00f4i H\u00e3y lu\u00f4n c\u1eadp nh\u1eadt nh\u1eefng th\u00f4ng tin m\u1edbi nh\u1ea5t t\u1ea1i s\u1edf th\u00fa. B\u1ea1n s\u1ebd nh\u1eadn [&hellip;]<\/p>\n","protected":false},"author":1,"featured_media":10437,"parent":0,"menu_order":0,"comment_status":"closed","ping_status":"closed","template":"","meta":{"_acf_changed":false,"_kad_blocks_custom_css":"","_kad_blocks_head_custom_js":"","_kad_blocks_body_custom_js":"","_kad_blocks_footer_custom_js":"","footnotes":""},"class_list":["post-12941","page","type-page","status-publish","has-post-thumbnail","hentry"],"blocksy_meta":[],"acf":[],"yoast_head":"<!-- This site is optimized with the Yoast SEO plugin v27.3 - https:\/\/yoast.com\/product\/yoast-seo-wordpress\/ -->\n<title>Tin t\u1ee9c MyZoo - V\u01b0\u1eddn th\u00fa Woodland Park<\/title>\n<meta name=\"description\" content=\"\u0110\u0103ng k\u00fd nh\u1eadn b\u1ea3n tin \u0111i\u1ec7n t\u1eed MYZOO mi\u1ec5n ph\u00ed c\u1ee7a ch\u00fang t\u00f4i.\" \/>\n<meta name=\"robots\" content=\"index, follow, max-snippet:-1, max-image-preview:large, max-video-preview:-1\" \/>\n<link rel=\"canonical\" href=\"https:\/\/zoo.org\/vi\/tin-tuc-myzoo\/\" \/>\n<meta property=\"og:locale\" content=\"vi_VN\" \/>\n<meta property=\"og:type\" content=\"article\" \/>\n<meta property=\"og:title\" content=\"Tin t\u1ee9c MyZoo - V\u01b0\u1eddn th\u00fa Woodland Park\" \/>\n<meta property=\"og:description\" content=\"\u0110\u0103ng k\u00fd nh\u1eadn b\u1ea3n tin \u0111i\u1ec7n t\u1eed MYZOO mi\u1ec5n ph\u00ed c\u1ee7a ch\u00fang t\u00f4i.\" \/>\n<meta property=\"og:url\" content=\"https:\/\/zoo.org\/vi\/tin-tuc-myzoo\/\" \/>\n<meta property=\"og:site_name\" content=\"V\u01b0\u1eddn th\u00fa Woodland Park\" \/>\n<meta property=\"article:modified_time\" content=\"2025-12-13T01:51:46+00:00\" \/>\n<meta property=\"og:image\" content=\"https:\/\/zoo.org\/wp-content\/uploads\/2025\/08\/RS33694_2017_-WPZ-AERIALS-2-web.jpg\" \/>\n\t<meta property=\"og:image:width\" content=\"940\" \/>\n\t<meta property=\"og:image:height\" content=\"627\" \/>\n\t<meta property=\"og:image:type\" content=\"image\/jpeg\" \/>\n<meta name=\"twitter:card\" content=\"summary_large_image\" \/>\n<script type=\"application\/ld+json\" class=\"yoast-schema-graph\">{\"@context\":\"https:\\\/\\\/schema.org\",\"@graph\":[{\"@type\":\"WebPage\",\"@id\":\"https:\\\/\\\/zoo.org\\\/vi\\\/tin-tuc-myzoo\\\/\",\"url\":\"https:\\\/\\\/zoo.org\\\/vi\\\/tin-tuc-myzoo\\\/\",\"name\":\"Tin t\u1ee9c MyZoo - V\u01b0\u1eddn th\u00fa Woodland Park\",\"isPartOf\":{\"@id\":\"https:\\\/\\\/zoo.org\\\/vi\\\/#website\"},\"primaryImageOfPage\":{\"@id\":\"https:\\\/\\\/zoo.org\\\/vi\\\/tin-tuc-myzoo\\\/#primaryimage\"},\"image\":{\"@id\":\"https:\\\/\\\/zoo.org\\\/vi\\\/tin-tuc-myzoo\\\/#primaryimage\"},\"thumbnailUrl\":\"https:\\\/\\\/zoo.org\\\/wp-content\\\/uploads\\\/2025\\\/08\\\/RS33694_2017_-WPZ-AERIALS-2-web.jpg?wsr\",\"datePublished\":\"2025-10-20T23:06:48+00:00\",\"dateModified\":\"2025-12-13T01:51:46+00:00\",\"description\":\"\u0110\u0103ng k\u00fd nh\u1eadn b\u1ea3n tin \u0111i\u1ec7n t\u1eed MYZOO mi\u1ec5n ph\u00ed c\u1ee7a ch\u00fang t\u00f4i.\",\"breadcrumb\":{\"@id\":\"https:\\\/\\\/zoo.org\\\/vi\\\/tin-tuc-myzoo\\\/#breadcrumb\"},\"inLanguage\":\"vi\",\"potentialAction\":[{\"@type\":\"ReadAction\",\"target\":[\"https:\\\/\\\/zoo.org\\\/vi\\\/tin-tuc-myzoo\\\/\"]}]},{\"@type\":\"ImageObject\",\"inLanguage\":\"vi\",\"@id\":\"https:\\\/\\\/zoo.org\\\/vi\\\/tin-tuc-myzoo\\\/#primaryimage\",\"url\":\"https:\\\/\\\/zoo.org\\\/wp-content\\\/uploads\\\/2025\\\/08\\\/RS33694_2017_-WPZ-AERIALS-2-web.jpg?wsr\",\"contentUrl\":\"https:\\\/\\\/zoo.org\\\/wp-content\\\/uploads\\\/2025\\\/08\\\/RS33694_2017_-WPZ-AERIALS-2-web.jpg?wsr\",\"width\":940,\"height\":627,\"caption\":\"\u1ea2nh ch\u1ee5p t\u1eeb tr\u00ean cao c\u1ee7a v\u01b0\u1eddn th\u00fa v\u1edbi nh\u1eefng t\u00e1n c\u00e2y xanh m\u01b0\u1edbt, bao quanh l\u00e0 c\u00e1c con ph\u1ed1 v\u00e0 t\u00f2a nh\u00e0 \u0111\u00f4 th\u1ecb, ph\u00eda sau l\u00e0 m\u1ed9t h\u1ed3 n\u01b0\u1edbc l\u1edbn v\u00e0 khung c\u1ea3nh th\u00e0nh ph\u1ed1 tr\u1ea3i d\u00e0i d\u01b0\u1edbi b\u1ea7u tr\u1eddi trong xanh.\"},{\"@type\":\"BreadcrumbList\",\"@id\":\"https:\\\/\\\/zoo.org\\\/vi\\\/tin-tuc-myzoo\\\/#breadcrumb\",\"itemListElement\":[{\"@type\":\"ListItem\",\"position\":1,\"name\":\"Trang ch\u1ee7\",\"item\":\"https:\\\/\\\/zoo.org\\\/vi\\\/\"},{\"@type\":\"ListItem\",\"position\":2,\"name\":\"Tin t\u1ee9c MyZoo\"}]},{\"@type\":\"WebSite\",\"@id\":\"https:\\\/\\\/zoo.org\\\/vi\\\/#website\",\"url\":\"https:\\\/\\\/zoo.org\\\/vi\\\/\",\"name\":\"V\u01b0\u1eddn th\u00fa Woodland Park\",\"description\":\"V\u01b0\u1eddn th\u00fa Woodland Park c\u1ee9u s\u1ed1ng \u0111\u1ed9ng v\u1eadt hoang d\u00e3 v\u00e0 truy\u1ec1n c\u1ea3m h\u1ee9ng cho m\u1ecdi ng\u01b0\u1eddi coi b\u1ea3o t\u1ed3n l\u00e0 \u01b0u ti\u00ean h\u00e0ng \u0111\u1ea7u trong cu\u1ed9c s\u1ed1ng c\u1ee7a m\u00ecnh.\",\"publisher\":{\"@id\":\"https:\\\/\\\/zoo.org\\\/vi\\\/#organization\"},\"potentialAction\":[{\"@type\":\"SearchAction\",\"target\":{\"@type\":\"EntryPoint\",\"urlTemplate\":\"https:\\\/\\\/zoo.org\\\/vi\\\/?s={search_term_string}\"},\"query-input\":{\"@type\":\"PropertyValueSpecification\",\"valueRequired\":true,\"valueName\":\"search_term_string\"}}],\"inLanguage\":\"vi\"},{\"@type\":\"Organization\",\"@id\":\"https:\\\/\\\/zoo.org\\\/vi\\\/#organization\",\"name\":\"V\u01b0\u1eddn th\u00fa Woodland Park\",\"url\":\"https:\\\/\\\/zoo.org\\\/vi\\\/\",\"logo\":{\"@type\":\"ImageObject\",\"inLanguage\":\"vi\",\"@id\":\"https:\\\/\\\/zoo.org\\\/vi\\\/#\\\/schema\\\/logo\\\/image\\\/\",\"url\":\"https:\\\/\\\/zoo.org\\\/wp-content\\\/uploads\\\/2026\\\/01\\\/WPZ-Logo_white-SVG.svg?wsr\",\"contentUrl\":\"https:\\\/\\\/zoo.org\\\/wp-content\\\/uploads\\\/2026\\\/01\\\/WPZ-Logo_white-SVG.svg?wsr\",\"width\":288,\"height\":282,\"caption\":\"V\u01b0\u1eddn th\u00fa Woodland Park\"},\"image\":{\"@id\":\"https:\\\/\\\/zoo.org\\\/vi\\\/#\\\/schema\\\/logo\\\/image\\\/\"}}]}<\/script>\n<!-- \/ Yoast SEO plugin. -->","yoast_head_json":{"title":"Tin t\u1ee9c MyZoo - V\u01b0\u1eddn th\u00fa Woodland Park","description":"\u0110\u0103ng k\u00fd nh\u1eadn b\u1ea3n tin \u0111i\u1ec7n t\u1eed MYZOO mi\u1ec5n ph\u00ed c\u1ee7a ch\u00fang t\u00f4i.","robots":{"index":"index","follow":"follow","max-snippet":"max-snippet:-1","max-image-preview":"max-image-preview:large","max-video-preview":"max-video-preview:-1"},"canonical":"https:\/\/zoo.org\/vi\/tin-tuc-myzoo\/","og_locale":"vi_VN","og_type":"article","og_title":"Tin t\u1ee9c MyZoo - V\u01b0\u1eddn th\u00fa Woodland Park","og_description":"\u0110\u0103ng k\u00fd nh\u1eadn b\u1ea3n tin \u0111i\u1ec7n t\u1eed MYZOO mi\u1ec5n ph\u00ed c\u1ee7a ch\u00fang t\u00f4i.","og_url":"https:\/\/zoo.org\/vi\/tin-tuc-myzoo\/","og_site_name":"V\u01b0\u1eddn th\u00fa Woodland Park","article_modified_time":"2025-12-13T01:51:46+00:00","og_image":[{"width":940,"height":627,"url":"https:\/\/zoo.org\/wp-content\/uploads\/2025\/08\/RS33694_2017_-WPZ-AERIALS-2-web.jpg","type":"image\/jpeg"}],"twitter_card":"summary_large_image","schema":{"@context":"https:\/\/schema.org","@graph":[{"@type":"WebPage","@id":"https:\/\/zoo.org\/vi\/tin-tuc-myzoo\/","url":"https:\/\/zoo.org\/vi\/tin-tuc-myzoo\/","name":"Tin t\u1ee9c MyZoo - V\u01b0\u1eddn th\u00fa Woodland Park","isPartOf":{"@id":"https:\/\/zoo.org\/vi\/#website"},"primaryImageOfPage":{"@id":"https:\/\/zoo.org\/vi\/tin-tuc-myzoo\/#primaryimage"},"image":{"@id":"https:\/\/zoo.org\/vi\/tin-tuc-myzoo\/#primaryimage"},"thumbnailUrl":"https:\/\/zoo.org\/wp-content\/uploads\/2025\/08\/RS33694_2017_-WPZ-AERIALS-2-web.jpg?wsr","datePublished":"2025-10-20T23:06:48+00:00","dateModified":"2025-12-13T01:51:46+00:00","description":"\u0110\u0103ng k\u00fd nh\u1eadn b\u1ea3n tin \u0111i\u1ec7n t\u1eed MYZOO mi\u1ec5n ph\u00ed c\u1ee7a ch\u00fang t\u00f4i.","breadcrumb":{"@id":"https:\/\/zoo.org\/vi\/tin-tuc-myzoo\/#breadcrumb"},"inLanguage":"vi","potentialAction":[{"@type":"ReadAction","target":["https:\/\/zoo.org\/vi\/tin-tuc-myzoo\/"]}]},{"@type":"ImageObject","inLanguage":"vi","@id":"https:\/\/zoo.org\/vi\/tin-tuc-myzoo\/#primaryimage","url":"https:\/\/zoo.org\/wp-content\/uploads\/2025\/08\/RS33694_2017_-WPZ-AERIALS-2-web.jpg?wsr","contentUrl":"https:\/\/zoo.org\/wp-content\/uploads\/2025\/08\/RS33694_2017_-WPZ-AERIALS-2-web.jpg?wsr","width":940,"height":627,"caption":"\u1ea2nh ch\u1ee5p t\u1eeb tr\u00ean cao c\u1ee7a v\u01b0\u1eddn th\u00fa v\u1edbi nh\u1eefng t\u00e1n c\u00e2y xanh m\u01b0\u1edbt, bao quanh l\u00e0 c\u00e1c con ph\u1ed1 v\u00e0 t\u00f2a nh\u00e0 \u0111\u00f4 th\u1ecb, ph\u00eda sau l\u00e0 m\u1ed9t h\u1ed3 n\u01b0\u1edbc l\u1edbn v\u00e0 khung c\u1ea3nh th\u00e0nh ph\u1ed1 tr\u1ea3i d\u00e0i d\u01b0\u1edbi b\u1ea7u tr\u1eddi trong xanh."},{"@type":"BreadcrumbList","@id":"https:\/\/zoo.org\/vi\/tin-tuc-myzoo\/#breadcrumb","itemListElement":[{"@type":"ListItem","position":1,"name":"Trang ch\u1ee7","item":"https:\/\/zoo.org\/vi\/"},{"@type":"ListItem","position":2,"name":"Tin t\u1ee9c MyZoo"}]},{"@type":"WebSite","@id":"https:\/\/zoo.org\/vi\/#website","url":"https:\/\/zoo.org\/vi\/","name":"V\u01b0\u1eddn th\u00fa Woodland Park","description":"V\u01b0\u1eddn th\u00fa Woodland Park c\u1ee9u s\u1ed1ng \u0111\u1ed9ng v\u1eadt hoang d\u00e3 v\u00e0 truy\u1ec1n c\u1ea3m h\u1ee9ng cho m\u1ecdi ng\u01b0\u1eddi coi b\u1ea3o t\u1ed3n l\u00e0 \u01b0u ti\u00ean h\u00e0ng \u0111\u1ea7u trong cu\u1ed9c s\u1ed1ng c\u1ee7a m\u00ecnh.","publisher":{"@id":"https:\/\/zoo.org\/vi\/#organization"},"potentialAction":[{"@type":"SearchAction","target":{"@type":"EntryPoint","urlTemplate":"https:\/\/zoo.org\/vi\/?s={search_term_string}"},"query-input":{"@type":"PropertyValueSpecification","valueRequired":true,"valueName":"search_term_string"}}],"inLanguage":"vi"},{"@type":"Organization","@id":"https:\/\/zoo.org\/vi\/#organization","name":"V\u01b0\u1eddn th\u00fa Woodland Park","url":"https:\/\/zoo.org\/vi\/","logo":{"@type":"ImageObject","inLanguage":"vi","@id":"https:\/\/zoo.org\/vi\/#\/schema\/logo\/image\/","url":"https:\/\/zoo.org\/wp-content\/uploads\/2026\/01\/WPZ-Logo_white-SVG.svg?wsr","contentUrl":"https:\/\/zoo.org\/wp-content\/uploads\/2026\/01\/WPZ-Logo_white-SVG.svg?wsr","width":288,"height":282,"caption":"V\u01b0\u1eddn th\u00fa Woodland Park"},"image":{"@id":"https:\/\/zoo.org\/vi\/#\/schema\/logo\/image\/"}}]}},"taxonomy_info":[],"featured_image_src_large":["https:\/\/zoo.org\/wp-content\/uploads\/2025\/08\/RS33694_2017_-WPZ-AERIALS-2-web.jpg?wsr",940,627,false],"author_info":{"display_name":"jloughlin","author_link":"https:\/\/zoo.org\/vi\/author\/jloughlin\/"},"comment_info":0,"_links":{"self":[{"href":"https:\/\/zoo.org\/vi\/wp-json\/wp\/v2\/pages\/12941","targetHints":{"allow":["GET"]}}],"collection":[{"href":"https:\/\/zoo.org\/vi\/wp-json\/wp\/v2\/pages"}],"about":[{"href":"https:\/\/zoo.org\/vi\/wp-json\/wp\/v2\/types\/page"}],"author":[{"embeddable":true,"href":"https:\/\/zoo.org\/vi\/wp-json\/wp\/v2\/users\/1"}],"replies":[{"embeddable":true,"href":"https:\/\/zoo.org\/vi\/wp-json\/wp\/v2\/comments?post=12941"}],"version-history":[{"count":0,"href":"https:\/\/zoo.org\/vi\/wp-json\/wp\/v2\/pages\/12941\/revisions"}],"wp:featuredmedia":[{"embeddable":true,"href":"https:\/\/zoo.org\/vi\/wp-json\/wp\/v2\/media\/10437"}],"wp:attachment":[{"href":"https:\/\/zoo.org\/vi\/wp-json\/wp\/v2\/media?parent=12941"}],"curies":[{"name":"wp","href":"https:\/\/api.w.org\/{rel}","templated":true}]}}