{"id":13379,"date":"2025-08-18T15:23:36","date_gmt":"2025-08-18T22:23:36","guid":{"rendered":"https:\/\/zoo.org\/gap-go-cac-loai-dong-vat\/chim-canh-cut-humboldt\/"},"modified":"2025-12-16T09:08:33","modified_gmt":"2025-12-16T17:08:33","slug":"chim-canh-cut-humboldt","status":"publish","type":"page","link":"https:\/\/zoo.org\/vi\/chim-canh-cut-humboldt\/","title":{"rendered":"Chim c\u00e1nh c\u1ee5t Humboldt"},"content":{"rendered":"\n<div class=\"wp-block-cover alignfull is-light hero\" style=\"margin-top:0;margin-bottom:0\"><img loading=\"lazy\" decoding=\"async\" width=\"1920\" height=\"400\" class=\"wp-block-cover__image-background wp-image-3470 size-full\" alt=\"\" src=\"https:\/\/zoo.org\/wp-content\/uploads\/2025\/08\/Penguin-Photo-Break.jpg\" data-object-fit=\"cover\" srcset=\"https:\/\/zoo.org\/wp-content\/uploads\/2025\/08\/Penguin-Photo-Break.jpg 1920w, https:\/\/zoo.org\/wp-content\/uploads\/2025\/08\/Penguin-Photo-Break-300x63.jpg 300w, https:\/\/zoo.org\/wp-content\/uploads\/2025\/08\/Penguin-Photo-Break-1024x213.jpg 1024w, https:\/\/zoo.org\/wp-content\/uploads\/2025\/08\/Penguin-Photo-Break-768x160.jpg 768w, https:\/\/zoo.org\/wp-content\/uploads\/2025\/08\/Penguin-Photo-Break-1536x320.jpg 1536w\" sizes=\"auto, (max-width: 1920px) 100vw, 1920px\" \/><span aria-hidden=\"true\" class=\"wp-block-cover__background has-background-dim-0 has-background-dim\" style=\"background-color:#8e8a87\"><\/span><div class=\"wp-block-cover__inner-container is-layout-constrained wp-block-cover-is-layout-constrained\">\n<p class=\"has-text-align-center has-large-font-size\"><\/p>\n<\/div><\/div>\n\n<div class=\"wp-block-group is-layout-constrained wp-block-group-is-layout-constrained\" style=\"margin-top:2em;margin-bottom:3em\">\n<h1 class=\"wp-block-heading has-text-align-center\" style=\"margin-top:0.65em;margin-bottom:0.275em\">Chim c\u00e1nh c\u1ee5t Humboldt<\/h1>\n\n\n\n<p class=\"has-text-align-center has-palette-color-3-color has-text-color has-link-color wp-elements-d82dafb819181b1bdc642a9d595c4f94\" style=\"margin-bottom:1em;font-size:clamp(0.984em, 0.984rem + ((1vw - 0.2em) * 0.645), 1.5em);font-style:normal;font-weight:500;line-height:1.5\"><strong>Ch\u00e0o m\u1eebng \u0111\u1ebfn v\u1edbi b\u1edd bi\u1ec3n sa m\u1ea1c c\u1ee7a Peru.<\/strong><\/p>\n<\/div>\n\n<div class=\"wp-block-group alignfull divider is-layout-constrained wp-block-group-is-layout-constrained\">\n<h2 class=\"wp-block-heading alignfull has-text-align-center\">GI\u1edaI THI\u1ec6U V\u1ec0 TRI\u1ec2N L\u00c3M<\/h2>\n<\/div>\n\n<p>H\u1ea7u h\u1ebft m\u1ecdi ng\u01b0\u1eddi ngh\u0129 \u0111\u1ebfn tuy\u1ebft v\u00e0 b\u0103ng khi nh\u1eafc \u0111\u1ebfn chim c\u00e1nh c\u1ee5t, nh\u01b0ng nh\u1eefng ch\u00fa chim c\u00e1nh c\u1ee5t c\u1ee7a ch\u00fang t\u00f4i l\u1ea1i \u0111\u1ebfn t\u1eeb v\u00f9ng ven bi\u1ec3n n\u00f3ng v\u00e0 kh\u00f4 c\u1eb1n c\u1ee7a Peru! Khu tr\u01b0ng b\u00e0y t\u1eebng \u0111o\u1ea1t gi\u1ea3i th\u01b0\u1edfng n\u00e0y k\u1ebft h\u1ee3p b\u1edd bi\u1ec3n \u0111\u00e1 v\u1edbi khung c\u1ea3nh d\u01b0\u1edbi n\u01b0\u1edbc tuy\u1ec7t v\u1eddi. H\u00e3y \u0111\u1ebfn g\u1ea7n v\u00e0 quan s\u00e1t nh\u1eefng ch\u00fa chim n\u00f4 \u0111\u00f9a ch\u1ec9 c\u00e1ch b\u1ea1n v\u00e0i inch.  <\/p>\n\n<h3 class=\"wp-block-heading\">\u0110\u01b0\u1ee3c thi\u1ebft k\u1ebf l\u1ea5y c\u1ea3m h\u1ee9ng t\u1eeb thi\u00ean nhi\u00ean.<\/h3>\n\n<p>N\u01b0\u1edbc l\u00e0 y\u1ebfu t\u1ed1 thi\u1ebft y\u1ebfu trong m\u00f4i tr\u01b0\u1eddng s\u1ed1ng t\u1ef1 nhi\u00ean c\u1ee7a t\u1ea5t c\u1ea3 c\u00e1c lo\u00e0i chim c\u00e1nh c\u1ee5t, v\u00e0 \u0111i\u1ec1u n\u00e0y c\u0169ng \u0111\u00fang v\u1edbi khu tr\u01b0ng b\u00e0y chim c\u00e1nh c\u1ee5t Humboldt c\u1ee7a ch\u00fang t\u00f4i. M\u1eb7c d\u00f9 ch\u00fang t\u00f4i \u0111\u00e3 thi\u1ebft k\u1ebf to\u00e0n b\u1ed9 khu tr\u01b0ng b\u00e0y \u0111\u1ec3 b\u1ea3o t\u1ed3n t\u00e0i nguy\u00ean thi\u00ean nhi\u00ean, nh\u01b0ng c\u00e1ch ti\u1ebfp c\u1eadn c\u1ee7a ch\u00fang t\u00f4i trong vi\u1ec7c qu\u1ea3n l\u00fd vi\u1ec7c s\u1eed d\u1ee5ng v\u00e0 ch\u1ea5t l\u01b0\u1ee3ng n\u01b0\u1edbc l\u1ea1i \u0111\u1eb7c bi\u1ec7t s\u00e1ng t\u1ea1o. Ch\u00fang t\u00f4i s\u1eed d\u1ee5ng c\u00e1c h\u1ec7 th\u1ed1ng t\u1ef1 nhi\u00ean c\u1ee7a tr\u00e1i \u0111\u1ea5t \u0111\u1ec3 \u0111\u1ea3m b\u1ea3o m\u00f4i tr\u01b0\u1eddng n\u01b0\u1edbc trong l\u00e0nh cho nh\u1eefng lo\u00e0i chim \u0111ang c\u00f3 nguy c\u01a1 tuy\u1ec7t ch\u1ee7ng n\u00e0y, \u0111\u1ed3ng th\u1eddi ng\u0103n ch\u1eb7n n\u01b0\u1edbc m\u01b0a ch\u1ea3y v\u00e0o c\u00e1c h\u1ed3, t\u1eeb \u0111\u00f3 g\u00f3p ph\u1ea7n b\u1ea3o v\u1ec7 s\u1ee9c kh\u1ecfe c\u1ee7a v\u00f9ng Puget Sound.  <\/p>\n\n<p><strong>C\u00f4ng tr\u00ecnh n\u00e0y gi\u00fap ti\u1ebft ki\u1ec7m kho\u1ea3ng 3.000.000 gallon n\u01b0\u1edbc v\u00e0 22.000 kilowatt gi\u1edd n\u0103ng l\u01b0\u1ee3ng m\u1ed7i n\u0103m! \u0110i\u1ec1u \u0111\u00f3 t\u01b0\u01a1ng \u0111\u01b0\u01a1ng v\u1edbi vi\u1ec7c ti\u1ebft ki\u1ec7m 24 tri\u1ec7u pint n\u01b0\u1edbc u\u1ed1ng v\u00e0 s\u01b0\u1edfi \u1ea5m n\u0103m c\u0103n nh\u00e0 ph\u1ed1 hai ph\u00f2ng ng\u1ee7 m\u1edbi m\u1ed7i n\u0103m. <\/strong><\/p>\n\n<h3 class=\"wp-block-heading\">H\u1ec7 th\u1ed1ng tu\u1ea7n ho\u00e0n v\u00e0 l\u00e0m s\u1ea1ch n\u01b0\u1edbc<\/h3>\n\n<p>Khu tr\u01b0ng b\u00e0y n\u00e0y l\u1ecdc n\u01b0\u1edbc m\u01b0a t\u1ea1i ch\u1ed7 theo hai c\u00e1ch. Th\u1ee9 nh\u1ea5t, n\u00f3 thu gom n\u01b0\u1edbc m\u01b0a t\u1eeb m\u00e1i nh\u00e0 v\u00e0 s\u1eed d\u1ee5ng \u0111\u1ec3 b\u00f9 l\u1ea1i l\u01b0\u1ee3ng n\u01b0\u1edbc trong b\u1ec3 b\u1ecb m\u1ea5t do b\u1ed1c h\u01a1i t\u1ef1 nhi\u00ean. To\u00e0n b\u1ed9 n\u01b0\u1edbc m\u01b0a r\u01a1i xu\u1ed1ng c\u00e1c l\u1ed1i \u0111i s\u1ebd \u0111\u01b0\u1ee3c l\u1ecdc tr\u1edf l\u1ea1i v\u00e0o l\u00f2ng \u0111\u1ea5t \u0111\u1ec3 b\u1ed5 sung d\u01b0\u1ee1ng ch\u1ea5t cho \u0111\u1ea5t. Th\u1ee9 hai, n\u01b0\u1edbc \u201cb\u1ea9n\u201d nh\u01b0ng gi\u00e0u ch\u1ea5t dinh d\u01b0\u1ee1ng t\u1eeb b\u1ec3 chim c\u00e1nh c\u1ee5t s\u1ebd ch\u1ea3y qua m\u1ed9t v\u00f9ng \u0111\u1ea5t ng\u1eadp n\u01b0\u1edbc nh\u00e2n t\u1ea1o \u0111\u01b0\u1ee3c m\u00f4 ph\u1ecfng theo h\u1ec7 sinh th\u00e1i l\u1ecdc t\u1ef1 nhi\u00ean. T\u1ea1i \u0111\u00e2y, r\u1ec5 c\u00e2y v\u00e0 vi sinh v\u1eadt s\u1ebd h\u1ea5p th\u1ee5 c\u00e1c ch\u1ea5t dinh d\u01b0\u1ee1ng n\u00e0y m\u1ed9t c\u00e1ch t\u1ef1 nhi\u00ean, tr\u1ea3 l\u1ea1i n\u01b0\u1edbc \u0111\u00e3 \u0111\u01b0\u1ee3c l\u00e0m s\u1ea1ch cho b\u1ec3 chim c\u00e1nh c\u1ee5t.    <\/p>\n\n<div class=\"wp-block-group is-layout-constrained wp-block-group-is-layout-constrained\" style=\"margin-top:var(--wp--preset--spacing--70)\"><style>.kt-sc3584_59868f-34 .kt-sc-imgcol, .kt-sc3584_59868f-34 .kt-sc-textcol{min-height:245px;}.kt-sc3584_59868f-34 .kt-sc-imgcol{background-size:cover;background-image:url(https:\/\/zoo.org\/wp-content\/uploads\/2025\/08\/JP-2021-Auction-3-Progressive-Wine-Tasting-Penguin-web-1.jpg);}.kt-sc3584_59868f-34 .kt-sc-textcol{padding-top:1em;padding-right:1.5em;padding-bottom:1em;padding-left:1.5em;}@media all and (max-width: 767px){.kt-sc3584_59868f-34 .kt-sc-imgcol, .kt-sc3584_59868f-34 .kt-sc-textcol{min-height:275px;}}<\/style>\n<div class=\"aligncenter kt-sc3584_59868f-34 wp-block-kadence-splitcontent\"><div class=\"kt-split-content-wrap kt-sc-media-side-left\" style=\"grid-template-columns:32% auto\"><div class=\"kt-sc-imgcol kt-sc-imgcol-bg-cover kt-sc-img-side-left\"><\/div><div class=\"kt-sc-textcol kt-sc-text-valign-center kt-sc-text-halign-left\" style=\"background-color:var(--theme-palette-color-17, #E6E6E6)\"><div class=\"kt-sc-innter-col\">\n<h3 class=\"wp-block-heading\">Chim c\u00e1nh c\u1ee5t Humboldt<\/h3>\n\n\n\n<p>Chim c\u00e1nh c\u1ee5t Humboldt \u0111\u01b0\u1ee3c t\u00ecm th\u1ea5y d\u1ecdc theo b\u1edd bi\u1ec3n Peru v\u00e0 Chile trong d\u00f2ng h\u1ea3i l\u01b0u Humboldt. D\u00f2ng h\u1ea3i l\u01b0u n\u00e0y ch\u1ea3y v\u1ec1 ph\u00eda b\u1eafc d\u1ecdc theo b\u1edd bi\u1ec3n ph\u00eda t\u00e2y c\u1ee7a Nam M\u1ef9, mang theo n\u01b0\u1edbc c\u00f3 \u0111\u1ed9 m\u1eb7n th\u1ea5p v\u00e0 gi\u00e0u ch\u1ea5t dinh d\u01b0\u1ee1ng t\u1eeb Nam C\u1ef1c. <\/p>\n<\/div><\/div><\/div><\/div>\n<\/div>\n\n<p><\/p>\n","protected":false},"excerpt":{"rendered":"<p>Chim c\u00e1nh c\u1ee5t Humboldt Ch\u00e0o m\u1eebng \u0111\u1ebfn v\u1edbi b\u1edd bi\u1ec3n sa m\u1ea1c c\u1ee7a Peru. GI\u1edaI THI\u1ec6U V\u1ec0 TRI\u1ec2N L\u00c3M H\u1ea7u h\u1ebft m\u1ecdi ng\u01b0\u1eddi ngh\u0129 \u0111\u1ebfn tuy\u1ebft v\u00e0 b\u0103ng khi nh\u1eafc [&hellip;]<\/p>\n","protected":false},"author":1,"featured_media":0,"parent":0,"menu_order":0,"comment_status":"closed","ping_status":"closed","template":"","meta":{"_acf_changed":false,"_kad_blocks_custom_css":"","_kad_blocks_head_custom_js":"","_kad_blocks_body_custom_js":"","_kad_blocks_footer_custom_js":"","footnotes":""},"class_list":["post-13379","page","type-page","status-publish","hentry"],"blocksy_meta":[],"acf":[],"yoast_head":"<!-- This site is optimized with the Yoast SEO plugin v27.4 - https:\/\/yoast.com\/product\/yoast-seo-wordpress\/ -->\n<title>Chim c\u00e1nh c\u1ee5t Humboldt - V\u01b0\u1eddn th\u00fa Woodland Park<\/title>\n<meta name=\"robots\" content=\"index, follow, max-snippet:-1, max-image-preview:large, max-video-preview:-1\" \/>\n<link rel=\"canonical\" href=\"https:\/\/zoo.org\/vi\/chim-canh-cut-humboldt\/\" \/>\n<meta property=\"og:locale\" content=\"vi_VN\" \/>\n<meta property=\"og:type\" content=\"article\" \/>\n<meta property=\"og:title\" content=\"Chim c\u00e1nh c\u1ee5t Humboldt - V\u01b0\u1eddn th\u00fa Woodland Park\" \/>\n<meta property=\"og:description\" content=\"Chim c\u00e1nh c\u1ee5t Humboldt Ch\u00e0o m\u1eebng \u0111\u1ebfn v\u1edbi b\u1edd bi\u1ec3n sa m\u1ea1c c\u1ee7a Peru. GI\u1edaI THI\u1ec6U V\u1ec0 TRI\u1ec2N L\u00c3M H\u1ea7u h\u1ebft m\u1ecdi ng\u01b0\u1eddi ngh\u0129 \u0111\u1ebfn tuy\u1ebft v\u00e0 b\u0103ng khi nh\u1eafc [&hellip;]\" \/>\n<meta property=\"og:url\" content=\"https:\/\/zoo.org\/vi\/chim-canh-cut-humboldt\/\" \/>\n<meta property=\"og:site_name\" content=\"V\u01b0\u1eddn th\u00fa Woodland Park\" \/>\n<meta property=\"article:modified_time\" content=\"2025-12-16T17:08:33+00:00\" \/>\n<meta property=\"og:image\" content=\"https:\/\/zoo.org\/wp-content\/uploads\/2025\/08\/Penguin-Photo-Break.jpg?wsr\" \/>\n\t<meta property=\"og:image:width\" content=\"1920\" \/>\n\t<meta property=\"og:image:height\" content=\"400\" \/>\n\t<meta property=\"og:image:type\" content=\"image\/jpeg\" \/>\n<meta name=\"twitter:card\" content=\"summary_large_image\" \/>\n<script type=\"application\/ld+json\" class=\"yoast-schema-graph\">{\"@context\":\"https:\\\/\\\/schema.org\",\"@graph\":[{\"@type\":\"WebPage\",\"@id\":\"https:\\\/\\\/zoo.org\\\/vi\\\/chim-canh-cut-humboldt\\\/\",\"url\":\"https:\\\/\\\/zoo.org\\\/vi\\\/chim-canh-cut-humboldt\\\/\",\"name\":\"Chim c\u00e1nh c\u1ee5t Humboldt - V\u01b0\u1eddn th\u00fa Woodland Park\",\"isPartOf\":{\"@id\":\"https:\\\/\\\/zoo.org\\\/vi\\\/#website\"},\"primaryImageOfPage\":{\"@id\":\"https:\\\/\\\/zoo.org\\\/vi\\\/chim-canh-cut-humboldt\\\/#primaryimage\"},\"image\":{\"@id\":\"https:\\\/\\\/zoo.org\\\/vi\\\/chim-canh-cut-humboldt\\\/#primaryimage\"},\"thumbnailUrl\":\"https:\\\/\\\/zoo.org\\\/wp-content\\\/uploads\\\/2025\\\/08\\\/Penguin-Photo-Break.jpg\",\"datePublished\":\"2025-08-18T22:23:36+00:00\",\"dateModified\":\"2025-12-16T17:08:33+00:00\",\"breadcrumb\":{\"@id\":\"https:\\\/\\\/zoo.org\\\/vi\\\/chim-canh-cut-humboldt\\\/#breadcrumb\"},\"inLanguage\":\"vi\",\"potentialAction\":[{\"@type\":\"ReadAction\",\"target\":[\"https:\\\/\\\/zoo.org\\\/vi\\\/chim-canh-cut-humboldt\\\/\"]}]},{\"@type\":\"ImageObject\",\"inLanguage\":\"vi\",\"@id\":\"https:\\\/\\\/zoo.org\\\/vi\\\/chim-canh-cut-humboldt\\\/#primaryimage\",\"url\":\"https:\\\/\\\/zoo.org\\\/wp-content\\\/uploads\\\/2025\\\/08\\\/Penguin-Photo-Break.jpg\",\"contentUrl\":\"https:\\\/\\\/zoo.org\\\/wp-content\\\/uploads\\\/2025\\\/08\\\/Penguin-Photo-Break.jpg\"},{\"@type\":\"BreadcrumbList\",\"@id\":\"https:\\\/\\\/zoo.org\\\/vi\\\/chim-canh-cut-humboldt\\\/#breadcrumb\",\"itemListElement\":[{\"@type\":\"ListItem\",\"position\":1,\"name\":\"Trang ch\u1ee7\",\"item\":\"https:\\\/\\\/zoo.org\\\/vi\\\/\"},{\"@type\":\"ListItem\",\"position\":2,\"name\":\"Chim c\u00e1nh c\u1ee5t Humboldt\"}]},{\"@type\":\"WebSite\",\"@id\":\"https:\\\/\\\/zoo.org\\\/vi\\\/#website\",\"url\":\"https:\\\/\\\/zoo.org\\\/vi\\\/\",\"name\":\"V\u01b0\u1eddn th\u00fa Woodland Park\",\"description\":\"V\u01b0\u1eddn th\u00fa Woodland Park c\u1ee9u s\u1ed1ng \u0111\u1ed9ng v\u1eadt hoang d\u00e3 v\u00e0 truy\u1ec1n c\u1ea3m h\u1ee9ng cho m\u1ecdi ng\u01b0\u1eddi coi b\u1ea3o t\u1ed3n l\u00e0 \u01b0u ti\u00ean h\u00e0ng \u0111\u1ea7u trong cu\u1ed9c s\u1ed1ng c\u1ee7a m\u00ecnh.\",\"publisher\":{\"@id\":\"https:\\\/\\\/zoo.org\\\/vi\\\/#organization\"},\"potentialAction\":[{\"@type\":\"SearchAction\",\"target\":{\"@type\":\"EntryPoint\",\"urlTemplate\":\"https:\\\/\\\/zoo.org\\\/vi\\\/?s={search_term_string}\"},\"query-input\":{\"@type\":\"PropertyValueSpecification\",\"valueRequired\":true,\"valueName\":\"search_term_string\"}}],\"inLanguage\":\"vi\"},{\"@type\":\"Organization\",\"@id\":\"https:\\\/\\\/zoo.org\\\/vi\\\/#organization\",\"name\":\"V\u01b0\u1eddn th\u00fa Woodland Park\",\"url\":\"https:\\\/\\\/zoo.org\\\/vi\\\/\",\"logo\":{\"@type\":\"ImageObject\",\"inLanguage\":\"vi\",\"@id\":\"https:\\\/\\\/zoo.org\\\/vi\\\/#\\\/schema\\\/logo\\\/image\\\/\",\"url\":\"https:\\\/\\\/zoo.org\\\/wp-content\\\/uploads\\\/2026\\\/01\\\/WPZ-Logo_white-SVG.svg?wsr\",\"contentUrl\":\"https:\\\/\\\/zoo.org\\\/wp-content\\\/uploads\\\/2026\\\/01\\\/WPZ-Logo_white-SVG.svg?wsr\",\"width\":288,\"height\":282,\"caption\":\"V\u01b0\u1eddn th\u00fa Woodland Park\"},\"image\":{\"@id\":\"https:\\\/\\\/zoo.org\\\/vi\\\/#\\\/schema\\\/logo\\\/image\\\/\"}}]}<\/script>\n<!-- \/ Yoast SEO plugin. -->","yoast_head_json":{"title":"Chim c\u00e1nh c\u1ee5t Humboldt - V\u01b0\u1eddn th\u00fa Woodland Park","robots":{"index":"index","follow":"follow","max-snippet":"max-snippet:-1","max-image-preview":"max-image-preview:large","max-video-preview":"max-video-preview:-1"},"canonical":"https:\/\/zoo.org\/vi\/chim-canh-cut-humboldt\/","og_locale":"vi_VN","og_type":"article","og_title":"Chim c\u00e1nh c\u1ee5t Humboldt - V\u01b0\u1eddn th\u00fa Woodland Park","og_description":"Chim c\u00e1nh c\u1ee5t Humboldt Ch\u00e0o m\u1eebng \u0111\u1ebfn v\u1edbi b\u1edd bi\u1ec3n sa m\u1ea1c c\u1ee7a Peru. GI\u1edaI THI\u1ec6U V\u1ec0 TRI\u1ec2N L\u00c3M H\u1ea7u h\u1ebft m\u1ecdi ng\u01b0\u1eddi ngh\u0129 \u0111\u1ebfn tuy\u1ebft v\u00e0 b\u0103ng khi nh\u1eafc [&hellip;]","og_url":"https:\/\/zoo.org\/vi\/chim-canh-cut-humboldt\/","og_site_name":"V\u01b0\u1eddn th\u00fa Woodland Park","article_modified_time":"2025-12-16T17:08:33+00:00","og_image":[{"width":1920,"height":400,"url":"https:\/\/zoo.org\/wp-content\/uploads\/2025\/08\/Penguin-Photo-Break.jpg?wsr","type":"image\/jpeg"}],"twitter_card":"summary_large_image","schema":{"@context":"https:\/\/schema.org","@graph":[{"@type":"WebPage","@id":"https:\/\/zoo.org\/vi\/chim-canh-cut-humboldt\/","url":"https:\/\/zoo.org\/vi\/chim-canh-cut-humboldt\/","name":"Chim c\u00e1nh c\u1ee5t Humboldt - V\u01b0\u1eddn th\u00fa Woodland Park","isPartOf":{"@id":"https:\/\/zoo.org\/vi\/#website"},"primaryImageOfPage":{"@id":"https:\/\/zoo.org\/vi\/chim-canh-cut-humboldt\/#primaryimage"},"image":{"@id":"https:\/\/zoo.org\/vi\/chim-canh-cut-humboldt\/#primaryimage"},"thumbnailUrl":"https:\/\/zoo.org\/wp-content\/uploads\/2025\/08\/Penguin-Photo-Break.jpg","datePublished":"2025-08-18T22:23:36+00:00","dateModified":"2025-12-16T17:08:33+00:00","breadcrumb":{"@id":"https:\/\/zoo.org\/vi\/chim-canh-cut-humboldt\/#breadcrumb"},"inLanguage":"vi","potentialAction":[{"@type":"ReadAction","target":["https:\/\/zoo.org\/vi\/chim-canh-cut-humboldt\/"]}]},{"@type":"ImageObject","inLanguage":"vi","@id":"https:\/\/zoo.org\/vi\/chim-canh-cut-humboldt\/#primaryimage","url":"https:\/\/zoo.org\/wp-content\/uploads\/2025\/08\/Penguin-Photo-Break.jpg","contentUrl":"https:\/\/zoo.org\/wp-content\/uploads\/2025\/08\/Penguin-Photo-Break.jpg"},{"@type":"BreadcrumbList","@id":"https:\/\/zoo.org\/vi\/chim-canh-cut-humboldt\/#breadcrumb","itemListElement":[{"@type":"ListItem","position":1,"name":"Trang ch\u1ee7","item":"https:\/\/zoo.org\/vi\/"},{"@type":"ListItem","position":2,"name":"Chim c\u00e1nh c\u1ee5t Humboldt"}]},{"@type":"WebSite","@id":"https:\/\/zoo.org\/vi\/#website","url":"https:\/\/zoo.org\/vi\/","name":"V\u01b0\u1eddn th\u00fa Woodland Park","description":"V\u01b0\u1eddn th\u00fa Woodland Park c\u1ee9u s\u1ed1ng \u0111\u1ed9ng v\u1eadt hoang d\u00e3 v\u00e0 truy\u1ec1n c\u1ea3m h\u1ee9ng cho m\u1ecdi ng\u01b0\u1eddi coi b\u1ea3o t\u1ed3n l\u00e0 \u01b0u ti\u00ean h\u00e0ng \u0111\u1ea7u trong cu\u1ed9c s\u1ed1ng c\u1ee7a m\u00ecnh.","publisher":{"@id":"https:\/\/zoo.org\/vi\/#organization"},"potentialAction":[{"@type":"SearchAction","target":{"@type":"EntryPoint","urlTemplate":"https:\/\/zoo.org\/vi\/?s={search_term_string}"},"query-input":{"@type":"PropertyValueSpecification","valueRequired":true,"valueName":"search_term_string"}}],"inLanguage":"vi"},{"@type":"Organization","@id":"https:\/\/zoo.org\/vi\/#organization","name":"V\u01b0\u1eddn th\u00fa Woodland Park","url":"https:\/\/zoo.org\/vi\/","logo":{"@type":"ImageObject","inLanguage":"vi","@id":"https:\/\/zoo.org\/vi\/#\/schema\/logo\/image\/","url":"https:\/\/zoo.org\/wp-content\/uploads\/2026\/01\/WPZ-Logo_white-SVG.svg?wsr","contentUrl":"https:\/\/zoo.org\/wp-content\/uploads\/2026\/01\/WPZ-Logo_white-SVG.svg?wsr","width":288,"height":282,"caption":"V\u01b0\u1eddn th\u00fa Woodland Park"},"image":{"@id":"https:\/\/zoo.org\/vi\/#\/schema\/logo\/image\/"}}]}},"taxonomy_info":[],"featured_image_src_large":false,"author_info":{"display_name":"jloughlin","author_link":"https:\/\/zoo.org\/vi\/author\/jloughlin\/"},"comment_info":0,"_links":{"self":[{"href":"https:\/\/zoo.org\/vi\/wp-json\/wp\/v2\/pages\/13379","targetHints":{"allow":["GET"]}}],"collection":[{"href":"https:\/\/zoo.org\/vi\/wp-json\/wp\/v2\/pages"}],"about":[{"href":"https:\/\/zoo.org\/vi\/wp-json\/wp\/v2\/types\/page"}],"author":[{"embeddable":true,"href":"https:\/\/zoo.org\/vi\/wp-json\/wp\/v2\/users\/1"}],"replies":[{"embeddable":true,"href":"https:\/\/zoo.org\/vi\/wp-json\/wp\/v2\/comments?post=13379"}],"version-history":[{"count":0,"href":"https:\/\/zoo.org\/vi\/wp-json\/wp\/v2\/pages\/13379\/revisions"}],"wp:attachment":[{"href":"https:\/\/zoo.org\/vi\/wp-json\/wp\/v2\/media?parent=13379"}],"curies":[{"name":"wp","href":"https:\/\/api.w.org\/{rel}","templated":true}]}}