{"id":13772,"date":"2025-09-02T14:45:21","date_gmt":"2025-09-02T21:45:21","guid":{"rendered":"https:\/\/zoo.org\/vat-lieu-chung-song-voi-dong-vat-an-thit\/"},"modified":"2025-12-12T17:55:38","modified_gmt":"2025-12-13T01:55:38","slug":"vat-lieu-chung-song-voi-dong-vat-an-thit","status":"publish","type":"page","link":"https:\/\/zoo.org\/vi\/vat-lieu-chung-song-voi-dong-vat-an-thit\/","title":{"rendered":"V\u1eadt li\u1ec7u chung s\u1ed1ng v\u1edbi \u0111\u1ed9ng v\u1eadt \u0103n th\u1ecbt"},"content":{"rendered":"\n<div class=\"wp-block-cover alignfull hero\" style=\"margin-top:0;margin-bottom:0\"><img loading=\"lazy\" decoding=\"async\" width=\"1920\" height=\"400\" class=\"wp-block-cover__image-background wp-image-3464 size-full\" alt=\"\" src=\"https:\/\/zoo.org\/wp-content\/uploads\/2025\/08\/LNW-WCNNW-Robert-Long-Coyote-Header-Image.jpg\" data-object-fit=\"cover\" srcset=\"https:\/\/zoo.org\/wp-content\/uploads\/2025\/08\/LNW-WCNNW-Robert-Long-Coyote-Header-Image.jpg 1920w, https:\/\/zoo.org\/wp-content\/uploads\/2025\/08\/LNW-WCNNW-Robert-Long-Coyote-Header-Image-300x63.jpg 300w, https:\/\/zoo.org\/wp-content\/uploads\/2025\/08\/LNW-WCNNW-Robert-Long-Coyote-Header-Image-1024x213.jpg 1024w, https:\/\/zoo.org\/wp-content\/uploads\/2025\/08\/LNW-WCNNW-Robert-Long-Coyote-Header-Image-768x160.jpg 768w, https:\/\/zoo.org\/wp-content\/uploads\/2025\/08\/LNW-WCNNW-Robert-Long-Coyote-Header-Image-1536x320.jpg 1536w\" sizes=\"auto, (max-width: 1920px) 100vw, 1920px\" \/><span aria-hidden=\"true\" class=\"wp-block-cover__background has-background-dim-0 has-background-dim\" style=\"background-color:#6f6f51\"><\/span><div class=\"wp-block-cover__inner-container is-layout-constrained wp-block-cover-is-layout-constrained\">\n<p class=\"has-text-align-center has-large-font-size\"><\/p>\n<\/div><\/div>\n\n<div class=\"wp-block-group is-layout-constrained wp-block-group-is-layout-constrained\" style=\"margin-top:2em;margin-bottom:3em\">\n<h1 class=\"wp-block-heading has-text-align-center\" style=\"margin-top:0.65em;margin-bottom:0.275em\">C\u00f9ng t\u1ed3n t\u1ea1i v\u1edbi \u0111\u1ed9ng v\u1eadt \u0103n th\u1ecbt<\/h1>\n\n\n\n<p class=\"has-text-align-center has-palette-color-3-color has-text-color has-link-color wp-elements-60388ccf8b39fa2259872ece98b60528\" style=\"margin-bottom:1em;font-size:clamp(0.984em, 0.984rem + ((1vw - 0.2em) * 0.645), 1.5em);font-style:normal;font-weight:500;line-height:1.5\"><strong><strong>D\u1ef0 \u00c1N \u0110\u1ed8NG V\u1eacT \u0102N TH\u1ecaT \u0110\u00d4 TH\u1eca<\/strong><\/strong><\/p>\n\n\n\n<p class=\"has-text-align-center has-palette-color-3-color has-text-color has-link-color wp-elements-80ff5b93cafb748e840476fa2c921635\" style=\"margin-bottom:1em;font-size:clamp(0.984em, 0.984rem + ((1vw - 0.2em) * 0.645), 1.5em);line-height:1.5\">Thu h\u00fat c\u1ed9ng \u0111\u1ed3ng \u0111\u1ecba ph\u01b0\u01a1ng tham gia nghi\u00ean c\u1ee9u v\u1ec1 \u0111\u1ed9ng v\u1eadt \u0103n th\u1ecbt v\u00e0 chung s\u1ed1ng h\u00f2a b\u00ecnh.<\/p>\n<\/div>\n\n<div class=\"wp-block-group alignfull divider is-layout-constrained wp-block-group-is-layout-constrained\">\n<h2 class=\"wp-block-heading alignfull has-text-align-center\">CH\u00c0O M\u1eeaNG C\u00c1C TH\u1ea6Y C\u00d4<\/h2>\n<\/div>\n\n<h3 class=\"wp-block-heading\">Ch\u00e0o m\u1eebng c\u00e1c gi\u1ea3ng vi\u00ean c\u1ee7a kh\u00f3a h\u1ecdc &#8220;C\u00f9ng chung s\u1ed1ng v\u1edbi \u0111\u1ed9ng v\u1eadt \u0103n th\u1ecbt&#8221; \u0111\u1ebfn v\u1edbi trang web c\u1ee7a ch\u00fang t\u00f4i!<\/h3>\n\n<p>Trang n\u00e0y gi\u1edbi thi\u1ec7u c\u00e1c t\u00e0i li\u1ec7u b\u1ea1n c\u1ea7n cho kh\u00f3a h\u1ecdc <em><strong>Wild Wise: Chung s\u1ed1ng h\u00f2a b\u00ecnh v\u1edbi \u0111\u1ed9ng v\u1eadt \u0103n th\u1ecbt.<\/strong><\/em><strong> <\/strong>(Ch\u01b0\u01a1ng tr\u00ecnh CWC). H\u00e3y nh\u1edb \u0111\u00e1nh d\u1ea5u trang n\u00e0y! \u0110\u00e2y l\u00e0 trang ri\u00eang t\u01b0 ch\u1ec9 d\u00e0nh cho gi\u00e1o vi\u00ean CWC, v\u00e0 do \u0111\u00f3, kh\u00f4ng c\u00f3 li\u00ean k\u1ebft n\u00e0o t\u1eeb trang web ch\u00ednh c\u1ee7a V\u01b0\u1eddn th\u00fa Woodland Park \u0111\u1ebfn trang n\u00e0y, c\u0169ng nh\u01b0 kh\u00f4ng th\u1ec3 t\u00ecm th\u1ea5y b\u1eb1ng c\u00e1ch t\u00ecm ki\u1ebfm tr\u00ean trang web c\u1ee7a v\u01b0\u1eddn th\u00fa.  <\/p>\n\n<p>Ngo\u00e0i ra, v\u00ec nh\u1eefng t\u00e0i li\u1ec7u n\u00e0y \u0111\u01b0\u1ee3c ph\u00e1t tri\u1ec3n d\u00e0nh ri\u00eang cho ch\u01b0\u01a1ng tr\u00ecnh CWC, ch\u00fang t\u00f4i y\u00eau c\u1ea7u b\u1ea1n kh\u00f4ng chia s\u1ebb li\u00ean k\u1ebft n\u00e0y ho\u1eb7c b\u1ea5t k\u1ef3 t\u00e0i li\u1ec7u n\u00e0o v\u1edbi b\u1ea5t k\u1ef3 ai ngo\u00e0i ch\u01b0\u01a1ng tr\u00ecnh.<\/p>\n\n<p>N\u1ebfu b\u1ea1n c\u00f3 b\u1ea5t k\u1ef3 c\u00e2u h\u1ecfi ho\u1eb7c v\u1ea5n \u0111\u1ec1 n\u00e0o, vui l\u00f2ng li\u00ean h\u1ec7 v\u1edbi Josiah Downey ( <a href=\"mailto:josiah.downey@zoo.org\">josiah.downey@zoo.org<\/a> ).<\/p>\n\n<p><\/p>\n\n<div class=\"wp-block-group alignfull divider is-layout-constrained wp-block-group-is-layout-constrained\">\n<h2 class=\"wp-block-heading alignfull has-text-align-center\">T\u00e0i li\u1ec7u d\u00e0nh cho Gi\u00e1o vi\u00ean &amp; H\u1ecdc sinh<\/h2>\n<\/div>\n\n<h3 class=\"wp-block-heading\">\u0110\u00e0o t\u1ea1o<\/h3>\n\n<p><a href=\"https:\/\/zoo.org\/wp-content\/uploads\/2025\/09\/19-20-Teacher-Orientation-PDF.pdf\" target=\"_blank\" rel=\"noreferrer noopener\">T\u00e0i li\u1ec7u \u0111\u00e0o t\u1ea1o gi\u00e1o vi\u00ean v\u1ec1 chung s\u1ed1ng h\u00f2a b\u00ecnh v\u1edbi \u0111\u1ed9ng v\u1eadt \u0103n th\u1ecbt<\/a> (PDF)<\/p>\n\n<h3 class=\"wp-block-heading\">Ch\u01b0\u01a1ng tr\u00ecnh gi\u1ea3ng d\u1ea1y<\/h3>\n\n<p><a href=\"https:\/\/zoo.org\/wp-content\/uploads\/2025\/09\/19-20-CWC-Teacher-Guide-FINAL.pdf\" target=\"_blank\" rel=\"noreferrer noopener\">H\u01b0\u1edbng d\u1eabn d\u00e0nh cho gi\u00e1o vi\u00ean WW:CWC<\/a><\/p>\n\n<p><a href=\"https:\/\/zoo.org\/wp-content\/uploads\/2025\/09\/19-20-CWC-Student-Packet-FINAL.pdf\" target=\"_blank\" rel=\"noreferrer noopener\">WW: T\u00e0i li\u1ec7u d\u00e0nh cho sinh vi\u00ean CWC<\/a><\/p>\n\n<p><a href=\"https:\/\/zoo.org\/wp-content\/uploads\/2025\/09\/19-20-CWC-Fact-Sheets.pdf\" target=\"_blank\" rel=\"noreferrer noopener\">B\u1ea3ng th\u00f4ng tin v\u1ec1 \u0111\u1ed9ng v\u1eadt \u0103n th\u1ecbt WW:CWC<\/a><\/p>\n\n<p><a href=\"https:\/\/www.zoo.org\/document.doc?id=2476\">Ph\u1ea7n 1 &#8211; B\u1ea3n tr\u00ecnh chi\u1ebfu PowerPoint Gi\u1edbi thi\u1ec7u v\u1ec1 WW:CWC v\u00e0 L\u1eadp b\u1ea3n \u0111\u1ed3 c\u1ed9ng \u0111\u1ed3ng<\/a><\/p>\n\n<p><a href=\"https:\/\/woodlandparkzoo-my.sharepoint.com\/:v:\/g\/personal\/laurenl_zoo_org\/EZoRqtPvcBhFpshFZCGgcvMBNM5dU5-4WZoi0Sgm4Tj-2A?e=Cv1aCN\">Ph\u1ea7n 2 &#8211; Video gi\u1edbi thi\u1ec7u v\u1ec1 Wild Wise<\/a><\/p>\n\n<p><a href=\"https:\/\/woodlandparkzoo-my.sharepoint.com\/:v:\/g\/personal\/laurenl_zoo_org\/ERJ89Q_MWcZEghSqSK-sWLEB5NlHU0kFLwCFaQqgiqx49g?e=2JZEo0\">Ph\u1ea7n 2 &#8211; Video gi\u1edbi thi\u1ec7u \u0110\u01b0\u1eddng m\u00f2n ph\u00eda B\u1eafc<\/a><\/p>\n\n<p><a href=\"https:\/\/www.youtube.com\/watch?v=gcCdMc7Libk\" target=\"_blank\" rel=\"noreferrer noopener\">Y\u1ebfu t\u1ed1 3 &#8211; C\u00e2u h\u1ecfi \u0111i\u1ec1u tra<\/a><\/p>\n\n<p><a href=\"https:\/\/www.youtube.com\/watch?v=3WuzhKX4s2M\" target=\"_blank\" rel=\"noreferrer noopener\">Ph\u1ea7n 4 &#8211; Thu th\u1eadp d\u1eef li\u1ec7u<\/a><\/p>\n\n<p><a href=\"https:\/\/www.youtube.com\/watch?v=wtEFU4KBPWQ\" target=\"_blank\" rel=\"noreferrer noopener\">Ph\u1ea7n 5 &#8211; Ph\u00e2n t\u00edch d\u1eef li\u1ec7u<\/a><\/p>\n\n<p><a href=\"https:\/\/www.youtube.com\/watch?v=0KaGpY0AKMM\" target=\"_blank\" rel=\"noreferrer noopener\">Y\u1ebfu t\u1ed1 6 &#8211; Chia s\u1ebb k\u1ebft qu\u1ea3<\/a><\/p>\n\n<h3 class=\"wp-block-heading\">S\u1ef1 \u0111\u00e1nh gi\u00e1<\/h3>\n\n<p><a href=\"http:\/\/www.surveymonkey.com\/r\/Carnivores2020\">\u0110\u00e1nh gi\u00e1 tr\u01b0\u1edbc c\u1ee7a sinh vi\u00ean<\/a><\/p>\n\n<p><a href=\"http:\/\/www.surveymonkey.com\/r\/teachers2020pre\">Kh\u1ea3o s\u00e1t tr\u01b0\u1edbc d\u00e0nh cho nh\u00e0 gi\u00e1o d\u1ee5c<\/a> <\/p>\n\n<h3 class=\"wp-block-heading\">B\u1eaby \u1ea3nh<\/h3>\n\n<p><a href=\"https:\/\/zoo.org\/wp-content\/uploads\/2025\/09\/WW-CWC-Camera-Trapping-and-eMammal-Guide.pdf\" target=\"_blank\" rel=\"noreferrer noopener\">H\u01b0\u1edbng d\u1eabn d\u00e0nh cho gi\u00e1o vi\u00ean v\u1ec1 b\u1eaby \u1ea3nh WW:CWC v\u00e0 eMammal<\/a> (PDF)<\/p>\n\n<p><a href=\"https:\/\/zoo.org\/wp-content\/uploads\/2025\/09\/WW-CWC-Camera-Trapping-and-eMammal-PPT.pdf\" target=\"_blank\" rel=\"noreferrer noopener\">WW:CWC Camera Trapping and eMammal PowerPoint<\/a> (PDF)<\/p>\n\n<p><a href=\"https:\/\/zoo.org\/wp-content\/uploads\/2025\/09\/WW-CWC-Camera-Trapping-StudentFamily-Guide.pdf\" target=\"_blank\" rel=\"noreferrer noopener\">H\u01b0\u1edbng d\u1eabn d\u00e0nh cho h\u1ecdc sinh v\u00e0 gia \u0111\u00ecnh v\u1ec1 vi\u1ec7c s\u1eed d\u1ee5ng b\u1eaby \u1ea3nh WW:CWC<\/a> (PDF)<\/p>\n\n<p><a href=\"https:\/\/zoo.org\/wp-content\/uploads\/2025\/09\/WW-CWC-eMammal-Camera-Trap-Datasheet.pdf\" target=\"_blank\" rel=\"noreferrer noopener\">B\u1ea3ng th\u00f4ng s\u1ed1 k\u1ef9 thu\u1eadt b\u1eaby \u1ea3nh \u0111\u1ed9ng v\u1eadt c\u00f3 v\u00fa WW:CWC eMammal<\/a> (PDF)<\/p>\n\n<p><a href=\"https:\/\/www.zoo.org\/file\/for-teachers\/coexisting-with-carnivores-teacher-resources\/WW-CWC-eMammal-METADATA.xlsx\">WW:CWC eMammal METADATA<\/a> (B\u1ea3ng t\u00ednh Excel)<\/p>\n","protected":false},"excerpt":{"rendered":"<p>C\u00f9ng t\u1ed3n t\u1ea1i v\u1edbi \u0111\u1ed9ng v\u1eadt \u0103n th\u1ecbt D\u1ef0 \u00c1N \u0110\u1ed8NG V\u1eacT \u0102N TH\u1ecaT \u0110\u00d4 TH\u1eca Thu h\u00fat c\u1ed9ng \u0111\u1ed3ng \u0111\u1ecba ph\u01b0\u01a1ng tham gia nghi\u00ean c\u1ee9u v\u1ec1 \u0111\u1ed9ng v\u1eadt \u0103n [&hellip;]<\/p>\n","protected":false},"author":1,"featured_media":11257,"parent":0,"menu_order":0,"comment_status":"closed","ping_status":"closed","template":"","meta":{"_acf_changed":false,"_kad_blocks_custom_css":"","_kad_blocks_head_custom_js":"","_kad_blocks_body_custom_js":"","_kad_blocks_footer_custom_js":"","footnotes":""},"class_list":["post-13772","page","type-page","status-publish","has-post-thumbnail","hentry"],"blocksy_meta":[],"acf":[],"yoast_head":"<!-- This site is optimized with the Yoast SEO plugin v27.4 - https:\/\/yoast.com\/product\/yoast-seo-wordpress\/ -->\n<title>V\u1eadt li\u1ec7u chung s\u1ed1ng v\u1edbi \u0111\u1ed9ng v\u1eadt \u0103n th\u1ecbt - V\u01b0\u1eddn th\u00fa Woodland Park<\/title>\n<meta name=\"description\" content=\"H\u00e3y s\u1eed d\u1ee5ng nh\u1eefng t\u00e0i li\u1ec7u n\u00e0y \u0111\u1ec3 chu\u1ea9n b\u1ecb cho ch\u01b0\u01a1ng tr\u00ecnh Wild Wise: Ready, Set, Discover c\u1ee7a V\u01b0\u1eddn th\u00fa Woodland Park.\" \/>\n<meta name=\"robots\" content=\"index, follow, max-snippet:-1, max-image-preview:large, max-video-preview:-1\" \/>\n<link rel=\"canonical\" href=\"https:\/\/zoo.org\/vi\/vat-lieu-chung-song-voi-dong-vat-an-thit\/\" \/>\n<meta property=\"og:locale\" content=\"vi_VN\" \/>\n<meta property=\"og:type\" content=\"article\" \/>\n<meta property=\"og:title\" content=\"V\u1eadt li\u1ec7u chung s\u1ed1ng v\u1edbi \u0111\u1ed9ng v\u1eadt \u0103n th\u1ecbt - V\u01b0\u1eddn th\u00fa Woodland Park\" \/>\n<meta property=\"og:description\" content=\"H\u00e3y s\u1eed d\u1ee5ng nh\u1eefng t\u00e0i li\u1ec7u n\u00e0y \u0111\u1ec3 chu\u1ea9n b\u1ecb cho ch\u01b0\u01a1ng tr\u00ecnh Wild Wise: Ready, Set, Discover c\u1ee7a V\u01b0\u1eddn th\u00fa Woodland Park.\" \/>\n<meta property=\"og:url\" content=\"https:\/\/zoo.org\/vi\/vat-lieu-chung-song-voi-dong-vat-an-thit\/\" \/>\n<meta property=\"og:site_name\" content=\"V\u01b0\u1eddn th\u00fa Woodland Park\" \/>\n<meta property=\"article:modified_time\" content=\"2025-12-13T01:55:38+00:00\" \/>\n<meta property=\"og:image\" content=\"https:\/\/zoo.org\/wp-content\/uploads\/2025\/09\/WCNNW-Robert-Long-Coyote-camera-trap-web.jpg\" \/>\n\t<meta property=\"og:image:width\" content=\"800\" \/>\n\t<meta property=\"og:image:height\" content=\"533\" \/>\n\t<meta property=\"og:image:type\" content=\"image\/jpeg\" \/>\n<meta name=\"twitter:card\" content=\"summary_large_image\" \/>\n<script type=\"application\/ld+json\" class=\"yoast-schema-graph\">{\"@context\":\"https:\\\/\\\/schema.org\",\"@graph\":[{\"@type\":\"WebPage\",\"@id\":\"https:\\\/\\\/zoo.org\\\/vi\\\/vat-lieu-chung-song-voi-dong-vat-an-thit\\\/\",\"url\":\"https:\\\/\\\/zoo.org\\\/vi\\\/vat-lieu-chung-song-voi-dong-vat-an-thit\\\/\",\"name\":\"V\u1eadt li\u1ec7u chung s\u1ed1ng v\u1edbi \u0111\u1ed9ng v\u1eadt \u0103n th\u1ecbt - V\u01b0\u1eddn th\u00fa Woodland Park\",\"isPartOf\":{\"@id\":\"https:\\\/\\\/zoo.org\\\/vi\\\/#website\"},\"primaryImageOfPage\":{\"@id\":\"https:\\\/\\\/zoo.org\\\/vi\\\/vat-lieu-chung-song-voi-dong-vat-an-thit\\\/#primaryimage\"},\"image\":{\"@id\":\"https:\\\/\\\/zoo.org\\\/vi\\\/vat-lieu-chung-song-voi-dong-vat-an-thit\\\/#primaryimage\"},\"thumbnailUrl\":\"https:\\\/\\\/zoo.org\\\/wp-content\\\/uploads\\\/2025\\\/09\\\/WCNNW-Robert-Long-Coyote-camera-trap-web.jpg?wsr\",\"datePublished\":\"2025-09-02T21:45:21+00:00\",\"dateModified\":\"2025-12-13T01:55:38+00:00\",\"description\":\"H\u00e3y s\u1eed d\u1ee5ng nh\u1eefng t\u00e0i li\u1ec7u n\u00e0y \u0111\u1ec3 chu\u1ea9n b\u1ecb cho ch\u01b0\u01a1ng tr\u00ecnh Wild Wise: Ready, Set, Discover c\u1ee7a V\u01b0\u1eddn th\u00fa Woodland Park.\",\"breadcrumb\":{\"@id\":\"https:\\\/\\\/zoo.org\\\/vi\\\/vat-lieu-chung-song-voi-dong-vat-an-thit\\\/#breadcrumb\"},\"inLanguage\":\"vi\",\"potentialAction\":[{\"@type\":\"ReadAction\",\"target\":[\"https:\\\/\\\/zoo.org\\\/vi\\\/vat-lieu-chung-song-voi-dong-vat-an-thit\\\/\"]}]},{\"@type\":\"ImageObject\",\"inLanguage\":\"vi\",\"@id\":\"https:\\\/\\\/zoo.org\\\/vi\\\/vat-lieu-chung-song-voi-dong-vat-an-thit\\\/#primaryimage\",\"url\":\"https:\\\/\\\/zoo.org\\\/wp-content\\\/uploads\\\/2025\\\/09\\\/WCNNW-Robert-Long-Coyote-camera-trap-web.jpg?wsr\",\"contentUrl\":\"https:\\\/\\\/zoo.org\\\/wp-content\\\/uploads\\\/2025\\\/09\\\/WCNNW-Robert-Long-Coyote-camera-trap-web.jpg?wsr\",\"width\":800,\"height\":533,\"caption\":\"M\u1ed9t con ch\u00f3 s\u00f3i \u0111\u1ed3ng c\u1ecf \u0111i b\u1ed9 qua khu r\u1eebng v\u1edbi nh\u1eefng c\u00e2y xanh, b\u1ee5i r\u1eadm v\u00e0 nh\u1eefng c\u00e0nh c\u00e2y kh\u00f4 n\u1eb1m r\u1ea3i r\u00e1c tr\u00ean m\u1eb7t \u0111\u1ea5t. Khung c\u1ea3nh r\u1ea5t t\u1ef1 nhi\u00ean v\u00e0 h\u01a1i r\u00e2m m\u00e1t.\"},{\"@type\":\"BreadcrumbList\",\"@id\":\"https:\\\/\\\/zoo.org\\\/vi\\\/vat-lieu-chung-song-voi-dong-vat-an-thit\\\/#breadcrumb\",\"itemListElement\":[{\"@type\":\"ListItem\",\"position\":1,\"name\":\"Trang ch\u1ee7\",\"item\":\"https:\\\/\\\/zoo.org\\\/vi\\\/\"},{\"@type\":\"ListItem\",\"position\":2,\"name\":\"V\u1eadt li\u1ec7u chung s\u1ed1ng v\u1edbi \u0111\u1ed9ng v\u1eadt \u0103n th\u1ecbt\"}]},{\"@type\":\"WebSite\",\"@id\":\"https:\\\/\\\/zoo.org\\\/vi\\\/#website\",\"url\":\"https:\\\/\\\/zoo.org\\\/vi\\\/\",\"name\":\"V\u01b0\u1eddn th\u00fa Woodland Park\",\"description\":\"V\u01b0\u1eddn th\u00fa Woodland Park c\u1ee9u s\u1ed1ng \u0111\u1ed9ng v\u1eadt hoang d\u00e3 v\u00e0 truy\u1ec1n c\u1ea3m h\u1ee9ng cho m\u1ecdi ng\u01b0\u1eddi coi b\u1ea3o t\u1ed3n l\u00e0 \u01b0u ti\u00ean h\u00e0ng \u0111\u1ea7u trong cu\u1ed9c s\u1ed1ng c\u1ee7a m\u00ecnh.\",\"publisher\":{\"@id\":\"https:\\\/\\\/zoo.org\\\/vi\\\/#organization\"},\"potentialAction\":[{\"@type\":\"SearchAction\",\"target\":{\"@type\":\"EntryPoint\",\"urlTemplate\":\"https:\\\/\\\/zoo.org\\\/vi\\\/?s={search_term_string}\"},\"query-input\":{\"@type\":\"PropertyValueSpecification\",\"valueRequired\":true,\"valueName\":\"search_term_string\"}}],\"inLanguage\":\"vi\"},{\"@type\":\"Organization\",\"@id\":\"https:\\\/\\\/zoo.org\\\/vi\\\/#organization\",\"name\":\"V\u01b0\u1eddn th\u00fa Woodland Park\",\"url\":\"https:\\\/\\\/zoo.org\\\/vi\\\/\",\"logo\":{\"@type\":\"ImageObject\",\"inLanguage\":\"vi\",\"@id\":\"https:\\\/\\\/zoo.org\\\/vi\\\/#\\\/schema\\\/logo\\\/image\\\/\",\"url\":\"https:\\\/\\\/zoo.org\\\/wp-content\\\/uploads\\\/2026\\\/01\\\/WPZ-Logo_white-SVG.svg?wsr\",\"contentUrl\":\"https:\\\/\\\/zoo.org\\\/wp-content\\\/uploads\\\/2026\\\/01\\\/WPZ-Logo_white-SVG.svg?wsr\",\"width\":288,\"height\":282,\"caption\":\"V\u01b0\u1eddn th\u00fa Woodland Park\"},\"image\":{\"@id\":\"https:\\\/\\\/zoo.org\\\/vi\\\/#\\\/schema\\\/logo\\\/image\\\/\"}}]}<\/script>\n<!-- \/ Yoast SEO plugin. -->","yoast_head_json":{"title":"V\u1eadt li\u1ec7u chung s\u1ed1ng v\u1edbi \u0111\u1ed9ng v\u1eadt \u0103n th\u1ecbt - V\u01b0\u1eddn th\u00fa Woodland Park","description":"H\u00e3y s\u1eed d\u1ee5ng nh\u1eefng t\u00e0i li\u1ec7u n\u00e0y \u0111\u1ec3 chu\u1ea9n b\u1ecb cho ch\u01b0\u01a1ng tr\u00ecnh Wild Wise: Ready, Set, Discover c\u1ee7a V\u01b0\u1eddn th\u00fa Woodland Park.","robots":{"index":"index","follow":"follow","max-snippet":"max-snippet:-1","max-image-preview":"max-image-preview:large","max-video-preview":"max-video-preview:-1"},"canonical":"https:\/\/zoo.org\/vi\/vat-lieu-chung-song-voi-dong-vat-an-thit\/","og_locale":"vi_VN","og_type":"article","og_title":"V\u1eadt li\u1ec7u chung s\u1ed1ng v\u1edbi \u0111\u1ed9ng v\u1eadt \u0103n th\u1ecbt - V\u01b0\u1eddn th\u00fa Woodland Park","og_description":"H\u00e3y s\u1eed d\u1ee5ng nh\u1eefng t\u00e0i li\u1ec7u n\u00e0y \u0111\u1ec3 chu\u1ea9n b\u1ecb cho ch\u01b0\u01a1ng tr\u00ecnh Wild Wise: Ready, Set, Discover c\u1ee7a V\u01b0\u1eddn th\u00fa Woodland Park.","og_url":"https:\/\/zoo.org\/vi\/vat-lieu-chung-song-voi-dong-vat-an-thit\/","og_site_name":"V\u01b0\u1eddn th\u00fa Woodland Park","article_modified_time":"2025-12-13T01:55:38+00:00","og_image":[{"width":800,"height":533,"url":"https:\/\/zoo.org\/wp-content\/uploads\/2025\/09\/WCNNW-Robert-Long-Coyote-camera-trap-web.jpg","type":"image\/jpeg"}],"twitter_card":"summary_large_image","schema":{"@context":"https:\/\/schema.org","@graph":[{"@type":"WebPage","@id":"https:\/\/zoo.org\/vi\/vat-lieu-chung-song-voi-dong-vat-an-thit\/","url":"https:\/\/zoo.org\/vi\/vat-lieu-chung-song-voi-dong-vat-an-thit\/","name":"V\u1eadt li\u1ec7u chung s\u1ed1ng v\u1edbi \u0111\u1ed9ng v\u1eadt \u0103n th\u1ecbt - V\u01b0\u1eddn th\u00fa Woodland Park","isPartOf":{"@id":"https:\/\/zoo.org\/vi\/#website"},"primaryImageOfPage":{"@id":"https:\/\/zoo.org\/vi\/vat-lieu-chung-song-voi-dong-vat-an-thit\/#primaryimage"},"image":{"@id":"https:\/\/zoo.org\/vi\/vat-lieu-chung-song-voi-dong-vat-an-thit\/#primaryimage"},"thumbnailUrl":"https:\/\/zoo.org\/wp-content\/uploads\/2025\/09\/WCNNW-Robert-Long-Coyote-camera-trap-web.jpg?wsr","datePublished":"2025-09-02T21:45:21+00:00","dateModified":"2025-12-13T01:55:38+00:00","description":"H\u00e3y s\u1eed d\u1ee5ng nh\u1eefng t\u00e0i li\u1ec7u n\u00e0y \u0111\u1ec3 chu\u1ea9n b\u1ecb cho ch\u01b0\u01a1ng tr\u00ecnh Wild Wise: Ready, Set, Discover c\u1ee7a V\u01b0\u1eddn th\u00fa Woodland Park.","breadcrumb":{"@id":"https:\/\/zoo.org\/vi\/vat-lieu-chung-song-voi-dong-vat-an-thit\/#breadcrumb"},"inLanguage":"vi","potentialAction":[{"@type":"ReadAction","target":["https:\/\/zoo.org\/vi\/vat-lieu-chung-song-voi-dong-vat-an-thit\/"]}]},{"@type":"ImageObject","inLanguage":"vi","@id":"https:\/\/zoo.org\/vi\/vat-lieu-chung-song-voi-dong-vat-an-thit\/#primaryimage","url":"https:\/\/zoo.org\/wp-content\/uploads\/2025\/09\/WCNNW-Robert-Long-Coyote-camera-trap-web.jpg?wsr","contentUrl":"https:\/\/zoo.org\/wp-content\/uploads\/2025\/09\/WCNNW-Robert-Long-Coyote-camera-trap-web.jpg?wsr","width":800,"height":533,"caption":"M\u1ed9t con ch\u00f3 s\u00f3i \u0111\u1ed3ng c\u1ecf \u0111i b\u1ed9 qua khu r\u1eebng v\u1edbi nh\u1eefng c\u00e2y xanh, b\u1ee5i r\u1eadm v\u00e0 nh\u1eefng c\u00e0nh c\u00e2y kh\u00f4 n\u1eb1m r\u1ea3i r\u00e1c tr\u00ean m\u1eb7t \u0111\u1ea5t. Khung c\u1ea3nh r\u1ea5t t\u1ef1 nhi\u00ean v\u00e0 h\u01a1i r\u00e2m m\u00e1t."},{"@type":"BreadcrumbList","@id":"https:\/\/zoo.org\/vi\/vat-lieu-chung-song-voi-dong-vat-an-thit\/#breadcrumb","itemListElement":[{"@type":"ListItem","position":1,"name":"Trang ch\u1ee7","item":"https:\/\/zoo.org\/vi\/"},{"@type":"ListItem","position":2,"name":"V\u1eadt li\u1ec7u chung s\u1ed1ng v\u1edbi \u0111\u1ed9ng v\u1eadt \u0103n th\u1ecbt"}]},{"@type":"WebSite","@id":"https:\/\/zoo.org\/vi\/#website","url":"https:\/\/zoo.org\/vi\/","name":"V\u01b0\u1eddn th\u00fa Woodland Park","description":"V\u01b0\u1eddn th\u00fa Woodland Park c\u1ee9u s\u1ed1ng \u0111\u1ed9ng v\u1eadt hoang d\u00e3 v\u00e0 truy\u1ec1n c\u1ea3m h\u1ee9ng cho m\u1ecdi ng\u01b0\u1eddi coi b\u1ea3o t\u1ed3n l\u00e0 \u01b0u ti\u00ean h\u00e0ng \u0111\u1ea7u trong cu\u1ed9c s\u1ed1ng c\u1ee7a m\u00ecnh.","publisher":{"@id":"https:\/\/zoo.org\/vi\/#organization"},"potentialAction":[{"@type":"SearchAction","target":{"@type":"EntryPoint","urlTemplate":"https:\/\/zoo.org\/vi\/?s={search_term_string}"},"query-input":{"@type":"PropertyValueSpecification","valueRequired":true,"valueName":"search_term_string"}}],"inLanguage":"vi"},{"@type":"Organization","@id":"https:\/\/zoo.org\/vi\/#organization","name":"V\u01b0\u1eddn th\u00fa Woodland Park","url":"https:\/\/zoo.org\/vi\/","logo":{"@type":"ImageObject","inLanguage":"vi","@id":"https:\/\/zoo.org\/vi\/#\/schema\/logo\/image\/","url":"https:\/\/zoo.org\/wp-content\/uploads\/2026\/01\/WPZ-Logo_white-SVG.svg?wsr","contentUrl":"https:\/\/zoo.org\/wp-content\/uploads\/2026\/01\/WPZ-Logo_white-SVG.svg?wsr","width":288,"height":282,"caption":"V\u01b0\u1eddn th\u00fa Woodland Park"},"image":{"@id":"https:\/\/zoo.org\/vi\/#\/schema\/logo\/image\/"}}]}},"taxonomy_info":[],"featured_image_src_large":["https:\/\/zoo.org\/wp-content\/uploads\/2025\/09\/WCNNW-Robert-Long-Coyote-camera-trap-web.jpg?wsr",800,533,false],"author_info":{"display_name":"jloughlin","author_link":"https:\/\/zoo.org\/vi\/author\/jloughlin\/"},"comment_info":0,"_links":{"self":[{"href":"https:\/\/zoo.org\/vi\/wp-json\/wp\/v2\/pages\/13772","targetHints":{"allow":["GET"]}}],"collection":[{"href":"https:\/\/zoo.org\/vi\/wp-json\/wp\/v2\/pages"}],"about":[{"href":"https:\/\/zoo.org\/vi\/wp-json\/wp\/v2\/types\/page"}],"author":[{"embeddable":true,"href":"https:\/\/zoo.org\/vi\/wp-json\/wp\/v2\/users\/1"}],"replies":[{"embeddable":true,"href":"https:\/\/zoo.org\/vi\/wp-json\/wp\/v2\/comments?post=13772"}],"version-history":[{"count":0,"href":"https:\/\/zoo.org\/vi\/wp-json\/wp\/v2\/pages\/13772\/revisions"}],"wp:featuredmedia":[{"embeddable":true,"href":"https:\/\/zoo.org\/vi\/wp-json\/wp\/v2\/media\/11257"}],"wp:attachment":[{"href":"https:\/\/zoo.org\/vi\/wp-json\/wp\/v2\/media?parent=13772"}],"curies":[{"name":"wp","href":"https:\/\/api.w.org\/{rel}","templated":true}]}}