{"id":19453,"date":"2026-02-18T14:16:10","date_gmt":"2026-02-18T22:16:10","guid":{"rendered":"https:\/\/zoo.org\/zootunes\/zootunes-suites\/"},"modified":"2026-03-24T11:00:24","modified_gmt":"2026-03-24T18:00:24","slug":"zootunes-suites","status":"publish","type":"page","link":"https:\/\/zoo.org\/vi\/zootunes\/zootunes-suites\/","title":{"rendered":"ZooTunes Suites"},"content":{"rendered":"\n<div class=\"wp-block-cover alignfull hero\" style=\"margin-top:0;margin-bottom:0\"><img loading=\"lazy\" decoding=\"async\" width=\"1920\" height=\"400\" class=\"wp-block-cover__image-background wp-image-4895 size-full\" alt=\"A large crowd gathers on a grassy lawn for an outdoor concert, sitting on blankets and chairs in front of a stage surrounded by trees and greenery on a sunny day.\" src=\"https:\/\/zoo.org\/wp-content\/uploads\/2025\/09\/Zootunes-Aerial-Header-Image.jpg\" data-object-fit=\"cover\" srcset=\"https:\/\/zoo.org\/wp-content\/uploads\/2025\/09\/Zootunes-Aerial-Header-Image.jpg 1920w, https:\/\/zoo.org\/wp-content\/uploads\/2025\/09\/Zootunes-Aerial-Header-Image-300x63.jpg 300w, https:\/\/zoo.org\/wp-content\/uploads\/2025\/09\/Zootunes-Aerial-Header-Image-1024x213.jpg 1024w, https:\/\/zoo.org\/wp-content\/uploads\/2025\/09\/Zootunes-Aerial-Header-Image-768x160.jpg 768w, https:\/\/zoo.org\/wp-content\/uploads\/2025\/09\/Zootunes-Aerial-Header-Image-1536x320.jpg 1536w\" sizes=\"auto, (max-width: 1920px) 100vw, 1920px\" \/><span aria-hidden=\"true\" class=\"wp-block-cover__background has-background-dim-0 has-background-dim\" style=\"background-color:#585132\"><\/span><div class=\"wp-block-cover__inner-container is-layout-constrained wp-block-cover-is-layout-constrained\">\n<p class=\"has-text-align-center has-large-font-size\"><\/p>\n<\/div><\/div>\n\n<div class=\"wp-block-group is-layout-constrained wp-block-group-is-layout-constrained\" style=\"margin-top:2em;margin-bottom:3em\">\n<h1 class=\"wp-block-heading has-text-align-center\" style=\"margin-top:0.65em;margin-bottom:0.275em\">BECU Zootunes<\/h1>\n\n\n\n<p class=\"has-text-align-center has-palette-color-3-color has-text-color has-link-color wp-elements-ef93acb4fa0ea453cfc3b84e38c5e503\" style=\"margin-bottom:1em;font-size:clamp(0.984em, 0.984rem + ((1vw - 0.2em) * 0.645), 1.5em);font-style:normal;font-weight:500;line-height:1.5\"><strong>\u0110\u01b0\u1ee3c t\u00e0i tr\u1ee3 b\u1edfi Carter Subaru<\/strong><\/p>\n<\/div>\n\n<div class=\"wp-block-group alignfull divider is-layout-constrained wp-block-group-is-layout-constrained\">\n<h2 class=\"wp-block-heading alignfull has-text-align-center\">T\u1ed5 kh\u00fac h\u00f2a nh\u1ea1c<\/h2>\n<\/div>\n\n<h3 class=\"wp-block-heading\">N\u00e2ng t\u1ea7m tr\u1ea3i nghi\u1ec7m c\u1ee7a b\u1ea1n<\/h3>\n\n<h4 class=\"wp-block-heading\">H\u00e3y tr\u1ea3i nghi\u1ec7m d\u1ecbch v\u1ee5 \u0111\u1eb3ng c\u1ea5p ng\u00f4i sao nh\u1ea1c rock t\u1ea1i ZooTunes v\u1edbi ph\u00f2ng Concert Suite \u0111\u1ed9c \u200b\u200bquy\u1ec1n c\u1ee7a ch\u00fang t\u00f4i!<\/h4>\n\n<p>Ho\u00e0n h\u1ea3o cho b\u1ea1n b\u00e8, gia \u0111\u00ecnh ho\u1eb7c \u0111\u1ed3ng nghi\u1ec7p, kh\u00f4ng gian ph\u00f2ng ch\u1edd ri\u00eang t\u01b0 n\u00e0y cung c\u1ea5p ch\u1ed7 ng\u1ed3i tho\u1ea3i m\u00e1i cho t\u1ed1i \u0111a 8 kh\u00e1ch\u2014gi\u00fap b\u1ea1n lu\u00f4n \u1edf ngay trung t\u00e2m c\u1ee7a m\u1ecdi ho\u1ea1t \u0111\u1ed9ng.<\/p>\n\n<div class=\"wp-block-buttons is-content-justification-center is-layout-flex wp-container-core-buttons-is-layout-48d0e691 wp-block-buttons-is-layout-flex\" style=\"margin-top:var(--wp--preset--spacing--60);margin-bottom:var(--wp--preset--spacing--60)\">\n<div class=\"wp-block-button\"><a class=\"wp-block-button__link wp-element-button\" href=\"https:\/\/www.gofevo.com\/group\/ZooTunes2026\" target=\"_blank\" rel=\"noreferrer noopener\">Mua c\u0103n h\u1ed9 c\u1ee7a b\u1ea1n<\/a><\/div>\n<\/div>\n\n<p><strong>G\u00f3i d\u1ecbch v\u1ee5 8-Track Suite c\u1ee7a b\u1ea1n bao g\u1ed3m:<\/strong><\/p>\n\n<ul class=\"wp-block-list\">\n<li>8 v\u00e9 ZooTunes (Tr\u1ebb em t\u1eeb 2 tu\u1ed5i tr\u1edf xu\u1ed1ng \u0111\u01b0\u1ee3c mi\u1ec5n ph\u00ed v\u00e9 khi \u0111i c\u00f9ng ng\u01b0\u1eddi l\u1edbn c\u00f3 v\u00e9)<\/li>\n\n\n\n<li>Khu v\u1ef1c ti\u1ebfp kh\u00e1ch ri\u00eang t\u01b0 v\u1edbi s\u1ee9c ch\u1ee9a t\u1ed1i \u0111a 8 kh\u00e1ch.<\/li>\n\n\n\n<li>B\u1ea1n c\u00f3 th\u1ec3 ch\u1ecdn m\u1ed9t trong <a href=\"https:\/\/zoo.org\/wp-content\/uploads\/2026\/02\/2026-ZooTunes-Suite-Menu.pdf\" type=\"attachment\" id=\"19021\" target=\"_blank\" rel=\"noreferrer noopener\">c\u00e1c g\u00f3i \u1ea9m th\u1ef1c cao c\u1ea5p<\/a> c\u1ee7a ch\u00fang t\u00f4i (\u0111\u00e3 \u0111\u01b0\u1ee3c ch\u1ecdn tr\u01b0\u1edbc khi \u0111\u1eb7t ch\u1ed7).<\/li>\n\n\n\n<li>\u0110\u1ed3 u\u1ed1ng c\u00f3 th\u1ec3 mua t\u1ea1i qu\u1ea7y ph\u1ee5c v\u1ee5 ri\u00eang.<\/li>\n\n\n\n<li>2 ch\u1ed7 \u0111\u1eadu xe d\u00e0nh ri\u00eang t\u1ea1i b\u00e3i \u0111\u1eadu xe Otter ( <a href=\"https:\/\/zoo.org\/vi\/huong-dan-va-cho-dau-xe\/\" type=\"page\" id=\"3056\">xem h\u01b0\u1edbng d\u1eabn t\u1ea1i \u0111\u00e2y<\/a> ) v\u00e0 l\u1ed1i v\u00e0o \u01b0u ti\u00ean d\u00e0nh cho kh\u00e1ch h\u00e0ng th\u00e2n thi\u1ebft.<\/li>\n<\/ul>\n\n<p>D\u1ecbch v\u1ee5 \u0103n u\u1ed1ng s\u1ebd \u0111\u01b0\u1ee3c cung c\u1ea5p trong khu v\u1ef1c ph\u00f2ng suite t\u1eeb 17:00 \u0111\u1ebfn 20:00 b\u1edfi nh\u00e0 h\u00e0ng Levy Restaurants.  <a href=\"https:\/\/zoo.org\/wp-content\/uploads\/2026\/02\/2026-ZooTunes-Suite-Menu.pdf\" type=\"attachment\" id=\"19021\">Xem th\u1ef1c \u0111\u01a1n<\/a><\/p>\n\n<p>T\u1eadn h\u01b0\u1edfng tr\u1ea3i nghi\u1ec7m h\u00f2a nh\u1ea1c cao c\u1ea5p v\u1edbi c\u00e1c m\u00f3n \u0103n nh\u1eb9 \u0111\u01b0\u1ee3c c\u00e1 nh\u00e2n h\u00f3a, bao g\u1ed3m ba <a href=\"https:\/\/zoo.org\/wp-content\/uploads\/2026\/02\/2026-ZooTunes-Suite-Menu.pdf\" type=\"attachment\" id=\"19021\" target=\"_blank\" rel=\"noreferrer noopener\">l\u1ef1a ch\u1ecdn th\u1ef1c ph\u1ea9m<\/a> ngon mi\u1ec7ng \u0111\u00e3 \u0111\u01b0\u1ee3c ch\u1ecdn s\u1eb5n. Nhi\u1ec1u lo\u1ea1i \u0111\u1ed3 u\u1ed1ng s\u1ebd \u0111\u01b0\u1ee3c b\u00e1n th\u00eam. V\u1edbi ti\u1ec7n nghi h\u00e0ng \u0111\u1ea7u v\u00e0 kh\u00f4ng gian kh\u00f3 qu\u00ean, ph\u00f2ng VIP n\u00e0y l\u00e0 c\u00e1ch ho\u00e0n h\u1ea3o \u0111\u1ec3 n\u00e2ng t\u1ea7m \u0111\u00eam nh\u1ea1c ZooTunes c\u1ee7a b\u1ea1n. H\u00e3y ng\u1ed3i xu\u1ed1ng, th\u01b0 gi\u00e3n v\u00e0 th\u01b0\u1edfng th\u1ee9c \u00e2m nh\u1ea1c m\u1ed9t c\u00e1ch tr\u1ecdn v\u1eb9n!   <\/p>\n\n<p>\u0110\u1ec3 bi\u1ebft th\u00eam th\u00f4ng tin chi ti\u1ebft, vui l\u00f2ng li\u00ean h\u1ec7 <a href=\"mailto:concerts@zoo.org\">concerts@zoo.org<\/a> .<\/p>\n<style>.wp-block-kadence-advancedgallery.kb-gallery-wrap-id-19227_3f56ba-c9{margin-top:var(--global-kb-spacing-md, 2rem);margin-bottom:var(--global-kb-spacing-lg, 3rem);}.kb-gallery-id-19227_3f56ba-c9 .kadence-blocks-gallery-item .kb-gal-image-radius, .kb-gallery-id-19227_3f56ba-c9 .kb-slide-item .kb-gal-image-radius img{border-radius:0px 0px 0px 0px;;}.kb-gallery-wrap-id-19227_3f56ba-c9.wp-block-kadence-advancedgallery{overflow:visible;}.kb-gallery-wrap-id-19227_3f56ba-c9.wp-block-kadence-advancedgallery .kt-blocks-carousel{overflow:visible;}.kb-gallery-id-19227_3f56ba-c9 .splide__arrow{font-size:var(--global-kb-font-size-md, 1.25rem);}<\/style><div class=\"kb-gallery-wrap-id-19227_3f56ba-c9 alignnone wp-block-kadence-advancedgallery\"><div class=\"kb-gallery-ul kb-gallery-non-static kb-gallery-type-slider kb-gallery-id-19227_3f56ba-c9 kb-gallery-caption-style-bottom-hover kb-gallery-filter-none\" data-image-filter=\"none\" data-lightbox-caption=\"true\"><div class=\"kt-blocks-carousel splide kt-carousel-container-dotstyle-none kt-carousel-arrowstyle-whiteondark kt-carousel-dotstyle-none kb-slider-group-arrow kb-slider-arrow-position-center\" data-slider-anim-speed=\"1000\" data-slider-scroll=\"1\" data-slider-arrows=\"true\" data-slider-fade=\"true\" data-slider-dots=\"false\" data-slider-type=\"slider\" data-slider-hover-pause=\"false\" data-slider-auto=\"\" data-slider-speed=\"7000\" data-show-pause-button=\"false\"><div class=\"splide__track\"><ul class=\"kt-blocks-carousel-init kb-blocks-slider splide__list\"><li class=\"kb-slide-item kb-gallery-slide-item splide__slide\"><div class=\"kadence-blocks-gallery-item\"><div class=\"kadence-blocks-gallery-item-inner\"><figure class=\"kb-gallery-figure kadence-blocks-gallery-item-hide-caption\"><div class=\"kb-gal-image-radius\"><div class=\"kb-gallery-image-contain kadence-blocks-gallery-intrinsic kb-gallery-image-ratio-land32 kb-has-image-ratio-land32\" ><img loading=\"lazy\" decoding=\"async\" src=\"https:\/\/zoo.org\/wp-content\/uploads\/2026\/02\/2025-Zootunes-suites-16_phi-JDL.jpg\" width=\"800\" height=\"533\" alt=\"A large crowd enjoys an outdoor concert, with people sitting on the grass and standing, some with arms raised. Trees and large umbrellas provide shade, and a band performs on a stage in the background.\" data-full-image=\"https:\/\/zoo.org\/wp-content\/uploads\/2026\/02\/2025-Zootunes-suites-16_phi-JDL.jpg\" data-light-image=\"https:\/\/zoo.org\/wp-content\/uploads\/2026\/02\/2025-Zootunes-suites-16_phi-JDL.jpg\" data-id=\"19201\" class=\"wp-image-19201 skip-lazy\" srcset=\"https:\/\/zoo.org\/wp-content\/uploads\/2026\/02\/2025-Zootunes-suites-16_phi-JDL.jpg 800w, https:\/\/zoo.org\/wp-content\/uploads\/2026\/02\/2025-Zootunes-suites-16_phi-JDL-300x200.jpg 300w, https:\/\/zoo.org\/wp-content\/uploads\/2026\/02\/2025-Zootunes-suites-16_phi-JDL-150x100.jpg 150w, https:\/\/zoo.org\/wp-content\/uploads\/2026\/02\/2025-Zootunes-suites-16_phi-JDL-768x512.jpg 768w\" sizes=\"auto, (max-width: 800px) 100vw, 800px\" \/><\/div><\/div><\/figure><\/div><\/div><\/li><li class=\"kb-slide-item kb-gallery-slide-item splide__slide\"><div class=\"kadence-blocks-gallery-item\"><div class=\"kadence-blocks-gallery-item-inner\"><figure class=\"kb-gallery-figure kadence-blocks-gallery-item-hide-caption\"><div class=\"kb-gal-image-radius\"><div class=\"kb-gallery-image-contain kadence-blocks-gallery-intrinsic kb-gallery-image-ratio-land32 kb-has-image-ratio-land32\" ><img loading=\"lazy\" decoding=\"async\" src=\"https:\/\/zoo.org\/wp-content\/uploads\/2026\/02\/2025-Zootunes-suites-5_phi.jpg\" width=\"800\" height=\"533\" alt=\"Three women wearing sunglasses smile at the camera while holding drinks at an outdoor event on a sunny day. People, trees, and a stage are visible in the background.\" data-full-image=\"https:\/\/zoo.org\/wp-content\/uploads\/2026\/02\/2025-Zootunes-suites-5_phi.jpg\" data-light-image=\"https:\/\/zoo.org\/wp-content\/uploads\/2026\/02\/2025-Zootunes-suites-5_phi.jpg\" data-id=\"19197\" class=\"wp-image-19197 skip-lazy\" srcset=\"https:\/\/zoo.org\/wp-content\/uploads\/2026\/02\/2025-Zootunes-suites-5_phi.jpg 800w, https:\/\/zoo.org\/wp-content\/uploads\/2026\/02\/2025-Zootunes-suites-5_phi-300x200.jpg 300w, https:\/\/zoo.org\/wp-content\/uploads\/2026\/02\/2025-Zootunes-suites-5_phi-150x100.jpg 150w, https:\/\/zoo.org\/wp-content\/uploads\/2026\/02\/2025-Zootunes-suites-5_phi-768x512.jpg 768w\" sizes=\"auto, (max-width: 800px) 100vw, 800px\" \/><\/div><\/div><\/figure><\/div><\/div><\/li><li class=\"kb-slide-item kb-gallery-slide-item splide__slide\"><div class=\"kadence-blocks-gallery-item\"><div class=\"kadence-blocks-gallery-item-inner\"><figure class=\"kb-gallery-figure kadence-blocks-gallery-item-hide-caption\"><div class=\"kb-gal-image-radius\"><div class=\"kb-gallery-image-contain kadence-blocks-gallery-intrinsic kb-gallery-image-ratio-land32 kb-has-image-ratio-land32\" ><img loading=\"lazy\" decoding=\"async\" src=\"https:\/\/zoo.org\/wp-content\/uploads\/2026\/02\/2025-Zootunes-suites-15_phi.jpg\" width=\"800\" height=\"533\" alt=\"Three people sit and smile on patio furniture outdoors, with a table in the foreground holding a can of beer, a plate of deli meats, cheese, grapes, and other snacks. A white fence and trees are in the background.\" data-full-image=\"https:\/\/zoo.org\/wp-content\/uploads\/2026\/02\/2025-Zootunes-suites-15_phi.jpg\" data-light-image=\"https:\/\/zoo.org\/wp-content\/uploads\/2026\/02\/2025-Zootunes-suites-15_phi.jpg\" data-id=\"19200\" class=\"wp-image-19200 skip-lazy\" srcset=\"https:\/\/zoo.org\/wp-content\/uploads\/2026\/02\/2025-Zootunes-suites-15_phi.jpg 800w, https:\/\/zoo.org\/wp-content\/uploads\/2026\/02\/2025-Zootunes-suites-15_phi-300x200.jpg 300w, https:\/\/zoo.org\/wp-content\/uploads\/2026\/02\/2025-Zootunes-suites-15_phi-150x100.jpg 150w, https:\/\/zoo.org\/wp-content\/uploads\/2026\/02\/2025-Zootunes-suites-15_phi-768x512.jpg 768w\" sizes=\"auto, (max-width: 800px) 100vw, 800px\" \/><\/div><\/div><\/figure><\/div><\/div><\/li><li class=\"kb-slide-item kb-gallery-slide-item splide__slide\"><div class=\"kadence-blocks-gallery-item\"><div class=\"kadence-blocks-gallery-item-inner\"><figure class=\"kb-gallery-figure kadence-blocks-gallery-item-hide-caption\"><div class=\"kb-gal-image-radius\"><div class=\"kb-gallery-image-contain kadence-blocks-gallery-intrinsic kb-gallery-image-ratio-land32 kb-has-image-ratio-land32\" ><img loading=\"lazy\" decoding=\"async\" src=\"https:\/\/zoo.org\/wp-content\/uploads\/2026\/02\/2025-Zootunes-suites-11_phi.jpg\" width=\"800\" height=\"533\" alt=\"A woman and a man in sunglasses smile and talk at an outdoor music festival, with a cup in the womans hand and a crowd gathered near a stage in the background.\" data-full-image=\"https:\/\/zoo.org\/wp-content\/uploads\/2026\/02\/2025-Zootunes-suites-11_phi.jpg\" data-light-image=\"https:\/\/zoo.org\/wp-content\/uploads\/2026\/02\/2025-Zootunes-suites-11_phi.jpg\" data-id=\"19199\" class=\"wp-image-19199 skip-lazy\" srcset=\"https:\/\/zoo.org\/wp-content\/uploads\/2026\/02\/2025-Zootunes-suites-11_phi.jpg 800w, https:\/\/zoo.org\/wp-content\/uploads\/2026\/02\/2025-Zootunes-suites-11_phi-300x200.jpg 300w, https:\/\/zoo.org\/wp-content\/uploads\/2026\/02\/2025-Zootunes-suites-11_phi-150x100.jpg 150w, https:\/\/zoo.org\/wp-content\/uploads\/2026\/02\/2025-Zootunes-suites-11_phi-768x512.jpg 768w\" sizes=\"auto, (max-width: 800px) 100vw, 800px\" \/><\/div><\/div><\/figure><\/div><\/div><\/li><\/ul><\/div><\/div><\/div><\/div>\n<div class=\"wp-block-buttons is-content-justification-center is-layout-flex wp-container-core-buttons-is-layout-48d0e691 wp-block-buttons-is-layout-flex\" style=\"margin-top:var(--wp--preset--spacing--60);margin-bottom:var(--wp--preset--spacing--60)\">\n<div class=\"wp-block-button\"><a class=\"wp-block-button__link wp-element-button\" href=\"https:\/\/zoo.org\/zootunes\/suiteterms\/\">\u0110i\u1ec1u kho\u1ea3n &amp; D\u1ecbch v\u1ee5<\/a><\/div>\n<\/div>\n","protected":false},"excerpt":{"rendered":"<p>BECU Zootunes \u0110\u01b0\u1ee3c t\u00e0i tr\u1ee3 b\u1edfi Carter Subaru T\u1ed5 kh\u00fac h\u00f2a nh\u1ea1c N\u00e2ng t\u1ea7m tr\u1ea3i nghi\u1ec7m c\u1ee7a b\u1ea1n H\u00e3y tr\u1ea3i nghi\u1ec7m d\u1ecbch v\u1ee5 \u0111\u1eb3ng c\u1ea5p ng\u00f4i sao nh\u1ea1c rock t\u1ea1i [&hellip;]<\/p>\n","protected":false},"author":1,"featured_media":19454,"parent":12370,"menu_order":0,"comment_status":"closed","ping_status":"closed","template":"","meta":{"_acf_changed":false,"_kad_blocks_custom_css":"","_kad_blocks_head_custom_js":"","_kad_blocks_body_custom_js":"","_kad_blocks_footer_custom_js":"","footnotes":""},"class_list":["post-19453","page","type-page","status-publish","has-post-thumbnail","hentry"],"blocksy_meta":[],"acf":[],"yoast_head":"<!-- This site is optimized with the Yoast SEO plugin v27.3 - https:\/\/yoast.com\/product\/yoast-seo-wordpress\/ -->\n<title>ZooTunes Suites - V\u01b0\u1eddn th\u00fa Woodland Park<\/title>\n<meta name=\"robots\" content=\"index, follow, max-snippet:-1, max-image-preview:large, max-video-preview:-1\" \/>\n<link rel=\"canonical\" href=\"https:\/\/zoo.org\/vi\/zootunes\/zootunes-suites\/\" \/>\n<meta property=\"og:locale\" content=\"vi_VN\" \/>\n<meta property=\"og:type\" content=\"article\" \/>\n<meta property=\"og:title\" content=\"ZooTunes Suites - V\u01b0\u1eddn th\u00fa Woodland Park\" \/>\n<meta property=\"og:description\" content=\"BECU Zootunes \u0110\u01b0\u1ee3c t\u00e0i tr\u1ee3 b\u1edfi Carter Subaru T\u1ed5 kh\u00fac h\u00f2a nh\u1ea1c N\u00e2ng t\u1ea7m tr\u1ea3i nghi\u1ec7m c\u1ee7a b\u1ea1n H\u00e3y tr\u1ea3i nghi\u1ec7m d\u1ecbch v\u1ee5 \u0111\u1eb3ng c\u1ea5p ng\u00f4i sao nh\u1ea1c rock t\u1ea1i [&hellip;]\" \/>\n<meta property=\"og:url\" content=\"https:\/\/zoo.org\/vi\/zootunes\/zootunes-suites\/\" \/>\n<meta property=\"og:site_name\" content=\"V\u01b0\u1eddn th\u00fa Woodland Park\" \/>\n<meta property=\"article:modified_time\" content=\"2026-03-24T18:00:24+00:00\" \/>\n<meta property=\"og:image\" content=\"https:\/\/zoo.org\/wp-content\/uploads\/2026\/02\/2025-Zootunes-suites-16_phi-JDL.jpg?wsr\" \/>\n\t<meta property=\"og:image:width\" content=\"800\" \/>\n\t<meta property=\"og:image:height\" content=\"533\" \/>\n\t<meta property=\"og:image:type\" content=\"image\/jpeg\" \/>\n<meta name=\"twitter:card\" content=\"summary_large_image\" \/>\n<script type=\"application\/ld+json\" class=\"yoast-schema-graph\">{\"@context\":\"https:\\\/\\\/schema.org\",\"@graph\":[{\"@type\":\"WebPage\",\"@id\":\"https:\\\/\\\/zoo.org\\\/vi\\\/zootunes\\\/zootunes-suites\\\/\",\"url\":\"https:\\\/\\\/zoo.org\\\/vi\\\/zootunes\\\/zootunes-suites\\\/\",\"name\":\"ZooTunes Suites - V\u01b0\u1eddn th\u00fa Woodland Park\",\"isPartOf\":{\"@id\":\"https:\\\/\\\/zoo.org\\\/vi\\\/#website\"},\"primaryImageOfPage\":{\"@id\":\"https:\\\/\\\/zoo.org\\\/vi\\\/zootunes\\\/zootunes-suites\\\/#primaryimage\"},\"image\":{\"@id\":\"https:\\\/\\\/zoo.org\\\/vi\\\/zootunes\\\/zootunes-suites\\\/#primaryimage\"},\"thumbnailUrl\":\"https:\\\/\\\/zoo.org\\\/wp-content\\\/uploads\\\/2026\\\/02\\\/2025-Zootunes-suites-16_phi-JDL.jpg?wsr\",\"datePublished\":\"2026-02-18T22:16:10+00:00\",\"dateModified\":\"2026-03-24T18:00:24+00:00\",\"breadcrumb\":{\"@id\":\"https:\\\/\\\/zoo.org\\\/vi\\\/zootunes\\\/zootunes-suites\\\/#breadcrumb\"},\"inLanguage\":\"vi\",\"potentialAction\":[{\"@type\":\"ReadAction\",\"target\":[\"https:\\\/\\\/zoo.org\\\/vi\\\/zootunes\\\/zootunes-suites\\\/\"]}]},{\"@type\":\"ImageObject\",\"inLanguage\":\"vi\",\"@id\":\"https:\\\/\\\/zoo.org\\\/vi\\\/zootunes\\\/zootunes-suites\\\/#primaryimage\",\"url\":\"https:\\\/\\\/zoo.org\\\/wp-content\\\/uploads\\\/2026\\\/02\\\/2025-Zootunes-suites-16_phi-JDL.jpg?wsr\",\"contentUrl\":\"https:\\\/\\\/zoo.org\\\/wp-content\\\/uploads\\\/2026\\\/02\\\/2025-Zootunes-suites-16_phi-JDL.jpg?wsr\",\"width\":800,\"height\":533,\"caption\":\"M\u1ed9t \u0111\u00e1m \u0111\u00f4ng l\u1edbn \u0111ang th\u01b0\u1edfng th\u1ee9c bu\u1ed5i h\u00f2a nh\u1ea1c ngo\u00e0i tr\u1eddi, nhi\u1ec1u ng\u01b0\u1eddi ng\u1ed3i tr\u00ean b\u00e3i c\u1ecf v\u00e0 \u0111\u1ee9ng, m\u1ed9t s\u1ed1 ng\u01b0\u1eddi gi\u01a1 cao tay. C\u00e2y c\u1ed1i v\u00e0 nh\u1eefng chi\u1ebfc d\u00f9 l\u1edbn che b\u00f3ng m\u00e1t, v\u00e0 m\u1ed9t ban nh\u1ea1c \u0111ang bi\u1ec3u di\u1ec5n tr\u00ean s\u00e2n kh\u1ea5u \u1edf ph\u00eda sau.\"},{\"@type\":\"BreadcrumbList\",\"@id\":\"https:\\\/\\\/zoo.org\\\/vi\\\/zootunes\\\/zootunes-suites\\\/#breadcrumb\",\"itemListElement\":[{\"@type\":\"ListItem\",\"position\":1,\"name\":\"Trang ch\u1ee7\",\"item\":\"https:\\\/\\\/zoo.org\\\/vi\\\/\"},{\"@type\":\"ListItem\",\"position\":2,\"name\":\"Zootunes\",\"item\":\"https:\\\/\\\/zoo.org\\\/vi\\\/zootunes\\\/\"},{\"@type\":\"ListItem\",\"position\":3,\"name\":\"ZooTunes Suites\"}]},{\"@type\":\"WebSite\",\"@id\":\"https:\\\/\\\/zoo.org\\\/vi\\\/#website\",\"url\":\"https:\\\/\\\/zoo.org\\\/vi\\\/\",\"name\":\"V\u01b0\u1eddn th\u00fa Woodland Park\",\"description\":\"V\u01b0\u1eddn th\u00fa Woodland Park c\u1ee9u s\u1ed1ng \u0111\u1ed9ng v\u1eadt hoang d\u00e3 v\u00e0 truy\u1ec1n c\u1ea3m h\u1ee9ng cho m\u1ecdi ng\u01b0\u1eddi coi b\u1ea3o t\u1ed3n l\u00e0 \u01b0u ti\u00ean h\u00e0ng \u0111\u1ea7u trong cu\u1ed9c s\u1ed1ng c\u1ee7a m\u00ecnh.\",\"publisher\":{\"@id\":\"https:\\\/\\\/zoo.org\\\/vi\\\/#organization\"},\"potentialAction\":[{\"@type\":\"SearchAction\",\"target\":{\"@type\":\"EntryPoint\",\"urlTemplate\":\"https:\\\/\\\/zoo.org\\\/vi\\\/?s={search_term_string}\"},\"query-input\":{\"@type\":\"PropertyValueSpecification\",\"valueRequired\":true,\"valueName\":\"search_term_string\"}}],\"inLanguage\":\"vi\"},{\"@type\":\"Organization\",\"@id\":\"https:\\\/\\\/zoo.org\\\/vi\\\/#organization\",\"name\":\"V\u01b0\u1eddn th\u00fa Woodland Park\",\"url\":\"https:\\\/\\\/zoo.org\\\/vi\\\/\",\"logo\":{\"@type\":\"ImageObject\",\"inLanguage\":\"vi\",\"@id\":\"https:\\\/\\\/zoo.org\\\/vi\\\/#\\\/schema\\\/logo\\\/image\\\/\",\"url\":\"https:\\\/\\\/zoo.org\\\/wp-content\\\/uploads\\\/2026\\\/01\\\/WPZ-Logo_white-SVG.svg?wsr\",\"contentUrl\":\"https:\\\/\\\/zoo.org\\\/wp-content\\\/uploads\\\/2026\\\/01\\\/WPZ-Logo_white-SVG.svg?wsr\",\"width\":288,\"height\":282,\"caption\":\"V\u01b0\u1eddn th\u00fa Woodland Park\"},\"image\":{\"@id\":\"https:\\\/\\\/zoo.org\\\/vi\\\/#\\\/schema\\\/logo\\\/image\\\/\"}}]}<\/script>\n<!-- \/ Yoast SEO plugin. -->","yoast_head_json":{"title":"ZooTunes Suites - V\u01b0\u1eddn th\u00fa Woodland Park","robots":{"index":"index","follow":"follow","max-snippet":"max-snippet:-1","max-image-preview":"max-image-preview:large","max-video-preview":"max-video-preview:-1"},"canonical":"https:\/\/zoo.org\/vi\/zootunes\/zootunes-suites\/","og_locale":"vi_VN","og_type":"article","og_title":"ZooTunes Suites - V\u01b0\u1eddn th\u00fa Woodland Park","og_description":"BECU Zootunes \u0110\u01b0\u1ee3c t\u00e0i tr\u1ee3 b\u1edfi Carter Subaru T\u1ed5 kh\u00fac h\u00f2a nh\u1ea1c N\u00e2ng t\u1ea7m tr\u1ea3i nghi\u1ec7m c\u1ee7a b\u1ea1n H\u00e3y tr\u1ea3i nghi\u1ec7m d\u1ecbch v\u1ee5 \u0111\u1eb3ng c\u1ea5p ng\u00f4i sao nh\u1ea1c rock t\u1ea1i [&hellip;]","og_url":"https:\/\/zoo.org\/vi\/zootunes\/zootunes-suites\/","og_site_name":"V\u01b0\u1eddn th\u00fa Woodland Park","article_modified_time":"2026-03-24T18:00:24+00:00","og_image":[{"width":800,"height":533,"url":"https:\/\/zoo.org\/wp-content\/uploads\/2026\/02\/2025-Zootunes-suites-16_phi-JDL.jpg?wsr","type":"image\/jpeg"}],"twitter_card":"summary_large_image","schema":{"@context":"https:\/\/schema.org","@graph":[{"@type":"WebPage","@id":"https:\/\/zoo.org\/vi\/zootunes\/zootunes-suites\/","url":"https:\/\/zoo.org\/vi\/zootunes\/zootunes-suites\/","name":"ZooTunes Suites - V\u01b0\u1eddn th\u00fa Woodland Park","isPartOf":{"@id":"https:\/\/zoo.org\/vi\/#website"},"primaryImageOfPage":{"@id":"https:\/\/zoo.org\/vi\/zootunes\/zootunes-suites\/#primaryimage"},"image":{"@id":"https:\/\/zoo.org\/vi\/zootunes\/zootunes-suites\/#primaryimage"},"thumbnailUrl":"https:\/\/zoo.org\/wp-content\/uploads\/2026\/02\/2025-Zootunes-suites-16_phi-JDL.jpg?wsr","datePublished":"2026-02-18T22:16:10+00:00","dateModified":"2026-03-24T18:00:24+00:00","breadcrumb":{"@id":"https:\/\/zoo.org\/vi\/zootunes\/zootunes-suites\/#breadcrumb"},"inLanguage":"vi","potentialAction":[{"@type":"ReadAction","target":["https:\/\/zoo.org\/vi\/zootunes\/zootunes-suites\/"]}]},{"@type":"ImageObject","inLanguage":"vi","@id":"https:\/\/zoo.org\/vi\/zootunes\/zootunes-suites\/#primaryimage","url":"https:\/\/zoo.org\/wp-content\/uploads\/2026\/02\/2025-Zootunes-suites-16_phi-JDL.jpg?wsr","contentUrl":"https:\/\/zoo.org\/wp-content\/uploads\/2026\/02\/2025-Zootunes-suites-16_phi-JDL.jpg?wsr","width":800,"height":533,"caption":"M\u1ed9t \u0111\u00e1m \u0111\u00f4ng l\u1edbn \u0111ang th\u01b0\u1edfng th\u1ee9c bu\u1ed5i h\u00f2a nh\u1ea1c ngo\u00e0i tr\u1eddi, nhi\u1ec1u ng\u01b0\u1eddi ng\u1ed3i tr\u00ean b\u00e3i c\u1ecf v\u00e0 \u0111\u1ee9ng, m\u1ed9t s\u1ed1 ng\u01b0\u1eddi gi\u01a1 cao tay. C\u00e2y c\u1ed1i v\u00e0 nh\u1eefng chi\u1ebfc d\u00f9 l\u1edbn che b\u00f3ng m\u00e1t, v\u00e0 m\u1ed9t ban nh\u1ea1c \u0111ang bi\u1ec3u di\u1ec5n tr\u00ean s\u00e2n kh\u1ea5u \u1edf ph\u00eda sau."},{"@type":"BreadcrumbList","@id":"https:\/\/zoo.org\/vi\/zootunes\/zootunes-suites\/#breadcrumb","itemListElement":[{"@type":"ListItem","position":1,"name":"Trang ch\u1ee7","item":"https:\/\/zoo.org\/vi\/"},{"@type":"ListItem","position":2,"name":"Zootunes","item":"https:\/\/zoo.org\/vi\/zootunes\/"},{"@type":"ListItem","position":3,"name":"ZooTunes Suites"}]},{"@type":"WebSite","@id":"https:\/\/zoo.org\/vi\/#website","url":"https:\/\/zoo.org\/vi\/","name":"V\u01b0\u1eddn th\u00fa Woodland Park","description":"V\u01b0\u1eddn th\u00fa Woodland Park c\u1ee9u s\u1ed1ng \u0111\u1ed9ng v\u1eadt hoang d\u00e3 v\u00e0 truy\u1ec1n c\u1ea3m h\u1ee9ng cho m\u1ecdi ng\u01b0\u1eddi coi b\u1ea3o t\u1ed3n l\u00e0 \u01b0u ti\u00ean h\u00e0ng \u0111\u1ea7u trong cu\u1ed9c s\u1ed1ng c\u1ee7a m\u00ecnh.","publisher":{"@id":"https:\/\/zoo.org\/vi\/#organization"},"potentialAction":[{"@type":"SearchAction","target":{"@type":"EntryPoint","urlTemplate":"https:\/\/zoo.org\/vi\/?s={search_term_string}"},"query-input":{"@type":"PropertyValueSpecification","valueRequired":true,"valueName":"search_term_string"}}],"inLanguage":"vi"},{"@type":"Organization","@id":"https:\/\/zoo.org\/vi\/#organization","name":"V\u01b0\u1eddn th\u00fa Woodland Park","url":"https:\/\/zoo.org\/vi\/","logo":{"@type":"ImageObject","inLanguage":"vi","@id":"https:\/\/zoo.org\/vi\/#\/schema\/logo\/image\/","url":"https:\/\/zoo.org\/wp-content\/uploads\/2026\/01\/WPZ-Logo_white-SVG.svg?wsr","contentUrl":"https:\/\/zoo.org\/wp-content\/uploads\/2026\/01\/WPZ-Logo_white-SVG.svg?wsr","width":288,"height":282,"caption":"V\u01b0\u1eddn th\u00fa Woodland Park"},"image":{"@id":"https:\/\/zoo.org\/vi\/#\/schema\/logo\/image\/"}}]}},"taxonomy_info":[],"featured_image_src_large":["https:\/\/zoo.org\/wp-content\/uploads\/2026\/02\/2025-Zootunes-suites-16_phi-JDL.jpg?wsr",800,533,false],"author_info":{"display_name":"jloughlin","author_link":"https:\/\/zoo.org\/vi\/author\/jloughlin\/"},"comment_info":0,"_links":{"self":[{"href":"https:\/\/zoo.org\/vi\/wp-json\/wp\/v2\/pages\/19453","targetHints":{"allow":["GET"]}}],"collection":[{"href":"https:\/\/zoo.org\/vi\/wp-json\/wp\/v2\/pages"}],"about":[{"href":"https:\/\/zoo.org\/vi\/wp-json\/wp\/v2\/types\/page"}],"author":[{"embeddable":true,"href":"https:\/\/zoo.org\/vi\/wp-json\/wp\/v2\/users\/1"}],"replies":[{"embeddable":true,"href":"https:\/\/zoo.org\/vi\/wp-json\/wp\/v2\/comments?post=19453"}],"version-history":[{"count":0,"href":"https:\/\/zoo.org\/vi\/wp-json\/wp\/v2\/pages\/19453\/revisions"}],"up":[{"embeddable":true,"href":"https:\/\/zoo.org\/vi\/wp-json\/wp\/v2\/pages\/12370"}],"wp:featuredmedia":[{"embeddable":true,"href":"https:\/\/zoo.org\/vi\/wp-json\/wp\/v2\/media\/19454"}],"wp:attachment":[{"href":"https:\/\/zoo.org\/vi\/wp-json\/wp\/v2\/media?parent=19453"}],"curies":[{"name":"wp","href":"https:\/\/api.w.org\/{rel}","templated":true}]}}