{"id":20690,"date":"2026-03-05T14:14:28","date_gmt":"2026-03-05T22:14:28","guid":{"rendered":"https:\/\/zoo.org\/dang-ky-nhan-email-cam-on-ban\/"},"modified":"2026-03-05T14:57:15","modified_gmt":"2026-03-05T22:57:15","slug":"dang-ky-nhan-email-cam-on-ban","status":"publish","type":"page","link":"https:\/\/zoo.org\/vi\/dang-ky-nhan-email-cam-on-ban\/","title":{"rendered":"\u0110\u0103ng k\u00fd nh\u1eadn email C\u1ea3m \u01a1n b\u1ea1n"},"content":{"rendered":"\n<div class=\"wp-block-cover alignfull hero\" style=\"margin-top:0;margin-bottom:0\"><img loading=\"lazy\" decoding=\"async\" width=\"1920\" height=\"400\" class=\"wp-block-cover__image-background wp-image-1157 size-full\" alt=\"\" src=\"http:\/\/zoo.org\/wp-content\/uploads\/2025\/05\/Lynx-Forest-Header-Image.jpg\" data-object-fit=\"cover\" srcset=\"https:\/\/zoo.org\/wp-content\/uploads\/2025\/05\/Lynx-Forest-Header-Image.jpg 1920w, https:\/\/zoo.org\/wp-content\/uploads\/2025\/05\/Lynx-Forest-Header-Image-300x63.jpg 300w, https:\/\/zoo.org\/wp-content\/uploads\/2025\/05\/Lynx-Forest-Header-Image-1024x213.jpg 1024w, https:\/\/zoo.org\/wp-content\/uploads\/2025\/05\/Lynx-Forest-Header-Image-768x160.jpg 768w, https:\/\/zoo.org\/wp-content\/uploads\/2025\/05\/Lynx-Forest-Header-Image-1536x320.jpg 1536w\" sizes=\"auto, (max-width: 1920px) 100vw, 1920px\" \/><span aria-hidden=\"true\" class=\"wp-block-cover__background has-background-dim-0 has-background-dim\" style=\"background-color:#636e5d\"><\/span><div class=\"wp-block-cover__inner-container is-layout-constrained wp-block-cover-is-layout-constrained\">\n<p class=\"has-text-align-center has-large-font-size\"><\/p>\n<\/div><\/div>\n\n<div class=\"wp-block-group is-layout-constrained wp-block-group-is-layout-constrained\" style=\"margin-top:2em;margin-bottom:3em\">\n<h1 class=\"wp-block-heading has-text-align-center\" style=\"margin-top:0.65em;margin-bottom:0.275em\">Tin t\u1ee9c <strong>s\u1edf th\u00fa<\/strong> c\u1ee7a t\u00f4i<\/h1>\n<\/div>\n\n<div class=\"wp-block-group alignfull divider is-layout-constrained wp-block-group-is-layout-constrained\">\n<h2 class=\"wp-block-heading alignfull has-text-align-center\">C\u1ea2M \u01a0N!<\/h2>\n<\/div>\n\n<h3 class=\"wp-block-heading\">\u0110\u0103ng k\u00fd nh\u1eadn email c\u1ee7a ch\u00fang t\u00f4i<\/h3>\n\n<h4 class=\"wp-block-heading\">C\u1ea3m \u01a1n b\u1ea1n \u0111\u00e3 \u0111\u0103ng k\u00fd nh\u1eadn b\u1ea3n tin email MyZoo News t\u1eeb ch\u00fang t\u00f4i!<\/h4>\n\n<p>B\u1ea1n s\u1ebd nh\u1eadn \u0111\u01b0\u1ee3c b\u1ea3n tin email MyZooNews c\u1ee7a ch\u00fang t\u00f4i v\u00e0 th\u1ec9nh tho\u1ea3ng nh\u1eadn \u0111\u01b0\u1ee3c email v\u1ec1 c\u00e1c s\u1ef1 ki\u1ec7n s\u1eafp t\u1edbi, tin t\u1ee9c b\u1ea3o t\u1ed3n v\u00e0 c\u00e1c \u01b0u \u0111\u00e3i \u0111\u1eb7c bi\u1ec7t d\u00e0nh ri\u00eang cho b\u1ea1n.<\/p>\n\n<p>N\u1ebfu b\u1ea1n c\u00f3 b\u1ea5t k\u1ef3 th\u1eafc m\u1eafc n\u00e0o, vui l\u00f2ng li\u00ean h\u1ec7 v\u1edbi ch\u00fang t\u00f4i qua \u0111\u1ecba ch\u1ec9 <a href=\"mailto:zooinfo@zoo.org\">zooinfo@zoo.org<\/a> .<\/p>\n","protected":false},"excerpt":{"rendered":"<p>Tin t\u1ee9c s\u1edf th\u00fa c\u1ee7a t\u00f4i C\u1ea2M \u01a0N! \u0110\u0103ng k\u00fd nh\u1eadn email c\u1ee7a ch\u00fang t\u00f4i C\u1ea3m \u01a1n b\u1ea1n \u0111\u00e3 \u0111\u0103ng k\u00fd nh\u1eadn b\u1ea3n tin email MyZoo News t\u1eeb ch\u00fang t\u00f4i! [&hellip;]<\/p>\n","protected":false},"author":1,"featured_media":0,"parent":0,"menu_order":0,"comment_status":"closed","ping_status":"closed","template":"","meta":{"_acf_changed":false,"_kad_blocks_custom_css":"","_kad_blocks_head_custom_js":"","_kad_blocks_body_custom_js":"","_kad_blocks_footer_custom_js":"","footnotes":""},"class_list":["post-20690","page","type-page","status-publish","hentry"],"blocksy_meta":[],"acf":[],"yoast_head":"<!-- This site is optimized with the Yoast SEO plugin v27.4 - https:\/\/yoast.com\/product\/yoast-seo-wordpress\/ -->\n<title>\u0110\u0103ng k\u00fd nh\u1eadn email C\u1ea3m \u01a1n b\u1ea1n - V\u01b0\u1eddn th\u00fa Woodland Park<\/title>\n<meta name=\"robots\" content=\"index, follow, max-snippet:-1, max-image-preview:large, max-video-preview:-1\" \/>\n<link rel=\"canonical\" href=\"https:\/\/zoo.org\/vi\/dang-ky-nhan-email-cam-on-ban\/\" \/>\n<meta property=\"og:locale\" content=\"vi_VN\" \/>\n<meta property=\"og:type\" content=\"article\" \/>\n<meta property=\"og:title\" content=\"\u0110\u0103ng k\u00fd nh\u1eadn email C\u1ea3m \u01a1n b\u1ea1n - V\u01b0\u1eddn th\u00fa Woodland Park\" \/>\n<meta property=\"og:description\" content=\"Tin t\u1ee9c s\u1edf th\u00fa c\u1ee7a t\u00f4i C\u1ea2M \u01a0N! \u0110\u0103ng k\u00fd nh\u1eadn email c\u1ee7a ch\u00fang t\u00f4i C\u1ea3m \u01a1n b\u1ea1n \u0111\u00e3 \u0111\u0103ng k\u00fd nh\u1eadn b\u1ea3n tin email MyZoo News t\u1eeb ch\u00fang t\u00f4i! [&hellip;]\" \/>\n<meta property=\"og:url\" content=\"https:\/\/zoo.org\/vi\/dang-ky-nhan-email-cam-on-ban\/\" \/>\n<meta property=\"og:site_name\" content=\"V\u01b0\u1eddn th\u00fa Woodland Park\" \/>\n<meta property=\"article:modified_time\" content=\"2026-03-05T22:57:15+00:00\" \/>\n<meta property=\"og:image\" content=\"http:\/\/zoo.org\/wp-content\/uploads\/2025\/05\/Lynx-Forest-Header-Image.jpg\" \/>\n<meta name=\"twitter:card\" content=\"summary_large_image\" \/>\n<script type=\"application\/ld+json\" class=\"yoast-schema-graph\">{\"@context\":\"https:\\\/\\\/schema.org\",\"@graph\":[{\"@type\":\"WebPage\",\"@id\":\"https:\\\/\\\/zoo.org\\\/vi\\\/dang-ky-nhan-email-cam-on-ban\\\/\",\"url\":\"https:\\\/\\\/zoo.org\\\/vi\\\/dang-ky-nhan-email-cam-on-ban\\\/\",\"name\":\"\u0110\u0103ng k\u00fd nh\u1eadn email C\u1ea3m \u01a1n b\u1ea1n - V\u01b0\u1eddn th\u00fa Woodland Park\",\"isPartOf\":{\"@id\":\"https:\\\/\\\/zoo.org\\\/vi\\\/#website\"},\"primaryImageOfPage\":{\"@id\":\"https:\\\/\\\/zoo.org\\\/vi\\\/dang-ky-nhan-email-cam-on-ban\\\/#primaryimage\"},\"image\":{\"@id\":\"https:\\\/\\\/zoo.org\\\/vi\\\/dang-ky-nhan-email-cam-on-ban\\\/#primaryimage\"},\"thumbnailUrl\":\"http:\\\/\\\/zoo.org\\\/wp-content\\\/uploads\\\/2025\\\/05\\\/Lynx-Forest-Header-Image.jpg\",\"datePublished\":\"2026-03-05T22:14:28+00:00\",\"dateModified\":\"2026-03-05T22:57:15+00:00\",\"breadcrumb\":{\"@id\":\"https:\\\/\\\/zoo.org\\\/vi\\\/dang-ky-nhan-email-cam-on-ban\\\/#breadcrumb\"},\"inLanguage\":\"vi\",\"potentialAction\":[{\"@type\":\"ReadAction\",\"target\":[\"https:\\\/\\\/zoo.org\\\/vi\\\/dang-ky-nhan-email-cam-on-ban\\\/\"]}]},{\"@type\":\"ImageObject\",\"inLanguage\":\"vi\",\"@id\":\"https:\\\/\\\/zoo.org\\\/vi\\\/dang-ky-nhan-email-cam-on-ban\\\/#primaryimage\",\"url\":\"http:\\\/\\\/zoo.org\\\/wp-content\\\/uploads\\\/2025\\\/05\\\/Lynx-Forest-Header-Image.jpg\",\"contentUrl\":\"http:\\\/\\\/zoo.org\\\/wp-content\\\/uploads\\\/2025\\\/05\\\/Lynx-Forest-Header-Image.jpg\"},{\"@type\":\"BreadcrumbList\",\"@id\":\"https:\\\/\\\/zoo.org\\\/vi\\\/dang-ky-nhan-email-cam-on-ban\\\/#breadcrumb\",\"itemListElement\":[{\"@type\":\"ListItem\",\"position\":1,\"name\":\"Trang ch\u1ee7\",\"item\":\"https:\\\/\\\/zoo.org\\\/vi\\\/\"},{\"@type\":\"ListItem\",\"position\":2,\"name\":\"\u0110\u0103ng k\u00fd nh\u1eadn email C\u1ea3m \u01a1n b\u1ea1n\"}]},{\"@type\":\"WebSite\",\"@id\":\"https:\\\/\\\/zoo.org\\\/vi\\\/#website\",\"url\":\"https:\\\/\\\/zoo.org\\\/vi\\\/\",\"name\":\"V\u01b0\u1eddn th\u00fa Woodland Park\",\"description\":\"V\u01b0\u1eddn th\u00fa Woodland Park c\u1ee9u s\u1ed1ng \u0111\u1ed9ng v\u1eadt hoang d\u00e3 v\u00e0 truy\u1ec1n c\u1ea3m h\u1ee9ng cho m\u1ecdi ng\u01b0\u1eddi coi b\u1ea3o t\u1ed3n l\u00e0 \u01b0u ti\u00ean h\u00e0ng \u0111\u1ea7u trong cu\u1ed9c s\u1ed1ng c\u1ee7a m\u00ecnh.\",\"publisher\":{\"@id\":\"https:\\\/\\\/zoo.org\\\/vi\\\/#organization\"},\"potentialAction\":[{\"@type\":\"SearchAction\",\"target\":{\"@type\":\"EntryPoint\",\"urlTemplate\":\"https:\\\/\\\/zoo.org\\\/vi\\\/?s={search_term_string}\"},\"query-input\":{\"@type\":\"PropertyValueSpecification\",\"valueRequired\":true,\"valueName\":\"search_term_string\"}}],\"inLanguage\":\"vi\"},{\"@type\":\"Organization\",\"@id\":\"https:\\\/\\\/zoo.org\\\/vi\\\/#organization\",\"name\":\"V\u01b0\u1eddn th\u00fa Woodland Park\",\"url\":\"https:\\\/\\\/zoo.org\\\/vi\\\/\",\"logo\":{\"@type\":\"ImageObject\",\"inLanguage\":\"vi\",\"@id\":\"https:\\\/\\\/zoo.org\\\/vi\\\/#\\\/schema\\\/logo\\\/image\\\/\",\"url\":\"https:\\\/\\\/zoo.org\\\/wp-content\\\/uploads\\\/2026\\\/01\\\/WPZ-Logo_white-SVG.svg?wsr\",\"contentUrl\":\"https:\\\/\\\/zoo.org\\\/wp-content\\\/uploads\\\/2026\\\/01\\\/WPZ-Logo_white-SVG.svg?wsr\",\"width\":288,\"height\":282,\"caption\":\"V\u01b0\u1eddn th\u00fa Woodland Park\"},\"image\":{\"@id\":\"https:\\\/\\\/zoo.org\\\/vi\\\/#\\\/schema\\\/logo\\\/image\\\/\"}}]}<\/script>\n<!-- \/ Yoast SEO plugin. -->","yoast_head_json":{"title":"\u0110\u0103ng k\u00fd nh\u1eadn email C\u1ea3m \u01a1n b\u1ea1n - V\u01b0\u1eddn th\u00fa Woodland Park","robots":{"index":"index","follow":"follow","max-snippet":"max-snippet:-1","max-image-preview":"max-image-preview:large","max-video-preview":"max-video-preview:-1"},"canonical":"https:\/\/zoo.org\/vi\/dang-ky-nhan-email-cam-on-ban\/","og_locale":"vi_VN","og_type":"article","og_title":"\u0110\u0103ng k\u00fd nh\u1eadn email C\u1ea3m \u01a1n b\u1ea1n - V\u01b0\u1eddn th\u00fa Woodland Park","og_description":"Tin t\u1ee9c s\u1edf th\u00fa c\u1ee7a t\u00f4i C\u1ea2M \u01a0N! \u0110\u0103ng k\u00fd nh\u1eadn email c\u1ee7a ch\u00fang t\u00f4i C\u1ea3m \u01a1n b\u1ea1n \u0111\u00e3 \u0111\u0103ng k\u00fd nh\u1eadn b\u1ea3n tin email MyZoo News t\u1eeb ch\u00fang t\u00f4i! [&hellip;]","og_url":"https:\/\/zoo.org\/vi\/dang-ky-nhan-email-cam-on-ban\/","og_site_name":"V\u01b0\u1eddn th\u00fa Woodland Park","article_modified_time":"2026-03-05T22:57:15+00:00","og_image":[{"url":"http:\/\/zoo.org\/wp-content\/uploads\/2025\/05\/Lynx-Forest-Header-Image.jpg","type":"","width":"","height":""}],"twitter_card":"summary_large_image","schema":{"@context":"https:\/\/schema.org","@graph":[{"@type":"WebPage","@id":"https:\/\/zoo.org\/vi\/dang-ky-nhan-email-cam-on-ban\/","url":"https:\/\/zoo.org\/vi\/dang-ky-nhan-email-cam-on-ban\/","name":"\u0110\u0103ng k\u00fd nh\u1eadn email C\u1ea3m \u01a1n b\u1ea1n - V\u01b0\u1eddn th\u00fa Woodland Park","isPartOf":{"@id":"https:\/\/zoo.org\/vi\/#website"},"primaryImageOfPage":{"@id":"https:\/\/zoo.org\/vi\/dang-ky-nhan-email-cam-on-ban\/#primaryimage"},"image":{"@id":"https:\/\/zoo.org\/vi\/dang-ky-nhan-email-cam-on-ban\/#primaryimage"},"thumbnailUrl":"http:\/\/zoo.org\/wp-content\/uploads\/2025\/05\/Lynx-Forest-Header-Image.jpg","datePublished":"2026-03-05T22:14:28+00:00","dateModified":"2026-03-05T22:57:15+00:00","breadcrumb":{"@id":"https:\/\/zoo.org\/vi\/dang-ky-nhan-email-cam-on-ban\/#breadcrumb"},"inLanguage":"vi","potentialAction":[{"@type":"ReadAction","target":["https:\/\/zoo.org\/vi\/dang-ky-nhan-email-cam-on-ban\/"]}]},{"@type":"ImageObject","inLanguage":"vi","@id":"https:\/\/zoo.org\/vi\/dang-ky-nhan-email-cam-on-ban\/#primaryimage","url":"http:\/\/zoo.org\/wp-content\/uploads\/2025\/05\/Lynx-Forest-Header-Image.jpg","contentUrl":"http:\/\/zoo.org\/wp-content\/uploads\/2025\/05\/Lynx-Forest-Header-Image.jpg"},{"@type":"BreadcrumbList","@id":"https:\/\/zoo.org\/vi\/dang-ky-nhan-email-cam-on-ban\/#breadcrumb","itemListElement":[{"@type":"ListItem","position":1,"name":"Trang ch\u1ee7","item":"https:\/\/zoo.org\/vi\/"},{"@type":"ListItem","position":2,"name":"\u0110\u0103ng k\u00fd nh\u1eadn email C\u1ea3m \u01a1n b\u1ea1n"}]},{"@type":"WebSite","@id":"https:\/\/zoo.org\/vi\/#website","url":"https:\/\/zoo.org\/vi\/","name":"V\u01b0\u1eddn th\u00fa Woodland Park","description":"V\u01b0\u1eddn th\u00fa Woodland Park c\u1ee9u s\u1ed1ng \u0111\u1ed9ng v\u1eadt hoang d\u00e3 v\u00e0 truy\u1ec1n c\u1ea3m h\u1ee9ng cho m\u1ecdi ng\u01b0\u1eddi coi b\u1ea3o t\u1ed3n l\u00e0 \u01b0u ti\u00ean h\u00e0ng \u0111\u1ea7u trong cu\u1ed9c s\u1ed1ng c\u1ee7a m\u00ecnh.","publisher":{"@id":"https:\/\/zoo.org\/vi\/#organization"},"potentialAction":[{"@type":"SearchAction","target":{"@type":"EntryPoint","urlTemplate":"https:\/\/zoo.org\/vi\/?s={search_term_string}"},"query-input":{"@type":"PropertyValueSpecification","valueRequired":true,"valueName":"search_term_string"}}],"inLanguage":"vi"},{"@type":"Organization","@id":"https:\/\/zoo.org\/vi\/#organization","name":"V\u01b0\u1eddn th\u00fa Woodland Park","url":"https:\/\/zoo.org\/vi\/","logo":{"@type":"ImageObject","inLanguage":"vi","@id":"https:\/\/zoo.org\/vi\/#\/schema\/logo\/image\/","url":"https:\/\/zoo.org\/wp-content\/uploads\/2026\/01\/WPZ-Logo_white-SVG.svg?wsr","contentUrl":"https:\/\/zoo.org\/wp-content\/uploads\/2026\/01\/WPZ-Logo_white-SVG.svg?wsr","width":288,"height":282,"caption":"V\u01b0\u1eddn th\u00fa Woodland Park"},"image":{"@id":"https:\/\/zoo.org\/vi\/#\/schema\/logo\/image\/"}}]}},"taxonomy_info":[],"featured_image_src_large":false,"author_info":{"display_name":"jloughlin","author_link":"https:\/\/zoo.org\/vi\/author\/jloughlin\/"},"comment_info":0,"_links":{"self":[{"href":"https:\/\/zoo.org\/vi\/wp-json\/wp\/v2\/pages\/20690","targetHints":{"allow":["GET"]}}],"collection":[{"href":"https:\/\/zoo.org\/vi\/wp-json\/wp\/v2\/pages"}],"about":[{"href":"https:\/\/zoo.org\/vi\/wp-json\/wp\/v2\/types\/page"}],"author":[{"embeddable":true,"href":"https:\/\/zoo.org\/vi\/wp-json\/wp\/v2\/users\/1"}],"replies":[{"embeddable":true,"href":"https:\/\/zoo.org\/vi\/wp-json\/wp\/v2\/comments?post=20690"}],"version-history":[{"count":0,"href":"https:\/\/zoo.org\/vi\/wp-json\/wp\/v2\/pages\/20690\/revisions"}],"wp:attachment":[{"href":"https:\/\/zoo.org\/vi\/wp-json\/wp\/v2\/media?parent=20690"}],"curies":[{"name":"wp","href":"https:\/\/api.w.org\/{rel}","templated":true}]}}