{"id":9727,"date":"2026-02-09T09:35:32","date_gmt":"2026-02-09T17:35:32","guid":{"rendered":"https:\/\/zoo.org\/lien-he-voi-chung-toi\/"},"modified":"2026-03-13T15:07:37","modified_gmt":"2026-03-13T22:07:37","slug":"lien-he-voi-chung-toi","status":"publish","type":"page","link":"https:\/\/zoo.org\/vi\/lien-he-voi-chung-toi\/","title":{"rendered":"Li\u00ean h\u1ec7 v\u1edbi ch\u00fang t\u00f4i"},"content":{"rendered":"\n<div class=\"wp-block-cover alignfull hero\" style=\"margin-top:0;margin-bottom:0\"><img loading=\"lazy\" decoding=\"async\" width=\"1920\" height=\"400\" class=\"wp-block-cover__image-background wp-image-1062 size-full\" alt=\"\" src=\"https:\/\/zoo.org\/wp-content\/uploads\/2025\/05\/ASCO-Header-Image.jpg\" data-object-fit=\"cover\" srcset=\"https:\/\/zoo.org\/wp-content\/uploads\/2025\/05\/ASCO-Header-Image.jpg 1920w, https:\/\/zoo.org\/wp-content\/uploads\/2025\/05\/ASCO-Header-Image-300x63.jpg 300w, https:\/\/zoo.org\/wp-content\/uploads\/2025\/05\/ASCO-Header-Image-1024x213.jpg 1024w, https:\/\/zoo.org\/wp-content\/uploads\/2025\/05\/ASCO-Header-Image-768x160.jpg 768w, https:\/\/zoo.org\/wp-content\/uploads\/2025\/05\/ASCO-Header-Image-1536x320.jpg 1536w\" sizes=\"auto, (max-width: 1920px) 100vw, 1920px\" \/><span aria-hidden=\"true\" class=\"wp-block-cover__background has-background-dim-0 has-background-dim\" style=\"background-color:#797666\"><\/span><div class=\"wp-block-cover__inner-container is-layout-constrained wp-block-cover-is-layout-constrained\">\n<p class=\"has-text-align-center has-large-font-size\"><\/p>\n<\/div><\/div>\n\n<div class=\"wp-block-group is-layout-constrained wp-block-group-is-layout-constrained\" style=\"margin-top:2em;margin-bottom:3em\">\n<h1 class=\"wp-block-heading has-text-align-center\" style=\"margin-top:0.65em;margin-bottom:0.275em\">LI\u00caN H\u1ec6 V\u1edaI CH\u00daNG T\u00d4I<\/h1>\n\n\n\n<p class=\"has-text-align-center has-palette-color-3-color has-text-color has-link-color wp-elements-212b3546fb12ec049c22a0a2cf0e6af7\" style=\"margin-bottom:1em;font-size:clamp(0.984em, 0.984rem + ((1vw - 0.2em) * 0.645), 1.5em);font-style:normal;font-weight:500;line-height:1.5\"><strong>B\u1ea1n c\u00f3 c\u00e2u h\u1ecfi? Mu\u1ed1n chia s\u1ebb ph\u1ea3n h\u1ed3i? H\u00e3y t\u00ecm c\u00e1ch li\u00ean l\u1ea1c t\u1ed1t nh\u1ea5t.  <\/strong><\/p>\n<\/div>\n\n<div class=\"wp-block-group alignfull divider is-layout-constrained wp-block-group-is-layout-constrained\">\n<h2 class=\"wp-block-heading alignfull has-text-align-center\">XIN CH\u00c0O!<\/h2>\n<\/div>\n\n<h3 class=\"wp-block-heading\">C\u00e2u h\u1ecfi chung<\/h3>\n\n<h4 class=\"wp-block-heading\">Th\u00f4ng tin v\u1ec1 v\u01b0\u1eddn th\u00fa, c\u00e1c c\u00e2u h\u1ecfi v\u1ec1 v\u00e9 v\u00e0 \u00fd ki\u1ebfn \u0111\u00f3ng g\u00f3p c\u1ee7a c\u00f4ng ch\u00fang<\/h4>\n\n<p><strong>\u0110\u1ecba ch\u1ec9 g\u1eedi th\u01b0: 5500 Phinney Ave. N., Seattle, WA 98103<br\/> S\u1ed1 \u0111i\u1ec7n tho\u1ea1i: 206.548.2500<\/strong><br\/> <strong>Email:<\/strong> <a href=\"mailto:zooinfo@zoo.org\">zooinfo@zoo.org<\/a><\/p>\n\n<p>H\u00e3y s\u1eed d\u1ee5ng danh b\u1ea1 li\u00ean h\u1ec7 n\u00e0y \u0111\u1ec3 g\u1eedi cho ch\u00fang t\u00f4i \u00fd ki\u1ebfn, c\u00e2u h\u1ecfi, m\u1ed1i quan ng\u1ea1i, y\u00eau c\u1ea7u ho\u1eb7c \u0111\u00f3ng g\u00f3p c\u1ee7a b\u1ea1n b\u1ea5t c\u1ee9 l\u00fac n\u00e0o. V\u01b0\u1eddn th\u00fa Woodland Park cam k\u1ebft b\u1ea3o t\u1ed3n. \u0110\u1ec3 gi\u1ea3m thi\u1ec3u l\u00e3ng ph\u00ed gi\u1ea5y, ch\u00fang t\u00f4i \u01b0u ti\u00ean h\u1ed7 tr\u1ee3 b\u1ea1n qua email ho\u1eb7c \u0111i\u1ec7n tho\u1ea1i b\u1ea5t c\u1ee9 khi n\u00e0o c\u00f3 th\u1ec3.  <\/p>\n\n<div class=\"wp-block-buttons is-layout-flex wp-block-buttons-is-layout-flex\" style=\"margin-top:var(--wp--preset--spacing--60);margin-bottom:var(--wp--preset--spacing--60)\">\n<div class=\"wp-block-button\"><a class=\"wp-block-button__link wp-element-button\" href=\"mailto:zooinfo@zoo.org\">G\u1eecI EMAIL CHO CH\u00daNG T\u00d4I<\/a><\/div>\n<\/div>\n\n<h3 class=\"wp-block-heading\">Th\u00f4ng tin li\u00ean h\u1ec7 c\u1ee7a Khoa v\u00e0 Ch\u01b0\u01a1ng tr\u00ecnh<\/h3>\n\n<div class=\"wp-block-columns is-layout-flex wp-container-core-columns-is-layout-45c10ec9 wp-block-columns-is-layout-flex\" style=\"margin-top:var(--wp--preset--spacing--60);margin-bottom:var(--wp--preset--spacing--60)\">\n<div class=\"wp-block-column has-palette-color-17-background-color has-background is-layout-flow wp-block-column-is-layout-flow\" style=\"padding-top:20px;padding-right:20px;padding-bottom:20px;padding-left:20px\">\n<p><strong>C\u00e2u h\u1ecfi v\u00e0 h\u1ed7 tr\u1ee3 v\u1ec1 t\u01b0 c\u00e1ch th\u00e0nh vi\u00ean<\/strong><\/p>\n\n\n\n<p><a href=\"mailto:membership@zoo.org\">membership@zoo.org<\/a><br\/> 206.548.2425<\/p>\n<\/div>\n\n\n\n<div class=\"wp-block-column has-palette-color-17-background-color has-background is-layout-flow wp-block-column-is-layout-flow\" style=\"padding-top:20px;padding-right:20px;padding-bottom:20px;padding-left:20px\">\n<p><strong>Truy\u1ec1n th\u00f4ng v\u00e0 Quan h\u1ec7 c\u00f4ng ch\u00fang<\/strong><\/p>\n\n\n\n<p>Gigi Allianic<br\/> <a href=\"mailto:woodlandparkzoopr@zoo.org\">woodlandparkzoopr@zoo.org<\/a><br\/> 206.548.2550<\/p>\n<\/div>\n\n\n\n<div class=\"wp-block-column has-palette-color-17-background-color has-background is-layout-flow wp-block-column-is-layout-flow\" style=\"padding-top:20px;padding-right:20px;padding-bottom:20px;padding-left:20px\">\n<p><strong>\u0110\u01b0\u1eddng d\u00e2y kh\u1ea9n c\u1ea5p d\u00e0nh cho c\u00e1c tr\u1ea1i h\u00e8 v\u00e0 l\u1edbp h\u1ecdc<\/strong><\/p>\n\n\n\n<p>206.491.7651<\/p>\n<\/div>\n<\/div>\n\n<div class=\"wp-block-columns is-layout-flex wp-container-core-columns-is-layout-28f84493 wp-block-columns-is-layout-flex\">\n<div class=\"wp-block-column is-layout-flow wp-block-column-is-layout-flow\">\n<p><strong>Bu\u1ed5i h\u00f2a nh\u1ea1c m\u00f9a h\u00e8 ZooTunes<\/strong><br\/> <a href=\"mailto:concerts@zoo.org\">concerts@zoo.org<\/a><br\/> 206.548.2500<\/p>\n\n\n\n<p><strong>Qu\u1ea3ng c\u00e1o<\/strong><br\/> <a href=\"mailto:marketing@zoo.org\">marketing@zoo.org<\/a><\/p>\n\n\n\n<p><strong>D\u1ecbch v\u1ee5 \u0103n u\u1ed1ng\/Thu\u1ebf<\/strong><br\/> Meredith Lambert, Gi\u00e1m \u0111\u1ed1c khu v\u1ef1c 206.545.2044<br\/> ho\u1eb7c li\u00ean h\u1ec7 Alisa King, Qu\u1ea3n l\u00fd D\u1ecbch v\u1ee5 Ti\u1ec7c c\u1ea5p cao, s\u1ed1 \u0111i\u1ec7n tho\u1ea1i 206.545.2050 <\/p>\n\n\n\n<p><strong>Ch\u01b0\u01a1ng tr\u00ecnh ti\u1ebfp c\u1eadn c\u1ed9ng \u0111\u1ed3ng<\/strong><br\/> <a href=\"mailto:CAP@zoo.org\">CAP@zoo.org<\/a><\/p>\n\n\n\n<p><strong>Quy\u00ean g\u00f3p<\/strong><br\/> <a href=\"mailto:donations@zoo.org\">donations@zoo.org<\/a><br\/> 206.548.2491<br\/> B\u1ea1n \u0111ang t\u00ecm ki\u1ebfm s\u1ef1 quy\u00ean g\u00f3p \u0111\u1ec3 h\u1ed7 tr\u1ee3 bu\u1ed5i \u0111\u1ea5u gi\u00e1 c\u1ee7a m\u00ecnh?<br\/> H\u00e3y truy c\u1eadp <a href=\"http:\/\/www.zoo.org\/donation-request\">www.zoo.org\/donation-request<\/a> \u0111\u1ec3 y\u00eau c\u1ea7u quy\u00ean g\u00f3p.<\/p>\n<\/div>\n\n\n\n<div class=\"wp-block-column is-layout-flow wp-block-column-is-layout-flow\">\n<p><strong>C\u00e1c chuy\u1ebfn \u0111i th\u1ef1c \u0111\u1ecba v\u00e0 ch\u01b0\u01a1ng tr\u00ecnh gi\u00e1o d\u1ee5c<\/strong><br\/> <a href=\"mailto:schools@zoo.org\">schools@zoo.org<\/a><\/p>\n\n\n\n<p><strong>B\u00e1n h\u00e0ng theo nh\u00f3m v\u00e0 s\u1ef1 ki\u1ec7n ri\u00eang<\/strong><br\/> <a href=\"mailto:brambleandwoodevents@zoo.org\">brambleandwoodevents@zoo.org<\/a> ,<br\/> <a href=\"https:\/\/brambleandwoodwpz.com\/\" target=\"_blank\" rel=\"noreferrer noopener\">https:\/\/brambleandwoodwpz.com\/<\/a><\/p>\n\n\n\n<p><strong>\u0110\u1ed3 Th\u1ea5t L\u1ea1c T\u00ecm Th\u1ea5y<\/strong><br\/> 206.548.5410<\/p>\n\n\n\n<p><strong>Quy\u00ean g\u00f3p theo k\u1ebf ho\u1ea1ch<\/strong><br\/> <a href=\"mailto:alex.kerl@zoo.org\">Alex Kerl<\/a><br\/> 206.548.2437<\/p>\n\n\n\n<p><strong>B\u1ea3o v\u1ec7<\/strong><br\/> <a href=\"mailto:security@Zoo.org\">security@zoo.org<\/a><br\/> 206.295.0078<\/p>\n<\/div>\n\n\n\n<div class=\"wp-block-column is-layout-flow wp-block-column-is-layout-flow\">\n<p><strong>T\u00ecnh nguy\u1ec7n vi\u00ean<\/strong><br\/> <a href=\"mailto:volunteer@zoo.org\">volunteer@zoo.org<\/a><\/p>\n\n\n\n<p><strong>Trang web v\u00e0 m\u1ea1ng x\u00e3 h\u1ed9i<\/strong><br\/> <a href=\"mailto:zooinfo@zoo.org\">zooinfo@zoo.org<\/a><\/p>\n\n\n\n<p><strong>S\u1edf th\u00fa Doo<\/strong><br\/> <a href=\"mailto:zooinfo@zoo.org\">zooinfo@zoo.org<\/a><br\/> 206.625.7667<\/p>\n\n\n\n<p><strong>ZooParent &#8211; Ch\u01b0\u01a1ng tr\u00ecnh nh\u1eadn nu\u00f4i \u0111\u1ed9ng v\u1eadt<\/strong><br\/> <a href=\"mailto:zooparent@zoo.org\">zooparent@zoo.org<\/a><br\/> 206.548.2425<\/p>\n\n\n\n<p><strong>C\u1eeda h\u00e0ng th\u00fa<\/strong><br\/> 206.548.2584<\/p>\n<\/div>\n<\/div>\n","protected":false},"excerpt":{"rendered":"<p>LI\u00caN H\u1ec6 V\u1edaI CH\u00daNG T\u00d4I B\u1ea1n c\u00f3 c\u00e2u h\u1ecfi? Mu\u1ed1n chia s\u1ebb ph\u1ea3n h\u1ed3i? H\u00e3y t\u00ecm c\u00e1ch li\u00ean l\u1ea1c t\u1ed1t nh\u1ea5t. XIN CH\u00c0O! C\u00e2u h\u1ecfi chung Th\u00f4ng tin v\u1ec1 v\u01b0\u1eddn [&hellip;]<\/p>\n","protected":false},"author":1,"featured_media":9297,"parent":0,"menu_order":0,"comment_status":"closed","ping_status":"closed","template":"","meta":{"_acf_changed":false,"_kad_blocks_custom_css":"","_kad_blocks_head_custom_js":"","_kad_blocks_body_custom_js":"","_kad_blocks_footer_custom_js":"","footnotes":""},"class_list":["post-9727","page","type-page","status-publish","has-post-thumbnail","hentry"],"blocksy_meta":[],"acf":[],"yoast_head":"<!-- This site is optimized with the Yoast SEO plugin v27.4 - https:\/\/yoast.com\/product\/yoast-seo-wordpress\/ -->\n<title>Li\u00ean h\u1ec7 v\u1edbi ch\u00fang t\u00f4i - V\u01b0\u1eddn th\u00fa Woodland Park<\/title>\n<meta name=\"description\" content=\"Tra c\u1ee9u th\u00f4ng tin nh\u00e2n vi\u00ean c\u1ee7a V\u01b0\u1eddn th\u00fa Woodland Park \u0111\u1ec3 t\u00ecm th\u00f4ng tin li\u00ean h\u1ec7 cho c\u00e1c th\u1eafc m\u1eafc c\u1ee7a b\u1ea1n.\" \/>\n<meta name=\"robots\" content=\"index, follow, max-snippet:-1, max-image-preview:large, max-video-preview:-1\" \/>\n<link rel=\"canonical\" href=\"https:\/\/zoo.org\/vi\/lien-he-voi-chung-toi\/\" \/>\n<meta property=\"og:locale\" content=\"vi_VN\" \/>\n<meta property=\"og:type\" content=\"article\" \/>\n<meta property=\"og:title\" content=\"Li\u00ean h\u1ec7 v\u1edbi ch\u00fang t\u00f4i - V\u01b0\u1eddn th\u00fa Woodland Park\" \/>\n<meta property=\"og:description\" content=\"Tra c\u1ee9u th\u00f4ng tin nh\u00e2n vi\u00ean c\u1ee7a V\u01b0\u1eddn th\u00fa Woodland Park \u0111\u1ec3 t\u00ecm th\u00f4ng tin li\u00ean h\u1ec7 cho c\u00e1c th\u1eafc m\u1eafc c\u1ee7a b\u1ea1n.\" \/>\n<meta property=\"og:url\" content=\"https:\/\/zoo.org\/vi\/lien-he-voi-chung-toi\/\" \/>\n<meta property=\"og:site_name\" content=\"V\u01b0\u1eddn th\u00fa Woodland Park\" \/>\n<meta property=\"article:modified_time\" content=\"2026-03-13T22:07:37+00:00\" \/>\n<meta property=\"og:image\" content=\"https:\/\/zoo.org\/wp-content\/uploads\/2025\/10\/Seattle-Aerial-web.jpg?wsr\" \/>\n\t<meta property=\"og:image:width\" content=\"800\" \/>\n\t<meta property=\"og:image:height\" content=\"533\" \/>\n\t<meta property=\"og:image:type\" content=\"image\/jpeg\" \/>\n<meta name=\"twitter:card\" content=\"summary_large_image\" \/>\n<script type=\"application\/ld+json\" class=\"yoast-schema-graph\">{\"@context\":\"https:\\\/\\\/schema.org\",\"@graph\":[{\"@type\":\"WebPage\",\"@id\":\"https:\\\/\\\/zoo.org\\\/vi\\\/lien-he-voi-chung-toi\\\/\",\"url\":\"https:\\\/\\\/zoo.org\\\/vi\\\/lien-he-voi-chung-toi\\\/\",\"name\":\"Li\u00ean h\u1ec7 v\u1edbi ch\u00fang t\u00f4i - V\u01b0\u1eddn th\u00fa Woodland Park\",\"isPartOf\":{\"@id\":\"https:\\\/\\\/zoo.org\\\/vi\\\/#website\"},\"primaryImageOfPage\":{\"@id\":\"https:\\\/\\\/zoo.org\\\/vi\\\/lien-he-voi-chung-toi\\\/#primaryimage\"},\"image\":{\"@id\":\"https:\\\/\\\/zoo.org\\\/vi\\\/lien-he-voi-chung-toi\\\/#primaryimage\"},\"thumbnailUrl\":\"https:\\\/\\\/zoo.org\\\/wp-content\\\/uploads\\\/2025\\\/10\\\/Seattle-Aerial-web.jpg?wsr\",\"datePublished\":\"2026-02-09T17:35:32+00:00\",\"dateModified\":\"2026-03-13T22:07:37+00:00\",\"description\":\"Tra c\u1ee9u th\u00f4ng tin nh\u00e2n vi\u00ean c\u1ee7a V\u01b0\u1eddn th\u00fa Woodland Park \u0111\u1ec3 t\u00ecm th\u00f4ng tin li\u00ean h\u1ec7 cho c\u00e1c th\u1eafc m\u1eafc c\u1ee7a b\u1ea1n.\",\"breadcrumb\":{\"@id\":\"https:\\\/\\\/zoo.org\\\/vi\\\/lien-he-voi-chung-toi\\\/#breadcrumb\"},\"inLanguage\":\"vi\",\"potentialAction\":[{\"@type\":\"ReadAction\",\"target\":[\"https:\\\/\\\/zoo.org\\\/vi\\\/lien-he-voi-chung-toi\\\/\"]}]},{\"@type\":\"ImageObject\",\"inLanguage\":\"vi\",\"@id\":\"https:\\\/\\\/zoo.org\\\/vi\\\/lien-he-voi-chung-toi\\\/#primaryimage\",\"url\":\"https:\\\/\\\/zoo.org\\\/wp-content\\\/uploads\\\/2025\\\/10\\\/Seattle-Aerial-web.jpg?wsr\",\"contentUrl\":\"https:\\\/\\\/zoo.org\\\/wp-content\\\/uploads\\\/2025\\\/10\\\/Seattle-Aerial-web.jpg?wsr\",\"width\":800,\"height\":533,\"caption\":\"\u1ea2nh ch\u1ee5p t\u1eeb tr\u00ean cao cho th\u1ea5y s\u1edf th\u00fa v\u1edbi nh\u1eefng h\u00e0ng c\u00e2y r\u1eadm r\u1ea1p \u1edf ph\u00eda tr\u01b0\u1edbc, khu d\u00e2n c\u01b0 \u1edf gi\u1eefa v\u00e0 \u0111\u01b0\u1eddng ch\u00e2n tr\u1eddi th\u00e0nh ph\u1ed1 v\u1edbi nh\u1eefng t\u00f2a nh\u00e0 cao t\u1ea7ng v\u00e0 m\u1ed9t h\u1ed3 n\u01b0\u1edbc \u1edf ph\u00eda xa d\u01b0\u1edbi b\u1ea7u tr\u1eddi trong xanh.\"},{\"@type\":\"BreadcrumbList\",\"@id\":\"https:\\\/\\\/zoo.org\\\/vi\\\/lien-he-voi-chung-toi\\\/#breadcrumb\",\"itemListElement\":[{\"@type\":\"ListItem\",\"position\":1,\"name\":\"Trang ch\u1ee7\",\"item\":\"https:\\\/\\\/zoo.org\\\/vi\\\/\"},{\"@type\":\"ListItem\",\"position\":2,\"name\":\"Li\u00ean h\u1ec7 v\u1edbi ch\u00fang t\u00f4i\"}]},{\"@type\":\"WebSite\",\"@id\":\"https:\\\/\\\/zoo.org\\\/vi\\\/#website\",\"url\":\"https:\\\/\\\/zoo.org\\\/vi\\\/\",\"name\":\"V\u01b0\u1eddn th\u00fa Woodland Park\",\"description\":\"V\u01b0\u1eddn th\u00fa Woodland Park c\u1ee9u s\u1ed1ng \u0111\u1ed9ng v\u1eadt hoang d\u00e3 v\u00e0 truy\u1ec1n c\u1ea3m h\u1ee9ng cho m\u1ecdi ng\u01b0\u1eddi coi b\u1ea3o t\u1ed3n l\u00e0 \u01b0u ti\u00ean h\u00e0ng \u0111\u1ea7u trong cu\u1ed9c s\u1ed1ng c\u1ee7a m\u00ecnh.\",\"publisher\":{\"@id\":\"https:\\\/\\\/zoo.org\\\/vi\\\/#organization\"},\"potentialAction\":[{\"@type\":\"SearchAction\",\"target\":{\"@type\":\"EntryPoint\",\"urlTemplate\":\"https:\\\/\\\/zoo.org\\\/vi\\\/?s={search_term_string}\"},\"query-input\":{\"@type\":\"PropertyValueSpecification\",\"valueRequired\":true,\"valueName\":\"search_term_string\"}}],\"inLanguage\":\"vi\"},{\"@type\":\"Organization\",\"@id\":\"https:\\\/\\\/zoo.org\\\/vi\\\/#organization\",\"name\":\"V\u01b0\u1eddn th\u00fa Woodland Park\",\"url\":\"https:\\\/\\\/zoo.org\\\/vi\\\/\",\"logo\":{\"@type\":\"ImageObject\",\"inLanguage\":\"vi\",\"@id\":\"https:\\\/\\\/zoo.org\\\/vi\\\/#\\\/schema\\\/logo\\\/image\\\/\",\"url\":\"https:\\\/\\\/zoo.org\\\/wp-content\\\/uploads\\\/2026\\\/01\\\/WPZ-Logo_white-SVG.svg?wsr\",\"contentUrl\":\"https:\\\/\\\/zoo.org\\\/wp-content\\\/uploads\\\/2026\\\/01\\\/WPZ-Logo_white-SVG.svg?wsr\",\"width\":288,\"height\":282,\"caption\":\"V\u01b0\u1eddn th\u00fa Woodland Park\"},\"image\":{\"@id\":\"https:\\\/\\\/zoo.org\\\/vi\\\/#\\\/schema\\\/logo\\\/image\\\/\"}}]}<\/script>\n<!-- \/ Yoast SEO plugin. -->","yoast_head_json":{"title":"Li\u00ean h\u1ec7 v\u1edbi ch\u00fang t\u00f4i - V\u01b0\u1eddn th\u00fa Woodland Park","description":"Tra c\u1ee9u th\u00f4ng tin nh\u00e2n vi\u00ean c\u1ee7a V\u01b0\u1eddn th\u00fa Woodland Park \u0111\u1ec3 t\u00ecm th\u00f4ng tin li\u00ean h\u1ec7 cho c\u00e1c th\u1eafc m\u1eafc c\u1ee7a b\u1ea1n.","robots":{"index":"index","follow":"follow","max-snippet":"max-snippet:-1","max-image-preview":"max-image-preview:large","max-video-preview":"max-video-preview:-1"},"canonical":"https:\/\/zoo.org\/vi\/lien-he-voi-chung-toi\/","og_locale":"vi_VN","og_type":"article","og_title":"Li\u00ean h\u1ec7 v\u1edbi ch\u00fang t\u00f4i - V\u01b0\u1eddn th\u00fa Woodland Park","og_description":"Tra c\u1ee9u th\u00f4ng tin nh\u00e2n vi\u00ean c\u1ee7a V\u01b0\u1eddn th\u00fa Woodland Park \u0111\u1ec3 t\u00ecm th\u00f4ng tin li\u00ean h\u1ec7 cho c\u00e1c th\u1eafc m\u1eafc c\u1ee7a b\u1ea1n.","og_url":"https:\/\/zoo.org\/vi\/lien-he-voi-chung-toi\/","og_site_name":"V\u01b0\u1eddn th\u00fa Woodland Park","article_modified_time":"2026-03-13T22:07:37+00:00","og_image":[{"width":800,"height":533,"url":"https:\/\/zoo.org\/wp-content\/uploads\/2025\/10\/Seattle-Aerial-web.jpg?wsr","type":"image\/jpeg"}],"twitter_card":"summary_large_image","schema":{"@context":"https:\/\/schema.org","@graph":[{"@type":"WebPage","@id":"https:\/\/zoo.org\/vi\/lien-he-voi-chung-toi\/","url":"https:\/\/zoo.org\/vi\/lien-he-voi-chung-toi\/","name":"Li\u00ean h\u1ec7 v\u1edbi ch\u00fang t\u00f4i - V\u01b0\u1eddn th\u00fa Woodland Park","isPartOf":{"@id":"https:\/\/zoo.org\/vi\/#website"},"primaryImageOfPage":{"@id":"https:\/\/zoo.org\/vi\/lien-he-voi-chung-toi\/#primaryimage"},"image":{"@id":"https:\/\/zoo.org\/vi\/lien-he-voi-chung-toi\/#primaryimage"},"thumbnailUrl":"https:\/\/zoo.org\/wp-content\/uploads\/2025\/10\/Seattle-Aerial-web.jpg?wsr","datePublished":"2026-02-09T17:35:32+00:00","dateModified":"2026-03-13T22:07:37+00:00","description":"Tra c\u1ee9u th\u00f4ng tin nh\u00e2n vi\u00ean c\u1ee7a V\u01b0\u1eddn th\u00fa Woodland Park \u0111\u1ec3 t\u00ecm th\u00f4ng tin li\u00ean h\u1ec7 cho c\u00e1c th\u1eafc m\u1eafc c\u1ee7a b\u1ea1n.","breadcrumb":{"@id":"https:\/\/zoo.org\/vi\/lien-he-voi-chung-toi\/#breadcrumb"},"inLanguage":"vi","potentialAction":[{"@type":"ReadAction","target":["https:\/\/zoo.org\/vi\/lien-he-voi-chung-toi\/"]}]},{"@type":"ImageObject","inLanguage":"vi","@id":"https:\/\/zoo.org\/vi\/lien-he-voi-chung-toi\/#primaryimage","url":"https:\/\/zoo.org\/wp-content\/uploads\/2025\/10\/Seattle-Aerial-web.jpg?wsr","contentUrl":"https:\/\/zoo.org\/wp-content\/uploads\/2025\/10\/Seattle-Aerial-web.jpg?wsr","width":800,"height":533,"caption":"\u1ea2nh ch\u1ee5p t\u1eeb tr\u00ean cao cho th\u1ea5y s\u1edf th\u00fa v\u1edbi nh\u1eefng h\u00e0ng c\u00e2y r\u1eadm r\u1ea1p \u1edf ph\u00eda tr\u01b0\u1edbc, khu d\u00e2n c\u01b0 \u1edf gi\u1eefa v\u00e0 \u0111\u01b0\u1eddng ch\u00e2n tr\u1eddi th\u00e0nh ph\u1ed1 v\u1edbi nh\u1eefng t\u00f2a nh\u00e0 cao t\u1ea7ng v\u00e0 m\u1ed9t h\u1ed3 n\u01b0\u1edbc \u1edf ph\u00eda xa d\u01b0\u1edbi b\u1ea7u tr\u1eddi trong xanh."},{"@type":"BreadcrumbList","@id":"https:\/\/zoo.org\/vi\/lien-he-voi-chung-toi\/#breadcrumb","itemListElement":[{"@type":"ListItem","position":1,"name":"Trang ch\u1ee7","item":"https:\/\/zoo.org\/vi\/"},{"@type":"ListItem","position":2,"name":"Li\u00ean h\u1ec7 v\u1edbi ch\u00fang t\u00f4i"}]},{"@type":"WebSite","@id":"https:\/\/zoo.org\/vi\/#website","url":"https:\/\/zoo.org\/vi\/","name":"V\u01b0\u1eddn th\u00fa Woodland Park","description":"V\u01b0\u1eddn th\u00fa Woodland Park c\u1ee9u s\u1ed1ng \u0111\u1ed9ng v\u1eadt hoang d\u00e3 v\u00e0 truy\u1ec1n c\u1ea3m h\u1ee9ng cho m\u1ecdi ng\u01b0\u1eddi coi b\u1ea3o t\u1ed3n l\u00e0 \u01b0u ti\u00ean h\u00e0ng \u0111\u1ea7u trong cu\u1ed9c s\u1ed1ng c\u1ee7a m\u00ecnh.","publisher":{"@id":"https:\/\/zoo.org\/vi\/#organization"},"potentialAction":[{"@type":"SearchAction","target":{"@type":"EntryPoint","urlTemplate":"https:\/\/zoo.org\/vi\/?s={search_term_string}"},"query-input":{"@type":"PropertyValueSpecification","valueRequired":true,"valueName":"search_term_string"}}],"inLanguage":"vi"},{"@type":"Organization","@id":"https:\/\/zoo.org\/vi\/#organization","name":"V\u01b0\u1eddn th\u00fa Woodland Park","url":"https:\/\/zoo.org\/vi\/","logo":{"@type":"ImageObject","inLanguage":"vi","@id":"https:\/\/zoo.org\/vi\/#\/schema\/logo\/image\/","url":"https:\/\/zoo.org\/wp-content\/uploads\/2026\/01\/WPZ-Logo_white-SVG.svg?wsr","contentUrl":"https:\/\/zoo.org\/wp-content\/uploads\/2026\/01\/WPZ-Logo_white-SVG.svg?wsr","width":288,"height":282,"caption":"V\u01b0\u1eddn th\u00fa Woodland Park"},"image":{"@id":"https:\/\/zoo.org\/vi\/#\/schema\/logo\/image\/"}}]}},"taxonomy_info":[],"featured_image_src_large":["https:\/\/zoo.org\/wp-content\/uploads\/2025\/10\/Seattle-Aerial-web.jpg?wsr",800,533,false],"author_info":{"display_name":"jloughlin","author_link":"https:\/\/zoo.org\/vi\/author\/jloughlin\/"},"comment_info":0,"_links":{"self":[{"href":"https:\/\/zoo.org\/vi\/wp-json\/wp\/v2\/pages\/9727","targetHints":{"allow":["GET"]}}],"collection":[{"href":"https:\/\/zoo.org\/vi\/wp-json\/wp\/v2\/pages"}],"about":[{"href":"https:\/\/zoo.org\/vi\/wp-json\/wp\/v2\/types\/page"}],"author":[{"embeddable":true,"href":"https:\/\/zoo.org\/vi\/wp-json\/wp\/v2\/users\/1"}],"replies":[{"embeddable":true,"href":"https:\/\/zoo.org\/vi\/wp-json\/wp\/v2\/comments?post=9727"}],"version-history":[{"count":0,"href":"https:\/\/zoo.org\/vi\/wp-json\/wp\/v2\/pages\/9727\/revisions"}],"wp:featuredmedia":[{"embeddable":true,"href":"https:\/\/zoo.org\/vi\/wp-json\/wp\/v2\/media\/9297"}],"wp:attachment":[{"href":"https:\/\/zoo.org\/vi\/wp-json\/wp\/v2\/media?parent=9727"}],"curies":[{"name":"wp","href":"https:\/\/api.w.org\/{rel}","templated":true}]}}