{"id":9747,"date":"2025-10-16T13:59:55","date_gmt":"2025-10-16T20:59:55","guid":{"rendered":"https:\/\/zoo.org\/yeu-cau-quyen-gop\/"},"modified":"2026-02-12T11:24:01","modified_gmt":"2026-02-12T19:24:01","slug":"yeu-cau-quyen-gop","status":"publish","type":"page","link":"https:\/\/zoo.org\/vi\/yeu-cau-quyen-gop\/","title":{"rendered":"Y\u00eau c\u1ea7u quy\u00ean g\u00f3p"},"content":{"rendered":"\n<div class=\"wp-block-cover alignfull hero\" style=\"margin-top:0;margin-bottom:0\"><img loading=\"lazy\" decoding=\"async\" width=\"1920\" height=\"400\" class=\"wp-block-cover__image-background wp-image-3493 size-full\" alt=\"\" src=\"https:\/\/zoo.org\/wp-content\/uploads\/2025\/08\/WPZ-Seattle-Aerial-Header-Image.jpg\" data-object-fit=\"cover\" srcset=\"https:\/\/zoo.org\/wp-content\/uploads\/2025\/08\/WPZ-Seattle-Aerial-Header-Image.jpg 1920w, https:\/\/zoo.org\/wp-content\/uploads\/2025\/08\/WPZ-Seattle-Aerial-Header-Image-300x63.jpg 300w, https:\/\/zoo.org\/wp-content\/uploads\/2025\/08\/WPZ-Seattle-Aerial-Header-Image-1024x213.jpg 1024w, https:\/\/zoo.org\/wp-content\/uploads\/2025\/08\/WPZ-Seattle-Aerial-Header-Image-768x160.jpg 768w, https:\/\/zoo.org\/wp-content\/uploads\/2025\/08\/WPZ-Seattle-Aerial-Header-Image-1536x320.jpg 1536w\" sizes=\"auto, (max-width: 1920px) 100vw, 1920px\" \/><span aria-hidden=\"true\" class=\"wp-block-cover__background has-background-dim-0 has-background-dim\" style=\"background-color:#393f38\"><\/span><div class=\"wp-block-cover__inner-container is-layout-constrained wp-block-cover-is-layout-constrained\">\n<p class=\"has-text-align-center has-large-font-size\"><\/p>\n<\/div><\/div>\n\n<div class=\"wp-block-group is-layout-constrained wp-block-group-is-layout-constrained\" style=\"margin-top:2em;margin-bottom:3em\">\n<h1 class=\"wp-block-heading has-text-align-center\" style=\"margin-top:0.65em;margin-bottom:0.275em\">Y\u00caU C\u1ea6U QUY\u00caN G\u00d3P CHO \u0110\u1ea4U GI\u00c1<\/h1>\n\n\n\n<p class=\"has-text-align-center has-palette-color-3-color has-text-color has-link-color wp-elements-2f84006d92f624580e6547d3a7c9bcf1\" style=\"margin-bottom:1em;font-size:clamp(0.984em, 0.984rem + ((1vw - 0.2em) * 0.645), 1.5em);font-style:normal;font-weight:500;line-height:1.5\"><strong>C\u00e1c t\u1ed5 ch\u1ee9c phi l\u1ee3i nhu\u1eadn \u0111\u1ee7 \u0111i\u1ec1u ki\u1ec7n c\u00f3 th\u1ec3 y\u00eau c\u1ea7u quy\u00ean t\u1eb7ng v\u00e9 v\u00e0o v\u01b0\u1eddn th\u00fa.<\/strong><\/p>\n<\/div>\n\n<div class=\"wp-block-group alignfull divider is-layout-constrained wp-block-group-is-layout-constrained\">\n<h2 class=\"wp-block-heading alignfull has-text-align-center\">G\u1eecI Y\u00caU C\u1ea6U C\u1ee6A B\u1ea0N<\/h2>\n<\/div>\n\n<p>C\u1ea3m \u01a1n b\u1ea1n \u0111\u00e3 gh\u00e9 th\u0103m trang Y\u00eau c\u1ea7u Quy\u00ean g\u00f3p c\u1ee7a V\u01b0\u1eddn th\u00fa Woodland Park. V\u01b0\u1eddn th\u00fa cung c\u1ea5p m\u1ed9t s\u1ed1 l\u01b0\u1ee3ng v\u00e9 v\u00e0o c\u1eeda \u0111\u01b0\u1ee3c quy\u00ean g\u00f3p c\u00f3 h\u1ea1n cho c\u00e1c t\u1ed5 ch\u1ee9c t\u1eeb thi\u1ec7n \u0111\u1ecba ph\u01b0\u01a1ng m\u1ed7i n\u0103m \u0111\u1ec3 s\u1eed d\u1ee5ng trong c\u00e1c s\u1ef1 ki\u1ec7n g\u00e2y qu\u1ef9 d\u01b0\u1edbi d\u1ea1ng G\u00f3i Vui ch\u01a1i Gia \u0111\u00ecnh, bao g\u1ed3m b\u1ed1n (4) v\u00e9 v\u00e0o c\u1eeda m\u1ed9t ng\u00e0y d\u00e0nh cho m\u1ecdi l\u1ee9a tu\u1ed5i \u0111\u1ebfn V\u01b0\u1eddn th\u00fa Woodland Park. Ch\u00fang t\u00f4i kh\u00f4ng th\u1ec3 cung c\u1ea5p c\u00e1c kho\u1ea3n quy\u00ean g\u00f3p v\u1ec1 tour tham quan, tr\u1ea3i nghi\u1ec7m h\u1eadu tr\u01b0\u1eddng ho\u1eb7c tr\u1ea3i nghi\u1ec7m t\u01b0\u01a1ng t\u00e1c v\u1edbi \u0111\u1ed9ng v\u1eadt.  <\/p>\n\n<p>S\u1edf th\u00fa nh\u1eadn \u0111\u01b0\u1ee3c h\u00e0ng tr\u0103m y\u00eau c\u1ea7u quy\u00ean g\u00f3p m\u1ed7i th\u00e1ng, v\u00e0 m\u1eb7c d\u00f9 ch\u00fang t\u00f4i r\u1ea5t mu\u1ed1n \u0111\u00e1p \u1ee9ng m\u1ecdi y\u00eau c\u1ea7u, nh\u01b0ng kh\u1ea3 n\u0103ng c\u1ee7a ch\u00fang t\u00f4i c\u00f3 h\u1ea1n. C\u00e1c g\u00f3i qu\u00e0 Family Fun Pack ch\u1ec9 d\u00e0nh cho c\u00e1c t\u1ed5 ch\u1ee9c phi l\u1ee3i nhu\u1eadn 501c(3) \u0111\u01b0\u1ee3c c\u1ea5p ph\u00e9p li\u00ean bang. M\u1ed7i t\u1ed5 ch\u1ee9c ch\u1ec9 \u0111\u01b0\u1ee3c quy\u00ean g\u00f3p m\u1ed9t l\u1ea7n m\u1ed7i n\u0103m d\u01b0\u01a1ng l\u1ecbch.  <\/p>\n\n<p>Vui l\u00f2ng \u0111\u1ecdc k\u1ef9 Ti\u00eau ch\u00ed x\u00e9t duy\u1ec7t v\u00e0 \u0111i\u1ec1n \u0111\u1ea7y \u0111\u1ee7 m\u1eabu \u0111\u01a1n b\u00ean d\u01b0\u1edbi \u0111\u1ec3 \u0111\u0103ng k\u00fd nh\u1eadn G\u00f3i Vui ch\u01a1i Gia \u0111\u00ecnh (tr\u1ecb gi\u00e1 b\u00e1n l\u1ebb 90 \u0111\u00f4 la). N\u1ebfu y\u00eau c\u1ea7u c\u1ee7a b\u1ea1n \u0111\u01b0\u1ee3c ch\u1ea5p thu\u1eadn, G\u00f3i Vui ch\u01a1i Gia \u0111\u00ecnh s\u1ebd \u0111\u01b0\u1ee3c g\u1eedi \u0111\u1ebfn b\u1ea1n qua \u0111\u01b0\u1eddng b\u01b0u \u0111i\u1ec7n. Do s\u1ed1 l\u01b0\u1ee3ng y\u00eau c\u1ea7u ch\u00fang t\u00f4i nh\u1eadn \u0111\u01b0\u1ee3c m\u1ed7i th\u00e1ng r\u1ea5t l\u1edbn, ch\u00fang t\u00f4i c\u00f3 th\u1ec3 kh\u00f4ng th\u1ec3 ph\u1ea3n h\u1ed3i t\u1ea5t c\u1ea3 c\u00e1c y\u00eau c\u1ea7u. M\u1eabu \u0111\u01a1n n\u00e0y ch\u1ec9 d\u00e0nh cho c\u00e1c y\u00eau c\u1ea7u quy\u00ean g\u00f3p cho bu\u1ed5i \u0111\u1ea5u gi\u00e1; \u0111\u1ec3 y\u00eau c\u1ea7u v\u00e9 tham d\u1ef1 Ch\u01b0\u01a1ng tr\u00ecnh Ti\u1ebfp c\u1eadn C\u1ed9ng \u0111\u1ed3ng (CAP), vui l\u00f2ng truy c\u1eadp <a href=\"https:\/\/zoo.org\/vi\/chuong-trinh-tiep-can-cong-dong\/\">zoo.org\/community<\/a> .   <\/p>\n\n<p><a href=\"https:\/\/zoo.org\/wp-content\/uploads\/2026\/02\/WPZ-Auction-Donation-Request-Support-Flier.pdf\" type=\"attachment\" id=\"18842\" target=\"_blank\" rel=\"noreferrer noopener\">T\u1ea3i xu\u1ed1ng t\u1edd r\u01a1i \u0111\u1ec3 tr\u01b0ng b\u00e0y t\u1ea1i s\u1ef1 ki\u1ec7n g\u00e2y qu\u1ef9 c\u1ee7a b\u1ea1n ho\u1eb7c \u0111\u1ec3 cung c\u1ea5p cho ng\u01b0\u1eddi nh\u1eadn gi\u1ea3i.<\/a><\/p>\n\n<div class=\"wp-block-buttons is-content-justification-center is-layout-flex wp-container-core-buttons-is-layout-48d0e691 wp-block-buttons-is-layout-flex\" style=\"margin-top:var(--wp--preset--spacing--60);margin-bottom:var(--wp--preset--spacing--60)\">\n<div class=\"wp-block-button\"><a class=\"wp-block-button__link wp-element-button\" href=\"http:\/\/www.formstack.com\/forms\/?1059553-JKtasVgzGP\" target=\"_blank\" rel=\"noreferrer noopener\">HO\u00c0N TH\u00c0NH M\u1eaaU \u0110\u01a0N Y\u00caU C\u1ea6U<\/a><\/div>\n<\/div>\n\n<h3 class=\"wp-block-heading\">Ti\u00eau ch\u00ed xem x\u00e9t<\/h3>\n\n<p><em>Do s\u1ed1 l\u01b0\u1ee3ng y\u00eau c\u1ea7u nh\u1eadn \u0111\u01b0\u1ee3c r\u1ea5t l\u1edbn, s\u1edf th\u00fa c\u00f3 th\u1ec3 t\u1eeb ch\u1ed1i m\u1ed9t s\u1ed1 y\u00eau c\u1ea7u do h\u1ea1n ch\u1ebf v\u1ec1 s\u1ee9c ch\u1ee9a ch\u1ee9 kh\u00f4ng ch\u1ec9 d\u1ef1a tr\u00ean ti\u00eau ch\u00ed ch\u1ea5t l\u01b0\u1ee3ng. C\u1ea3m \u01a1n s\u1ef1 th\u00f4ng c\u1ea3m c\u1ee7a b\u1ea1n. <\/em><\/p>\n\n<ul class=\"wp-block-list\">\n<li>T\u1ed5 ch\u1ee9c ph\u1ea3i l\u00e0 c\u01a1 quan phi l\u1ee3i nhu\u1eadn, t\u1eeb thi\u1ec7n \u0111\u01b0\u1ee3c c\u1ea5p ph\u00e9p li\u00ean bang theo \u0111i\u1ec1u 501c (3).<\/li>\n\n\n\n<li>\u01afu ti\u00ean s\u1ebd \u0111\u01b0\u1ee3c d\u00e0nh cho c\u00e1c nh\u00f3m c\u00f3 s\u1ee9 m\u1ec7nh gi\u00e1o d\u1ee5c, m\u00f4i tr\u01b0\u1eddng ho\u1eb7c t\u1eeb thi\u1ec7n.<\/li>\n\n\n\n<li>Y\u00eau c\u1ea7u g\u00e2y qu\u1ef9 t\u1eeb c\u00e1c tr\u01b0\u1eddng h\u1ecdc t\u1eeb b\u1eadc ti\u1ec3u h\u1ecdc \u0111\u1ebfn trung h\u1ecdc cho m\u1ee5c \u0111\u00edch h\u1ecdc t\u1eadp\/gi\u00e1o d\u1ee5c.<\/li>\n\n\n\n<li>T\u1ed5 ch\u1ee9c ph\u1ea3i \u0111\u1eb7t tr\u1ee5 s\u1edf t\u1ea1i ti\u1ec3u bang Washington.<\/li>\n\n\n\n<li>Y\u00eau c\u1ea7u ph\u1ea3i \u0111\u01b0\u1ee3c g\u1eedi t\u1ed1i thi\u1ec3u 30 ng\u00e0y tr\u01b0\u1edbc s\u1ef1 ki\u1ec7n v\u00e0 kh\u00f4ng qu\u00e1 s\u00e1u th\u00e1ng tr\u01b0\u1edbc ng\u00e0y di\u1ec5n ra s\u1ef1 ki\u1ec7n.<\/li>\n\n\n\n<li>Ch\u00fang t\u00f4i kh\u00f4ng ch\u1ea5p nh\u1eadn y\u00eau c\u1ea7u qua \u0111i\u1ec7n tho\u1ea1i ho\u1eb7c th\u01b0 t\u1eeb, b\u1ea1n <a href=\"http:\/\/www.formstack.com\/forms\/?1059553-JKtasVgzGP\" target=\"_blank\" rel=\"noreferrer noopener\">PH\u1ea2I \u0111\u0103ng k\u00fd th\u00f4ng qua m\u1eabu \u0111\u01a1n tr\u1ef1c tuy\u1ebfn c\u1ee7a ch\u00fang t\u00f4i.<\/a><\/li>\n<\/ul>\n\n<h4 class=\"wp-block-heading\">KH\u00d4NG \u0110\u1ee6 \u0110I\u1ec0U KI\u1ec6N<\/h4>\n\n<ul class=\"wp-block-list\">\n<li>B\u1ea5t k\u1ef3 y\u00eau c\u1ea7u n\u00e0o kh\u00f4ng \u0111\u00e1p \u1ee9ng c\u00e1c ti\u00eau ch\u00ed n\u00eau tr\u00ean \u0111\u1ec1u kh\u00f4ng \u0111\u01b0\u1ee3c ch\u1ea5p nh\u1eadn.<\/li>\n\n\n\n<li>C\u00e1c c\u00e1 nh\u00e2n g\u00e2y qu\u1ef9, c\u00e1c \u0111\u1ed9i g\u00e2y qu\u1ef9, c\u00e1c t\u1ed5 ch\u1ee9c th\u1ec3 thao (bao g\u1ed3m c\u1ea3 c\u00e1c c\u00e2u l\u1ea1c b\u1ed9 h\u1ed7 tr\u1ee3).<\/li>\n\n\n\n<li>G\u00e2y qu\u1ef9 cho c\u00e1c ho\u1ea1t \u0111\u1ed9ng ngo\u1ea1i kh\u00f3a c\u1ee7a tr\u01b0\u1eddng h\u1ecdc t\u1eeb m\u1eabu gi\u00e1o \u0111\u1ebfn l\u1edbp 12 (h\u1ed9i ph\u1ee5 huynh, th\u1ec3 thao \u0111\u1ed3ng \u0111\u1ed9i, chuy\u1ebfn \u0111i cu\u1ed1i c\u1ea5p, v.v.)<\/li>\n\n\n\n<li>B\u1ea5t k\u1ef3 y\u00eau c\u1ea7u n\u00e0o c\u1ea7n \u0111\u01b0\u1ee3c g\u1eedi qua \u0111\u01b0\u1eddng b\u01b0u \u0111i\u1ec7n \u0111\u1ebfn \u0111\u1ecba ch\u1ec9 c\u00e1 nh\u00e2n.<\/li>\n\n\n\n<li>B\u1ea5t k\u1ef3 t\u1ed5 ch\u1ee9c n\u00e0o \u0111\u00e3 nh\u1eadn \u0111\u01b0\u1ee3c kho\u1ea3n quy\u00ean g\u00f3p trong v\u00f2ng 12 th\u00e1ng qua.<\/li>\n\n\n\n<li>Gi\u1ea3i th\u01b0\u1edfng d\u00e0nh cho nh\u00e2n vi\u00ean, sinh vi\u00ean ho\u1eb7c t\u00ecnh nguy\u1ec7n vi\u00ean<\/li>\n<\/ul>\n","protected":false},"excerpt":{"rendered":"<p>Y\u00caU C\u1ea6U QUY\u00caN G\u00d3P CHO \u0110\u1ea4U GI\u00c1 C\u00e1c t\u1ed5 ch\u1ee9c phi l\u1ee3i nhu\u1eadn \u0111\u1ee7 \u0111i\u1ec1u ki\u1ec7n c\u00f3 th\u1ec3 y\u00eau c\u1ea7u quy\u00ean t\u1eb7ng v\u00e9 v\u00e0o v\u01b0\u1eddn th\u00fa. G\u1eecI Y\u00caU C\u1ea6U C\u1ee6A [&hellip;]<\/p>\n","protected":false},"author":1,"featured_media":9297,"parent":0,"menu_order":0,"comment_status":"closed","ping_status":"closed","template":"","meta":{"_acf_changed":false,"_kad_blocks_custom_css":"","_kad_blocks_head_custom_js":"","_kad_blocks_body_custom_js":"","_kad_blocks_footer_custom_js":"","footnotes":""},"class_list":["post-9747","page","type-page","status-publish","has-post-thumbnail","hentry"],"blocksy_meta":[],"acf":[],"yoast_head":"<!-- This site is optimized with the Yoast SEO plugin v27.4 - https:\/\/yoast.com\/product\/yoast-seo-wordpress\/ -->\n<title>Y\u00eau c\u1ea7u quy\u00ean g\u00f3p - V\u01b0\u1eddn th\u00fa Woodland Park<\/title>\n<meta name=\"description\" content=\"B\u1ea1n l\u00e0 m\u1ed9t t\u1ed5 ch\u1ee9c phi l\u1ee3i nhu\u1eadn t\u1ea1i Qu\u1eadn King \u0111ang t\u1ed5 ch\u1ee9c \u0111\u1ea5u gi\u00e1? B\u1ea1n c\u00f3 th\u1ec3 y\u00eau c\u1ea7u quy\u00ean g\u00f3p v\u00e9 v\u00e0o V\u01b0\u1eddn th\u00fa Woodland Park \u0111\u1ec3 h\u1ed7 tr\u1ee3 m\u1ee5c \u0111\u00edch c\u1ee7a m\u00ecnh.\" \/>\n<meta name=\"robots\" content=\"index, follow, max-snippet:-1, max-image-preview:large, max-video-preview:-1\" \/>\n<link rel=\"canonical\" href=\"https:\/\/zoo.org\/vi\/yeu-cau-quyen-gop\/\" \/>\n<meta property=\"og:locale\" content=\"vi_VN\" \/>\n<meta property=\"og:type\" content=\"article\" \/>\n<meta property=\"og:title\" content=\"Y\u00eau c\u1ea7u quy\u00ean g\u00f3p - V\u01b0\u1eddn th\u00fa Woodland Park\" \/>\n<meta property=\"og:description\" content=\"B\u1ea1n l\u00e0 m\u1ed9t t\u1ed5 ch\u1ee9c phi l\u1ee3i nhu\u1eadn t\u1ea1i Qu\u1eadn King \u0111ang t\u1ed5 ch\u1ee9c \u0111\u1ea5u gi\u00e1? B\u1ea1n c\u00f3 th\u1ec3 y\u00eau c\u1ea7u quy\u00ean g\u00f3p v\u00e9 v\u00e0o V\u01b0\u1eddn th\u00fa Woodland Park \u0111\u1ec3 h\u1ed7 tr\u1ee3 m\u1ee5c \u0111\u00edch c\u1ee7a m\u00ecnh.\" \/>\n<meta property=\"og:url\" content=\"https:\/\/zoo.org\/vi\/yeu-cau-quyen-gop\/\" \/>\n<meta property=\"og:site_name\" content=\"V\u01b0\u1eddn th\u00fa Woodland Park\" \/>\n<meta property=\"article:modified_time\" content=\"2026-02-12T19:24:01+00:00\" \/>\n<meta property=\"og:image\" content=\"https:\/\/zoo.org\/wp-content\/uploads\/2025\/10\/Seattle-Aerial-web.jpg?wsr\" \/>\n\t<meta property=\"og:image:width\" content=\"800\" \/>\n\t<meta property=\"og:image:height\" content=\"533\" \/>\n\t<meta property=\"og:image:type\" content=\"image\/jpeg\" \/>\n<meta name=\"twitter:card\" content=\"summary_large_image\" \/>\n<script type=\"application\/ld+json\" class=\"yoast-schema-graph\">{\"@context\":\"https:\\\/\\\/schema.org\",\"@graph\":[{\"@type\":\"WebPage\",\"@id\":\"https:\\\/\\\/zoo.org\\\/vi\\\/yeu-cau-quyen-gop\\\/\",\"url\":\"https:\\\/\\\/zoo.org\\\/vi\\\/yeu-cau-quyen-gop\\\/\",\"name\":\"Y\u00eau c\u1ea7u quy\u00ean g\u00f3p - V\u01b0\u1eddn th\u00fa Woodland Park\",\"isPartOf\":{\"@id\":\"https:\\\/\\\/zoo.org\\\/vi\\\/#website\"},\"primaryImageOfPage\":{\"@id\":\"https:\\\/\\\/zoo.org\\\/vi\\\/yeu-cau-quyen-gop\\\/#primaryimage\"},\"image\":{\"@id\":\"https:\\\/\\\/zoo.org\\\/vi\\\/yeu-cau-quyen-gop\\\/#primaryimage\"},\"thumbnailUrl\":\"https:\\\/\\\/zoo.org\\\/wp-content\\\/uploads\\\/2025\\\/10\\\/Seattle-Aerial-web.jpg?wsr\",\"datePublished\":\"2025-10-16T20:59:55+00:00\",\"dateModified\":\"2026-02-12T19:24:01+00:00\",\"description\":\"B\u1ea1n l\u00e0 m\u1ed9t t\u1ed5 ch\u1ee9c phi l\u1ee3i nhu\u1eadn t\u1ea1i Qu\u1eadn King \u0111ang t\u1ed5 ch\u1ee9c \u0111\u1ea5u gi\u00e1? B\u1ea1n c\u00f3 th\u1ec3 y\u00eau c\u1ea7u quy\u00ean g\u00f3p v\u00e9 v\u00e0o V\u01b0\u1eddn th\u00fa Woodland Park \u0111\u1ec3 h\u1ed7 tr\u1ee3 m\u1ee5c \u0111\u00edch c\u1ee7a m\u00ecnh.\",\"breadcrumb\":{\"@id\":\"https:\\\/\\\/zoo.org\\\/vi\\\/yeu-cau-quyen-gop\\\/#breadcrumb\"},\"inLanguage\":\"vi\",\"potentialAction\":[{\"@type\":\"ReadAction\",\"target\":[\"https:\\\/\\\/zoo.org\\\/vi\\\/yeu-cau-quyen-gop\\\/\"]}]},{\"@type\":\"ImageObject\",\"inLanguage\":\"vi\",\"@id\":\"https:\\\/\\\/zoo.org\\\/vi\\\/yeu-cau-quyen-gop\\\/#primaryimage\",\"url\":\"https:\\\/\\\/zoo.org\\\/wp-content\\\/uploads\\\/2025\\\/10\\\/Seattle-Aerial-web.jpg?wsr\",\"contentUrl\":\"https:\\\/\\\/zoo.org\\\/wp-content\\\/uploads\\\/2025\\\/10\\\/Seattle-Aerial-web.jpg?wsr\",\"width\":800,\"height\":533,\"caption\":\"\u1ea2nh ch\u1ee5p t\u1eeb tr\u00ean cao cho th\u1ea5y s\u1edf th\u00fa v\u1edbi nh\u1eefng h\u00e0ng c\u00e2y r\u1eadm r\u1ea1p \u1edf ph\u00eda tr\u01b0\u1edbc, khu d\u00e2n c\u01b0 \u1edf gi\u1eefa v\u00e0 \u0111\u01b0\u1eddng ch\u00e2n tr\u1eddi th\u00e0nh ph\u1ed1 v\u1edbi nh\u1eefng t\u00f2a nh\u00e0 cao t\u1ea7ng v\u00e0 m\u1ed9t h\u1ed3 n\u01b0\u1edbc \u1edf ph\u00eda xa d\u01b0\u1edbi b\u1ea7u tr\u1eddi trong xanh.\"},{\"@type\":\"BreadcrumbList\",\"@id\":\"https:\\\/\\\/zoo.org\\\/vi\\\/yeu-cau-quyen-gop\\\/#breadcrumb\",\"itemListElement\":[{\"@type\":\"ListItem\",\"position\":1,\"name\":\"Trang ch\u1ee7\",\"item\":\"https:\\\/\\\/zoo.org\\\/vi\\\/\"},{\"@type\":\"ListItem\",\"position\":2,\"name\":\"Y\u00eau c\u1ea7u quy\u00ean g\u00f3p\"}]},{\"@type\":\"WebSite\",\"@id\":\"https:\\\/\\\/zoo.org\\\/vi\\\/#website\",\"url\":\"https:\\\/\\\/zoo.org\\\/vi\\\/\",\"name\":\"V\u01b0\u1eddn th\u00fa Woodland Park\",\"description\":\"V\u01b0\u1eddn th\u00fa Woodland Park c\u1ee9u s\u1ed1ng \u0111\u1ed9ng v\u1eadt hoang d\u00e3 v\u00e0 truy\u1ec1n c\u1ea3m h\u1ee9ng cho m\u1ecdi ng\u01b0\u1eddi coi b\u1ea3o t\u1ed3n l\u00e0 \u01b0u ti\u00ean h\u00e0ng \u0111\u1ea7u trong cu\u1ed9c s\u1ed1ng c\u1ee7a m\u00ecnh.\",\"publisher\":{\"@id\":\"https:\\\/\\\/zoo.org\\\/vi\\\/#organization\"},\"potentialAction\":[{\"@type\":\"SearchAction\",\"target\":{\"@type\":\"EntryPoint\",\"urlTemplate\":\"https:\\\/\\\/zoo.org\\\/vi\\\/?s={search_term_string}\"},\"query-input\":{\"@type\":\"PropertyValueSpecification\",\"valueRequired\":true,\"valueName\":\"search_term_string\"}}],\"inLanguage\":\"vi\"},{\"@type\":\"Organization\",\"@id\":\"https:\\\/\\\/zoo.org\\\/vi\\\/#organization\",\"name\":\"V\u01b0\u1eddn th\u00fa Woodland Park\",\"url\":\"https:\\\/\\\/zoo.org\\\/vi\\\/\",\"logo\":{\"@type\":\"ImageObject\",\"inLanguage\":\"vi\",\"@id\":\"https:\\\/\\\/zoo.org\\\/vi\\\/#\\\/schema\\\/logo\\\/image\\\/\",\"url\":\"https:\\\/\\\/zoo.org\\\/wp-content\\\/uploads\\\/2026\\\/01\\\/WPZ-Logo_white-SVG.svg?wsr\",\"contentUrl\":\"https:\\\/\\\/zoo.org\\\/wp-content\\\/uploads\\\/2026\\\/01\\\/WPZ-Logo_white-SVG.svg?wsr\",\"width\":288,\"height\":282,\"caption\":\"V\u01b0\u1eddn th\u00fa Woodland Park\"},\"image\":{\"@id\":\"https:\\\/\\\/zoo.org\\\/vi\\\/#\\\/schema\\\/logo\\\/image\\\/\"}}]}<\/script>\n<!-- \/ Yoast SEO plugin. -->","yoast_head_json":{"title":"Y\u00eau c\u1ea7u quy\u00ean g\u00f3p - V\u01b0\u1eddn th\u00fa Woodland Park","description":"B\u1ea1n l\u00e0 m\u1ed9t t\u1ed5 ch\u1ee9c phi l\u1ee3i nhu\u1eadn t\u1ea1i Qu\u1eadn King \u0111ang t\u1ed5 ch\u1ee9c \u0111\u1ea5u gi\u00e1? B\u1ea1n c\u00f3 th\u1ec3 y\u00eau c\u1ea7u quy\u00ean g\u00f3p v\u00e9 v\u00e0o V\u01b0\u1eddn th\u00fa Woodland Park \u0111\u1ec3 h\u1ed7 tr\u1ee3 m\u1ee5c \u0111\u00edch c\u1ee7a m\u00ecnh.","robots":{"index":"index","follow":"follow","max-snippet":"max-snippet:-1","max-image-preview":"max-image-preview:large","max-video-preview":"max-video-preview:-1"},"canonical":"https:\/\/zoo.org\/vi\/yeu-cau-quyen-gop\/","og_locale":"vi_VN","og_type":"article","og_title":"Y\u00eau c\u1ea7u quy\u00ean g\u00f3p - V\u01b0\u1eddn th\u00fa Woodland Park","og_description":"B\u1ea1n l\u00e0 m\u1ed9t t\u1ed5 ch\u1ee9c phi l\u1ee3i nhu\u1eadn t\u1ea1i Qu\u1eadn King \u0111ang t\u1ed5 ch\u1ee9c \u0111\u1ea5u gi\u00e1? B\u1ea1n c\u00f3 th\u1ec3 y\u00eau c\u1ea7u quy\u00ean g\u00f3p v\u00e9 v\u00e0o V\u01b0\u1eddn th\u00fa Woodland Park \u0111\u1ec3 h\u1ed7 tr\u1ee3 m\u1ee5c \u0111\u00edch c\u1ee7a m\u00ecnh.","og_url":"https:\/\/zoo.org\/vi\/yeu-cau-quyen-gop\/","og_site_name":"V\u01b0\u1eddn th\u00fa Woodland Park","article_modified_time":"2026-02-12T19:24:01+00:00","og_image":[{"width":800,"height":533,"url":"https:\/\/zoo.org\/wp-content\/uploads\/2025\/10\/Seattle-Aerial-web.jpg?wsr","type":"image\/jpeg"}],"twitter_card":"summary_large_image","schema":{"@context":"https:\/\/schema.org","@graph":[{"@type":"WebPage","@id":"https:\/\/zoo.org\/vi\/yeu-cau-quyen-gop\/","url":"https:\/\/zoo.org\/vi\/yeu-cau-quyen-gop\/","name":"Y\u00eau c\u1ea7u quy\u00ean g\u00f3p - V\u01b0\u1eddn th\u00fa Woodland Park","isPartOf":{"@id":"https:\/\/zoo.org\/vi\/#website"},"primaryImageOfPage":{"@id":"https:\/\/zoo.org\/vi\/yeu-cau-quyen-gop\/#primaryimage"},"image":{"@id":"https:\/\/zoo.org\/vi\/yeu-cau-quyen-gop\/#primaryimage"},"thumbnailUrl":"https:\/\/zoo.org\/wp-content\/uploads\/2025\/10\/Seattle-Aerial-web.jpg?wsr","datePublished":"2025-10-16T20:59:55+00:00","dateModified":"2026-02-12T19:24:01+00:00","description":"B\u1ea1n l\u00e0 m\u1ed9t t\u1ed5 ch\u1ee9c phi l\u1ee3i nhu\u1eadn t\u1ea1i Qu\u1eadn King \u0111ang t\u1ed5 ch\u1ee9c \u0111\u1ea5u gi\u00e1? B\u1ea1n c\u00f3 th\u1ec3 y\u00eau c\u1ea7u quy\u00ean g\u00f3p v\u00e9 v\u00e0o V\u01b0\u1eddn th\u00fa Woodland Park \u0111\u1ec3 h\u1ed7 tr\u1ee3 m\u1ee5c \u0111\u00edch c\u1ee7a m\u00ecnh.","breadcrumb":{"@id":"https:\/\/zoo.org\/vi\/yeu-cau-quyen-gop\/#breadcrumb"},"inLanguage":"vi","potentialAction":[{"@type":"ReadAction","target":["https:\/\/zoo.org\/vi\/yeu-cau-quyen-gop\/"]}]},{"@type":"ImageObject","inLanguage":"vi","@id":"https:\/\/zoo.org\/vi\/yeu-cau-quyen-gop\/#primaryimage","url":"https:\/\/zoo.org\/wp-content\/uploads\/2025\/10\/Seattle-Aerial-web.jpg?wsr","contentUrl":"https:\/\/zoo.org\/wp-content\/uploads\/2025\/10\/Seattle-Aerial-web.jpg?wsr","width":800,"height":533,"caption":"\u1ea2nh ch\u1ee5p t\u1eeb tr\u00ean cao cho th\u1ea5y s\u1edf th\u00fa v\u1edbi nh\u1eefng h\u00e0ng c\u00e2y r\u1eadm r\u1ea1p \u1edf ph\u00eda tr\u01b0\u1edbc, khu d\u00e2n c\u01b0 \u1edf gi\u1eefa v\u00e0 \u0111\u01b0\u1eddng ch\u00e2n tr\u1eddi th\u00e0nh ph\u1ed1 v\u1edbi nh\u1eefng t\u00f2a nh\u00e0 cao t\u1ea7ng v\u00e0 m\u1ed9t h\u1ed3 n\u01b0\u1edbc \u1edf ph\u00eda xa d\u01b0\u1edbi b\u1ea7u tr\u1eddi trong xanh."},{"@type":"BreadcrumbList","@id":"https:\/\/zoo.org\/vi\/yeu-cau-quyen-gop\/#breadcrumb","itemListElement":[{"@type":"ListItem","position":1,"name":"Trang ch\u1ee7","item":"https:\/\/zoo.org\/vi\/"},{"@type":"ListItem","position":2,"name":"Y\u00eau c\u1ea7u quy\u00ean g\u00f3p"}]},{"@type":"WebSite","@id":"https:\/\/zoo.org\/vi\/#website","url":"https:\/\/zoo.org\/vi\/","name":"V\u01b0\u1eddn th\u00fa Woodland Park","description":"V\u01b0\u1eddn th\u00fa Woodland Park c\u1ee9u s\u1ed1ng \u0111\u1ed9ng v\u1eadt hoang d\u00e3 v\u00e0 truy\u1ec1n c\u1ea3m h\u1ee9ng cho m\u1ecdi ng\u01b0\u1eddi coi b\u1ea3o t\u1ed3n l\u00e0 \u01b0u ti\u00ean h\u00e0ng \u0111\u1ea7u trong cu\u1ed9c s\u1ed1ng c\u1ee7a m\u00ecnh.","publisher":{"@id":"https:\/\/zoo.org\/vi\/#organization"},"potentialAction":[{"@type":"SearchAction","target":{"@type":"EntryPoint","urlTemplate":"https:\/\/zoo.org\/vi\/?s={search_term_string}"},"query-input":{"@type":"PropertyValueSpecification","valueRequired":true,"valueName":"search_term_string"}}],"inLanguage":"vi"},{"@type":"Organization","@id":"https:\/\/zoo.org\/vi\/#organization","name":"V\u01b0\u1eddn th\u00fa Woodland Park","url":"https:\/\/zoo.org\/vi\/","logo":{"@type":"ImageObject","inLanguage":"vi","@id":"https:\/\/zoo.org\/vi\/#\/schema\/logo\/image\/","url":"https:\/\/zoo.org\/wp-content\/uploads\/2026\/01\/WPZ-Logo_white-SVG.svg?wsr","contentUrl":"https:\/\/zoo.org\/wp-content\/uploads\/2026\/01\/WPZ-Logo_white-SVG.svg?wsr","width":288,"height":282,"caption":"V\u01b0\u1eddn th\u00fa Woodland Park"},"image":{"@id":"https:\/\/zoo.org\/vi\/#\/schema\/logo\/image\/"}}]}},"taxonomy_info":[],"featured_image_src_large":["https:\/\/zoo.org\/wp-content\/uploads\/2025\/10\/Seattle-Aerial-web.jpg?wsr",800,533,false],"author_info":{"display_name":"jloughlin","author_link":"https:\/\/zoo.org\/vi\/author\/jloughlin\/"},"comment_info":0,"_links":{"self":[{"href":"https:\/\/zoo.org\/vi\/wp-json\/wp\/v2\/pages\/9747","targetHints":{"allow":["GET"]}}],"collection":[{"href":"https:\/\/zoo.org\/vi\/wp-json\/wp\/v2\/pages"}],"about":[{"href":"https:\/\/zoo.org\/vi\/wp-json\/wp\/v2\/types\/page"}],"author":[{"embeddable":true,"href":"https:\/\/zoo.org\/vi\/wp-json\/wp\/v2\/users\/1"}],"replies":[{"embeddable":true,"href":"https:\/\/zoo.org\/vi\/wp-json\/wp\/v2\/comments?post=9747"}],"version-history":[{"count":0,"href":"https:\/\/zoo.org\/vi\/wp-json\/wp\/v2\/pages\/9747\/revisions"}],"wp:featuredmedia":[{"embeddable":true,"href":"https:\/\/zoo.org\/vi\/wp-json\/wp\/v2\/media\/9297"}],"wp:attachment":[{"href":"https:\/\/zoo.org\/vi\/wp-json\/wp\/v2\/media?parent=9747"}],"curies":[{"name":"wp","href":"https:\/\/api.w.org\/{rel}","templated":true}]}}